{"id":30,"date":"2023-04-19T15:13:22","date_gmt":"2023-04-19T15:13:22","guid":{"rendered":"https:\/\/exactas.uba.ar\/web\/pioneras\/?page_id=30"},"modified":"2023-04-19T18:33:00","modified_gmt":"2023-04-19T18:33:00","slug":"sobre-las-obras","status":"publish","type":"page","link":"https:\/\/exactas.uba.ar\/web\/pioneras\/sobre-las-obras\/","title":{"rendered":"Sobre las obras"},"content":{"rendered":"<p id=\"firstHeading\" class=\"firstHeading mw-first-heading\">\u201cLas pioneras\u201d es una serie de retratos donada por el artista pl\u00e1stico Ariel Mlynarzewicz.<br \/>\nT\u00e9cnica: \u00f3leo.<br \/>\nMedidas: 70x50cm. A\u00f1o de realizaci\u00f3n 2022\/2023.<\/p>\n<p>@ariel_mlynarzewicz<\/p>\n<p><a href=\"https:\/\/es.wikipedia.org\/wiki\/Ariel_Mlynarzewicz\">Biograf\u00eda en Wikipedia<\/a><\/p>\n<p>&nbsp;<\/p>\n","protected":false},"excerpt":{"rendered":"\u201cLas pioneras\u201d es una serie de retratos donada por el artista pl\u00e1stico Ariel Mlynarzewicz. T\u00e9cnica: \u00f3leo. Medidas: 70x50cm. A\u00f1o de realizaci\u00f3n 2022\/2023. @ariel_mlynarzewicz Biograf\u00eda en Wikipedia &nbsp;","protected":false},"author":1,"featured_media":0,"parent":0,"menu_order":0,"comment_status":"closed","ping_status":"closed","template":"","meta":{"footnotes":""},"class_list":["post-30","page","type-page","status-publish","hentry"],"_links":{"self":[{"href":"https:\/\/exactas.uba.ar\/web\/pioneras\/wp-json\/wp\/v2\/pages\/30","targetHints":{"allow":["GET"]}}],"collection":[{"href":"https:\/\/exactas.uba.ar\/web\/pioneras\/wp-json\/wp\/v2\/pages"}],"about":[{"href":"https:\/\/exactas.uba.ar\/web\/pioneras\/wp-json\/wp\/v2\/types\/page"}],"author":[{"embeddable":true,"href":"https:\/\/exactas.uba.ar\/web\/pioneras\/wp-json\/wp\/v2\/users\/1"}],"replies":[{"embeddable":true,"href":"https:\/\/exactas.uba.ar\/web\/pioneras\/wp-json\/wp\/v2\/comments?post=30"}],"version-history":[{"count":5,"href":"https:\/\/exactas.uba.ar\/web\/pioneras\/wp-json\/wp\/v2\/pages\/30\/revisions"}],"predecessor-version":[{"id":52,"href":"https:\/\/exactas.uba.ar\/web\/pioneras\/wp-json\/wp\/v2\/pages\/30\/revisions\/52"}],"wp:attachment":[{"href":"https:\/\/exactas.uba.ar\/web\/pioneras\/wp-json\/wp\/v2\/media?parent=30"}],"curies":[{"name":"wp","href":"https:\/\/api.w.org\/{rel}","templated":true}]}}