{"id":90,"date":"2017-12-21T18:50:43","date_gmt":"2017-12-21T18:50:43","guid":{"rendered":"http:\/\/exactas.uba.ar\/vinculacion\/?page_id=90"},"modified":"2024-07-08T14:38:58","modified_gmt":"2024-07-08T14:38:58","slug":"contact","status":"publish","type":"page","link":"https:\/\/exactas.uba.ar\/vinculacion\/contact\/","title":{"rendered":"Contacto"},"content":{"rendered":"<p>Mail: <a href=\"mailto:ovtt@de.fcen.uba.ar\">ovtt@de.fcen.uba.ar<\/a><\/p>\n<p>Tel: 5285.8346<\/p>\n<p>Oficina de Vinculaci\u00f3n y Transferencia Tecnol\u00f3gica<br \/>\nFacultad de Ciencias Exactas y Naturales &#8211; UBA<\/p>\n<p>Pabell\u00f3n 2 &#8211; Ciudad Universitaria<br \/>\nIntendente G\u00fciraldes 2160 (C1428EGA)<br \/>\nEntrepiso esquina Parque de la Memoria<\/p>\n","protected":false},"excerpt":{"rendered":"Mail: ovtt@de.fcen.uba.ar Tel: 5285.8346 Oficina de Vinculaci\u00f3n y Transferencia Tecnol\u00f3gica Facultad de Ciencias Exactas y Naturales &#8211; UBA Pabell\u00f3n 2 &#8211; Ciudad Universitaria Intendente G\u00fciraldes 2160 (C1428EGA) Entrepiso esquina Parque de la Memoria","protected":false},"author":7,"featured_media":0,"parent":0,"menu_order":60,"comment_status":"closed","ping_status":"closed","template":"","meta":{"_acf_changed":false,"footnotes":""},"class_list":["post-90","page","type-page","status-publish","hentry"],"acf":[],"_links":{"self":[{"href":"https:\/\/exactas.uba.ar\/vinculacion\/wp-json\/wp\/v2\/pages\/90","targetHints":{"allow":["GET"]}}],"collection":[{"href":"https:\/\/exactas.uba.ar\/vinculacion\/wp-json\/wp\/v2\/pages"}],"about":[{"href":"https:\/\/exactas.uba.ar\/vinculacion\/wp-json\/wp\/v2\/types\/page"}],"author":[{"embeddable":true,"href":"https:\/\/exactas.uba.ar\/vinculacion\/wp-json\/wp\/v2\/users\/7"}],"replies":[{"embeddable":true,"href":"https:\/\/exactas.uba.ar\/vinculacion\/wp-json\/wp\/v2\/comments?post=90"}],"version-history":[{"count":8,"href":"https:\/\/exactas.uba.ar\/vinculacion\/wp-json\/wp\/v2\/pages\/90\/revisions"}],"predecessor-version":[{"id":595,"href":"https:\/\/exactas.uba.ar\/vinculacion\/wp-json\/wp\/v2\/pages\/90\/revisions\/595"}],"wp:attachment":[{"href":"https:\/\/exactas.uba.ar\/vinculacion\/wp-json\/wp\/v2\/media?parent=90"}],"curies":[{"name":"wp","href":"https:\/\/api.w.org\/{rel}","templated":true}]}}