{"id":88,"date":"2017-12-21T18:50:26","date_gmt":"2017-12-21T18:50:26","guid":{"rendered":"http:\/\/exactas.uba.ar\/vinculacion\/?page_id=88"},"modified":"2022-09-16T12:14:35","modified_gmt":"2022-09-16T12:14:35","slug":"faq","status":"publish","type":"page","link":"https:\/\/exactas.uba.ar\/vinculacion\/faq\/","title":{"rendered":"Preguntas frecuentes"},"content":{"rendered":"<h4><strong>Soy externo\/a a la FCEN-UBA,<\/strong><\/h4>\n<ul>\n<li><strong>\u00bfC\u00f3mo puedo consultar sobre las capacidades de desarrollo, servicios y asesoramientos que brindan desde la Facultad?<\/strong><\/li>\n<\/ul>\n<p>Desde la OVTT podemos asesorar a las personas externas a la Facultad respecto de las posibles vinculaciones a realizar. Por favor <a href=\"https:\/\/exactas.uba.ar\/vinculacion\/contact\/\">cont\u00e1ctenos<\/a>.<\/p>\n<hr \/>\n<h4><strong>Soy investigador\/a, docente de la FCEN-UBA,<\/strong><\/h4>\n<ul>\n<li><strong>\u00bfEs incompatible patentar y publicar?<\/strong><\/li>\n<\/ul>\n<p>No es incompatible patentar y publicar, pero es indispensable hacerlo en el orden correcto: primero patentar, y, una vez presentada la solicitud de patente, se puede publicar.<\/p>\n<ul>\n<li><strong>\u00bfSe puede dar a conocer p\u00fablicamente una invenci\u00f3n antes de la presentaci\u00f3n de una solicitud de patente?<\/strong><strong>\u00a0<\/strong><\/li>\n<\/ul>\n<p>Si se quiere obtener la protecci\u00f3n legal que otorga una patente, no se debe realizar ninguna divulgaci\u00f3n sobre la tecnolog\u00eda o conocimiento a proteger. Esto se debe a que la \u201cnovedad\u201d es uno de los requisitos necesarios para el otorgamiento de las patentes. Dicha novedad ser\u00e1 anulada por medio de cualquier divulgaci\u00f3n de la invenci\u00f3n (a nivel mundial), tanto de forma escrita como verbal), por ejemplo:<\/p>\n<p style=\"padding-left: 40px;\">&#8211; los art\u00edculos cient\u00edficos (online o en papel) en cualquier revista;<br \/>\n&#8211; las comunicaciones a congresos, orales o en formato p\u00f3ster, desde el momento en que se hace p\u00fablico su contenido (normalmente cuando se hace entrega, al inicio del congreso, de los libros de res\u00famenes ya sea en formato electr\u00f3nico o cualquier otro);<br \/>\n&#8211; las tesis doctorales<br \/>\n&#8211; cualquier informaci\u00f3n que se ponga a disposici\u00f3n del p\u00fablico en Internet, en papel o por cualquier otra v\u00eda.<\/p>\n<ul>\n<li><strong>\u00bfSi me presento a un premio de innovaci\u00f3n, ya no puedo patentar?<\/strong><\/li>\n<\/ul>\n<p>De acuerdo a lo detallado en las preguntas anteriores, una vez realizada la presentaci\u00f3n de la tecnolog\u00eda o el proyecto a un premio, se perder\u00eda la novedad de la invenci\u00f3n, por lo que ya no ser\u00eda posible patentar.<\/p>\n<ul>\n<li><strong>\u00bfCu\u00e1l es la importancia de mantener la confidencialidad de una invenci\u00f3n antes de presentar una solicitud de patente?<\/strong><\/li>\n<\/ul>\n<p>Para obtener una patente es absolutamente necesario mantener su confidencialidad. Ahora bien, si la invenci\u00f3n fue difundida (ferias comerciales, exhibiciones, cat\u00e1logos, etc\u00e9tera) existe un plazo m\u00e1ximo de un (1) a\u00f1o desde su divulgaci\u00f3n para presentar la solicitud ante el INPI, conforme lo establece el art. 5 de la Ley de Patentes de Invenci\u00f3n y Modelos de Utilidad y su Decreto reglamentario.<\/p>\n<ul>\n<li><strong>\u00bfPuede registrarse una licencia de software o desarrollo de software?<\/strong><\/li>\n<\/ul>\n<p>No puede registrarse ni la licencia ni el desarrollo de software, ya que corresponde efectuarlo en la Direcci\u00f3n Nacional de Derecho de Autor. S\u00f3lo pueden registrarse servicios de soporte y mantenimiento de software (implementaci\u00f3n, asistencia t\u00e9cnica, capacitaci\u00f3n etc\u00e9tera).<\/p>\n<ul>\n<li><strong>\u00bfPuedo defender una tesis doctoral y mantener cierta informaci\u00f3n confidencial?<\/strong><\/li>\n<\/ul>\n<p>Es posible defender la totalidad o parte de una tesis doctoral de forma confidencial. A tal fin, el doctorando deber\u00e1 contactar los requerimientos en la Secretar\u00eda de Posgrado de la FCEN-UBA y posteriormente contactar a la OVTT-FCEN para evaluar la pertinencia del pedido.<\/p>\n<ul>\n<li><strong>\u00bfQu\u00e9 se entiende por propiedad intelectual?<\/strong><\/li>\n<\/ul>\n<p>Se entiende por \u201c<strong>propiedad intelectual<\/strong>\u201d a los desarrollos tecnol\u00f3gicos o resultados de investigaci\u00f3n susceptibles de protecci\u00f3n por la legislaci\u00f3n de patentes de invenci\u00f3n o por otro tipo de registro legal, o aquellos resultados que no sean protegibles legalmente por patentes o por otro tipo de registro pero que puedan ser explotados comercialmente y adquieran por ello importancia econ\u00f3mica. Esta es la definici\u00f3n que emana del art. 1 de la Res. (CS) 1868\/03. La transferencia de propiedad intelectual, dada su importancia econ\u00f3mica y complejidad en la gesti\u00f3n, necesariamente requiere de un convenio.<\/p>\n<ul>\n<li><strong>\u00bfCu\u00e1l es la diferencia entre Contratos de Transferencia Tecnol\u00f3gica y los subsidios?<\/strong><\/li>\n<\/ul>\n<p><em>Subsidios: <\/em><\/p>\n<p style=\"padding-left: 40px;\">&#8211; tienen por objeto financiar la investigaci\u00f3n; no transfieren valor econ\u00f3mico porque, si bien contribuyen a crearlo, ese valor comercial y su potencial explotaci\u00f3n es exclusivamente de la FCEN.<br \/>\n&#8211; en general exigen una justificaci\u00f3n del uso de los fondos aportados<br \/>\n&#8211; suelen otorgase por convocatorias p\u00fablicas seguidas de alg\u00fan proceso de evaluaci\u00f3n y elecci\u00f3n<br \/>\n&#8211; suele ser posible justificar que no se hayan logrado todos los objetivos propuestos, pero a\u00fan as\u00ed recibir la totalidad de los fondos previstos.<\/p>\n<p><em>Actividades de transferencia tecnol\u00f3gica (TT):<\/em><\/p>\n<p style=\"padding-left: 40px;\">&#8211; la FCEN entrega o transfiere, total o parcialmente, un producto y\/o servicio de alto nivel cient\u00edfico-t\u00e9cnico a un tercero, el cual conlleva o contiene un valor econ\u00f3mico inmediato o potencial susceptible de ser explotado comercialmente.<\/p>\n","protected":false},"excerpt":{"rendered":"Soy externo\/a a la FCEN-UBA, \u00bfC\u00f3mo puedo consultar sobre las capacidades de desarrollo, servicios y asesoramientos que brindan desde la Facultad? Desde la OVTT podemos asesorar a las personas externas a la Facultad respecto de las posibles vinculaciones a realizar. Por favor cont\u00e1ctenos. Soy investigador\/a, docente de la FCEN-UBA, \u00bfEs incompatible patentar y publicar? No&#8230; <a class=\"view-article\" href=\"https:\/\/exactas.uba.ar\/vinculacion\/faq\/\">LEER +<\/a>","protected":false},"author":7,"featured_media":0,"parent":0,"menu_order":50,"comment_status":"closed","ping_status":"closed","template":"","meta":{"_acf_changed":false,"footnotes":""},"class_list":["post-88","page","type-page","status-publish","hentry"],"acf":[],"_links":{"self":[{"href":"https:\/\/exactas.uba.ar\/vinculacion\/wp-json\/wp\/v2\/pages\/88","targetHints":{"allow":["GET"]}}],"collection":[{"href":"https:\/\/exactas.uba.ar\/vinculacion\/wp-json\/wp\/v2\/pages"}],"about":[{"href":"https:\/\/exactas.uba.ar\/vinculacion\/wp-json\/wp\/v2\/types\/page"}],"author":[{"embeddable":true,"href":"https:\/\/exactas.uba.ar\/vinculacion\/wp-json\/wp\/v2\/users\/7"}],"replies":[{"embeddable":true,"href":"https:\/\/exactas.uba.ar\/vinculacion\/wp-json\/wp\/v2\/comments?post=88"}],"version-history":[{"count":13,"href":"https:\/\/exactas.uba.ar\/vinculacion\/wp-json\/wp\/v2\/pages\/88\/revisions"}],"predecessor-version":[{"id":369,"href":"https:\/\/exactas.uba.ar\/vinculacion\/wp-json\/wp\/v2\/pages\/88\/revisions\/369"}],"wp:attachment":[{"href":"https:\/\/exactas.uba.ar\/vinculacion\/wp-json\/wp\/v2\/media?parent=88"}],"curies":[{"name":"wp","href":"https:\/\/api.w.org\/{rel}","templated":true}]}}