{"id":80,"date":"2017-12-21T18:47:39","date_gmt":"2017-12-21T18:47:39","guid":{"rendered":"http:\/\/exactas.uba.ar\/vinculacion\/?page_id=80"},"modified":"2022-09-13T18:18:59","modified_gmt":"2022-09-13T18:18:59","slug":"about","status":"publish","type":"page","link":"https:\/\/exactas.uba.ar\/vinculacion\/about\/","title":{"rendered":"Institucional"},"content":{"rendered":"<h2 style=\"text-align: center;\"><span style=\"color: #000000;\">La OVTT tiene por objeto facilitar y fomentar la interacci\u00f3n con la industria y la sociedad a trav\u00e9s de la transferencia tecnol\u00f3gica.<\/span><\/h2>\n<p>&nbsp;<\/p>\n<h2><strong>Mecanismos para la gesti\u00f3n de la TT en la FCEN<\/strong><\/h2>\n<ul>\n<li><strong>\u00d3rdenes de Asistencia T\u00e9cnica (OATs)<br \/>\n<\/strong>Instrumentos para la realizaci\u00f3n de ensayos, an\u00e1lisis o asesoramientos estandarizados.<br \/>\nNo permiten la gesti\u00f3n de la propiedad intelectual (PI); cualquier PI generada de forma imprevista en el marco de una OAT, pertenecer\u00e1 enteramente a la FCEN.<\/li>\n<li><strong>Convenios<\/strong><br \/>\n(a) Convenios de asistencia t\u00e9cnica: para la realizaci\u00f3n de servicios<br \/>\n(b) Convenios de I+D (investigaci\u00f3n y desarrollo que potencialmente generar\u00e1 propiedad intelectual)<br \/>\n(c) Acuerdos de transferencia de material (Material Transfer Agreements)<br \/>\n(d) Acuerdos de confidencialidad (Non Disclosure Agreement, Confidenciality Disclosure Agreement)<br \/>\n(e) Convenios de gesti\u00f3n de la propiedad intelectual (co-titularidad, licencias, inclusi\u00f3n de otros titulares, definici\u00f3n de regal\u00edas y explotaci\u00f3n en general)<\/li>\n<\/ul>\n<p>&nbsp;<\/p>\n<p>Para obtener m\u00e1s informaci\u00f3n, por favor <a href=\"https:\/\/exactas.uba.ar\/vinculacion\/contact\/\">cont\u00e1ctenos<\/a>.<\/p>\n","protected":false},"excerpt":{"rendered":"La OVTT tiene por objeto facilitar y fomentar la interacci\u00f3n con la industria y la sociedad a trav\u00e9s de la transferencia tecnol\u00f3gica. &nbsp; Mecanismos para la gesti\u00f3n de la TT en la FCEN \u00d3rdenes de Asistencia T\u00e9cnica (OATs) Instrumentos para la realizaci\u00f3n de ensayos, an\u00e1lisis o asesoramientos estandarizados. No permiten la gesti\u00f3n de la propiedad&#8230; <a class=\"view-article\" href=\"https:\/\/exactas.uba.ar\/vinculacion\/about\/\">LEER +<\/a>","protected":false},"author":7,"featured_media":0,"parent":0,"menu_order":10,"comment_status":"closed","ping_status":"closed","template":"","meta":{"_acf_changed":false,"footnotes":""},"class_list":["post-80","page","type-page","status-publish","hentry"],"acf":[],"_links":{"self":[{"href":"https:\/\/exactas.uba.ar\/vinculacion\/wp-json\/wp\/v2\/pages\/80","targetHints":{"allow":["GET"]}}],"collection":[{"href":"https:\/\/exactas.uba.ar\/vinculacion\/wp-json\/wp\/v2\/pages"}],"about":[{"href":"https:\/\/exactas.uba.ar\/vinculacion\/wp-json\/wp\/v2\/types\/page"}],"author":[{"embeddable":true,"href":"https:\/\/exactas.uba.ar\/vinculacion\/wp-json\/wp\/v2\/users\/7"}],"replies":[{"embeddable":true,"href":"https:\/\/exactas.uba.ar\/vinculacion\/wp-json\/wp\/v2\/comments?post=80"}],"version-history":[{"count":26,"href":"https:\/\/exactas.uba.ar\/vinculacion\/wp-json\/wp\/v2\/pages\/80\/revisions"}],"predecessor-version":[{"id":339,"href":"https:\/\/exactas.uba.ar\/vinculacion\/wp-json\/wp\/v2\/pages\/80\/revisions\/339"}],"wp:attachment":[{"href":"https:\/\/exactas.uba.ar\/vinculacion\/wp-json\/wp\/v2\/media?parent=80"}],"curies":[{"name":"wp","href":"https:\/\/api.w.org\/{rel}","templated":true}]}}