{"id":375,"date":"2022-09-26T15:56:59","date_gmt":"2022-09-26T15:56:59","guid":{"rendered":"https:\/\/exactas.uba.ar\/vinculacion\/?page_id=375"},"modified":"2023-10-04T16:04:09","modified_gmt":"2023-10-04T16:04:09","slug":"actividades-realizadas","status":"publish","type":"page","link":"https:\/\/exactas.uba.ar\/vinculacion\/actividades-realizadas\/","title":{"rendered":"Actividades"},"content":{"rendered":"<h1><a href=\"https:\/\/exactas.uba.ar\/sic\/\">Actividades realizadas<\/a><\/h1>\n<p><a href=\"https:\/\/exactas.uba.ar\/vinculacion\/wp-content\/uploads\/2023\/10\/Jornada-de-Innovacion-02-1.jpg\"><img loading=\"lazy\" decoding=\"async\" width=\"250\" height=\"250\" class=\"alignnone size-medium wp-image-582\" src=\"https:\/\/exactas.uba.ar\/vinculacion\/wp-content\/uploads\/2023\/10\/Jornada-de-Innovacion-02-1-250x250.jpg\" alt=\"\" srcset=\"https:\/\/exactas.uba.ar\/vinculacion\/wp-content\/uploads\/2023\/10\/Jornada-de-Innovacion-02-1-250x250.jpg 250w, https:\/\/exactas.uba.ar\/vinculacion\/wp-content\/uploads\/2023\/10\/Jornada-de-Innovacion-02-1-700x700.jpg 700w, https:\/\/exactas.uba.ar\/vinculacion\/wp-content\/uploads\/2023\/10\/Jornada-de-Innovacion-02-1-150x150.jpg 150w, https:\/\/exactas.uba.ar\/vinculacion\/wp-content\/uploads\/2023\/10\/Jornada-de-Innovacion-02-1-768x768.jpg 768w, https:\/\/exactas.uba.ar\/vinculacion\/wp-content\/uploads\/2023\/10\/Jornada-de-Innovacion-02-1-120x120.jpg 120w, https:\/\/exactas.uba.ar\/vinculacion\/wp-content\/uploads\/2023\/10\/Jornada-de-Innovacion-02-1.jpg 1080w\" sizes=\"auto, (max-width: 250px) 100vw, 250px\" \/><\/a><\/p>\n<h2>De la IDEA a la INNOVACI\u00d3N. El rol de las instituciones, las incubadoras y las aceleradoras en el desarrollo tecnol\u00f3gico.<\/h2>\n<p>El d\u00eda 27 de septiembre de 2023 tuvo lugar en el Pabell\u00f3n Cero + Infinito la jornada titulada \u00abDe la IDEA a la INNOVACI\u00d3N. El rol de las instituciones, las incubadoras y las aceleradoras en el desarrollo tecnol\u00f3gico.\u00bb cuyos ejes y preguntas disparadoras fueron:<\/p>\n<p><strong>1- Discutir roles y perfiles de los investigadores en sus tareas cotidianas.<\/strong><br \/>\n\u00bfLxs investigadorxs pueden ser emprendedorxs?<br \/>\n\u00bfQu\u00e9 recursos tienen lxs investigadorxs para innovar?<br \/>\n\u00bfC\u00f3mo repercute la innovaci\u00f3n en las tareas cotidianas?<\/p>\n<p><strong>2- Pensar caminos posibles para innovar. Financiamiento del Estado, Incubadoras y Aceleradoras.<\/strong><br \/>\n\u00bfCu\u00e1l es el rol de las instituciones en el fomento de la innovaci\u00f3n?<br \/>\n\u00bfQu\u00e9 opciones de financiamiento existen a nivel estatal?<br \/>\n\u00bfCu\u00e1les son las propuestas de valor de las incubadoras y las aceleradoras?<br \/>\n\u00bfCu\u00e1ndo recurro a una incubadora y cu\u00e1ndo a una aceleradora?<\/p>\n<p><strong>3- Discutir la mirada productiva de la innovaci\u00f3n y su aporte en el desarrollo tecnol\u00f3gico del pa\u00eds.<\/strong><br \/>\n\u00bfCu\u00e1l es el impacto de la innovaci\u00f3n en el desarrollo tecnol\u00f3gico del pa\u00eds?<br \/>\n\u00bfCu\u00e1l es el aporte de las empresas de base cient\u00edfica al desarrollo de sectores estrat\u00e9gicos?<\/p>\n<h4>A continuaci\u00f3n se detalla la AGENDA del evento:<\/h4>\n<p><strong>BLOQUE 1: Bienvenida institucional.<\/strong><br \/>\n9:00 Recepci\u00f3n, acreditaci\u00f3n y caf\u00e9<br \/>\n9:30 Bienvenida de autoridades FCEyN<\/p>\n<p><strong>BLOQUE 2: Gesti\u00f3n estrat\u00e9gica de la innovaci\u00f3n en las Instituciones p\u00fablicas.<\/strong><br \/>\n10:00 UBA &#8211; Franco Di Mauro<br \/>\n10:20 CONICET &#8211; Sergio Romano<br \/>\n10:40 MINCyT &#8211; Elisa Herrera<br \/>\n11:00 AGENCIA I+D+i \u2013 Adri\u00e1n Nir\u00f3n<\/p>\n<p><strong>BLOQUE 3: Visi\u00f3n productiva de la innovaci\u00f3n y su aporte al desarrollo tecnol\u00f3gico del pa\u00eds.<\/strong><br \/>\n12:00 FUNDAR: Juan O\u2019Farrell<br \/>\n12:30 YTEC: Mar\u00eda Fernanda Salgado<\/p>\n<p><strong>13:00<\/strong><strong> BRUNCH y NETWORKING<\/strong><\/p>\n<p><strong>14:00 BLOQUE 4: Mesa de di\u00e1logo: Incubadoras en el ecosistema emprendedor.<\/strong><br \/>\nIncubAgro \u2013 M\u00f3nica Franc\u00e9s<br \/>\nSancor Seguros Impulsa \u2013 Julio Casco<br \/>\nBioloop-UNSAM \u2013 Liliana Haim<br \/>\nInis Biotech &#8211; Instituto Leloir \u2013 Ignacio Sartori<\/p>\n<p><strong>14:40 BLOQUE 5: Mesa de di\u00e1logo: Aceleradoras en acci\u00f3n.<\/strong><br \/>\nSF500 \u2013 Juan Soria<br \/>\nGRIDX \u2013 Federico Marque<br \/>\nCITES \u2013 Juan Mar\u00eda Massot<br \/>\nACELERADORA LITORAL &#8211;\u00a0Daniel Scacchi<\/p>\n<p><strong>15:30 Presentaci\u00f3n Taller EMPRETEC<\/strong> \u2013 Fundaci\u00f3n Empretec Argentina<\/p>\n<p><strong>15:50 CIERRE<\/strong><\/p>\n<p>&nbsp;<\/p>\n<hr \/>\n<h2>Encuentro interfacultades: \u201cAportes de la FCEN y la FFyB al desarrollo de nuevas herramientas terap\u00e9uticas y de diagn\u00f3stico\u201d<\/h2>\n<p>Los d\u00edas 23 y 29 de noviembre de 2022 se llevaron a cabo por primera vez, dos encuentros acad\u00e9micos interfacultades organizados por las Secretar\u00edas de Investigaci\u00f3n de la Facultad de Ciencias Exactas y Naturales y por la Facultad de Farmacia y Bioqu\u00edmica de la UBA, a trav\u00e9s de sus representantes frente a la Agencia Nacional de Laboratorios P\u00fablicos (ANLAP).<\/p>\n<p>La propuesta consisti\u00f3 en un espacio de intercambio de ideas y proyectos para el desarrollo de nuevas herramientas terap\u00e9uticas (medicamentos, vacunas, m\u00e9todos de aplicaci\u00f3n) y de diagn\u00f3stico (kits de detecci\u00f3n, sensores), donde se presentaron trabajos de investigaci\u00f3n y experiencias relacionadas con la tem\u00e1tica.<\/p>\n<p>Acceda a los res\u00famenes de los p\u00f3sters en el siguiente link: <a href=\"https:\/\/exactas.uba.ar\/vinculacion\/wp-content\/uploads\/2023\/01\/Resu\u0301menes_Encuentro-FCEN-y-FFyB_23-de-noviembre.pdf\">Resu\u0301menes Encuentro FCEN y FFyB 23 de noviembre<\/a><\/p>\n<p>Cronograma del encuentro:<\/p>\n<p><a href=\"https:\/\/exactas.uba.ar\/vinculacion\/wp-content\/uploads\/2023\/01\/Programa-encuentro-interfacultades-FCEN-y-FFyB-1-scaled.jpg\"><img loading=\"lazy\" decoding=\"async\" width=\"250\" height=\"324\" class=\"alignnone size-medium wp-image-489\" src=\"https:\/\/exactas.uba.ar\/vinculacion\/wp-content\/uploads\/2023\/01\/Programa-encuentro-interfacultades-FCEN-y-FFyB-1-250x324.jpg\" alt=\"\" srcset=\"https:\/\/exactas.uba.ar\/vinculacion\/wp-content\/uploads\/2023\/01\/Programa-encuentro-interfacultades-FCEN-y-FFyB-1-250x324.jpg 250w, https:\/\/exactas.uba.ar\/vinculacion\/wp-content\/uploads\/2023\/01\/Programa-encuentro-interfacultades-FCEN-y-FFyB-1-700x906.jpg 700w, https:\/\/exactas.uba.ar\/vinculacion\/wp-content\/uploads\/2023\/01\/Programa-encuentro-interfacultades-FCEN-y-FFyB-1-768x994.jpg 768w, https:\/\/exactas.uba.ar\/vinculacion\/wp-content\/uploads\/2023\/01\/Programa-encuentro-interfacultades-FCEN-y-FFyB-1-1187x1536.jpg 1187w, https:\/\/exactas.uba.ar\/vinculacion\/wp-content\/uploads\/2023\/01\/Programa-encuentro-interfacultades-FCEN-y-FFyB-1-1583x2048.jpg 1583w, https:\/\/exactas.uba.ar\/vinculacion\/wp-content\/uploads\/2023\/01\/Programa-encuentro-interfacultades-FCEN-y-FFyB-1-120x155.jpg 120w, https:\/\/exactas.uba.ar\/vinculacion\/wp-content\/uploads\/2023\/01\/Programa-encuentro-interfacultades-FCEN-y-FFyB-1-scaled.jpg 1978w\" sizes=\"auto, (max-width: 250px) 100vw, 250px\" \/><\/a><a href=\"https:\/\/exactas.uba.ar\/vinculacion\/wp-content\/uploads\/2023\/01\/Programa-encuentro-interfacultades-FCEN-y-FFyB-2-scaled.jpg\"><img loading=\"lazy\" decoding=\"async\" width=\"250\" height=\"324\" class=\"alignnone size-medium wp-image-491\" src=\"https:\/\/exactas.uba.ar\/vinculacion\/wp-content\/uploads\/2023\/01\/Programa-encuentro-interfacultades-FCEN-y-FFyB-2-250x324.jpg\" alt=\"\" srcset=\"https:\/\/exactas.uba.ar\/vinculacion\/wp-content\/uploads\/2023\/01\/Programa-encuentro-interfacultades-FCEN-y-FFyB-2-250x324.jpg 250w, https:\/\/exactas.uba.ar\/vinculacion\/wp-content\/uploads\/2023\/01\/Programa-encuentro-interfacultades-FCEN-y-FFyB-2-700x906.jpg 700w, https:\/\/exactas.uba.ar\/vinculacion\/wp-content\/uploads\/2023\/01\/Programa-encuentro-interfacultades-FCEN-y-FFyB-2-768x994.jpg 768w, https:\/\/exactas.uba.ar\/vinculacion\/wp-content\/uploads\/2023\/01\/Programa-encuentro-interfacultades-FCEN-y-FFyB-2-1187x1536.jpg 1187w, https:\/\/exactas.uba.ar\/vinculacion\/wp-content\/uploads\/2023\/01\/Programa-encuentro-interfacultades-FCEN-y-FFyB-2-1583x2048.jpg 1583w, https:\/\/exactas.uba.ar\/vinculacion\/wp-content\/uploads\/2023\/01\/Programa-encuentro-interfacultades-FCEN-y-FFyB-2-120x155.jpg 120w, https:\/\/exactas.uba.ar\/vinculacion\/wp-content\/uploads\/2023\/01\/Programa-encuentro-interfacultades-FCEN-y-FFyB-2-scaled.jpg 1978w\" sizes=\"auto, (max-width: 250px) 100vw, 250px\" \/><\/a><\/p>\n<p>Conozca m\u00e1s sobre el encuentro <a href=\"https:\/\/exactas.uba.ar\/colaborar-en-vez-de-competir\/\">aqu\u00ed<\/a>.<\/p>\n<p>&nbsp;<\/p>\n<hr \/>\n<h2>Jornada \u00abDe la idea a la Transferencia\u00bb<\/h2>\n<p>Organizada por la Oficina de Vinculaci\u00f3n y Transferencia Tecnol\u00f3gica de la FCEN, el viernes 16 de septiembre de 2022, en el Pabell\u00f3n Cero+Infinito, se llev\u00f3 a cabo la <strong>jornada \u201cDe la idea a la transferencia\u201d<\/strong>, que cont\u00f3 con la presencia de autoridades del Ministerio de Ciencia, de la Universidad de Buenos Aires y de la Facultad.<\/p>\n<p>Cont\u00f3 con la presentaci\u00f3n de m\u00e1s de 15 grupos que fueron contando sus experiencias en el \u00e1mbito de la vinculaci\u00f3n y transferencia. Las historias relatadas abarcaron proyectos de las m\u00e1s variadas tem\u00e1ticas, desde desarrollos de nuevos f\u00e1rmacos, vacunas y kits de diagn\u00f3sticos a modelos matem\u00e1ticos para la optimizaci\u00f3n de procesos.<\/p>\n<p>Acceda a las presentaciones en los siguientes links:<\/p>\n<p>&#8211; <a href=\"https:\/\/exactas.uba.ar\/vinculacion\/wp-content\/uploads\/2022\/10\/Desarrollo-de-barbijos-para-covid.pdf\">Desarrollo de barbijos para covid<\/a><br \/>\n&#8211;\u00a0<a href=\"https:\/\/exactas.uba.ar\/vinculacion\/wp-content\/uploads\/2022\/10\/Servicios-y-transferencias-desde-los-laboratorios-de-virologia-a-la-industria.pdf\">Servicios y transferencias desde los laboratorios de virolog\u00eda a la industria<\/a><br \/>\n&#8211; <a href=\"https:\/\/exactas.uba.ar\/vinculacion\/wp-content\/uploads\/2022\/10\/Pegasus-Desarrollo-de-un-Neuroprotector-para-el-Tratamiento-de-la-Enfermedad-de-Parkinson.pdf\">Pegasus &#8211; Desarrollo de un Neuroprotector para el Tratamiento de la Enfermedad de Parkinson<\/a><br \/>\n&#8211; <a href=\"https:\/\/exactas.uba.ar\/vinculacion\/wp-content\/uploads\/2022\/10\/Desarrollo-neoQ.pdf\">Desarrollo neoQ<\/a><br \/>\n&#8211; <a href=\"https:\/\/exactas.uba.ar\/vinculacion\/wp-content\/uploads\/2022\/10\/FlashPrep-Deteccion-de-SARS-CoV-2-por-metodos.pdf\">FlashPrep &#8211; Detecci\u00f3n de SARS-CoV-2 por m\u00e9todos<\/a><br \/>\n&#8211; <a href=\"https:\/\/exactas.uba.ar\/vinculacion\/wp-content\/uploads\/2022\/10\/Tecnologia-de-alimentos.pdf\">Tecnolog\u00eda de alimentos<\/a><br \/>\n&#8211; <a href=\"https:\/\/exactas.uba.ar\/vinculacion\/wp-content\/uploads\/2022\/10\/Monitoreos-de-ambientes-y-especies-de-interes-ecologico-y-sanitario.pdf\">Monitoreos de ambientes y especies de inter\u00e9s ecol\u00f3gico y sanitario<\/a><br \/>\n&#8211; <a href=\"https:\/\/exactas.uba.ar\/vinculacion\/wp-content\/uploads\/2022\/10\/ToBEE-Polinizacion-de-precision.mp4\">ToBEE &#8211; Polinizaci\u00f3n de precisi\u00f3n<\/a><br \/>\n&#8211;\u00a0<a href=\"https:\/\/exactas.uba.ar\/vinculacion\/wp-content\/uploads\/2022\/10\/Bitgenia-Cambiando-la-calidad-de-vida-de-la-gente.pdf\">Bitgenia &#8211; Cambiando la calidad de vida de la gente<\/a><br \/>\n&#8211;\u00a0<a href=\"https:\/\/exactas.uba.ar\/vinculacion\/wp-content\/uploads\/2022\/10\/Simulacion-de-Modelos-de-Dinamica-de-Poblaciones.pdf\">Simulaci\u00f3n de Modelos de Din\u00e1mica de Poblaciones<\/a><br \/>\n&#8211; <a href=\"https:\/\/exactas.uba.ar\/vinculacion\/wp-content\/uploads\/2022\/10\/Modelos-matematicos-para-optimizar-gestion-publica-y-privada.pdf\">Modelos matem\u00e1ticos para optimizar gesti\u00f3n p\u00fablica y privada<\/a><br \/>\n&#8211; <a href=\"https:\/\/exactas.uba.ar\/vinculacion\/wp-content\/uploads\/2022\/10\/Servicios-tecnologicos-de-alto-nivel-del-area-quimica.pdf\">Servicios tecnol\u00f3gicos de alto nivel del \u00e1rea qu\u00edmica<\/a><\/p>\n<p>Algunos de los expositores fueron: Javier Marenco, Cybele Garc\u00eda, Adri\u00e1n Turjanski, Ver\u00f3nica Manzano, Valeria Levi, Nicol\u00e1s Pregi, Mariana Piuri, Marcela Castelo, Walter Farina, Julia Martinez, Luc\u00eda Fam\u00e1, Rodrigo Castro, Alejandro Nadra, Florencia Di Salvo, Fernando Dur\u00e1n, Norma D\u2019 Accorso y Ernesto Calvo.<\/p>\n<p>Cronograma del evento:<\/p>\n<p><a href=\"https:\/\/exactas.uba.ar\/vinculacion\/wp-content\/uploads\/2022\/09\/Jornada-Vinculacion-2022-cronograma-scaled.jpg\"><img loading=\"lazy\" decoding=\"async\" width=\"250\" height=\"353\" class=\"alignnone size-medium wp-image-377\" src=\"https:\/\/exactas.uba.ar\/vinculacion\/wp-content\/uploads\/2022\/09\/Jornada-Vinculacion-2022-cronograma-250x353.jpg\" alt=\"\" srcset=\"https:\/\/exactas.uba.ar\/vinculacion\/wp-content\/uploads\/2022\/09\/Jornada-Vinculacion-2022-cronograma-250x353.jpg 250w, https:\/\/exactas.uba.ar\/vinculacion\/wp-content\/uploads\/2022\/09\/Jornada-Vinculacion-2022-cronograma-700x989.jpg 700w, https:\/\/exactas.uba.ar\/vinculacion\/wp-content\/uploads\/2022\/09\/Jornada-Vinculacion-2022-cronograma-768x1085.jpg 768w, https:\/\/exactas.uba.ar\/vinculacion\/wp-content\/uploads\/2022\/09\/Jornada-Vinculacion-2022-cronograma-1087x1536.jpg 1087w, https:\/\/exactas.uba.ar\/vinculacion\/wp-content\/uploads\/2022\/09\/Jornada-Vinculacion-2022-cronograma-1449x2048.jpg 1449w, https:\/\/exactas.uba.ar\/vinculacion\/wp-content\/uploads\/2022\/09\/Jornada-Vinculacion-2022-cronograma-120x170.jpg 120w, https:\/\/exactas.uba.ar\/vinculacion\/wp-content\/uploads\/2022\/09\/Jornada-Vinculacion-2022-cronograma-scaled.jpg 1811w\" sizes=\"auto, (max-width: 250px) 100vw, 250px\" \/><\/a><\/p>\n<p>Conozca m\u00e1s sobre el evento\u00a0<a href=\"https:\/\/exactas.uba.ar\/del-laboratorio-al-pais\/\">aqu\u00ed.<\/a><\/p>\n","protected":false},"excerpt":{"rendered":"Actividades realizadas De la IDEA a la INNOVACI\u00d3N. El rol de las instituciones, las incubadoras y las aceleradoras en el desarrollo tecnol\u00f3gico. El d\u00eda 27 de septiembre de 2023 tuvo lugar en el Pabell\u00f3n Cero + Infinito la jornada titulada \u00abDe la IDEA a la INNOVACI\u00d3N. El rol de las instituciones, las incubadoras y las&#8230; <a class=\"view-article\" href=\"https:\/\/exactas.uba.ar\/vinculacion\/actividades-realizadas\/\">LEER +<\/a>","protected":false},"author":4,"featured_media":0,"parent":0,"menu_order":0,"comment_status":"closed","ping_status":"closed","template":"","meta":{"_acf_changed":false,"footnotes":""},"class_list":["post-375","page","type-page","status-publish","hentry"],"acf":[],"_links":{"self":[{"href":"https:\/\/exactas.uba.ar\/vinculacion\/wp-json\/wp\/v2\/pages\/375","targetHints":{"allow":["GET"]}}],"collection":[{"href":"https:\/\/exactas.uba.ar\/vinculacion\/wp-json\/wp\/v2\/pages"}],"about":[{"href":"https:\/\/exactas.uba.ar\/vinculacion\/wp-json\/wp\/v2\/types\/page"}],"author":[{"embeddable":true,"href":"https:\/\/exactas.uba.ar\/vinculacion\/wp-json\/wp\/v2\/users\/4"}],"replies":[{"embeddable":true,"href":"https:\/\/exactas.uba.ar\/vinculacion\/wp-json\/wp\/v2\/comments?post=375"}],"version-history":[{"count":22,"href":"https:\/\/exactas.uba.ar\/vinculacion\/wp-json\/wp\/v2\/pages\/375\/revisions"}],"predecessor-version":[{"id":584,"href":"https:\/\/exactas.uba.ar\/vinculacion\/wp-json\/wp\/v2\/pages\/375\/revisions\/584"}],"wp:attachment":[{"href":"https:\/\/exactas.uba.ar\/vinculacion\/wp-json\/wp\/v2\/media?parent=375"}],"curies":[{"name":"wp","href":"https:\/\/api.w.org\/{rel}","templated":true}]}}