{"id":296,"date":"2022-09-13T14:55:13","date_gmt":"2022-09-13T14:55:13","guid":{"rendered":"https:\/\/exactas.uba.ar\/vinculacion\/?page_id=296"},"modified":"2024-07-08T14:37:30","modified_gmt":"2024-07-08T14:37:30","slug":"autoridades","status":"publish","type":"page","link":"https:\/\/exactas.uba.ar\/vinculacion\/autoridades\/","title":{"rendered":"Autoridades"},"content":{"rendered":"<h3>Secretar\u00eda de Investigaci\u00f3n Cient\u00edfica y Tecnol\u00f3gica<\/h3>\n<p><strong>Secretaria<\/strong><br \/>\nSilvia Ledesma<\/p>\n<p><a href=\"https:\/\/exactas.uba.ar\/vinculacion\/wp-content\/uploads\/2022\/09\/Ledesma.Silvia.jpg\"><img loading=\"lazy\" decoding=\"async\" width=\"250\" height=\"125\" class=\"alignnone size-medium wp-image-299\" src=\"https:\/\/exactas.uba.ar\/vinculacion\/wp-content\/uploads\/2022\/09\/Ledesma.Silvia-250x125.jpg\" alt=\"\" srcset=\"https:\/\/exactas.uba.ar\/vinculacion\/wp-content\/uploads\/2022\/09\/Ledesma.Silvia-250x125.jpg 250w, https:\/\/exactas.uba.ar\/vinculacion\/wp-content\/uploads\/2022\/09\/Ledesma.Silvia-120x60.jpg 120w, https:\/\/exactas.uba.ar\/vinculacion\/wp-content\/uploads\/2022\/09\/Ledesma.Silvia.jpg 256w\" sizes=\"auto, (max-width: 250px) 100vw, 250px\" \/><\/a><\/p>\n<p>Licenciada y doctora en Ciencias F\u00edsicas UBA, Es Profesora Titular e Investigadora Principal del CONICET en el Departamento de F\u00edsica de la FCEyN, UBA. Codirige el Laboratorio de \u00d3ptica y Fot\u00f3nica del Departamento de F\u00edsica. Fue directora adjunta en dicho Departamento y consejera directiva de la Facultad.<\/p>\n<p>EMAIL silvia.ledesma@de.fcen.uba.ar<\/p>\n<hr \/>\n<p><strong>Secretario Adjunto<\/strong><br \/>\nPatricio Santagapita<\/p>\n<p><a href=\"https:\/\/exactas.uba.ar\/vinculacion\/wp-content\/uploads\/2024\/07\/SantagapitaPatricio.jpg\"><img loading=\"lazy\" decoding=\"async\" width=\"250\" height=\"115\" class=\"alignnone size-medium wp-image-593\" src=\"https:\/\/exactas.uba.ar\/vinculacion\/wp-content\/uploads\/2024\/07\/SantagapitaPatricio-250x115.jpg\" alt=\"\" srcset=\"https:\/\/exactas.uba.ar\/vinculacion\/wp-content\/uploads\/2024\/07\/SantagapitaPatricio-250x115.jpg 250w, https:\/\/exactas.uba.ar\/vinculacion\/wp-content\/uploads\/2024\/07\/SantagapitaPatricio-120x55.jpg 120w, https:\/\/exactas.uba.ar\/vinculacion\/wp-content\/uploads\/2024\/07\/SantagapitaPatricio.jpg 556w\" sizes=\"auto, (max-width: 250px) 100vw, 250px\" \/><\/a><\/p>\n<p>Doctor en Qu\u00edmica Industrial, Especialista en Dise\u00f1o de la Ense\u00f1anza con Tecnolog\u00edas en el Nivel Superior y Licenciado en Ciencias Biol\u00f3gicas por la Universidad de Buenos Aires. Investigador independiente de CONICET en el CIHIDECAR y Profesor adjunto del Departamento de Qu\u00edmica Org\u00e1nica, \u00e1rea Qu\u00edmica y Microbiolog\u00eda de Alimentos. Forma parte Comit\u00e9 Acad\u00e9mico de la Carrera de Especializaci\u00f3n en Biotecnolog\u00eda\u00a0Industrial.<\/p>\n<p>EMAIL patricio.santagapita@de.fcen.uba.ar<\/p>\n<hr \/>\n<p><strong>Subsecretaria de Vinculaci\u00f3n y Transferencia<\/strong><br \/>\nJuliana Gamboa<\/p>\n<p><a href=\"https:\/\/exactas.uba.ar\/vinculacion\/wp-content\/uploads\/2024\/07\/gamboa-juliana-scaled-1.jpg\"><img loading=\"lazy\" decoding=\"async\" width=\"250\" height=\"125\" class=\"alignnone size-medium wp-image-592\" src=\"https:\/\/exactas.uba.ar\/vinculacion\/wp-content\/uploads\/2024\/07\/gamboa-juliana-scaled-1-250x125.jpg\" alt=\"\" srcset=\"https:\/\/exactas.uba.ar\/vinculacion\/wp-content\/uploads\/2024\/07\/gamboa-juliana-scaled-1-250x125.jpg 250w, https:\/\/exactas.uba.ar\/vinculacion\/wp-content\/uploads\/2024\/07\/gamboa-juliana-scaled-1-700x350.jpg 700w, https:\/\/exactas.uba.ar\/vinculacion\/wp-content\/uploads\/2024\/07\/gamboa-juliana-scaled-1-768x384.jpg 768w, https:\/\/exactas.uba.ar\/vinculacion\/wp-content\/uploads\/2024\/07\/gamboa-juliana-scaled-1-1536x768.jpg 1536w, https:\/\/exactas.uba.ar\/vinculacion\/wp-content\/uploads\/2024\/07\/gamboa-juliana-scaled-1-2048x1024.jpg 2048w, https:\/\/exactas.uba.ar\/vinculacion\/wp-content\/uploads\/2024\/07\/gamboa-juliana-scaled-1-120x60.jpg 120w\" sizes=\"auto, (max-width: 250px) 100vw, 250px\" \/><\/a><\/p>\n<p>Ingeniera en alimentos (UNQ, Quilmes) y Doctora en Ciencia y Tecnolog\u00eda de Alimentos e Ingenier\u00eda Qu\u00edmica (UAM, Madrid). Se desempe\u00f1\u00f3 en cargos de gesti\u00f3n en el \u00e1mbito p\u00fablico (DGA-AFIP) y como docente e investigador en Argentina (CONICET, CIC, UNLP, UNR), Espa\u00f1a (CSIC, UAM, Madrid) y Ecuador (UTA, Ambato). En el \u00e1mbito privado particip\u00f3 en diferentes proyectos de emprendedurismo, consultor\u00eda\u00a0y\u00a0docencia<\/p>\n<p>EMAIL juliana.gamboa@de.fcen.uba.ar<\/p>\n","protected":false},"excerpt":{"rendered":"Secretar\u00eda de Investigaci\u00f3n Cient\u00edfica y Tecnol\u00f3gica Secretaria Silvia Ledesma Licenciada y doctora en Ciencias F\u00edsicas UBA, Es Profesora Titular e Investigadora Principal del CONICET en el Departamento de F\u00edsica de la FCEyN, UBA. Codirige el Laboratorio de \u00d3ptica y Fot\u00f3nica del Departamento de F\u00edsica. Fue directora adjunta en dicho Departamento y consejera directiva de la&#8230; <a class=\"view-article\" href=\"https:\/\/exactas.uba.ar\/vinculacion\/autoridades\/\">LEER +<\/a>","protected":false},"author":4,"featured_media":0,"parent":0,"menu_order":0,"comment_status":"closed","ping_status":"closed","template":"","meta":{"_acf_changed":false,"footnotes":""},"class_list":["post-296","page","type-page","status-publish","hentry"],"acf":[],"_links":{"self":[{"href":"https:\/\/exactas.uba.ar\/vinculacion\/wp-json\/wp\/v2\/pages\/296","targetHints":{"allow":["GET"]}}],"collection":[{"href":"https:\/\/exactas.uba.ar\/vinculacion\/wp-json\/wp\/v2\/pages"}],"about":[{"href":"https:\/\/exactas.uba.ar\/vinculacion\/wp-json\/wp\/v2\/types\/page"}],"author":[{"embeddable":true,"href":"https:\/\/exactas.uba.ar\/vinculacion\/wp-json\/wp\/v2\/users\/4"}],"replies":[{"embeddable":true,"href":"https:\/\/exactas.uba.ar\/vinculacion\/wp-json\/wp\/v2\/comments?post=296"}],"version-history":[{"count":8,"href":"https:\/\/exactas.uba.ar\/vinculacion\/wp-json\/wp\/v2\/pages\/296\/revisions"}],"predecessor-version":[{"id":594,"href":"https:\/\/exactas.uba.ar\/vinculacion\/wp-json\/wp\/v2\/pages\/296\/revisions\/594"}],"wp:attachment":[{"href":"https:\/\/exactas.uba.ar\/vinculacion\/wp-json\/wp\/v2\/media?parent=296"}],"curies":[{"name":"wp","href":"https:\/\/api.w.org\/{rel}","templated":true}]}}