{"id":281,"date":"2022-09-07T17:56:45","date_gmt":"2022-09-07T17:56:45","guid":{"rendered":"https:\/\/exactas.uba.ar\/vinculacion\/?page_id=281"},"modified":"2022-09-13T18:20:12","modified_gmt":"2022-09-13T18:20:12","slug":"normativa-uba","status":"publish","type":"page","link":"https:\/\/exactas.uba.ar\/vinculacion\/normativa-uba\/","title":{"rendered":"Normativa UBA"},"content":{"rendered":"<h3 style=\"text-align: center;\"><strong>Normativa UBA aplicable a actividades de Transferencia Tecnol\u00f3gica<\/strong><\/h3>\n<p>&nbsp;<\/p>\n<p><a href=\"https:\/\/exactas.uba.ar\/vinculacion\/wp-content\/uploads\/2022\/09\/Res-CS-1982_0338-Reglamentacion-TT-a-1982.pdf\">Res (CS) 1982_0338 Reglamentaci\u00f3n TT a 1982<\/a><\/p>\n<p><a href=\"https:\/\/exactas.uba.ar\/vinculacion\/wp-content\/uploads\/2022\/09\/Res-CS-1987_1048-Deroga-art-5-de-la-Res-CS-338_82.pdf\">Res (CS) 1987_1048 Deroga art 5 de la Res CS 338_82<\/a><\/p>\n<p><a href=\"https:\/\/exactas.uba.ar\/vinculacion\/wp-content\/uploads\/2022\/09\/Res-CS-1987_1655-Reglamentacion-Convenios-y-Servicios-en-la-UBA.pdf\">Res (CS) 1987_1655 Reglamentaci\u00f3n Convenios y Servicios en la UBA<\/a><\/p>\n<p><a href=\"https:\/\/exactas.uba.ar\/vinculacion\/wp-content\/uploads\/2022\/09\/Res-CS-1992_2805-Modifica-porcentajes-Res-CS-1655-87.pdf\">Res (CS) 1992_2805 Modifica porcentajes Res (CS) 1655-87<\/a><\/p>\n<p><a href=\"https:\/\/exactas.uba.ar\/vinculacion\/wp-content\/uploads\/2022\/09\/Res-CS-1987_1195-Fondo-para-actividades-cientificas-y-tecnologicas.pdf\">Res (CS) 1987_1195 Fondo para actividades cient\u00edficas y tecnol\u00f3gicas<\/a><\/p>\n<p><a href=\"https:\/\/exactas.uba.ar\/vinculacion\/wp-content\/uploads\/2022\/09\/Res-CS-2009_5909-Regimen-de-dedicaciones-docentes-EX-SE-y-PAR.pdf\">Res (CS) 2009_5909 R\u00e9gimen de dedicaciones docentes EX SE y PAR<\/a><\/p>\n<p><a href=\"https:\/\/exactas.uba.ar\/vinculacion\/wp-content\/uploads\/2022\/09\/Res-CS-2010_1053-Filiacion-institucional-UBA.pdf\">Res (CS) 2010_1053 Filiaci\u00f3n institucional UBA<\/a><\/p>\n<p><a href=\"https:\/\/exactas.uba.ar\/vinculacion\/wp-content\/uploads\/2022\/09\/Res-CS-2016_6157-Filiacion-Institucional-UBA-con-CONICET.pdf\">Res (CS) 2016_6157 Filiaci\u00f3n Institucional UBA con CONICET<\/a><\/p>\n<p><a href=\"https:\/\/exactas.uba.ar\/vinculacion\/wp-content\/uploads\/2022\/09\/Res-CD-2020_1084-Normativa-Cursos-de-Formacion-Profesional.pdf\">Res (CD) 2020_1084 Normativa Cursos de Formaci\u00f3n Profesional<\/a><\/p>\n<p><a href=\"https:\/\/exactas.uba.ar\/vinculacion\/wp-content\/uploads\/2022\/09\/Res-CD-2004_1304-Tareas-de-investigacion-de-estudiantes-que-no-son-de-la-facultad.pdf\">Res (CD) 2004_1304 Tareas de investigaci\u00f3n de estudiantes que no son de la facultad<\/a><\/p>\n<p><a href=\"https:\/\/exactas.uba.ar\/vinculacion\/wp-content\/uploads\/2022\/09\/Res-CD-2016_2253_Instructivo-manejo-Cajas-chicas-y-Fondos-rotatorios.pdf\">Res (CD) 2016_2253_Instructivo manejo Cajas chicas y Fondos rotatorios<\/a><\/p>\n<p><a href=\"https:\/\/exactas.uba.ar\/vinculacion\/wp-content\/uploads\/2022\/09\/Res-CD-2021_2248-Procedimiento-para-gestion-de-BECAS.pdf\">Res (CD) 2021_2248 Procedimiento para gesti\u00f3n de BECAS<\/a><\/p>\n<p><a href=\"https:\/\/exactas.uba.ar\/vinculacion\/wp-content\/uploads\/2022\/09\/Res-CD-2021_0541-Normativa-MTAs.pdf\">Res (CD) 2021_0541 Normativa MTAs<\/a><\/p>\n<p><a href=\"https:\/\/exactas.uba.ar\/vinculacion\/wp-content\/uploads\/2022\/09\/Res-D-2019_0168-Gestion-de-fondos-en-Moneda-Extranjera.pdf\">Res (D) 2019_0168 Gesti\u00f3n de fondos en Moneda Extranjera<\/a><\/p>\n","protected":false},"excerpt":{"rendered":"Normativa UBA aplicable a actividades de Transferencia Tecnol\u00f3gica &nbsp; Res (CS) 1982_0338 Reglamentaci\u00f3n TT a 1982 Res (CS) 1987_1048 Deroga art 5 de la Res CS 338_82 Res (CS) 1987_1655 Reglamentaci\u00f3n Convenios y Servicios en la UBA Res (CS) 1992_2805 Modifica porcentajes Res (CS) 1655-87 Res (CS) 1987_1195 Fondo para actividades cient\u00edficas y tecnol\u00f3gicas Res&#8230; <a class=\"view-article\" href=\"https:\/\/exactas.uba.ar\/vinculacion\/normativa-uba\/\">LEER +<\/a>","protected":false},"author":4,"featured_media":0,"parent":0,"menu_order":0,"comment_status":"closed","ping_status":"closed","template":"","meta":{"_acf_changed":false,"footnotes":""},"class_list":["post-281","page","type-page","status-publish","hentry"],"acf":[],"_links":{"self":[{"href":"https:\/\/exactas.uba.ar\/vinculacion\/wp-json\/wp\/v2\/pages\/281","targetHints":{"allow":["GET"]}}],"collection":[{"href":"https:\/\/exactas.uba.ar\/vinculacion\/wp-json\/wp\/v2\/pages"}],"about":[{"href":"https:\/\/exactas.uba.ar\/vinculacion\/wp-json\/wp\/v2\/types\/page"}],"author":[{"embeddable":true,"href":"https:\/\/exactas.uba.ar\/vinculacion\/wp-json\/wp\/v2\/users\/4"}],"replies":[{"embeddable":true,"href":"https:\/\/exactas.uba.ar\/vinculacion\/wp-json\/wp\/v2\/comments?post=281"}],"version-history":[{"count":9,"href":"https:\/\/exactas.uba.ar\/vinculacion\/wp-json\/wp\/v2\/pages\/281\/revisions"}],"predecessor-version":[{"id":341,"href":"https:\/\/exactas.uba.ar\/vinculacion\/wp-json\/wp\/v2\/pages\/281\/revisions\/341"}],"wp:attachment":[{"href":"https:\/\/exactas.uba.ar\/vinculacion\/wp-json\/wp\/v2\/media?parent=281"}],"curies":[{"name":"wp","href":"https:\/\/api.w.org\/{rel}","templated":true}]}}