{"id":79,"date":"2013-10-25T04:01:39","date_gmt":"2013-10-25T04:01:39","guid":{"rendered":"http:\/\/wp_uti.fcen.uba.ar\/?page_id=79"},"modified":"2025-09-23T14:13:49","modified_gmt":"2025-09-23T17:13:49","slug":"documentacion","status":"publish","type":"page","link":"https:\/\/exactas.uba.ar\/uti\/alumnos\/laboratorios-informaticos\/documentacion\/","title":{"rendered":"Documentaci\u00f3n &#8211; Aulas Informatic\u00e1s Pab.2 1er. Piso"},"content":{"rendered":"<pre><a href=\"https:\/\/exactas.uba.ar\/uti\/servicios\/labos\/\">Para acceder a la informacion de los nuevos Laboratorios Informaticos del Edificio Cero mas Infinito, utilizar este link<\/a><\/pre>\n<div id=\"ez-toc-container\" class=\"ez-toc-v2_0_82_2 counter-hierarchy ez-toc-counter ez-toc-grey ez-toc-container-direction\">\n<p class=\"ez-toc-title\" style=\"cursor:inherit\">Table of Contents<\/p>\n<label for=\"ez-toc-cssicon-toggle-item-69efc2ce1e683\" class=\"ez-toc-cssicon-toggle-label\"><span class=\"\"><span class=\"eztoc-hide\" style=\"display:none;\">Toggle<\/span><span class=\"ez-toc-icon-toggle-span\"><svg style=\"fill: #999;color:#999\" xmlns=\"http:\/\/www.w3.org\/2000\/svg\" class=\"list-377408\" width=\"20px\" height=\"20px\" viewBox=\"0 0 24 24\" fill=\"none\"><path d=\"M6 6H4v2h2V6zm14 0H8v2h12V6zM4 11h2v2H4v-2zm16 0H8v2h12v-2zM4 16h2v2H4v-2zm16 0H8v2h12v-2z\" fill=\"currentColor\"><\/path><\/svg><svg style=\"fill: #999;color:#999\" class=\"arrow-unsorted-368013\" xmlns=\"http:\/\/www.w3.org\/2000\/svg\" width=\"10px\" height=\"10px\" viewBox=\"0 0 24 24\" version=\"1.2\" baseProfile=\"tiny\"><path d=\"M18.2 9.3l-6.2-6.3-6.2 6.3c-.2.2-.3.4-.3.7s.1.5.3.7c.2.2.4.3.7.3h11c.3 0 .5-.1.7-.3.2-.2.3-.5.3-.7s-.1-.5-.3-.7zM5.8 14.7l6.2 6.3 6.2-6.3c.2-.2.3-.5.3-.7s-.1-.5-.3-.7c-.2-.2-.4-.3-.7-.3h-11c-.3 0-.5.1-.7.3-.2.2-.3.5-.3.7s.1.5.3.7z\"\/><\/svg><\/span><\/span><\/label><input type=\"checkbox\"  id=\"ez-toc-cssicon-toggle-item-69efc2ce1e683\"  aria-label=\"Alternar\" \/><nav><ul class='ez-toc-list ez-toc-list-level-1 ' ><li class='ez-toc-page-1 ez-toc-heading-level-2'><a class=\"ez-toc-link ez-toc-heading-1\" href=\"https:\/\/exactas.uba.ar\/uti\/alumnos\/laboratorios-informaticos\/documentacion\/#UBICACION\" >UBICACI\u00d3N<\/a><\/li><li class='ez-toc-page-1 ez-toc-heading-level-2'><a class=\"ez-toc-link ez-toc-heading-2\" href=\"https:\/\/exactas.uba.ar\/uti\/alumnos\/laboratorios-informaticos\/documentacion\/#EQUIPAMIENTO_AULAS_INFORMATICAS_Pab2_1er_piso\" >EQUIPAMIENTO AULAS INFORM\u00c1TICAS (Pab.2 1er. piso)<\/a><ul class='ez-toc-list-level-3' ><li class='ez-toc-heading-level-3'><a class=\"ez-toc-link ez-toc-heading-3\" href=\"https:\/\/exactas.uba.ar\/uti\/alumnos\/laboratorios-informaticos\/documentacion\/#HardWare\" >HardWare<\/a><ul class='ez-toc-list-level-4' ><li class='ez-toc-heading-level-4'><a class=\"ez-toc-link ez-toc-heading-4\" href=\"https:\/\/exactas.uba.ar\/uti\/alumnos\/laboratorios-informaticos\/documentacion\/#_Aula_A\" >\u00a0\u00a0 Aula A<\/a><\/li><li class='ez-toc-page-1 ez-toc-heading-level-4'><a class=\"ez-toc-link ez-toc-heading-5\" href=\"https:\/\/exactas.uba.ar\/uti\/alumnos\/laboratorios-informaticos\/documentacion\/#_Aula_B\" >\u00a0\u00a0 Aula B<\/a><\/li><\/ul><\/li><li class='ez-toc-page-1 ez-toc-heading-level-3'><a class=\"ez-toc-link ez-toc-heading-6\" href=\"https:\/\/exactas.uba.ar\/uti\/alumnos\/laboratorios-informaticos\/documentacion\/#La_pizarra_smart\" >La pizarra smart<\/a><\/li><li class='ez-toc-page-1 ez-toc-heading-level-3'><a class=\"ez-toc-link ez-toc-heading-7\" href=\"https:\/\/exactas.uba.ar\/uti\/alumnos\/laboratorios-informaticos\/documentacion\/#SoftWare\" >SoftWare<\/a><ul class='ez-toc-list-level-5' ><li class='ez-toc-heading-level-5'><ul class='ez-toc-list-level-5' ><li class='ez-toc-heading-level-5'><a class=\"ez-toc-link ez-toc-heading-8\" href=\"https:\/\/exactas.uba.ar\/uti\/alumnos\/laboratorios-informaticos\/documentacion\/#%E2%80%93_Sistemas_Operativos\" >&#8211; Sistemas Operativos:<\/a><\/li><li class='ez-toc-page-1 ez-toc-heading-level-5'><a class=\"ez-toc-link ez-toc-heading-9\" href=\"https:\/\/exactas.uba.ar\/uti\/alumnos\/laboratorios-informaticos\/documentacion\/#%E2%80%93_Herramientas_Base_en_maquina_virtual_Windows\" >&#8211; Herramientas Base (en m\u00e1quina virtual Windows ):<\/a><\/li><li class='ez-toc-page-1 ez-toc-heading-level-5'><a class=\"ez-toc-link ez-toc-heading-10\" href=\"https:\/\/exactas.uba.ar\/uti\/alumnos\/laboratorios-informaticos\/documentacion\/#%E2%80%93_Software_Academico_en_Maquina_Virtual_Windows\" >&#8211; Software Acad\u00e9mico (en M\u00e1quina Virtual Windows):<\/a><\/li><\/ul><\/li><\/ul><\/li><\/ul><\/li><li class='ez-toc-page-1 ez-toc-heading-level-2'><a class=\"ez-toc-link ez-toc-heading-11\" href=\"https:\/\/exactas.uba.ar\/uti\/alumnos\/laboratorios-informaticos\/documentacion\/#Esquema_de_conexion_de_Monitor_y_Proyectos_en_Aulas_Informaticas_Pab2_Piso_1\" >Esquema de conexi\u00f3n de Monitor y Proyectos en Aulas Inform\u00e1ticas (Pab.2 Piso 1):<\/a><\/li><li class='ez-toc-page-1 ez-toc-heading-level-2'><a class=\"ez-toc-link ez-toc-heading-12\" href=\"https:\/\/exactas.uba.ar\/uti\/alumnos\/laboratorios-informaticos\/documentacion\/#Link_Adicionales_para_Aulas_Informaticas\" >Link Adicionales para Aulas Inform\u00e1ticas:<\/a><ul class='ez-toc-list-level-3' ><li class='ez-toc-heading-level-3'><a class=\"ez-toc-link ez-toc-heading-13\" href=\"https:\/\/exactas.uba.ar\/uti\/alumnos\/laboratorios-informaticos\/documentacion\/#Laboratorios_Informaticos_Ed_Cero_mas_Infinito\" >Laboratorios Inform\u00e1ticos (Ed. Cero mas Infinito)<\/a><\/li><li class='ez-toc-page-1 ez-toc-heading-level-3'><a class=\"ez-toc-link ez-toc-heading-14\" href=\"https:\/\/exactas.uba.ar\/uti\/alumnos\/laboratorios-informaticos\/documentacion\/#Disponibilidad_Aulas\" >Disponibilidad Aulas<\/a><\/li><li class='ez-toc-page-1 ez-toc-heading-level-3'><a class=\"ez-toc-link ez-toc-heading-15\" href=\"https:\/\/exactas.uba.ar\/uti\/alumnos\/laboratorios-informaticos\/documentacion\/#Disponibilidad_cuota_de_impresion_en_Aulas\" >Disponibilidad \/ cuota de\u00a0 impresion en Aulas<\/a><\/li><li class='ez-toc-page-1 ez-toc-heading-level-3'><a class=\"ez-toc-link ez-toc-heading-16\" href=\"https:\/\/exactas.uba.ar\/uti\/alumnos\/laboratorios-informaticos\/documentacion\/#Informacion_Adicional_para_Aulas\" >Informaci\u00f3n Adicional para Aulas<\/a><\/li><\/ul><\/li><\/ul><\/nav><\/div>\n<h2><span class=\"ez-toc-section\" id=\"UBICACION\"><\/span><b>UBICACI\u00d3N<\/b><span class=\"ez-toc-section-end\"><\/span><\/h2>\n<p>Estas aulas informaticas (Laboratorios inform\u00e1ticos), se encuentran en el 1er. piso del Pabell\u00f3n II, frente a la biblioteca central de la facultad.<\/p>\n<h2><span class=\"ez-toc-section\" id=\"EQUIPAMIENTO_AULAS_INFORMATICAS_Pab2_1er_piso\"><\/span><b>EQUIPAMIENTO AULAS INFORM\u00c1TICAS (Pab.2 1er. piso)<br \/>\n<\/b><span class=\"ez-toc-section-end\"><\/span><\/h2>\n<h3><span class=\"ez-toc-section\" id=\"HardWare\"><\/span><span style=\"text-decoration: underline;\">HardWare<\/span><span class=\"ez-toc-section-end\"><\/span><\/h3>\n<p>32 PCs (Aulas A, B y 2 Master) AMD Ryzen 3, HDD500Gb, dvd-rw con monitor Lcd<br \/>\n<del>2 Impresoras de red HP de alto volumen, manejadas por cola de impresi\u00f3n administrada por CCC.<\/del><br \/>\n2 Projectores (Epson PowerLite S18+)<br \/>\n<del>2 Pizarras interactivas con soft Smart tools 10.xx.<\/del><\/p>\n<h4><span class=\"ez-toc-section\" id=\"_Aula_A\"><\/span><b>\u00a0\u00a0 Aula A<\/b><span class=\"ez-toc-section-end\"><\/span><\/h4>\n<ul>\n<li>16 Pcs instaladas<\/li>\n<li>1 Ca\u00f1on\/Projector<\/li>\n<li><del>1 Pizarra Interactiva SB685i (con Software Smart tools 10.x)<\/del><\/li>\n<\/ul>\n<h4><span class=\"ez-toc-section\" id=\"_Aula_B\"><\/span><b>\u00a0\u00a0 Aula B<\/b><span class=\"ez-toc-section-end\"><\/span><\/h4>\n<ul>\n<li>16 Pcs instaladas<\/li>\n<li>1 Ca\u00f1on\/Projector<\/li>\n<li><del>1 Pizarra Interactiva SB680i (con Software Smart tools)<\/del><\/li>\n<\/ul>\n<h3><span class=\"ez-toc-section\" id=\"La_pizarra_smart\"><\/span><b>La pizarra smart<\/b><span class=\"ez-toc-section-end\"><\/span><\/h3>\n<pre><span style=\"color: #ff0000;\"><em><strong>## Debido al cambio del sistema operativo de base, pasando de Windows a Linux, ya no se encuentra operativas las pantallas SMART  ##<\/strong><\/em><\/span><\/pre>\n<p><del>Todos aquellos docentes que est\u00e9n interesados en aprovechar al m\u00e1ximo las potencialidades de la pizarra, pueden acceder a los documentos online que dispuso la Facultad para tal fin.<\/del><\/p>\n<p><del>Desde la p\u00e1gina principal de Aulas\/Laboratorios Inform\u00e1ticos,<a href=\"https:\/\/exactas.uba.ar\/uti\/alumnos\/laboratorios-informaticos\/\"> puede consultar el Manual de Uso y la Gu\u00eda R\u00e1pida de dichas pizarras SMART.<\/a><\/del><\/p>\n<h3><span class=\"ez-toc-section\" id=\"SoftWare\"><\/span><span style=\"text-decoration: underline;\">SoftWare<\/span><span class=\"ez-toc-section-end\"><\/span><\/h3>\n<h5><span class=\"ez-toc-section\" id=\"%E2%80%93_Sistemas_Operativos\"><\/span><i><b>&#8211; Sistemas Operativos:<\/b><\/i><span class=\"ez-toc-section-end\"><\/span><\/h5>\n<ul>\n<li><em><strong>Linux Ubuntu<\/strong><\/em><\/li>\n<li><del><em><strong>MS Windows 7<\/strong><\/em>\u00a0\u00a0\u00a0\u00a0\u00a0\u00a0 (arranque por defecto, de partici\u00f3n \/dev\/sda2 )<\/del><\/li>\n<li><del><em><strong>MS Windows XP<\/strong><\/em>\u00a0\u00a0 (arranque de partici\u00f3n \/dev\/sda1 )<\/del><\/li>\n<\/ul>\n<h5><span class=\"ez-toc-section\" id=\"%E2%80%93_Herramientas_Base_en_maquina_virtual_Windows\"><\/span><i><b>&#8211; Herramientas Base (en m\u00e1quina virtual Windows ):<\/b><\/i><span class=\"ez-toc-section-end\"><\/span><\/h5>\n<ul>\n<li><strong><i>Ofim\u00e1tica:<\/i><\/strong>\u00a0 MS Office 2007, Libre Office, Open Office.<\/li>\n<li><i><strong>Internet:<\/strong>\u00a0\u00a0<\/i> IE, Mozila Firefox, SeaMonkey, ThunderBird, Google Chrome, Opera.<\/li>\n<li><strong><i>AntiMalware:<\/i><\/strong> Avasts, SpyBoot, ClamWin<\/li>\n<li><i><strong>Multimedia<\/strong>: <\/i>XnView, VLCMediaPlayer, WindowsMediaPlayer<\/li>\n<li><i><strong>CD\/DVD<\/strong>:<\/i> CDBurnerXP, DeepBurn, InfraRecorder, Nero<\/li>\n<li><i><strong>Lectores<\/strong>:<\/i> FoxitReader, AcrobatReader, FreePDF2Word, SumatraPDFReader, NotePad++<\/li>\n<li><strong><i>Varios<\/i><\/strong>:\u00a0 MSPowerCalc, Calc98, TapeCalc, 7Zip, Winrar, MyDefrag, TotalComander<\/li>\n<li><strong><i>Otros<\/i>:<\/strong>\u00a0 BlenderPortable, FreeMatPortable, GIMPPortable, SWI-Prolog<\/li>\n<\/ul>\n<h5><span class=\"ez-toc-section\" id=\"%E2%80%93_Software_Academico_en_Maquina_Virtual_Windows\"><\/span><i><b>&#8211; Software Acad\u00e9mico (en M\u00e1quina Virtual Windows):<\/b><\/i><span class=\"ez-toc-section-end\"><\/span><\/h5>\n<p>Herramientas acad\u00e9micas provistas por los departamentos docentes, en cada per\u00edodo lectivo.<\/p>\n<p><a href=\"https:\/\/exactas.uba.ar\/uti\/alumnos\/laboratorios-informaticos\/\">Desde la p\u00e1gina principal de Aulas\/Laboratorios Inform\u00e1ticos, puede consultar la lista de software y el formulario respectivo.<\/a><\/p>\n<h2><span class=\"ez-toc-section\" id=\"Esquema_de_conexion_de_Monitor_y_Proyectos_en_Aulas_Informaticas_Pab2_Piso_1\"><\/span><i><b>Esquema de conexi\u00f3n de Monitor y Proyectos en Aulas Inform\u00e1ticas (Pab.2 Piso 1):<\/b><\/i><span class=\"ez-toc-section-end\"><\/span><\/h2>\n<p><a href=\"https:\/\/exactas.uba.ar\/uti\/wp-content\/uploads\/2022\/08\/EsquemaPantallaAulasInformaticas.png\"><img loading=\"lazy\" decoding=\"async\" class=\"alignnone size-medium wp-image-3218\" src=\"https:\/\/exactas.uba.ar\/uti\/wp-content\/uploads\/2022\/08\/EsquemaPantallaAulasInformaticas-187x300.png\" alt=\"\" width=\"187\" height=\"300\" srcset=\"https:\/\/exactas.uba.ar\/uti\/wp-content\/uploads\/2022\/08\/EsquemaPantallaAulasInformaticas-187x300.png 187w, https:\/\/exactas.uba.ar\/uti\/wp-content\/uploads\/2022\/08\/EsquemaPantallaAulasInformaticas.png 471w\" sizes=\"auto, (max-width: 187px) 100vw, 187px\" \/><\/a><\/p>\n<p>En el diagrama anterior, se visualiza el esquema de conexi\u00f3n VGA entre la PC y el monitor y el proyector. El origen del video se selecciona desde un Selector que permite eventualmente tomar el video de la PC o de una eventual notebook, lo transmite a un Duplicador (spliter) y este env\u00eda dicha se\u00f1al tanto al monitor como al proyector.<\/p>\n<h2><span class=\"ez-toc-section\" id=\"Link_Adicionales_para_Aulas_Informaticas\"><\/span><i><b>Link Adicionales para Aulas Inform\u00e1ticas:<\/b><\/i><span class=\"ez-toc-section-end\"><\/span><\/h2>\n<ul>\n<li>\n<h3><span class=\"ez-toc-section\" id=\"Laboratorios_Informaticos_Ed_Cero_mas_Infinito\"><\/span><a href=\"https:\/\/exactas.uba.ar\/uti\/servicios\/labos\/\">Laboratorios Inform\u00e1ticos (Ed. Cero mas Infinito)<\/a><span class=\"ez-toc-section-end\"><\/span><\/h3>\n<\/li>\n<li>\n<h3><span class=\"ez-toc-section\" id=\"Disponibilidad_Aulas\"><\/span><a href=\"http:\/\/www.fcen.uba.ar\/aulita\/calendario\/\">Disponibilidad Aulas<\/a><span class=\"ez-toc-section-end\"><\/span><\/h3>\n<\/li>\n<li>\n<h3><span class=\"ez-toc-section\" id=\"Disponibilidad_cuota_de_impresion_en_Aulas\"><\/span><a href=\"http:\/\/consulta-impresiones.exactas.uba.ar\/\"><del>Disponibilidad \/ cuota de\u00a0 impresion en Aulas<\/del><\/a><span class=\"ez-toc-section-end\"><\/span><\/h3>\n<\/li>\n<li>\n<h3><span class=\"ez-toc-section\" id=\"Informacion_Adicional_para_Aulas\"><\/span><a href=\"https:\/\/exactas.uba.ar\/uti\/alumnos\/laboratorios-informaticos\/links\/\">Informaci\u00f3n Adicional para Aulas<\/a><span class=\"ez-toc-section-end\"><\/span><\/h3>\n<\/li>\n<\/ul>\n<h6><\/h6>\n","protected":false},"excerpt":{"rendered":"<p>Para acceder a la informacion de los nuevos Laboratorios Informaticos del Edificio Cero mas Infinito, utilizar este link UBICACI\u00d3N Estas aulas informaticas (Laboratorios inform\u00e1ticos), se encuentran en el 1er. piso del Pabell\u00f3n II, frente a la biblioteca central de la <a href=\"https:\/\/exactas.uba.ar\/uti\/alumnos\/laboratorios-informaticos\/documentacion\/\" rel=\"nofollow\"><span class=\"sr-only\">Leer m\u00e1sDocumentaci\u00f3n &#8211; Aulas Informatic\u00e1s Pab.2 1er. Piso<\/span>[&hellip;]<\/a><\/p>\n","protected":false},"author":1,"featured_media":0,"parent":63,"menu_order":0,"comment_status":"closed","ping_status":"closed","template":"","meta":{"_monsterinsights_skip_tracking":false,"_monsterinsights_sitenote_active":false,"_monsterinsights_sitenote_note":"","_monsterinsights_sitenote_category":0,"_mc_calendar":[],"footnotes":""},"class_list":["post-79","page","type-page","status-publish","hentry"],"_links":{"self":[{"href":"https:\/\/exactas.uba.ar\/uti\/wp-json\/wp\/v2\/pages\/79","targetHints":{"allow":["GET"]}}],"collection":[{"href":"https:\/\/exactas.uba.ar\/uti\/wp-json\/wp\/v2\/pages"}],"about":[{"href":"https:\/\/exactas.uba.ar\/uti\/wp-json\/wp\/v2\/types\/page"}],"author":[{"embeddable":true,"href":"https:\/\/exactas.uba.ar\/uti\/wp-json\/wp\/v2\/users\/1"}],"replies":[{"embeddable":true,"href":"https:\/\/exactas.uba.ar\/uti\/wp-json\/wp\/v2\/comments?post=79"}],"version-history":[{"count":89,"href":"https:\/\/exactas.uba.ar\/uti\/wp-json\/wp\/v2\/pages\/79\/revisions"}],"predecessor-version":[{"id":3832,"href":"https:\/\/exactas.uba.ar\/uti\/wp-json\/wp\/v2\/pages\/79\/revisions\/3832"}],"up":[{"embeddable":true,"href":"https:\/\/exactas.uba.ar\/uti\/wp-json\/wp\/v2\/pages\/63"}],"wp:attachment":[{"href":"https:\/\/exactas.uba.ar\/uti\/wp-json\/wp\/v2\/media?parent=79"}],"curies":[{"name":"wp","href":"https:\/\/api.w.org\/{rel}","templated":true}]}}