{"id":701,"date":"2014-07-24T18:30:56","date_gmt":"2014-07-24T18:30:56","guid":{"rendered":"http:\/\/exactas.uba.ar\/uti\/?page_id=701"},"modified":"2023-11-02T11:16:12","modified_gmt":"2023-11-02T14:16:12","slug":"equipamiento-informatico","status":"publish","type":"page","link":"https:\/\/exactas.uba.ar\/uti\/institucional\/uti-inf\/equipamiento-informatico\/","title":{"rendered":"Equipamiento inform\u00e1tico"},"content":{"rendered":"<p>El equipamiento inform\u00e1tico se renueva peri\u00f3dicamente, normalmente por medio de una licitaci\u00f3n anual a tal fin, en la cual se trata de renovar un tercio del parque. De este modo y complementada por la decisi\u00f3n de\u00a0 solicitar plazo de garant\u00eda de 36 meses, nos permitir\u00eda tener la gran mayor\u00eda de los principales equipos con soporte de\u00a0 garant\u00eda.<\/p>\n<p>Las m\u00e1s recientes fueron:<\/p>\n<ul>\n<li>2023-2021 :\n<ul>\n<li style=\"list-style-type: none;\">\n<ul>\n<li>Equipos PCs AMD Ryzen3,\u00a0\u00a0 8 GbRam, SSD de 480 Gb, y monitores LCD de 21&#8243;.<\/li>\n<li>Equipos PCs AMD Ryzen5, 16 GbRam, HD de 2TGb, \u00a0\u00a0\u00a0 y monitores LCD de 22&#8243;.<\/li>\n<\/ul>\n<\/li>\n<\/ul>\n<\/li>\n<li>2020-2018 : Equipos PCs AMD Ryzen3, 8 GbRam, HD de 1TGb, DVD-RW y monitores LCD de 21&#8243;.<\/li>\n<li>2017-2015 : Equipos PCs AMD APU A10, 4\/8 GbRam, HD de 500-1TGb, DVD-RW y monitores LCD de 18.5&#8243; y 21&#8243;.<\/li>\n<li><\/li>\n<\/ul>\n","protected":false},"excerpt":{"rendered":"<p>El equipamiento inform\u00e1tico se renueva peri\u00f3dicamente, normalmente por medio de una licitaci\u00f3n anual a tal fin, en la cual se trata de renovar un tercio del parque. De este modo y complementada por la decisi\u00f3n de\u00a0 solicitar plazo de garant\u00eda <a href=\"https:\/\/exactas.uba.ar\/uti\/institucional\/uti-inf\/equipamiento-informatico\/\" rel=\"nofollow\"><span class=\"sr-only\">Leer m\u00e1sEquipamiento inform\u00e1tico<\/span>[&hellip;]<\/a><\/p>\n","protected":false},"author":1,"featured_media":0,"parent":36,"menu_order":0,"comment_status":"closed","ping_status":"closed","template":"","meta":{"_monsterinsights_skip_tracking":false,"_monsterinsights_sitenote_active":false,"_monsterinsights_sitenote_note":"","_monsterinsights_sitenote_category":0,"_mc_calendar":[],"footnotes":""},"class_list":["post-701","page","type-page","status-publish","hentry"],"_links":{"self":[{"href":"https:\/\/exactas.uba.ar\/uti\/wp-json\/wp\/v2\/pages\/701","targetHints":{"allow":["GET"]}}],"collection":[{"href":"https:\/\/exactas.uba.ar\/uti\/wp-json\/wp\/v2\/pages"}],"about":[{"href":"https:\/\/exactas.uba.ar\/uti\/wp-json\/wp\/v2\/types\/page"}],"author":[{"embeddable":true,"href":"https:\/\/exactas.uba.ar\/uti\/wp-json\/wp\/v2\/users\/1"}],"replies":[{"embeddable":true,"href":"https:\/\/exactas.uba.ar\/uti\/wp-json\/wp\/v2\/comments?post=701"}],"version-history":[{"count":8,"href":"https:\/\/exactas.uba.ar\/uti\/wp-json\/wp\/v2\/pages\/701\/revisions"}],"predecessor-version":[{"id":3463,"href":"https:\/\/exactas.uba.ar\/uti\/wp-json\/wp\/v2\/pages\/701\/revisions\/3463"}],"up":[{"embeddable":true,"href":"https:\/\/exactas.uba.ar\/uti\/wp-json\/wp\/v2\/pages\/36"}],"wp:attachment":[{"href":"https:\/\/exactas.uba.ar\/uti\/wp-json\/wp\/v2\/media?parent=701"}],"curies":[{"name":"wp","href":"https:\/\/api.w.org\/{rel}","templated":true}]}}