{"id":697,"date":"2014-07-24T18:29:57","date_gmt":"2014-07-24T18:29:57","guid":{"rendered":"http:\/\/exactas.uba.ar\/uti\/?page_id=697"},"modified":"2014-07-24T18:29:57","modified_gmt":"2014-07-24T18:29:57","slug":"historia-de-uti-inf","status":"publish","type":"page","link":"https:\/\/exactas.uba.ar\/uti\/institucional\/uti-inf\/historia-de-uti-inf\/","title":{"rendered":"Historia de UTI-INF"},"content":{"rendered":"<p>Vamos a contar un poco de historia de UTI-INF. La actual <i><b>Direcci\u00f3n de Inform\u00e1tica (UTI-INF)<\/b><\/i>, puede considerarse como el resultado de un largo proceso de transformaci\u00f3n, derivaci\u00f3n y evoluci\u00f3n, con ra\u00edces en el sector t\u00e9cnico\/operativo del original <i><b>Instituto de C\u00e1lculo.<\/b><\/i> que en la d\u00e9cada de los 60, contaba con la famosa computadora <i>Clementina <\/i>y estaba ubicado en el piso 2, del Pab. I de Ciudad Universitaria<\/p>\n<p align=\"JUSTIFY\">\u00a0Posteriormente, ya sin computadora propia, se continu\u00f3, con variadas limitaciones, brindando servicios cada vez m\u00e1s orientados al apoyo de procesos administrativos, usando diversos equipos, pero principalmente una computadora <i>IBM 360<\/i> del <i><b>Servicio Universitario de Computaci\u00f3n (SUC)<\/b><\/i> de la UBA. En dicha \u00e9poca, se desarrollaron sistemas como el de Gesti\u00f3n de Alumnos, usando lenguajes tales como <i>COBOL<\/i> y <i>RPG II<\/i>, y almacenamientos como tarjetas perforadas y cintas de carrete magn\u00e9ticas.<\/p>\n<p align=\"JUSTIFY\">\u00a0Ya en los 80, bajo la denominaci\u00f3n de <i><b>Servicio de C\u00f3mputos<\/b><\/i> y con una computadora propia, una <i>DIGITAL<\/i> <i>VAX\/VMS 11\/750<\/i> y terminales interactivas, se daba soporte, operaci\u00f3n, administraci\u00f3n, procesamiento y atenci\u00f3n de usuarios, tanto a alumnos como docentes e investigadores y tambi\u00e9n se realizaban tareas de relevamientos, an\u00e1lisis, programaci\u00f3n y mantenimiento de sistemas, como <i>Gesti\u00f3n de Alumnos y Graduados, Gesti\u00f3n Patrimonial <\/i>e<i> Inscripciones <\/i>a UBA, entre otros.<\/p>\n<p align=\"JUSTIFY\">\u00a0Luego, finalizando el milenio, ya sin la <i>VAX<\/i>, se continu\u00f3 trabajando principalmente en el apoyo de la gesti\u00f3n de t\u00e9cnico\/administrativo de la facultad, utilizando redes IP, PC con Windows, servidores Windows y Linux, y aplicativos utilizando lenguajes como <i>COBOL, FOX PRO y VISUAL BASIC<\/i>, todo eso con la denominaci\u00f3n <i><b>Direcci\u00f3n de Inform\u00e1tica <\/b><\/i>y ubicados en el Pabell\u00f3n II.<\/p>\n<p align=\"JUSTIFY\">\u00a0Finalmente, ya en la d\u00e9cada del 2010, con la constituci\u00f3n de la <i><b>Unidad de Tecnolog\u00edas de la Informaci\u00f3n (UTI)<\/b><\/i>, se reforman las misiones y funciones del sector y toma su denominaci\u00f3n actual <i><b> <\/b><\/i>de <i><b>UTI &#8211; Direcci\u00f3n de Inform\u00e1tica (UTI-INF)<\/b><\/i>.<\/p>\n","protected":false},"excerpt":{"rendered":"<p>Vamos a contar un poco de historia de UTI-INF. La actual Direcci\u00f3n de Inform\u00e1tica (UTI-INF), puede considerarse como el resultado de un largo proceso de transformaci\u00f3n, derivaci\u00f3n y evoluci\u00f3n, con ra\u00edces en el sector t\u00e9cnico\/operativo del original Instituto de C\u00e1lculo. <a href=\"https:\/\/exactas.uba.ar\/uti\/institucional\/uti-inf\/historia-de-uti-inf\/\" rel=\"nofollow\"><span class=\"sr-only\">Leer m\u00e1sHistoria de UTI-INF<\/span>[&hellip;]<\/a><\/p>\n","protected":false},"author":1,"featured_media":0,"parent":36,"menu_order":0,"comment_status":"closed","ping_status":"closed","template":"","meta":{"_monsterinsights_skip_tracking":false,"_monsterinsights_sitenote_active":false,"_monsterinsights_sitenote_note":"","_monsterinsights_sitenote_category":0,"_mc_calendar":[],"footnotes":""},"class_list":["post-697","page","type-page","status-publish","hentry"],"_links":{"self":[{"href":"https:\/\/exactas.uba.ar\/uti\/wp-json\/wp\/v2\/pages\/697","targetHints":{"allow":["GET"]}}],"collection":[{"href":"https:\/\/exactas.uba.ar\/uti\/wp-json\/wp\/v2\/pages"}],"about":[{"href":"https:\/\/exactas.uba.ar\/uti\/wp-json\/wp\/v2\/types\/page"}],"author":[{"embeddable":true,"href":"https:\/\/exactas.uba.ar\/uti\/wp-json\/wp\/v2\/users\/1"}],"replies":[{"embeddable":true,"href":"https:\/\/exactas.uba.ar\/uti\/wp-json\/wp\/v2\/comments?post=697"}],"version-history":[{"count":1,"href":"https:\/\/exactas.uba.ar\/uti\/wp-json\/wp\/v2\/pages\/697\/revisions"}],"predecessor-version":[{"id":698,"href":"https:\/\/exactas.uba.ar\/uti\/wp-json\/wp\/v2\/pages\/697\/revisions\/698"}],"up":[{"embeddable":true,"href":"https:\/\/exactas.uba.ar\/uti\/wp-json\/wp\/v2\/pages\/36"}],"wp:attachment":[{"href":"https:\/\/exactas.uba.ar\/uti\/wp-json\/wp\/v2\/media?parent=697"}],"curies":[{"name":"wp","href":"https:\/\/api.w.org\/{rel}","templated":true}]}}