{"id":63,"date":"2013-10-25T03:57:31","date_gmt":"2013-10-25T03:57:31","guid":{"rendered":"http:\/\/wp_uti.fcen.uba.ar\/?page_id=63"},"modified":"2022-09-06T10:50:35","modified_gmt":"2022-09-06T13:50:35","slug":"laboratorios-informaticos","status":"publish","type":"page","link":"https:\/\/exactas.uba.ar\/uti\/alumnos\/laboratorios-informaticos\/","title":{"rendered":"Laboratorios Inform\u00e1ticos (Pab2-1er.Piso)"},"content":{"rendered":"<p><a href=\"http:\/\/exactas.uba.ar\/uti\/wp-content\/uploads\/2014\/01\/Aulita_42b.jpg\"><img loading=\"lazy\" decoding=\"async\" class=\"alignleft size-medium wp-image-539\" src=\"http:\/\/exactas.uba.ar\/uti\/wp-content\/uploads\/2014\/01\/Aulita_42b-300x184.jpg\" alt=\"Aulita_42b\" width=\"300\" height=\"184\" srcset=\"https:\/\/exactas.uba.ar\/uti\/wp-content\/uploads\/2014\/01\/Aulita_42b-300x184.jpg 300w, https:\/\/exactas.uba.ar\/uti\/wp-content\/uploads\/2014\/01\/Aulita_42b-1024x631.jpg 1024w, https:\/\/exactas.uba.ar\/uti\/wp-content\/uploads\/2014\/01\/Aulita_42b.jpg 1280w\" sizes=\"auto, (max-width: 300px) 100vw, 300px\" \/><\/a> Estas aulas, equipadas con computadoras, proyectores y pizarras electr\u00f3nicas, brindan apoyo a las tareas de docencia. Puede ser utilizadas por la comunidad FCEN (alumnos, docentes, etc.)<br \/>\nEst\u00e1n ubicadas en el 1er. piso del Pabell\u00f3n II, a ambos costados del acceso a la biblioteca central de la FCEN.<\/p>\n<p><a href=\"http:\/\/www.fcen.uba.ar\/aulita\/calendario\/\"><del>Para ver la disponibilidad de las aulas, utilice este link<\/del><\/a><\/p>\n<p><span style=\"color: #800000;\"><em><strong>NOTA: Luego de la pandemia, las aulas inform\u00e1ticas del 1er. piso del Pab.2, est\u00e1n en proceso de rearmado, disculpen las molestias que se pudieran producir.<\/strong> <\/em><\/span><\/p>\n<p>Para la visualizaci\u00f3n de la informaci\u00f3n de los laboratorios inform\u00e1ticos del Edificio Cero m\u00e1s Infinito, <a href=\"https:\/\/exactas.uba.ar\/uti\/servicios\/labos\/\">utilizar el siguiente link<\/a>.<\/p>\n<div id=\"ez-toc-container\" class=\"ez-toc-v2_0_82_2 counter-hierarchy ez-toc-counter ez-toc-grey ez-toc-container-direction\">\n<p class=\"ez-toc-title\" style=\"cursor:inherit\">Table of Contents<\/p>\n<label for=\"ez-toc-cssicon-toggle-item-69d36896521f3\" class=\"ez-toc-cssicon-toggle-label\"><span class=\"\"><span class=\"eztoc-hide\" style=\"display:none;\">Toggle<\/span><span class=\"ez-toc-icon-toggle-span\"><svg style=\"fill: #999;color:#999\" xmlns=\"http:\/\/www.w3.org\/2000\/svg\" class=\"list-377408\" width=\"20px\" height=\"20px\" viewBox=\"0 0 24 24\" fill=\"none\"><path d=\"M6 6H4v2h2V6zm14 0H8v2h12V6zM4 11h2v2H4v-2zm16 0H8v2h12v-2zM4 16h2v2H4v-2zm16 0H8v2h12v-2z\" fill=\"currentColor\"><\/path><\/svg><svg style=\"fill: #999;color:#999\" class=\"arrow-unsorted-368013\" xmlns=\"http:\/\/www.w3.org\/2000\/svg\" width=\"10px\" height=\"10px\" viewBox=\"0 0 24 24\" version=\"1.2\" baseProfile=\"tiny\"><path d=\"M18.2 9.3l-6.2-6.3-6.2 6.3c-.2.2-.3.4-.3.7s.1.5.3.7c.2.2.4.3.7.3h11c.3 0 .5-.1.7-.3.2-.2.3-.5.3-.7s-.1-.5-.3-.7zM5.8 14.7l6.2 6.3 6.2-6.3c.2-.2.3-.5.3-.7s-.1-.5-.3-.7c-.2-.2-.4-.3-.7-.3h-11c-.3 0-.5.1-.7.3-.2.2-.3.5-.3.7s.1.5.3.7z\"\/><\/svg><\/span><\/span><\/label><input type=\"checkbox\"  id=\"ez-toc-cssicon-toggle-item-69d36896521f3\"  aria-label=\"Alternar\" \/><nav><ul class='ez-toc-list ez-toc-list-level-1 ' ><li class='ez-toc-page-1 ez-toc-heading-level-2'><a class=\"ez-toc-link ez-toc-heading-1\" href=\"https:\/\/exactas.uba.ar\/uti\/alumnos\/laboratorios-informaticos\/#Equipamiento\" >Equipamiento<\/a><ul class='ez-toc-list-level-4' ><li class='ez-toc-heading-level-4'><ul class='ez-toc-list-level-4' ><li class='ez-toc-heading-level-4'><a class=\"ez-toc-link ez-toc-heading-2\" href=\"https:\/\/exactas.uba.ar\/uti\/alumnos\/laboratorios-informaticos\/#HardWare\" >HardWare<\/a><\/li><li class='ez-toc-page-1 ez-toc-heading-level-4'><a class=\"ez-toc-link ez-toc-heading-3\" href=\"https:\/\/exactas.uba.ar\/uti\/alumnos\/laboratorios-informaticos\/#Software\" >Software<\/a><ul class='ez-toc-list-level-5' ><li class='ez-toc-heading-level-5'><a class=\"ez-toc-link ez-toc-heading-4\" href=\"https:\/\/exactas.uba.ar\/uti\/alumnos\/laboratorios-informaticos\/#%E2%80%93_Sistema_Operativo\" >&#8211; Sistema Operativo:<\/a><\/li><li class='ez-toc-page-1 ez-toc-heading-level-5'><a class=\"ez-toc-link ez-toc-heading-5\" href=\"https:\/\/exactas.uba.ar\/uti\/alumnos\/laboratorios-informaticos\/#%E2%80%93_Conjunto_de_Herramientas_Base_en_VM_Windows\" >&#8211; Conjunto de Herramientas Base (en VM Windows):<\/a><\/li><li class='ez-toc-page-1 ez-toc-heading-level-5'><a class=\"ez-toc-link ez-toc-heading-6\" href=\"https:\/\/exactas.uba.ar\/uti\/alumnos\/laboratorios-informaticos\/#%E2%80%93_Software_Academico_en_VM_Windows\" >&#8211; Software Acad\u00e9mico (en VM Windows):<\/a><\/li><\/ul><\/li><\/ul><\/li><li class='ez-toc-page-1 ez-toc-heading-level-3'><a class=\"ez-toc-link ez-toc-heading-7\" href=\"https:\/\/exactas.uba.ar\/uti\/alumnos\/laboratorios-informaticos\/#Breve_Historia\" >Breve Historia<\/a><\/li><li class='ez-toc-page-1 ez-toc-heading-level-3'><a class=\"ez-toc-link ez-toc-heading-8\" href=\"https:\/\/exactas.uba.ar\/uti\/alumnos\/laboratorios-informaticos\/#_La_pizarra_Smart\" >\u00a0La pizarra Smart<\/a><ul class='ez-toc-list-level-5' ><li class='ez-toc-heading-level-5'><ul class='ez-toc-list-level-5' ><li class='ez-toc-heading-level-5'><a class=\"ez-toc-link ez-toc-heading-9\" href=\"https:\/\/exactas.uba.ar\/uti\/alumnos\/laboratorios-informaticos\/#Guia_rapida_Windows\" >Gu\u00eda r\u00e1pida (Windows)<\/a><\/li><li class='ez-toc-page-1 ez-toc-heading-level-5'><a class=\"ez-toc-link ez-toc-heading-10\" href=\"https:\/\/exactas.uba.ar\/uti\/alumnos\/laboratorios-informaticos\/#Manual_de_uso_completo_pWindows\" >Manual de uso (completo p\/Windows)<\/a><\/li><li class='ez-toc-page-1 ez-toc-heading-level-5'><a class=\"ez-toc-link ez-toc-heading-11\" href=\"https:\/\/exactas.uba.ar\/uti\/alumnos\/laboratorios-informaticos\/#Guia_de_Usuario_pLinux\" >Guia de Usuario (p\/Linux)<\/a><\/li><\/ul><\/li><\/ul><\/li><li class='ez-toc-page-1 ez-toc-heading-level-3'><a class=\"ez-toc-link ez-toc-heading-12\" href=\"https:\/\/exactas.uba.ar\/uti\/alumnos\/laboratorios-informaticos\/#Mas_informacion\" >M\u00e1s informaci\u00f3n<\/a><\/li><\/ul><\/li><\/ul><\/nav><\/div>\n<h2><span class=\"ez-toc-section\" id=\"Equipamiento\"><\/span><strong>Equipamiento<\/strong><span class=\"ez-toc-section-end\"><\/span><\/h2>\n<h4><span class=\"ez-toc-section\" id=\"HardWare\"><\/span><span style=\"text-decoration: underline;\"><strong>HardWare<\/strong><\/span><span class=\"ez-toc-section-end\"><\/span><\/h4>\n<p>32 PCs (Aulas A, B) AMD Ryzen 3, 8 GbRam, HDD500Gb, dvd-rw, monitor Lcd.<\/p>\n<p><del>38 PCs (Aulas A, B y 2 Master) AMD Phenom II X2-560, 8 GbRam, HDD500Gb, dvd-rw, monitor Lcd.<\/del><br \/>\n<del>3 Impresoras de red HP de alto volumen, manejadas por cola de impresi\u00f3n administrada por CCC.<\/del><br \/>\n2 Projectores<br \/>\n2 Pizarras interactivas con soft Smart tools 10.xx.<\/p>\n<h4><span class=\"ez-toc-section\" id=\"Software\"><\/span><span style=\"text-decoration: underline;\"><strong>Software<\/strong><\/span><span class=\"ez-toc-section-end\"><\/span><\/h4>\n<p>El software instalado actualmente en los laboratorios es el siguiente:<\/p>\n<h5><span class=\"ez-toc-section\" id=\"%E2%80%93_Sistema_Operativo\"><\/span><b>&#8211; Sistema Operativo:<\/b><span class=\"ez-toc-section-end\"><\/span><\/h5>\n<ul>\n<li>Linux Ubuntu<\/li>\n<li><del>MS Windows 7 Prof.\u00a0\u00a0 (arranque por defecto, de partici\u00f3n \/dev\/sda2 )<\/del><\/li>\n<li><del>MS Windows XP SP3 Prof. (arranque de partici\u00f3n \/dev\/sda1 )<\/del><\/li>\n<\/ul>\n<p><del>Para el <b>ingreso a dichos equipos<\/b>, se utiliza las mismas claves que en el sistema acad\u00e9mico <em><strong>GUARAN\u00cd<\/strong><\/em>.<\/del><br \/>\n<del><strong><em>Alumnos<\/em><\/strong>: Utilice el nro. de documento<\/del><br \/>\n<del><strong><em>Docentes<\/em><\/strong>: Utilice el nro. de legajo<\/del><\/p>\n<p><del>Ademas, seg\u00fan la pantalla de ingreso (depende del sistema operativo), se deber\u00e1 ingresar:<\/del><\/p>\n<p><del>bajo Windows XP (arranque de partici\u00f3n \/dev\/sda1 ) :<\/del><\/p>\n<p style=\"text-align: left; padding-left: 60px;\"><del><em>Usuario<\/em>: \u2026\u2026\u2026..<\/del><br \/>\n<del><em>Contrase\u00f1a<\/em>: \u2026\u2026..<\/del><br \/>\n<del><em>Conectarse<\/em>: FCEN-AULA<\/del><\/p>\n<p><del>o para <strong>Windows 7 <\/strong>(arranque por defecto, de partici\u00f3n \/dev\/sda2 ):<\/del><\/p>\n<p style=\"padding-left: 60px;\"><del><em>Usuario<\/em>: FCEN-AULA\\\u2026\u2026.<\/del><br \/>\n<del><em>Contrase\u00f1a<\/em>: \u2026\u2026..<\/del><\/p>\n<h5><span class=\"ez-toc-section\" id=\"%E2%80%93_Conjunto_de_Herramientas_Base_en_VM_Windows\"><\/span><b>&#8211; Conjunto de Herramientas Base (en VM Windows):<\/b><span class=\"ez-toc-section-end\"><\/span><\/h5>\n<p>Ofim\u00e1tica: MS Office 2007, Libre Office, Open Office.<br \/>\nInternet: IE, Mozila Firefox, SeaMonkey, ThunderBird, Google Chrome, Opera.<br \/>\nAntiMalware: Avasts, SpyBoot, ClamWin<br \/>\nMultimedia: XnView, VLCMediaPlayer, WindowsMediaPlayer<br \/>\nCD\/DVD: CDBurnerXP, DeepBurn, InfraRecorder, Nero<br \/>\nLectores: FoxitReader, AcrobatReader, FreePDF2Word, SumatraPDFReader, NotePad++<br \/>\nVarios: MSPowerCalc, Calc98, TapeCalc, 7Zip, Winrar, MyDefrag, TotalComander<br \/>\nOtros: BlenderPortable, FreeMatPortable, GIMPPortable, SWI-Prolog<\/p>\n<p><a href=\"http:\/\/exactas.uba.ar\/uti\/wp-content\/uploads\/2013\/11\/UTI-INF-SoftBase.pdf\">Para ver una breve explicaci\u00f3n de cada uno de los mismos, utilice este link.<\/a><\/p>\n<h5><span class=\"ez-toc-section\" id=\"%E2%80%93_Software_Academico_en_VM_Windows\"><\/span><b>&#8211; Software Acad\u00e9mico (en VM Windows):<\/b><span class=\"ez-toc-section-end\"><\/span><\/h5>\n<p>Corresponde a las herramientas y programas acad\u00e9micos provistas por los departamentos docentes, para cada per\u00edodo lectivo.<\/p>\n<p>Para su actualizaci\u00f3n, 2 veces por a\u00f1o, se trabaja con el software base (provisto por la Direcci\u00f3n de Inform\u00e1tica- UTI_INF)\u00a0 y por el soft acad\u00e9mico (provisto por los diversos departamentos docentes), estos \u00faltimos, <em><strong><span style=\"color: #800000;\">deben ser tramitados por medio de ticket OTRS antes de las fechas l\u00edmites determinadas<\/span>,<\/strong><\/em> para poder completar el proceso, para el siguiente cuatrimestre.<\/p>\n<p>Con todo el software, se inicia un proceso de instalaci\u00f3n y actualizaci\u00f3n en una m\u00e1quina y una vez completado esta etapa se genera una imagen completa (m\u00e1ster) para los equipos, que se replica en cada uno de los puestos de trabajo, de modo de poder comenzar el nuevo cuatrimestre con todas las actualizaciones aplicadas.<\/p>\n<p><a href=\"http:\/\/exactas.uba.ar\/uti\/wp-content\/uploads\/2016\/06\/SoftFormu.pdf\">Formulario para la instalaci\u00f3n de nuevo SoftWare Acad\u00e9mico<\/a><\/p>\n<p>Para ver el detalle de los programas instalados, por favor, utilice <a href=\"https:\/\/exactas.uba.ar\/uti\/alumnos\/laboratorios-informaticos\/links\/\">la p\u00e1gina de links adicionales que se accede, clickeando aqui.<\/a><\/p>\n<h3><span class=\"ez-toc-section\" id=\"Breve_Historia\"><\/span><b><span style=\"text-decoration: underline;\">Breve Historia<\/span><\/b><span class=\"ez-toc-section-end\"><\/span><\/h3>\n<p align=\"JUSTIFY\">\u00a0Con la finalidad de brindar igualdad de oportunidades en la utilizaci\u00f3n de herramientas inform\u00e1ticas para las tareas de docencia y ante una incipiente creaci\u00f3n de gabinetes de computadoras locales en algunos departamentos, las autoridades de la facultad decidieron proveer un espacio a tal fin, compuesto inicialmente (1999) por un laboratorio (Aula Inform\u00e1tica) con mesadas, instalaci\u00f3n el\u00e9ctrica y de red, aire acondicionado y mas de 17 PC (equipos AMD K6II, con 64MB Ram y 15GB HD), ubicada al costado de la biblioteca, en el piso 1, del pabell\u00f3n II y con un equipo servidor\/router que brindaba el acceso a Internet.<\/p>\n<p align=\"JUSTIFY\">\u00a0Posteriormente (2003), se ampli\u00f3 la oferta, por medio de una segunda aula (Aula Inform\u00e1tica \u201cB\u201d), con la misma cantidad de equipos, cuyas caracter\u00edsticas se actualizan peri\u00f3dicamente para estar acorde a los avances tecnol\u00f3gicos. La m\u00e1s reciente, realizada a mediados del 2012, consta de equipos AMD Phenom II X2-560, con 4GB Ram, discos de 500GB y monitores LCD de 18\u201d.<\/p>\n<p align=\"JUSTIFY\">\u00a0Asimismo, desde su origen, las facilidades brindadas fueron en aumento, con el agregado de proyectores, de servicios de impresi\u00f3n en red (2011) y finalmente (2011 y 2012) la inclusi\u00f3n de pizarras electr\u00f3nicas, que permiten la interacci\u00f3n directa del docente con la PC por medio de las facilidades t\u00e1ctiles de la misma.<\/p>\n<p align=\"JUSTIFY\">\u00a0 Finalmente, durante el 2022, se han reemplazado los equipos por PC con procesador AMD Ryzen3, 8GB Ram, HD 1TB y se est\u00e1 trabajando para copiar la imagen de los equipos que se encuentran en los Laboratorios Inform\u00e1ticos del edificio Cero+Infinito.<\/p>\n<h3 align=\"JUSTIFY\"><span class=\"ez-toc-section\" id=\"_La_pizarra_Smart\"><\/span>\u00a0<b><span style=\"text-decoration: underline;\">La pizarra Smart<\/span><\/b><span class=\"ez-toc-section-end\"><\/span><\/h3>\n<div id=\"attachment_275\" style=\"width: 260px\" class=\"wp-caption alignleft\"><a href=\"http:\/\/exactas.uba.ar\/uti\/wp-content\/uploads\/2013\/10\/Aulita_Pizarra.jpg\"><img loading=\"lazy\" decoding=\"async\" aria-describedby=\"caption-attachment-275\" class=\"size-medium wp-image-178\" src=\"http:\/\/exactas.uba.ar\/uti\/wp-content\/uploads\/2013\/10\/Aulita_Pizarra.jpg\" alt=\"Aulita_Pizarra\" width=\"250\" height=\"188\" \/><\/a><p id=\"caption-attachment-275\" class=\"wp-caption-text\">Pizarra Inteligente<\/p><\/div>\n<p align=\"JUSTIFY\">Si bien la renovaci\u00f3n de las computadoras permite importantes mejoras a la hora del dictado de clase, es otra la novedad que se lleva todas las miradas: la pizarra digital inteligente. A primera vista, no parece tan distinta de la tradicional pizarra blanca melam\u00ednica, lo que entra\u00f1a el riesgo de que, ante una confusi\u00f3n, alguien utilice sobre su superficie marcadores tradicionales, da\u00f1\u00e1ndola de manera irreversible.<\/p>\n<p align=\"JUSTIFY\">La pizarra se acciona en combinaci\u00f3n con una de las PC del aula (que cuenta con el software necesario) y un proyector. Es un dispositivo touchscreen que cumple la doble funci\u00f3n de monitor y dispositivo de entrada. Por lo tanto, desde la pantalla, se pueden controlar todas las aplicaciones de software. Incluso se puede utilizar un simulador de teclado. Adem\u00e1s de correr programas, ver videos, hacer anotaciones, se\u00f1alar o resaltar textos y gr\u00e1ficos, la pizarra permite guardar como archivo el registro total o parcial de la clase e imprimir su contenido.<\/p>\n<p align=\"JUSTIFY\">La compra del equipo se llev\u00f3 a cabo con fondos provenientes del Programa de Apoyo para el Mejoramiento de la Ense\u00f1anza de las Ciencias Naturales, Econ\u00f3micas e Inform\u00e1tica (Paceni) del Ministerio de Educaci\u00f3n de la Naci\u00f3n.<\/p>\n<p align=\"JUSTIFY\">Todos aquellos docentes que est\u00e9n interesados en aprovechar al m\u00e1ximo las potencialidades de la pizarra, pueden acceder a los documentos online que dispuso la Facultad para tal fin.<\/p>\n<ul>\n<li>\n<h5><span class=\"ez-toc-section\" id=\"Guia_rapida_Windows\"><\/span><a href=\"https:\/\/exactas.uba.ar\/uti\/wp-content\/uploads\/2017\/06\/manual-smartboard-usuario-nb10.pdf\">Gu\u00eda r\u00e1pida (Windows)<\/a><span class=\"ez-toc-section-end\"><\/span><\/h5>\n<\/li>\n<li>\n<h5><span class=\"ez-toc-section\" id=\"Manual_de_uso_completo_pWindows\"><\/span><a href=\"https:\/\/exactas.uba.ar\/uti\/wp-content\/uploads\/2017\/06\/GuiaSmartNotebook10ws.pdf\">Manual de uso (completo p\/Windows)<\/a><span class=\"ez-toc-section-end\"><\/span><\/h5>\n<\/li>\n<li>\n<h5><span class=\"ez-toc-section\" id=\"Guia_de_Usuario_pLinux\"><\/span><a href=\"https:\/\/exactas.uba.ar\/uti\/wp-content\/uploads\/2022\/09\/SMARTNotebook-LinuxUserGuide.pdf\">Guia de Usuario (p\/Linux)<\/a><span class=\"ez-toc-section-end\"><\/span><\/h5>\n<\/li>\n<\/ul>\n<p><span style=\"color: #0000ff;\"><em>!! El funcionamiento de dicha pantalla, requiere el uso de un programa bajo Linux que por el momento se encuentra en etapa de prueba e instalaci\u00f3n!!<\/em><\/span><\/p>\n<h3><span class=\"ez-toc-section\" id=\"Mas_informacion\"><\/span><b>M\u00e1s informaci\u00f3n<\/b><span class=\"ez-toc-section-end\"><\/span><\/h3>\n<p>Para ver m\u00e1s informaci\u00f3n referida a las Aulas Inform\u00e1ticas, por favor, utilice <a href=\"https:\/\/exactas.uba.ar\/uti\/alumnos\/laboratorios-informaticos\/links\/\">la p\u00e1gina de links adicionales que se accede, clickeando aqui.<\/a><\/p>\n","protected":false},"excerpt":{"rendered":"<p>Estas aulas, equipadas con computadoras, proyectores y pizarras electr\u00f3nicas, brindan apoyo a las tareas de docencia. Puede ser utilizadas por la comunidad FCEN (alumnos, docentes, etc.) Est\u00e1n ubicadas en el 1er. piso del Pabell\u00f3n II, a ambos costados del acceso <a href=\"https:\/\/exactas.uba.ar\/uti\/alumnos\/laboratorios-informaticos\/\" rel=\"nofollow\"><span class=\"sr-only\">Leer m\u00e1sLaboratorios Inform\u00e1ticos (Pab2-1er.Piso)<\/span>[&hellip;]<\/a><\/p>\n","protected":false},"author":1,"featured_media":0,"parent":26,"menu_order":0,"comment_status":"closed","ping_status":"closed","template":"","meta":{"_monsterinsights_skip_tracking":false,"_monsterinsights_sitenote_active":false,"_monsterinsights_sitenote_note":"","_monsterinsights_sitenote_category":0,"_mc_calendar":[],"footnotes":""},"class_list":["post-63","page","type-page","status-publish","hentry"],"_links":{"self":[{"href":"https:\/\/exactas.uba.ar\/uti\/wp-json\/wp\/v2\/pages\/63","targetHints":{"allow":["GET"]}}],"collection":[{"href":"https:\/\/exactas.uba.ar\/uti\/wp-json\/wp\/v2\/pages"}],"about":[{"href":"https:\/\/exactas.uba.ar\/uti\/wp-json\/wp\/v2\/types\/page"}],"author":[{"embeddable":true,"href":"https:\/\/exactas.uba.ar\/uti\/wp-json\/wp\/v2\/users\/1"}],"replies":[{"embeddable":true,"href":"https:\/\/exactas.uba.ar\/uti\/wp-json\/wp\/v2\/comments?post=63"}],"version-history":[{"count":101,"href":"https:\/\/exactas.uba.ar\/uti\/wp-json\/wp\/v2\/pages\/63\/revisions"}],"predecessor-version":[{"id":3272,"href":"https:\/\/exactas.uba.ar\/uti\/wp-json\/wp\/v2\/pages\/63\/revisions\/3272"}],"up":[{"embeddable":true,"href":"https:\/\/exactas.uba.ar\/uti\/wp-json\/wp\/v2\/pages\/26"}],"wp:attachment":[{"href":"https:\/\/exactas.uba.ar\/uti\/wp-json\/wp\/v2\/media?parent=63"}],"curies":[{"name":"wp","href":"https:\/\/api.w.org\/{rel}","templated":true}]}}