{"id":36,"date":"2013-10-25T00:37:14","date_gmt":"2013-10-25T00:37:14","guid":{"rendered":"http:\/\/wp_uti.fcen.uba.ar\/?page_id=36"},"modified":"2025-09-22T08:39:48","modified_gmt":"2025-09-22T11:39:48","slug":"uti-inf","status":"publish","type":"page","link":"https:\/\/exactas.uba.ar\/uti\/institucional\/uti-inf\/","title":{"rendered":"UTI-INF"},"content":{"rendered":"<div id=\"ez-toc-container\" class=\"ez-toc-v2_0_82_2 counter-hierarchy ez-toc-counter ez-toc-grey ez-toc-container-direction\">\n<p class=\"ez-toc-title\" style=\"cursor:inherit\">Table of Contents<\/p>\n<label for=\"ez-toc-cssicon-toggle-item-69e4244a32620\" class=\"ez-toc-cssicon-toggle-label\"><span class=\"\"><span class=\"eztoc-hide\" style=\"display:none;\">Toggle<\/span><span class=\"ez-toc-icon-toggle-span\"><svg style=\"fill: #999;color:#999\" xmlns=\"http:\/\/www.w3.org\/2000\/svg\" class=\"list-377408\" width=\"20px\" height=\"20px\" viewBox=\"0 0 24 24\" fill=\"none\"><path d=\"M6 6H4v2h2V6zm14 0H8v2h12V6zM4 11h2v2H4v-2zm16 0H8v2h12v-2zM4 16h2v2H4v-2zm16 0H8v2h12v-2z\" fill=\"currentColor\"><\/path><\/svg><svg style=\"fill: #999;color:#999\" class=\"arrow-unsorted-368013\" xmlns=\"http:\/\/www.w3.org\/2000\/svg\" width=\"10px\" height=\"10px\" viewBox=\"0 0 24 24\" version=\"1.2\" baseProfile=\"tiny\"><path d=\"M18.2 9.3l-6.2-6.3-6.2 6.3c-.2.2-.3.4-.3.7s.1.5.3.7c.2.2.4.3.7.3h11c.3 0 .5-.1.7-.3.2-.2.3-.5.3-.7s-.1-.5-.3-.7zM5.8 14.7l6.2 6.3 6.2-6.3c.2-.2.3-.5.3-.7s-.1-.5-.3-.7c-.2-.2-.4-.3-.7-.3h-11c-.3 0-.5.1-.7.3-.2.2-.3.5-.3.7s.1.5.3.7z\"\/><\/svg><\/span><\/span><\/label><input type=\"checkbox\"  id=\"ez-toc-cssicon-toggle-item-69e4244a32620\"  aria-label=\"Alternar\" \/><nav><ul class='ez-toc-list ez-toc-list-level-1 ' ><li class='ez-toc-page-1 ez-toc-heading-level-3'><a class=\"ez-toc-link ez-toc-heading-1\" href=\"https:\/\/exactas.uba.ar\/uti\/institucional\/uti-inf\/#Direccion_de_Informatica_UTI-INF\" >Direcci\u00f3n de Inform\u00e1tica (UTI-INF)<\/a><\/li><li class='ez-toc-page-1 ez-toc-heading-level-3'><a class=\"ez-toc-link ez-toc-heading-2\" href=\"https:\/\/exactas.uba.ar\/uti\/institucional\/uti-inf\/#Personal\" >Personal<\/a><\/li><li class='ez-toc-page-1 ez-toc-heading-level-3'><a class=\"ez-toc-link ez-toc-heading-3\" href=\"https:\/\/exactas.uba.ar\/uti\/institucional\/uti-inf\/#Contacto\" >Contacto<\/a><\/li><li class='ez-toc-page-1 ez-toc-heading-level-3'><a class=\"ez-toc-link ez-toc-heading-4\" href=\"https:\/\/exactas.uba.ar\/uti\/institucional\/uti-inf\/#Competencias\" >Competencias:<\/a><\/li><li class='ez-toc-page-1 ez-toc-heading-level-3'><a class=\"ez-toc-link ez-toc-heading-5\" href=\"https:\/\/exactas.uba.ar\/uti\/institucional\/uti-inf\/#Informacion_Adicional\" >Informaci\u00f3n Adicional:<\/a><\/li><\/ul><\/nav><\/div>\n<h3><span class=\"ez-toc-section\" id=\"Direccion_de_Informatica_UTI-INF\"><\/span>Direcci\u00f3n de Inform\u00e1tica (UTI-INF)<span class=\"ez-toc-section-end\"><\/span><\/h3>\n<p style=\"text-align: middle;\" align=\"JUSTIFY\">La <i><b>Direcci\u00f3n de Inform\u00e1tica (UTI-INF)<\/b><\/i> forma parte de la <i><b>Unidad de Tecnolog\u00edas de la Informaci\u00f3n (UTI)<\/b><\/i> de la <i><b>Facultad de Cs. Exactas y Naturales de la UBA, <\/b><\/i>teniendo como misi\u00f3n principal, brindar soporte y ser la mesa de ayuda inform\u00e1tica de primer nivel.<\/p>\n<div id=\"attachment_275\" style=\"width: 360px\" class=\"wp-caption alignleft\"><a href=\"http:\/\/exactas.uba.ar\/uti\/wp-content\/uploads\/2013\/11\/PabII-PBc.jpg\"><img loading=\"lazy\" decoding=\"async\" aria-describedby=\"caption-attachment-275\" class=\"size-medium wp-image-275\" src=\"http:\/\/exactas.uba.ar\/uti\/wp-content\/uploads\/2013\/11\/PabII-PBc-300x231.jpg\" alt=\"\" width=\"350\" height=\"235\" \/><\/a><p id=\"caption-attachment-275\" class=\"wp-caption-text\">Plano Ubicaci\u00f3n UTI-INF<\/p><\/div>\n<p style=\"text-align: middle;\" align=\"Justify\">Se encuentra ubicada en Planta Baja, Pabell\u00f3n II, cruzando el hall central, del lado de Arquitectura, a mitad del edificio, entre el Aula 11 y la ex oficina de Servicios Generales (actualmente Ctro. de estudiantes).<\/p>\n<h3><span class=\"ez-toc-section\" id=\"Personal\"><\/span><b>Personal<\/b><span class=\"ez-toc-section-end\"><\/span><\/h3>\n<p><a class=\"image-link\" href=\"https:\/\/exactas.uba.ar\/uti\/wp-content\/uploads\/2025\/01\/FE-INF-vs2024.jpg\">Integrantes<\/a><\/p>\n<ul>\n<li>L i c.\u00a0 M a r c e l o\u00a0 D e\u00a0 A n g e l i s<\/li>\n<li>M a n u e l\u00a0 N a v e i r o<\/li>\n<li>M \u00f3 n i c a\u00a0 M e d i n a<\/li>\n<li>E l i s a\u00a0 Z e g n a<\/li>\n<li>D a v i d\u00a0 C e l e s t i n o<\/li>\n<li>J u a n\u00a0 P a b l o\u00a0 B e n a d e r e t t e<\/li>\n<li>E z e q u i e l\u00a0 \u00a0G u i l l e r m o\u00a0 \u00a0A l f a r o<\/li>\n<li>S e b a s t i \u00e1 n\u00a0 \u00a0D e\u00a0 \u00a0G a e t a n o<\/li>\n<li>D i e g o\u00a0 \u00a0P o r t n o y<\/li>\n<li><\/li>\n<\/ul>\n<h3><span class=\"ez-toc-section\" id=\"Contacto\"><\/span>Contacto<span class=\"ez-toc-section-end\"><\/span><\/h3>\n<ul>\n<li>Tel\u00e9fonos:\u00a0 \u00a0\u00a0 \u00a0 528-58196 \/ 58197<\/li>\n<li>Mail:\u00a0 \u00a0 \u00a0 \u00a0 \u00a0 \u00a0 \u00a0 \u00a0 \u00a0 \u00a0uti_inf (ARROBA) fcen.uba.ar<\/li>\n<\/ul>\n<h3><span class=\"ez-toc-section\" id=\"Competencias\"><\/span>Competencias:<span class=\"ez-toc-section-end\"><\/span><\/h3>\n<ol>\n<li>Organizar y operar una mesa de ayuda de primer nivel.<\/li>\n<li>Adquirir, instalar y mantener computadoras de escritorio, impresoras y perif\u00e9ricos, y gestionar el registro y la ejecuci\u00f3n de las garant\u00edas asociadas.<\/li>\n<li>Mantener actualizado un inventario de hardware y software (sistemas operativos y aplicaciones) del parque inform\u00e1tico bajo su \u00f3rbita.<\/li>\n<li>Gestionar licencias de aplicaciones y sistemas operativos.<\/li>\n<li>Gestionar la provisi\u00f3n de repuestos e insumos.<\/li>\n<li>Gestionar un programa de recepci\u00f3n y puesta en valor de equipos donados, reutilizaci\u00f3n de partes \u00fatiles de equipos en desuso y gesti\u00f3n de baja de equipos y partes no reutilizables.<\/li>\n<li>Continuar con la administraci\u00f3n y mantenimiento de los sistemas que hasta la fecha estuvieran<\/li>\n<\/ol>\n<h3><span class=\"ez-toc-section\" id=\"Informacion_Adicional\"><\/span>Informaci\u00f3n Adicional:<span class=\"ez-toc-section-end\"><\/span><\/h3>\n<p><a href=\"https:\/\/exactas.uba.ar\/uti\/institucional\/uti-inf\/soporte-y-principales-servicios-de-uti-inf\">Soporte y principales servicios de UTI-INF<\/a><\/p>\n<p><a href=\"https:\/\/exactas.uba.ar\/uti\/institucional\/uti-inf\/historia-de-uti-inf\">Historia de UTI-INF<\/a><\/p>\n<p><a href=\"https:\/\/exactas.uba.ar\/uti\/institucional\/uti-inf\/equipamiento-informatico\">Equipamiento Inform\u00e1tico<\/a><\/p>\n<p><a href=\"https:\/\/exactas.uba.ar\/uti\/administrativos\/\">Soporte \u00c1reas T\u00e9cnico\/Administrativos, red Decanato<\/a><\/p>\n<p><a href=\"https:\/\/exactas.uba.ar\/uti\/servicios\/labos\/\">Laboratorios Inform\u00e1ticos (Cero+Infinito)<\/a><\/p>\n<p><a href=\"https:\/\/exactas.uba.ar\/uti\/alumnos\/laboratorios-informaticos\/\">Aulas Inform\u00e1ticas (Pab.2, 1er. piso)<\/a><\/p>\n<p><a href=\"https:\/\/exactas.uba.ar\/uti\/alumnos\/laboratorios-informaticos\/documentacion\">Aulas Inform\u00e1ticas (Documentaci\u00f3n &#8211; Pab.2 1er. piso)<\/a><\/p>\n<p><a href=\"https:\/\/exactas.uba.ar\/directorio-telefonico\/\">Principales Tel\u00e9fonos FCEN<\/a><\/p>\n<p><a href=\"https:\/\/exactas.uba.ar\/uti\/institucional\/estadisticas-de-uso-de-otrs\">Estad\u00edsticas Tickets OTRS<\/a><\/p>\n<p><a href=\"https:\/\/exactas.uba.ar\/uti\/administrativos\/datos-utiles-y-preguntas-frecuentes\">Datos \u00datiles y Problemas Frecuentes<\/a><\/p>\n","protected":false},"excerpt":{"rendered":"<p>Direcci\u00f3n de Inform\u00e1tica (UTI-INF) La Direcci\u00f3n de Inform\u00e1tica (UTI-INF) forma parte de la Unidad de Tecnolog\u00edas de la Informaci\u00f3n (UTI) de la Facultad de Cs. Exactas y Naturales de la UBA, teniendo como misi\u00f3n principal, brindar soporte y ser la <a href=\"https:\/\/exactas.uba.ar\/uti\/institucional\/uti-inf\/\" rel=\"nofollow\"><span class=\"sr-only\">Leer m\u00e1sUTI-INF<\/span>[&hellip;]<\/a><\/p>\n","protected":false},"author":1,"featured_media":0,"parent":24,"menu_order":0,"comment_status":"closed","ping_status":"open","template":"","meta":{"_monsterinsights_skip_tracking":false,"_monsterinsights_sitenote_active":false,"_monsterinsights_sitenote_note":"","_monsterinsights_sitenote_category":0,"_mc_calendar":[],"footnotes":""},"class_list":["post-36","page","type-page","status-publish","hentry"],"_links":{"self":[{"href":"https:\/\/exactas.uba.ar\/uti\/wp-json\/wp\/v2\/pages\/36","targetHints":{"allow":["GET"]}}],"collection":[{"href":"https:\/\/exactas.uba.ar\/uti\/wp-json\/wp\/v2\/pages"}],"about":[{"href":"https:\/\/exactas.uba.ar\/uti\/wp-json\/wp\/v2\/types\/page"}],"author":[{"embeddable":true,"href":"https:\/\/exactas.uba.ar\/uti\/wp-json\/wp\/v2\/users\/1"}],"replies":[{"embeddable":true,"href":"https:\/\/exactas.uba.ar\/uti\/wp-json\/wp\/v2\/comments?post=36"}],"version-history":[{"count":111,"href":"https:\/\/exactas.uba.ar\/uti\/wp-json\/wp\/v2\/pages\/36\/revisions"}],"predecessor-version":[{"id":3818,"href":"https:\/\/exactas.uba.ar\/uti\/wp-json\/wp\/v2\/pages\/36\/revisions\/3818"}],"up":[{"embeddable":true,"href":"https:\/\/exactas.uba.ar\/uti\/wp-json\/wp\/v2\/pages\/24"}],"wp:attachment":[{"href":"https:\/\/exactas.uba.ar\/uti\/wp-json\/wp\/v2\/media?parent=36"}],"curies":[{"name":"wp","href":"https:\/\/api.w.org\/{rel}","templated":true}]}}