{"id":32,"date":"2013-10-25T00:36:47","date_gmt":"2013-10-25T00:36:47","guid":{"rendered":"http:\/\/wp_uti.fcen.uba.ar\/?page_id=32"},"modified":"2019-03-22T16:03:51","modified_gmt":"2019-03-22T19:03:51","slug":"uti-ccc","status":"publish","type":"page","link":"https:\/\/exactas.uba.ar\/uti\/institucional\/uti-ccc\/","title":{"rendered":"UTI-CCC"},"content":{"rendered":"<h3>Centro de Comunicaciones Cient\u00edficas de la FCEyN<\/h3>\n<h4>Contacto<\/h4>\n<ul>\n<li>Tel\u00e9fono: 5285-7491 \/ int: 57491<\/li>\n<li>Mail: <a href=\"mailto:ccc@fcen.uba.ar\">ccc@fcen.uba.ar<\/a><\/li>\n<li>Pedidos via: <a href=\"https:\/\/soporte.exactas.uba.ar\/\">https:\/\/soporte.exactas.uba.ar\/<\/a><\/li>\n<\/ul>\n<h4>Competencias:<\/h4>\n<ol>\n<li>Supervisar \u00a0el \u00a0funcionamiento \u00a0de la \u00a0red inform\u00e1tica \u00a0de la \u00a0FCEyN \u00a0y \u00a0de los \u00a0enlaces \u00a0con \u00a0la RedUBA y otras redes externas.<\/li>\n<li>Asesorar a las administraciones de las subredes sobre el funcionamiento y administraci\u00f3n de las mismas.<\/li>\n<li>Organizar y operar una mesa de ayuda de segundo nivel en temas de su competencia.<\/li>\n<li>Contribuir a la formaci\u00f3n de recursos humanos en administraci\u00f3n de redes inform\u00e1ticas.<\/li>\n<li>Establecer y revisar peri\u00f3dicamente normas t\u00e9cnicas de cableado estructurado, y tomar intervenci\u00f3n en proyectos que involucren instalaci\u00f3n o modificaciones en el cableado estructurado; en forma conjunta con la Subsecretar\u00eda T\u00e9cnica.<\/li>\n<li>Actuar como nexo t\u00e9cnico con el CCC de la UBA.<\/li>\n<li>Administrar y mantener una sala de servidores.<\/li>\n<li>Proponer procedimientos de resguardo de la informaci\u00f3n.<\/li>\n<li>Instalar y administrar servidores.<\/li>\n<li>Definir pautas para la instalaci\u00f3n y gesti\u00f3n de accesos inal\u00e1mbricos.<\/li>\n<li>Mantener actualizada documentaci\u00f3n de la topolog\u00eda de las redes de la FCEyN<\/li>\n<\/ol>\n","protected":false},"excerpt":{"rendered":"<p>Centro de Comunicaciones Cient\u00edficas de la FCEyN Contacto Tel\u00e9fono: 5285-7491 \/ int: 57491 Mail: ccc@fcen.uba.ar Pedidos via: https:\/\/soporte.exactas.uba.ar\/ Competencias: Supervisar \u00a0el \u00a0funcionamiento \u00a0de la \u00a0red inform\u00e1tica \u00a0de la \u00a0FCEyN \u00a0y \u00a0de los \u00a0enlaces \u00a0con \u00a0la RedUBA y otras redes externas. <a href=\"https:\/\/exactas.uba.ar\/uti\/institucional\/uti-ccc\/\" rel=\"nofollow\"><span class=\"sr-only\">Leer m\u00e1sUTI-CCC<\/span>[&hellip;]<\/a><\/p>\n","protected":false},"author":1,"featured_media":0,"parent":24,"menu_order":0,"comment_status":"closed","ping_status":"open","template":"","meta":{"_monsterinsights_skip_tracking":false,"_monsterinsights_sitenote_active":false,"_monsterinsights_sitenote_note":"","_monsterinsights_sitenote_category":0,"_mc_calendar":[],"footnotes":""},"class_list":["post-32","page","type-page","status-publish","hentry"],"_links":{"self":[{"href":"https:\/\/exactas.uba.ar\/uti\/wp-json\/wp\/v2\/pages\/32","targetHints":{"allow":["GET"]}}],"collection":[{"href":"https:\/\/exactas.uba.ar\/uti\/wp-json\/wp\/v2\/pages"}],"about":[{"href":"https:\/\/exactas.uba.ar\/uti\/wp-json\/wp\/v2\/types\/page"}],"author":[{"embeddable":true,"href":"https:\/\/exactas.uba.ar\/uti\/wp-json\/wp\/v2\/users\/1"}],"replies":[{"embeddable":true,"href":"https:\/\/exactas.uba.ar\/uti\/wp-json\/wp\/v2\/comments?post=32"}],"version-history":[{"count":16,"href":"https:\/\/exactas.uba.ar\/uti\/wp-json\/wp\/v2\/pages\/32\/revisions"}],"predecessor-version":[{"id":2214,"href":"https:\/\/exactas.uba.ar\/uti\/wp-json\/wp\/v2\/pages\/32\/revisions\/2214"}],"up":[{"embeddable":true,"href":"https:\/\/exactas.uba.ar\/uti\/wp-json\/wp\/v2\/pages\/24"}],"wp:attachment":[{"href":"https:\/\/exactas.uba.ar\/uti\/wp-json\/wp\/v2\/media?parent=32"}],"curies":[{"name":"wp","href":"https:\/\/api.w.org\/{rel}","templated":true}]}}