{"id":301,"date":"2013-11-15T16:01:55","date_gmt":"2013-11-15T16:01:55","guid":{"rendered":"http:\/\/wp_uti.fcen.uba.ar\/?page_id=301"},"modified":"2021-08-25T13:35:29","modified_gmt":"2021-08-25T16:35:29","slug":"datos-utiles-y-preguntas-frecuentes","status":"publish","type":"page","link":"https:\/\/exactas.uba.ar\/uti\/administrativos\/datos-utiles-y-preguntas-frecuentes\/","title":{"rendered":"Datos \u00datiles y Problemas Frecuentes"},"content":{"rendered":"<p><a name=\"Indice\"><\/a><\/p>\n<hr \/>\n<p><b>Indice:<\/b><\/p>\n<ul>\n<li><a href=\"..\/datos-utiles-y-preguntas-frecuentes#TelefoniaIP\">Telefonia IP<\/a><\/li>\n<li><a href=\"..\/datos-utiles-y-preguntas-frecuentes#Impresi\u00f3n\">Impresi\u00f3n<\/a><\/li>\n<li><a href=\"..\/datos-utiles-y-preguntas-frecuentes#Monitores\">Monitores<\/a><\/li>\n<li><a href=\"..\/datos-utiles-y-preguntas-frecuentes#PC\">PC<\/a><\/li>\n<li><a href=\"..\/datos-utiles-y-preguntas-frecuentes#Red\">Red<\/a><\/li>\n<li><a href=\"..\/datos-utiles-y-preguntas-frecuentes#ARemota\">Asistencia Remota<\/a><\/li>\n<li><a href=\"..\/datos-utiles-y-preguntas-frecuentes#APortables\">Actualizaci\u00f3n Programas Portables<\/a><\/li>\n<li><a href=\"..\/datos-utiles-y-preguntas-frecuentes#EscaneoRicoh\">Enviar Escaneo Ricoh por EMail<\/a><\/li>\n<li><a href=\"..\/datos-utiles-y-preguntas-frecuentes#EditarPDF\">Editar archivos PDF<\/a><\/li>\n<li><a href=\"..\/datos-utiles-y-preguntas-frecuentes#FAQ\">Breve rese\u00f1a de Preguntas Frecuentes (FAQ)<\/a><\/li>\n<\/ul>\n<p><a name=\"TelefoniaIP\"><\/a><\/p>\n<hr \/>\n<hr \/>\n<ul>\n<li><i><b>Telefonia IP <\/b><\/i><\/li>\n<\/ul>\n<p>&nbsp;<\/p>\n<p><b>P:<\/b> Alcatel IP Touch 4018 <img loading=\"lazy\" decoding=\"async\" title=\"Alcatel IP Touch 4018\" src=\"https:\/\/exactas.uba.ar\/uti\/wp-content\/uploads\/2017\/09\/Alcatel_4018_ip_touch.jpg\" alt=\"Alcatel IP Touch 4010\" width=\"400\" height=\"300\" \/><\/p>\n<p><b>R:<\/b> <a href=\"http:\/\/exactas.uba.ar\/uti\/wp-content\/uploads\/2017\/09\/IPTouch4018-GuiaRapida.pdf\">Cliquee aqui para ver la Guia Rapiada &#8211; Alcatel IP Touch 4018<\/a><br \/>\n<b>R:<\/b> <a href=\"http:\/\/exactas.uba.ar\/uti\/wp-content\/uploads\/2017\/09\/IPTouch4018-Manual-ES.pdf\">Cliquee aqui para ver el Manul &#8211; Alcatel IP Touch 4018<\/a><\/p>\n<p><b>P:<\/b> Alcatel IP Touch 4038 <img loading=\"lazy\" decoding=\"async\" title=\"Alcatel IP Touch 4038\" src=\"https:\/\/exactas.uba.ar\/uti\/wp-content\/uploads\/2016\/06\/4038.jpg\" alt=\"Alcatel IP Touch 4038\" width=\"400\" height=\"300\" \/><\/p>\n<p><b>R:<\/b> <a href=\"http:\/\/exactas.uba.ar\/uti\/wp-content\/uploads\/2017\/09\/IPTouch4038-GuiaRapida.pdf\">Cliquee aqui para ver la Guia Rapiada &#8211; Alcatel IP Touch 4038<\/a><br \/>\n<b>R:<\/b> <a href=\"http:\/\/exactas.uba.ar\/uti\/wp-content\/uploads\/2017\/09\/IPTouch4038-Manual-ES.pdf\">Cliquee aqui para ver el Manul &#8211; Alcatel IP Touch 4038<\/a><\/p>\n<p><a name=\"Impresi\u00f3n\"><\/a><\/p>\n<hr \/>\n<ul>\n<li><i><b>Impresi\u00f3n &#8211; Problemas generales:<\/b><\/i><\/li>\n<\/ul>\n<p style=\"text-align: justify;\"><b>P:<\/b>Para imprimir en doble faz.<br \/>\n<b>R:<\/b>Si la impresora posee la facilidad de impresi\u00f3n en doble faz autom\u00e1tico, y se usa MSOffice, ver en <i><b>Imprimir<\/b><\/i> \/ <i><b>Propiedades<\/b><\/i> \/ <i><b>Acabado<\/b><\/i> \/ Seleccionar \u201c<b>Imprimir en ambas caras<\/b>\u201d<\/p>\n<p style=\"text-align: justify;\"><b>P:<\/b>Solicitar recambio de cartucho\/toner de impresoras.<br \/>\n<b>R:<\/b> a) Para las impresoras que poseen contrato de mantenimiento via UTI-INF:<br \/>\nApague la impresora, recuerde la marca y modelo de la misma.<br \/>\nRetire el cartucho vac\u00edo,<br \/>\nLl\u00e9velo a la Direcci\u00f3n de Inform\u00e1tica (UTI-INF), para su recambio.<br \/>\nColoque el nuevo cartucho y enci\u00e9ndala.<br \/>\nb) Para los equipos multifunci\u00f3n (fotocopiadora\/impresora) , con mantenimiento provisto por Sec.Hacienda:<br \/>\nApague la impresora, recuerde la marca y modelo de la misma.<br \/>\nRetire el cartucho vac\u00edo,<br \/>\nLl\u00e9velo a la Direcci\u00f3n de Compras , para su recambio.<br \/>\nColoque el nuevo cartucho y enci\u00e9ndala.<\/p>\n<p style=\"text-align: justify;\"><b>P:<\/b> La impresora no imprime, titila en forma intermitente y emite un sonido constante y si tiene display muestra un mensaje de Error de Formato.<br \/>\n<b>R:<\/b> Revisar la bandeja de papel y formato de impresi\u00f3n:<br \/>\n&#8211; Abrir la bandeja<br \/>\n&#8211; Retirar el papel y <strong>airear \/ ventilar las hojas para evitar atascos.<\/strong><br \/>\n&#8211; Revisar que est\u00e9n bien ajustadas las gu\u00edas del papel.<br \/>\n&#8211; Verificar que el tipo de papel utilizado coincida con el especificado en el documento a imprimir.<br \/>\n&#8211; Si el problema persiste apagar, esperar unos segundos y encender nuevamente la impresora.<\/p>\n<p style=\"text-align: justify;\"><b>P:<\/b> Se env\u00eda una impresi\u00f3n, no sale y en el panel de control\/ Impresoras\/ aparece como desconectada\/ no en l\u00ednea.<br \/>\n<b>R:<\/b> Verificar que el dispositivo este encendido y conectado correctamente. Revisar todas las conexiones<br \/>\na) Cables de red ( bien conectado a caja de red correspondiente) o usb.<br \/>\nb) Revisar cable el\u00e9ctrico y toma.<\/p>\n<ul>\n<li><em><span style=\"font-family: Arial,sans-serif;\"><span style=\"font-size: small;\"><b><b>Impresi\u00f3n<\/b> &#8211; HP 550\/5400, impresora a chorro de tinta color.<\/b><\/span><\/span><\/em><\/li>\n<\/ul>\n<p style=\"text-align: justify;\"><b>P:<\/b> La Impresora no imprime y est\u00e1 encendida una luz roja en el compartimiento de los cartuchos y a veces parpadea una luz frontal tambi\u00e9n.<br \/>\n<b>R:<\/b> Esto sucede porque uno de los cartuchos de tinta est\u00e1 vac\u00edo o presenta problemas, abrir el compartimiento, sacar el cartucho ubicado en donde se encendi\u00f3 el led y reemplazarlo. Es aconsejable que la operaci\u00f3n se realice con la impresora apagada y una vez reemplazado encenderla para que el equipo lo reconozca correctamente.<\/p>\n<p style=\"text-align: justify;\"><b>P:<\/b> El o los cartuchos de impresi\u00f3n ya han sido verificados y reemplazados pero la luz sigue encendida.<br \/>\n<b>R:<\/b> Esto sucede porque existe un problema en el reconocimiento del chip de impresi\u00f3n, seguir los siguientes pasos:<br \/>\n-Mantenga pulsado el bot\u00f3n de encendido<br \/>\n-Mientras est\u00e1 presionado, pulse el bot\u00f3n Reanudar tres (3) veces y luego su\u00e9ltelos, de esta forma generalmente se obliga al reconocimiento manual del chip y la luz se apagar\u00e1.<\/p>\n<p style=\"text-align: justify;\"><b>P:<\/b> La impresora dej\u00f3 de imprimir y est\u00e1 parpadeando la luz frontal de alguno de los cabezales.<br \/>\n<b>R:<\/b> Esto sucede porque el cabezal cuya luz parpadea presenta problemas y\/o est\u00e1 vencido, revisar y\/o proceder a su reemplazo.<\/p>\n<p style=\"text-align: justify;\"><b>P:<\/b> La impresora imprime y titila en forma intermitente y emite un sonido constante y si tiene display muestra un mensaje de Error de Formato.<br \/>\n<b>R:<\/b> Revisar la bandeja de papel y formato de impresi\u00f3n:<br \/>\n&#8211; Abrir la bandeja<br \/>\n&#8211; Retirar el papel y airear<br \/>\n&#8211; Revisar que est\u00e9n bien ajustadas las gu\u00edas del papel.<br \/>\n&#8211; Verificar que el tipo de papel utilizado coincida con el especificado en el documento a imprimir.<\/p>\n<p style=\"text-align: right;\"><a href=\"..\/datos-utiles-y-preguntas-frecuentes#Indice\">Volver arriba<\/a><\/p>\n<p><a name=\"Monitores\"><\/a><\/p>\n<hr \/>\n<ul>\n<li><i><b>Problemas con Monitores\u00a0<\/b><\/i><\/li>\n<\/ul>\n<p><b>P:<\/b> No hay se\u00f1al en el monitor.<br \/>\n<b>R:<\/b>Revisar y ajustar de ser necesario los cables de electricidad y de datos del monitor, en ambos extremos (tanto entrada de monitor, como de CPU).<\/p>\n<p><b>P:<\/b> Distorsi\u00f3n en la imagen del monitor ( imagen titilante, etc).<br \/>\n<b>R:<\/b>Revisar cable de datos en ambos extremos (tanto entrada de monitor, como de CPU) y que no haya alg\u00fan aparato que pueda provocar interferencia (ej. Mover los parlantes).<\/p>\n<p><b>P:<\/b> Distorsi\u00f3n en la imagen del monitor ( Monitor TCL).<br \/>\n<b>R:<\/b> En el margen inferior derecho est\u00e1n ubicados los 5 controles del monitor estos son:<br \/>\nDe izquierda a derecha M: Men\u00fa, Flecha arriba, Flecha abajo, E: Exit (Salida) Circulo: Apagado\/ Encendido<br \/>\nPara solucionar este problema, presionar primero Flecha arriba, aparecer\u00e1 la opci\u00f3n DCR, ah\u00ed deber\u00e1 seleccionar la opci\u00f3n SI, luego presionar Exit.<\/p>\n<p style=\"text-align: right;\"><a href=\"..\/datos-utiles-y-preguntas-frecuentes#Indice\">Volver arriba<\/a><\/p>\n<p><a name=\"PC\"><\/a><\/p>\n<hr \/>\n<ul>\n<li><i><b>Problemas generales de PC<\/b><\/i><\/li>\n<\/ul>\n<p><span style=\"font-family: Arial,sans-serif;\"><span style=\"font-size: small;\"><b>Arranque<\/b><\/span><\/span><\/p>\n<p style=\"text-align: justify;\"><b>P:<\/b> Al encender el equipo, no se prende la luz indicadora, ni se escucha ning\u00fan sonido que indique que el equipo est\u00e1 en funcionamiento.<br \/>\n<b>R:<\/b> Verificar que los cables de electricidad del equipo en ambos extremos (entre la PC y los toma corrientes), est\u00e9n conectados correctamente y que el suministro el\u00e9ctrico en dicho toma est\u00e9 funcionando.<br \/>\nEn caso de existir alargues y\/o zapatillas el\u00e9ctricas, solicitar al \u00e1rea t\u00e9cnica, el reemplazo de las mismas por toma-corrientes normalizados ubicados pr\u00f3ximos al equipo.<\/p>\n<p style=\"text-align: justify;\"><b>P:<\/b> Al encender el equipo, sale por pantalla el error : <em><strong>Boot Error<\/strong><\/em>\u00a0 o una leyenda indicando que el equipo no encuentra el sistema operativo.<br \/>\n<b>R:<\/b>Verificar que no haya quedado un dispositivo tipo Pen Drive y\/o CD\/DVD colocado cuando se encendi\u00f3, de ser as\u00ed, retirarlo y encender el equipo nuevamente.<\/p>\n<p style=\"text-align: right;\"><a href=\"..\/datos-utiles-y-preguntas-frecuentes#Indice\">Volver arriba<\/a><\/p>\n<p><a name=\"Red\"><\/a><\/p>\n<hr \/>\n<ul>\n<li><i><b>Problemas de RED<\/b><\/i><\/li>\n<\/ul>\n<p><b>P:<\/b> No puede acceder a alg\u00fan recurso en la red (impresora, servidor, PC, etc.)<br \/>\n<b>R:<\/b> Verificar primero si el problema es general, de todo el sector o de la facultad.<br \/>\nSi solo le pasa a Ud, verifique que el cable de red de su equipo est\u00e9 conectado en ambos lados( caja y PC).Si le pasa a todos en la oficina, posiblemente haya un problema general de red.<\/p>\n<p><b>P:<\/b> Al abrir el navegador, no puede acceder a algunas p\u00e1ginas web.<br \/>\n<b>R:<\/b> Efectuar el siguiente procedimiento de verificaci\u00f3n:<br \/>\n&#8211; Verificar primero que tenga Internet. Esto se puede comprobar ingresando a p\u00e1ginas como:<br \/>\n. <a href=\"http:\/\/exactas.uba.ar\/\"><b>http:\/\/www.exactas.uba.ar<\/b><\/a><br \/>\n. <a href=\"http:\/\/www.uba.ar\/\"><b>http:\/\/www.uba.ar<\/b><\/a><br \/>\n. <a href=\"http:\/\/www.argentina.gob.ar\/\"><b>http:\/\/www.argentina.gob.ar<\/b><\/a><br \/>\n&#8211; Si \u00e9stas funcionan, es posible que el problema est\u00e9 en dicho destino. Averiguar si le sucede lo mismo a otras personas del sector.<br \/>\n&#8211; Verifique si logra acceder a ese destino utilizando alg\u00fan otro navegador (Internet Explorer, Mozilla Firefox, Opera, Google Chrome, etc.).<br \/>\nSi solo le pasa a Ud, reporte el inconveniente, detallando los resultados de las pruebas anteriores.<\/p>\n<p><b>P:<\/b> Se desconfiguro el proxy del sistema en windows, como debe estar.<br \/>\n<b>R:<\/b> En propiedades de Internet, Conexiones, Configuraci\u00f3n de Lan, Opciones Avanzadas, debe figurar <strong>SOLO<\/strong> para los protocolos HTTP y Seguro (HTTPS)\u00a0\u00a0 <strong><span style=\"color: #008000;\"><em>proxy.fcen.uba.ar <\/em><\/span><\/strong>y puerto <em><strong><span style=\"color: #008000;\">8080<\/span><\/strong><\/em>. Ademas, debe estar como Excepciones las direcciones IP\u00a0 <strong><span style=\"color: #008000;\"><em>10.*.*.*; 157.92.*.*<\/em><\/span><\/strong><\/p>\n<p style=\"text-align: right;\"><a href=\"..\/datos-utiles-y-preguntas-frecuentes#Indice\">Volver arriba<\/a><\/p>\n<p><a name=\"ARemota\"><\/a><\/p>\n<hr \/>\n<ul>\n<li><em><span style=\"font-family: Arial,sans-serif;\"><span style=\"font-size: small;\"><b>Asistencia Remota<\/b><\/span><\/span><\/em><\/li>\n<\/ul>\n<p><b>P:<\/b> Como utilizar la <em><strong>Asistencia Remota<\/strong><\/em><br \/>\n<b>R:<\/b> La asistencia remota, es una forma adicional que provee UTI-INF para resolver algunos problemas de los usuarios en las \u00e1reas administrativas, por medio de la ejecuci\u00f3n de un programa (variante VNC), donde el usuario\u00a0 <span style=\"font-family: Arial,sans-serif;\"><span style=\"font-size: small;\"><i><b>habilita el acceso remoto temporal<\/b><\/i><\/span><\/span><span style=\"font-family: Arial,sans-serif;\"><span style=\"font-size: small;\"> a su PC al t\u00e9cnico.<br \/>\nLa misma consiste en que luego de que se haya realizado una solicitud de asistencia, si el t\u00e9cnico considera que la resoluci\u00f3n del inconveniente puede ser brindada por este medio, se pondr\u00e1 en contacto con el usuario, le pedira algunos datos de su equipo (nombre o IP) <\/span><\/span><span style=\"font-family: Arial,sans-serif;\"><span style=\"font-size: small;\">, luego de unos instantes, aparecer\u00e1 una ventana donde el usuario deber\u00e1 aceptar la conexi\u00f3n remota por t\u00e9cnico\u00a0 Entonces el t\u00e9cnico podr\u00e1 efectuar los ajustes necesarios al equipo del usuario, de ser necesario tambi\u00e9n podr\u00e1 iniciar una comunicaci\u00f3n por medio de un chat interno con el usuario y una vez completada la tarea, se cerrar\u00e1 la comunicaci\u00f3n (el usuario tambi\u00e9n puede hacerlo por medio del icono en la barra de tareas).<br \/>\nEs importante resaltar, que <\/span><\/span><span style=\"font-family: Arial,sans-serif;\"><span style=\"font-size: small;\"><i><b>es el usuario desde su PC el que debe habilitar la comunicaci\u00f3n, y que no se puede acceder al equipo del usuario, si \u00e9ste no realiza esta acci\u00f3n<\/b><\/i><\/span><\/span><span style=\"font-family: Arial,sans-serif;\"><span style=\"font-size: small;\">. Esta forma ha sido elegida especialmente, para preservar la seguridad de los equipos.<\/span><\/span><\/p>\n<p style=\"text-align: right;\">\u00a0<a href=\"..\/datos-utiles-y-preguntas-frecuentes#Indice\">Volver arriba<\/a><\/p>\n<p><a name=\"APortables\"><\/a><\/p>\n<hr \/>\n<ul>\n<li><em><span style=\"font-family: Arial,sans-serif;\"><span style=\"font-size: small;\"><b>Actualizacion Programas Portables<\/b><\/span><\/span><\/em><\/li>\n<\/ul>\n<p><b>P:<\/b> Como actualizar los <em><strong>Programas Portables<\/strong><\/em><br \/>\n<b>R:<\/b> Para poder actualizar los programas portables, normalmente ubicados en el disco D:\\ directorio FCEN, se debe correr desde el subdirectorio PortableApps.com el programa <b>PortableAppsPlaform.exe<\/b>.<br \/>\nAl hacerlo, luego de unos instantes de verificaci\u00f3n, se abrir\u00e1 un nuevo men\u00fa del lado derecho de la pantalla, que contiene un \u00edtem denominado <b>Aplicaciones<\/b>, al seleccionarlo se deber\u00e1 elegir el \u00edtem <b>Buscar Actualizaciones<\/b>.<br \/>\nCon esta acci\u00f3n se abrir\u00e1 una ventana donde se listan los programas que se han detectado que son posibles de actualizar, permitiendo seleccionas los deseados.<br \/>\nFinalizada dicha selecci\u00f3n (todos los programas seleccionados <b>NO DEBEN ESTAR EJECUTANDOSE<\/b>), se podr\u00e1 seleccionar el bot\u00f3n de <b>Siguiente<\/b>, con el cual se proceder\u00e1 a la descarga de cada una de las actualizaciones de dichos paquetes y luego se comenzar\u00e1 el proceso de actualizaci\u00f3n de los mismos, conservando las configuraciones particulares realizadas, los historiales y otras personalizaciones, este proceso puede demorar varios minutos dependiendo de la cantidad y complejidad de los paquetes involucrados y de la capacidad de acceso a Internet.<br \/>\nCompletado el proceso, se informar\u00e1 sobre el mismo. Si surgiera alg\u00fan inconveniente en alguna de estas actualizaciones, se sugiere reintentar posteriormente.<\/p>\n<p style=\"text-align: right;\"><a href=\"..\/datos-utiles-y-preguntas-frecuentes#Indice\">Volver arriba<\/a><\/p>\n<p><a name=\"EscaneoRicoh\"><\/a><\/p>\n<hr \/>\n<ul>\n<li><em><span style=\"font-family: Arial,sans-serif;\"><span style=\"font-size: small;\"><b>Enviar Escaneo Ricoh por EMail<\/b><\/span><\/span><\/em><\/li>\n<\/ul>\n<p><b>P:<\/b> Como enviar por Correo Electr\u00f3nico lo escaneado desde Ricoh multinacional<strong><em>.<\/em><\/strong><br \/>\n<b>R: <\/b>Se deben seguir los siguientes pasos :<\/p>\n<ol>\n<li>Desde la pantalla inicial, tocar escanear (\u00edcono verde).<\/li>\n<li>En la pantalla que aparece, arriba, elegir \u00abescanear a mail\u00bb<\/li>\n<li>Tocar el bot\u00f3n \u00ab+\u00bbque se encuentra delante de \u00abEspecificar Destino(s)\u00bb.Se desplegar\u00e1 un men\u00fa y en \u00e9l, hay que elegir \u00abIntr. mediante teclado\u00bb.Aparecer\u00e1 un teclado en pantalla, con el que se podr\u00e1 introducir la casilla de correo a la que se enviar\u00e1 el resultado de lo escaneado.<\/li>\n<li>Finalizado el ingreso del destinatario, se ver\u00e1 una pantalla donde contamos con la posibilidad de elegir efectuar los ajustes que requiera nuestro escaneo,si es color o blanco y negro, el tipo de archivo en que escribir\u00e1 lo digitalizado,su resoluci\u00f3n (habitualmente, 300 DPI es lo indicado para una impresi\u00f3n de buena calidad), si es simple o doble faz, el tama\u00f1o de la hoja (destino), el nombre querecibir\u00e1 el archivo, etc.Es importante recordar que se puede optar, si son mas de una hoja, por digitalizar cada una como un PDF seperado o todas como un \u00fanico uno solo (PDF multip\u00e1gina).<\/li>\n<li>Una vez elegidos los ajustes, se debe pulsar el bot\u00f3n INICIO, lo que llevar\u00e1 a la siguiente pantalla, donde se debe seleccionar el REMITENTE. Se elige, y se presiona OK.<\/li>\n<li>Resta, entonces, presionar la pantalla donde se ubica el bot\u00f3n verde, redondo, con la leyenda INICIO y aguardar que la multifunci\u00f3n cumpla sus tareas. Si se ha utilizado el ADF (Alimentador Automatico de Documentos), procesar\u00e1 todas lashojas. Si, en cambio, se ha optado por el cristal, se deber\u00e1 indicar a la m\u00e1quina quese ha finalizado el escaneo. O, en su defecto, tambi\u00e9n podr\u00edan introducirse m\u00e1s hojasy continuar escaneando, cuantas se requieran.<\/li>\n<li>Si no a habido inconvenientes, el resultado de la digitalizaci\u00f3n ser\u00e1 enviado como adjunto a la casilla de correo introducida en el paso\u00a0 El remitente tendr\u00e1 el nombre que figura en pantalla, y que se ha elegido en el paso correspondiente. Se puede comprobar el resultado del env\u00edo presionando el bot\u00f3n \u201cEst.arch.escan\u201d, al lado de \u201crestablecer\u201d.<\/li>\n<\/ol>\n<p>Naturalmente, la leyenda \u201cCompletado\u201d indica que todo ha salido bien. De encontrarse la frase \u201cEnv\u00edo fallido\u201d, se puede volver a intentar, y si el problema persiste, crear un Ticket de soporte UTI informando de lo ocurrido.<\/p>\n<p style=\"text-align: right;\"><a href=\"..\/datos-utiles-y-preguntas-frecuentes#Indice\">Volver arriba<\/a><\/p>\n<hr \/>\n<p><a name=\"EditarPDF\"><\/a><\/p>\n<ul>\n<li><i><b>Editar archivos PDF <\/b><\/i><\/li>\n<\/ul>\n<p>Se pueden editar archivos .PDF utilizando el Libre Office, con la limitaci\u00f3n de que cada p\u00e1rrafo queda contenido en una caja de edici\u00f3n separada . Para ello, se debe abrir el documento deseado con :<\/p>\n<p><strong><em>Archivo<\/em> <\/strong>\/ <strong><em>Abrir<\/em> <\/strong>:\u00a0 y seleccionando el documento\u00a0 .pdf deseado.\u00a0 Se lo edita segun lo deseado y al terminar se lo puede grabar como .doc o por medio de <strong><em>Exportar<\/em> <\/strong>, grabarlo nuevamente como .PDF<\/p>\n<p>Tambi\u00e9n se puede convertir los archivos .PDF a otros formatos por medio de p\u00e1ginas web, como :<\/p>\n<ul>\n<li><a href=\"https:\/\/smallpdf.com\/\">https:\/\/smallpdf.com<\/a>\u00a0\u00a0\u00a0\u00a0\u00a0\u00a0\u00a0\u00a0\u00a0\u00a0\u00a0\u00a0\u00a0\u00a0\u00a0\u00a0\u00a0 \u00a0 \u00a0 \u00a0 \u00a0\u00a0\u00a0\u00a0 Convierte PDF a otros formatos (word, excel, etc)<\/li>\n<li><a href=\"https:\/\/www.ilovepdf.com\/es\">https:\/\/www.ilovepdf.com\/es<\/a>\u00a0 \u00a0 \u00a0 \u00a0\u00a0 \u00a0\u00a0\u00a0\u00a0 Herramientas varias para PDF<\/li>\n<li><a href=\"https:\/\/www.pdfaword.com\">https:\/\/www.pdfaword.com<\/a>\u00a0\u00a0\u00a0\u00a0 \u00a0 \u00a0 \u00a0 \u00a0 \u00a0 \u00a0 Convierte PDF a word<\/li>\n<li><a href=\"https:\/\/www.convertpdftoword.net\/\">https:\/\/www.convertpdftoword.net<\/a>\u00a0\u00a0 Convierte PDF a word (y otros formatos)<\/li>\n<li><a href=\"https:\/\/pdf2doc.com\/es\/\">https:\/\/pdf2doc.com\/es<\/a>\u00a0\u00a0\u00a0\u00a0\u00a0\u00a0\u00a0\u00a0\u00a0\u00a0 \u00a0 \u00a0 \u00a0\u00a0 \u00a0 \u00a0 \u00a0 Convierte PDF a word (y otros formatos)<\/li>\n<li><a href=\"https:\/\/www.freepdfconvert.com\/\">https:\/\/www.freepdfconvert.com<\/a> \u00a0 \u00a0 Convierte PDF a word (y otros formatos)<\/li>\n<li><a href=\"https:\/\/www.pdftoword.com\/es\/\">https:\/\/www.pdftoword.com\/es<\/a>\u00a0\u00a0 \u00a0\u00a0 Enviar por mail el archivo convertido<\/li>\n<\/ul>\n<p><strong>NOTA<\/strong>: El camino inverso, para generar un .PDF en base a otro tipo de documentos, se resuelve f\u00e1cilmente ya que programas como <em>LibreOffice<\/em> permiten exportar a PDF y tambi\u00e9n se pueden utilizar impresoras como <em>PrimoPDF<\/em> (instalado en los equipos) o la impresora virtual incluida en Windows 10 \u00ab<em>Microsoft Print to PDF<\/em>\u00bb<\/p>\n<p style=\"text-align: right;\"><a href=\"..\/datos-utiles-y-preguntas-frecuentes#Indice\">Volver arriba<\/a><\/p>\n<hr \/>\n<p><a name=\"FAQ\"><\/a><\/p>\n<ul>\n<li><em><span style=\"font-family: Arial,sans-serif;\"><span style=\"font-size: small;\"><b>Breve rese\u00f1a de Preguntas Frecuentes (FAQ)<\/b><\/span><\/span><\/em><\/li>\n<\/ul>\n<p>El siguiente enlace contiene un recopilado de <a href=\"https:\/\/exactas.uba.ar\/uti\/preguntas-frecuentes-faq\/\">breves preguntas frecuentes (FAQ)<\/a><\/p>\n<p style=\"text-align: right;\"><a href=\"..\/datos-utiles-y-preguntas-frecuentes#Indice\">Volver arriba<\/a><\/p>\n<hr \/>\n","protected":false},"excerpt":{"rendered":"<p>Indice: Telefonia IP Impresi\u00f3n Monitores PC Red Asistencia Remota Actualizaci\u00f3n Programas Portables Enviar Escaneo Ricoh por EMail Editar archivos PDF Breve rese\u00f1a de Preguntas Frecuentes (FAQ) Telefonia IP &nbsp; P: Alcatel IP Touch 4018 R: Cliquee aqui para ver la <a href=\"https:\/\/exactas.uba.ar\/uti\/administrativos\/datos-utiles-y-preguntas-frecuentes\/\" rel=\"nofollow\"><span class=\"sr-only\">Leer m\u00e1sDatos \u00datiles y Problemas Frecuentes<\/span>[&hellip;]<\/a><\/p>\n","protected":false},"author":4,"featured_media":0,"parent":30,"menu_order":0,"comment_status":"closed","ping_status":"closed","template":"","meta":{"_monsterinsights_skip_tracking":false,"_monsterinsights_sitenote_active":false,"_monsterinsights_sitenote_note":"","_monsterinsights_sitenote_category":0,"_mc_calendar":[],"footnotes":""},"class_list":["post-301","page","type-page","status-publish","hentry"],"_links":{"self":[{"href":"https:\/\/exactas.uba.ar\/uti\/wp-json\/wp\/v2\/pages\/301","targetHints":{"allow":["GET"]}}],"collection":[{"href":"https:\/\/exactas.uba.ar\/uti\/wp-json\/wp\/v2\/pages"}],"about":[{"href":"https:\/\/exactas.uba.ar\/uti\/wp-json\/wp\/v2\/types\/page"}],"author":[{"embeddable":true,"href":"https:\/\/exactas.uba.ar\/uti\/wp-json\/wp\/v2\/users\/4"}],"replies":[{"embeddable":true,"href":"https:\/\/exactas.uba.ar\/uti\/wp-json\/wp\/v2\/comments?post=301"}],"version-history":[{"count":82,"href":"https:\/\/exactas.uba.ar\/uti\/wp-json\/wp\/v2\/pages\/301\/revisions"}],"predecessor-version":[{"id":2885,"href":"https:\/\/exactas.uba.ar\/uti\/wp-json\/wp\/v2\/pages\/301\/revisions\/2885"}],"up":[{"embeddable":true,"href":"https:\/\/exactas.uba.ar\/uti\/wp-json\/wp\/v2\/pages\/30"}],"wp:attachment":[{"href":"https:\/\/exactas.uba.ar\/uti\/wp-json\/wp\/v2\/media?parent=301"}],"curies":[{"name":"wp","href":"https:\/\/api.w.org\/{rel}","templated":true}]}}