{"id":30,"date":"2013-10-25T00:36:15","date_gmt":"2013-10-25T03:36:15","guid":{"rendered":"http:\/\/wp_uti.fcen.uba.ar\/?page_id=30"},"modified":"2023-10-10T12:17:48","modified_gmt":"2023-10-10T15:17:48","slug":"administrativos","status":"publish","type":"page","link":"https:\/\/exactas.uba.ar\/uti\/administrativos\/","title":{"rendered":"Administrativos"},"content":{"rendered":"<div id=\"ez-toc-container\" class=\"ez-toc-v2_0_82_2 counter-hierarchy ez-toc-counter ez-toc-grey ez-toc-container-direction\">\n<p class=\"ez-toc-title\" style=\"cursor:inherit\">Table of Contents<\/p>\n<label for=\"ez-toc-cssicon-toggle-item-69e4244a33b31\" class=\"ez-toc-cssicon-toggle-label\"><span class=\"\"><span class=\"eztoc-hide\" style=\"display:none;\">Toggle<\/span><span class=\"ez-toc-icon-toggle-span\"><svg style=\"fill: #999;color:#999\" xmlns=\"http:\/\/www.w3.org\/2000\/svg\" class=\"list-377408\" width=\"20px\" height=\"20px\" viewBox=\"0 0 24 24\" fill=\"none\"><path d=\"M6 6H4v2h2V6zm14 0H8v2h12V6zM4 11h2v2H4v-2zm16 0H8v2h12v-2zM4 16h2v2H4v-2zm16 0H8v2h12v-2z\" fill=\"currentColor\"><\/path><\/svg><svg style=\"fill: #999;color:#999\" class=\"arrow-unsorted-368013\" xmlns=\"http:\/\/www.w3.org\/2000\/svg\" width=\"10px\" height=\"10px\" viewBox=\"0 0 24 24\" version=\"1.2\" baseProfile=\"tiny\"><path d=\"M18.2 9.3l-6.2-6.3-6.2 6.3c-.2.2-.3.4-.3.7s.1.5.3.7c.2.2.4.3.7.3h11c.3 0 .5-.1.7-.3.2-.2.3-.5.3-.7s-.1-.5-.3-.7zM5.8 14.7l6.2 6.3 6.2-6.3c.2-.2.3-.5.3-.7s-.1-.5-.3-.7c-.2-.2-.4-.3-.7-.3h-11c-.3 0-.5.1-.7.3-.2.2-.3.5-.3.7s.1.5.3.7z\"\/><\/svg><\/span><\/span><\/label><input type=\"checkbox\"  id=\"ez-toc-cssicon-toggle-item-69e4244a33b31\"  aria-label=\"Alternar\" \/><nav><ul class='ez-toc-list ez-toc-list-level-1 ' ><li class='ez-toc-page-1 ez-toc-heading-level-3'><a class=\"ez-toc-link ez-toc-heading-1\" href=\"https:\/\/exactas.uba.ar\/uti\/administrativos\/#Objetivo_y_Destinatarios\" >Objetivo y Destinatarios<\/a><ul class='ez-toc-list-level-4' ><li class='ez-toc-heading-level-4'><a class=\"ez-toc-link ez-toc-heading-2\" href=\"https:\/\/exactas.uba.ar\/uti\/administrativos\/#Recomendaciones_Generales\" >Recomendaciones Generales:<\/a><\/li><li class='ez-toc-page-1 ez-toc-heading-level-4'><a class=\"ez-toc-link ez-toc-heading-3\" href=\"https:\/\/exactas.uba.ar\/uti\/administrativos\/#Recomendaciones_sobre_Resguardo_de_Informacion\" >Recomendaciones sobre Resguardo de Informaci\u00f3n:<\/a><\/li><\/ul><\/li><li class='ez-toc-page-1 ez-toc-heading-level-3'><a class=\"ez-toc-link ez-toc-heading-4\" href=\"https:\/\/exactas.uba.ar\/uti\/administrativos\/#Equipamiento\" >Equipamiento<\/a><ul class='ez-toc-list-level-4' ><li class='ez-toc-heading-level-4'><a class=\"ez-toc-link ez-toc-heading-5\" href=\"https:\/\/exactas.uba.ar\/uti\/administrativos\/#HardWare\" >HardWare<\/a><\/li><li class='ez-toc-page-1 ez-toc-heading-level-4'><a class=\"ez-toc-link ez-toc-heading-6\" href=\"https:\/\/exactas.uba.ar\/uti\/administrativos\/#SoftWare\" >SoftWare<\/a><ul class='ez-toc-list-level-5' ><li class='ez-toc-heading-level-5'><a class=\"ez-toc-link ez-toc-heading-7\" href=\"https:\/\/exactas.uba.ar\/uti\/administrativos\/#%E2%80%93_Sistema_Operativo\" >&#8211; Sistema Operativo:<\/a><\/li><li class='ez-toc-page-1 ez-toc-heading-level-5'><a class=\"ez-toc-link ez-toc-heading-8\" href=\"https:\/\/exactas.uba.ar\/uti\/administrativos\/#%E2%80%93_Herramientas_Base\" >&#8211; Herramientas Base:<\/a><\/li><li class='ez-toc-page-1 ez-toc-heading-level-5'><a class=\"ez-toc-link ez-toc-heading-9\" href=\"https:\/\/exactas.uba.ar\/uti\/administrativos\/#%E2%80%93_Principales_Aplicativos_Especificos_segun_el_area_usuaria\" >&#8211; Principales Aplicativos Espec\u00edficos (seg\u00fan el \u00e1rea usuaria):<\/a><ul class='ez-toc-list-level-6' ><li class='ez-toc-heading-level-6'><a class=\"ez-toc-link ez-toc-heading-10\" href=\"https:\/\/exactas.uba.ar\/uti\/administrativos\/#%E2%80%93_Sistema_COMDOC_%E2%80%93_FCEN\" >&#8211; Sistema COMDOC &#8211; FCEN\u00a0<\/a><\/li><li class='ez-toc-page-1 ez-toc-heading-level-6'><a class=\"ez-toc-link ez-toc-heading-11\" href=\"https:\/\/exactas.uba.ar\/uti\/administrativos\/#%E2%80%93_Sistema_SEE_Sistema_Expediente_Electronico_GDE_Gestion_Documental_Electronica_UBA_UBA-FCEN\" >&#8211; Sistema SEE (Sistema Expediente Electr\u00f3nico) \/ GDE (Gesti\u00f3n Documental Electr\u00f3nica UBA) UBA-FCEN<\/a><\/li><li class='ez-toc-page-1 ez-toc-heading-level-6'><a class=\"ez-toc-link ez-toc-heading-12\" href=\"https:\/\/exactas.uba.ar\/uti\/administrativos\/#%E2%80%93_Otros\" >&#8211; Otros<\/a><\/li><\/ul><\/li><\/ul><\/li><\/ul><\/li><\/ul><\/nav><\/div>\n<h3><span class=\"ez-toc-section\" id=\"Objetivo_y_Destinatarios\"><\/span><em>Objetivo y Destinatarios<\/em><span class=\"ez-toc-section-end\"><\/span><\/h3>\n<p>En esta p\u00e1gina se va a poder encontrar informaci\u00f3n de todos los sistemas y servicios brindados por la UTI para los administrativos de esta facultad<\/p>\n<p>Estos son los Servicios asociados al Personal Administrativo de la Facultad de Ciencias Exactas y Naturales:<\/p>\n<ul>\n<li>Realizar la instalaci\u00f3n y brindar el soporte t\u00e9cnico de los equipos inform\u00e1ticos (computadoras de escritorio, impresoras, etc.) y su funcionamiento por red.<\/li>\n<li>Brindar soporte y asesoramiento en la utilizaci\u00f3n de software y herramientas inform\u00e1ticas.<\/li>\n<li>Proveer los insumos de las impresoras, que se encuentre cubiertas por el contrato de reposici\u00f3n de los mismos.<\/li>\n<\/ul>\n<p>Para las solicitudes de soporte t\u00e9cnico, existe un <strong><em><a href=\"https:\/\/solicitudes.exactas.uba.ar\"> sistema web (OTRS FCEN) https:\/\/solicitudes.exactas.uba.ar)<\/a><\/em><\/strong>, y se confeccion\u00f3 el siguiente <a href=\"http:\/\/exactas.uba.ar\/uti\/wp-content\/uploads\/2015\/12\/OTRS-manual_de_uso-cliente.pdf\"> Manual B\u00e1sico de Uso<\/a> para ayudar a los clientes \/ solicitantes en su uso y <a href=\"https:\/\/exactas.uba.ar\/uti\/institucional\/estadisticas-de-uso-de-otrs\/\">P\u00e1gina de Estad\u00edsticas<\/a>.<\/p>\n<p>Si no pueden ingresar al mismo, se debe informar por medio de la p\u00e1gina\u00a0 <strong><em><a href=\"https:\/\/exactas.uba.ar\/uti\/soporte\/\">SOPORTE (haga click aqu\u00ed para ingresar)<\/a><\/em><\/strong>, creado a tal fin.<\/p>\n<p>Se ha reemplazado en toda la UBA, el sistema de telefon\u00eda anal\u00f3gico anterior\u00a0 por un nuevo sistema de comunicaci\u00f3n IP, denominado\u00a0 SISTEMA INTEGRADO DE COMUNICACIONES (SIC) <a href=\"http:\/\/exactas.uba.ar\/uti\/institucional\/en-que-estamos\/proyecto-sic-exactasuba\/\"> (haga click aqu\u00ed para mayor informaci\u00f3n)<\/a><\/p>\n<h4><span class=\"ez-toc-section\" id=\"Recomendaciones_Generales\"><\/span><b>Recomendaciones Generales:<\/b><span class=\"ez-toc-section-end\"><\/span><\/h4>\n<ul>\n<li><strong><em><span style=\"font-family: Arial,sans-serif;\"><span style=\"font-family: Arial,sans-serif;\"><span style=\"font-size: small;\">Antes de efectuar un reclamo, consulte su inconveniente en las <\/span><\/span><\/span><a href=\"http:\/\/exactas.uba.ar\/uti\/administrativos\/datos-utiles-y-preguntas-frecuentes\/\">Preguntas Frecuentes (haga click aqu\u00ed para visualizarlo)<\/a><span style=\"font-family: Arial,sans-serif;\"><span style=\"font-size: small;\"> para ver si lo puede solucionar, de no ser as\u00ed, podr\u00e1 brindar un mejor detalle de su problema.<\/span><\/span><\/em><\/strong><\/li>\n<li>\n<address><strong><em><span style=\"font-family: Arial,sans-serif;\"><span style=\"font-size: small;\">Trate de determinar si el problema es solo en su equipo. <\/span><\/span><\/em><\/strong><\/address>\n<\/li>\n<li>\n<address lang=\"en-US\"><strong><em><span style=\"font-family: Arial,sans-serif;\"><span style=\"font-size: small;\">Al informar el inconveniente, trate de ser preciso, realizar una breve descripci\u00f3n del inconveniente, aclarando las pruebas y resultados obtenidos. Esto facilitar\u00e1 el an\u00e1lisis y resoluci\u00f3n del problema.<\/span><\/span><\/em><\/strong><\/address>\n<\/li>\n<li>\n<address lang=\"en-US\"><strong><em><span style=\"font-family: Arial,sans-serif;\"><span style=\"font-size: small;\">Para el caso de las impresoras, al colocar papel, verifique que el papel sea adecuado para tal fin (gramaje &gt; 75g\/m2), este limpio, seco, sin elementos extra\u00f1os (clip, ganchosos, etc.) y airee las hojas para evitar el atascamiento de las mismas.<\/span><\/span><\/em><\/strong><\/address>\n<\/li>\n<li>\n<address><strong><em><span style=\"font-family: Arial,sans-serif;\"><span style=\"font-size: small;\">Agotados estas instancias, deber\u00e1 generar una solicitud de soporte, de la forma indicada anteriormente.<\/span><\/span><\/em><\/strong><\/address>\n<\/li>\n<\/ul>\n<h4><span class=\"ez-toc-section\" id=\"Recomendaciones_sobre_Resguardo_de_Informacion\"><\/span><b>Recomendaciones sobre Resguardo de Informaci\u00f3n:<\/b><span class=\"ez-toc-section-end\"><\/span><\/h4>\n<ul>\n<li>Se hace especial hincapi\u00e9 en la necesidad de que los usuarios, al conocer su forma de trabajo, sus necesidades y prioridades, efect\u00fae peri\u00f3dicamente resguardos de toda la informaci\u00f3n que manejan (backups). Pueden utilizar, seg\u00fan su volumen, periodicidad e importancia, los diversos medios disponibles, como ser DVD, Nube Exactas, otros discos del propio equipo, dispositivos extra\u00edbles, etc.<\/li>\n<li>\n<address lang=\"en-US\">Tambi\u00e9n en que utilicen continuamente la Nube de Exactas, para tener copias de sus documentos e informaci\u00f3n, lo cual facilita el reponer su trabajo ante un eventual falla del puesto de trabajo, para recuperarla de un borrado por error, o ante el cambio de puesto de trabajo. Esta herramienta tambi\u00e9n permite el poder acceder a los datos, desde fuera de su oficina.<\/address>\n<\/li>\n<\/ul>\n<h3><span class=\"ez-toc-section\" id=\"Equipamiento\"><\/span><em>Equipamiento<\/em><span class=\"ez-toc-section-end\"><\/span><\/h3>\n<p><a name=\"HARDWARE\"><\/a><\/p>\n<h4><span class=\"ez-toc-section\" id=\"HardWare\"><\/span><em><strong>HardWare<\/strong><\/em><span class=\"ez-toc-section-end\"><\/span><\/h4>\n<p style=\"text-align: justify;\">Los equipos inform\u00e1ticos son normalmente adquiridos por licitaciones p\u00fablicas, dentro del esquema de las compras anuales, y los principales equipos son requeridos con garant\u00eda de 36 meses.<\/p>\n<p style=\"text-align: justify;\">Dentro de la pol\u00edtica de adquisici\u00f3n, se trata de renovar un tercio de los puestos de trabajo<br \/>\ncada a\u00f1o, de modo de lograr el objetivo de tener casi todos los equipos bajo garant\u00eda.<\/p>\n<p style=\"text-align: justify;\">En las \u00faltimas licitaciones, los equipos adquiridos fueron:<\/p>\n<ul>\n<li>PCs AMD\u00a0 Ryzen3,\u00a0 con 8 GB Ram,\u00a0\u00a0 disco HD de 1 TB o SSD 480 GB, unidad DVD-RW<\/li>\n<li>PCs AMD\u00a0 Ryzen5,\u00a0 con 16 GB Ram, disco HD de 2 TB,\u00a0\u00a0 unidad DVD-RW<\/li>\n<li>Monitores Lcd de 18,5&#8243; y 21&#8243;<\/li>\n<\/ul>\n<p><a name=\"SOFTWARE\"><\/a><\/p>\n<h4><span class=\"ez-toc-section\" id=\"SoftWare\"><\/span><em><strong>SoftWare<\/strong><\/em><span class=\"ez-toc-section-end\"><\/span><\/h4>\n<p>El software de base instalado actualmente es el siguiente:<\/p>\n<h5><span class=\"ez-toc-section\" id=\"%E2%80%93_Sistema_Operativo\"><\/span>&#8211;<em><strong> Sistema Operativo:<\/strong><\/em><span class=\"ez-toc-section-end\"><\/span><\/h5>\n<ul>\n<li>MS Windows 10 Prof.<\/li>\n<li>MS Windows\u00a0\u00a0 7 Prof.<\/li>\n<\/ul>\n<h5><span class=\"ez-toc-section\" id=\"%E2%80%93_Herramientas_Base\"><\/span><a name=\"SOFTBASE\"><\/a><br \/>\n&#8211; <em><strong>Herramientas Base:<\/strong><\/em><span class=\"ez-toc-section-end\"><\/span><\/h5>\n<ul>\n<li><strong>Ofim\u00e1tica<\/strong>: MS Office, Libre Office, Open Office\n<ul>\n<li><strong><em><a href=\"http:\/\/www.openoffice.org\/es\/soporte\/documentacion.html\">[ Libre Office: Manual Primeros Pasos (espa\u00f1ol) ]<\/a><\/em><\/strong><\/li>\n<li><strong><em><a href=\"http:\/\/www.openoffice.org\/es\/soporte\/documentacion.html\">[ OpenOffice: Documentaci\u00f3n en espa\u00f1ol (espa\u00f1ol) ]<\/a><\/em><\/strong><\/li>\n<\/ul>\n<\/li>\n<li><strong>Internet<\/strong>: IE, Mozila Firefox, SeaMonkey, ThunderBird, Google Chrome.\n<ul>\n<li><strong><em><a href=\"http:\/\/www.destroyerweb.com\/tutos\/thunderbird\/manual-thunderbird.htm\">[ Thunderbird: Manual Instalaci\u00f3n y uso (espa\u00f1ol) \/ Manual Gral. (espa\u00f1ol) ]\u00a0<\/a><\/em><\/strong><em>Cliente de correo electr\u00f3nico.<\/em><\/li>\n<\/ul>\n<ul>\n<li><strong><em><a href=\"https:\/\/americandominios.com\/conta\/knowledgebase\/776\/RoundCube-Manual-Completo-De-Usuario.html#Pantalla_de_estado_.282.29\">[ RoundCube: Manual de Usuario (espa\u00f1ol, de<\/a><\/em><\/strong><strong><em><a href=\"https:\/\/americandominios.com\/conta\/knowledgebase\/776\/RoundCube-Manual-Completo-De-Usuario.html#Pantalla_de_estado_.282.29\"> americandominios.com) ]<\/a> <\/em><\/strong><em>Cliente web de EMail.<\/em><\/li>\n<li><strong><em><a href=\"https:\/\/www.upm.es\/sfs\/Rectorado\/Vicerrectorado%20de%20Tecnologias%20de%20la%20Informacion%20y%20Servicios%20en%20Red\/Servicio%20de%20Planificacion%20Informatica%20y%20Comunicaciones\/Correo%20Electronico\/Servicio%20de%20Correo%20Electronico\/Ayuda_webmail_personal_2020_v2.pdf\">[ RoundCube: Manual de Usuario (espa\u00f1ol, de upm.es) ]<\/a> <\/em><\/strong><em>Cliente web de EMail.<\/em><\/li>\n<li><strong><em><a href=\"https:\/\/apatgn.org\/documents\/10374\/1581701\/Manual+B%C3%A1sico+Roundcube\/87513b44-c473-4126-a3d7-ef0355503726\">[ RoundCube: Manual de Usuario (apatgn.org) ]<\/a> <\/em><\/strong><em>Cliente web de EMail.<\/em><\/li>\n<li><strong><em><a href=\"https:\/\/blog.loading.es\/2021\/08\/19\/crear-filtros-practicos-en-roundcube-webmail\/\">[ RoundCube: Guia filtros (espa\u00f1ol, loading.es) ]<\/a> <\/em><\/strong><em>Cliente web de EMail.<\/em><\/li>\n<\/ul>\n<\/li>\n<li><strong>AntiMalware<\/strong>: Avast, ClamWin\n<ul>\n<li><strong><em><a href=\"http:\/\/clamwin.blogspot.com.ar\/2008\/05\/documentacin.html#2\">[ ClamWin: Documentacion (espa\u00f1ol) ]<\/a><\/em><\/strong><\/li>\n<\/ul>\n<\/li>\n<li><strong>Multimedia<\/strong>: XnView, VLCMediaPlayer, WindowsMediaPlayer\n<ul>\n<li><strong><em><a href=\"http:\/\/materialestic.es\/manuales\/XnView.manual.para.el.usuario.pdf\">[ XNView: Documentaci\u00f3n (espa\u00f1ol) ]<\/a><\/em><\/strong> <em>Visualizador Im\u00e1genes<\/em>.<\/li>\n<li><strong><em><a href=\"http:\/\/www.xnview.com\/wiki\/index.php\/XnView_%28Windows%29_User_Guide\">[ XNView: User Guide (english) ]<\/a><\/em><\/strong><\/li>\n<li><strong><em><a href=\"https:\/\/wiki.videolan.org\/Documentation:Documentation\">[ VLC: User Guide (english) ]<\/a><\/em><\/strong>\u00a0 <em>Visualizador de videos.<\/em><\/li>\n<\/ul>\n<\/li>\n<li><strong>CD\/DVD<\/strong>: CDBurnerXP, DeepBurn, InfraRecorder, Nero<\/li>\n<li><strong>Lector<\/strong>es: FoxitReader, AcrobatReader, FreePDF2Word, SumatraPDFReader, NotePad++<\/li>\n<li><strong>Archivos Compartidos &#8211; Nube Exactas <\/strong>: Personalizaci\u00f3n FCEN de Nextcloud, usable desde web y\/o cliente PC\n<ul>\n<li><span style=\"color: #800080;\"><em>[ NOTA : puede presentar problemas en la modificaci\u00f3n simultanea de un archivo ]<\/em><\/span><\/li>\n<li><strong><em><a href=\"https:\/\/exactas.uba.ar\/uti\/servicios\/servidor-de-archivos-nube\/\">[ Documentacion NubeExactas ]<\/a><\/em><\/strong><\/li>\n<\/ul>\n<\/li>\n<li><strong>Varios<\/strong>: MSPowerCalc, Calc98, TapeCalc, 7Zip, Winrar, MyDefrag, TotalComander<\/li>\n<li><strong>Otros<\/strong>: BlenderPortable, FreeMatPortable, GIMPPortable, SWI-Prolog\n<ul>\n<li><strong><em><a href=\"https:\/\/exactas.uba.ar\/uti\/wp-content\/uploads\/2014\/10\/trabajo_cobian_backup.pdf\">[ Cobian Backup: Instalaci\u00f3n y Configuraci\u00f3n (espa\u00f1ol) ]<\/a> <\/em><\/strong><em>Respaldos autom\u00e1ticos.<\/em><\/li>\n<li><strong><em><a href=\"..\/wp-content\/uploads\/2014\/10\/CobianManual.pdf\">[ Cobian Backup: Manual (espa\u00f1ol) ]<\/a> <\/em><\/strong><em>Respaldos autom\u00e1ticos.<\/em><\/li>\n<li><strong><em><a href=\"https:\/\/docs.blender.org\/manual\/es\/2.79\/\">[ Blender:\u00a0 Manual\u00a0 (espa\u00f1ol)]<\/a> <\/em><\/strong><em>Modelado, renderizado, animaci\u00f3n y creaci\u00f3n de gr\u00e1ficos tridimensionales<\/em><\/li>\n<li><strong><em><a href=\"http:\/\/openaccess.uoc.edu\/webapps\/o2\/bitstream\/10609\/9702\/1\/Manual_de_Introduccion_a_Blender.pdf\">[ Blender: Manual Introducci\u00f3n (espa\u00f1ol)]<\/a><\/em><\/strong><\/li>\n<li><strong><em><a href=\"http:\/\/softlibre.unizar.es\/manuales\/aplicaciones\/gimp\/gimp-es-manual.pdf\">[ Gimp:\u00a0 Manual de usuario GIMP (espa\u00f1ol) ]<\/a><\/em><\/strong><em>Editor de im\u00e1genes (mapa de bit).<\/em><\/li>\n<li><strong><em><a href=\"http:\/\/www.imh.es\/es\/comunicacion\/dokumentazio-irekia\/manuales\/curso-de-tratamiento-de-imagenes-con-gimp\">[ Gimp: Curso de uso en www.imh.es ]<\/a><\/em><\/strong><\/li>\n<li><strong><em><a href=\"..\/wp-content\/uploads\/2015\/09\/TeamViewer-QS-PrimerosPasos-es.pdf\">[ TeamViewer:\u00a0 QS Asistencia Instant\u00e1nea (espa\u00f1ol) ]<\/a><\/em><\/strong><em>Acceso remoto.<\/em><\/li>\n<li><strong><em><a href=\"..\/wp-content\/uploads\/2015\/09\/TeamViewer-QS-PrimerosPasosReuniones-es.pdf\">[ TeamViewer: QS Reuniones Instant\u00e1neas (espa\u00f1ol) ]<\/a><\/em><\/strong><\/li>\n<li><strong><em><a href=\"http:\/\/www.rainlendar.net\/download\/UserGuide-Spanish.pdf\">[ Rainlendar: Manual (espa\u00f1ol) ]<\/a><\/em><\/strong><em> Calendarios personalizados<\/em><\/li>\n<\/ul>\n<\/li>\n<\/ul>\n<p><a href=\"..\/wp-content\/uploads\/2013\/11\/UTI-INF-SoftBase.pdf\">Para ver un breve explicaci\u00f3n de cada uno de los principales programas y software base, utilice este link<\/a><\/p>\n<h5><span class=\"ez-toc-section\" id=\"%E2%80%93_Principales_Aplicativos_Especificos_segun_el_area_usuaria\"><\/span><a name=\"SISTEMAS\"><\/a><br \/>\n<i><b>&#8211; Principales Aplicativos Espec\u00edficos (seg\u00fan el \u00e1rea usuaria):<\/b><\/i><span class=\"ez-toc-section-end\"><\/span><\/h5>\n<ul>\n<li><strong>Pilag\u00e1<\/strong>: Sistema Gesti\u00f3n Presupuestaria, Financiera y Contable (Sec. Hacienda)\n<ul>\n<li><i>[ <a href=\"..\/wp-content\/uploads\/2014\/09\/Manual-de-Inducci%C3%B3n-al-Sistema-Pilag%C3%A1-V2.0.pdf\">Manual Introducci\u00f3n Sistema Pilag\u00e1<\/a> ]<\/i><\/li>\n<\/ul>\n<\/li>\n<li><strong>Prisma<\/strong>: Sistema Gesti\u00f3n de Personal\/RRHH (Dto. Personal)<\/li>\n<li><strong>COMDOC<\/strong>: Sistema de Comunicaciones Documentales<\/li>\n<li><strong>Sacfe<\/strong>: Sistema de Alumnos (Alumnos) <em><strong>[ Reemplazado por SIU-GUARANI ]<\/strong><\/em><\/li>\n<li><strong>Spafe<\/strong>: Sistema de Patrimonio (Patrimonio)<\/li>\n<li><strong>Sauba<\/strong>: Sistema Expedientes\/Resoluciones\/Sesiones de Consejo (Decanato) <em><strong>[ Reemplazado por COMDOC 2018 ]<\/strong><\/em>\n<ul>\n<li><i>[ <a href=\"..\/wp-content\/uploads\/2014\/07\/SAUBA.pdf\">Gu\u00eda de Usuario<\/a> \/ <a href=\"..\/wp-content\/\/uploads\/2014\/07\/SAUBA_PROCADM.pdf\">Manual Procedimientos Administrativos<\/a> ]<\/i><\/li>\n<\/ul>\n<\/li>\n<li><strong>COMDOC<\/strong>: <a href=\"https:\/\/exactas.uba.ar\/documentacion-comdoc\/\">Documentaci\u00f3n Sistema Expedientes FCEN<\/a> <em><strong>[ Reemplazado por GDE 2021]<\/strong><\/em><\/li>\n<li><strong>GDE<\/strong>: <a href=\"https:\/\/exactas.uba.ar\/gde\/\">Sistema de Gesti\u00f3n Documental Electr\u00f3nica UBA (GDE-UBA)<\/a><\/li>\n<li><strong>Sumi<\/strong>: Sistema Gesti\u00f3n de Suministros (Dto. Suministros)\n<ul>\n<li><i>[ <a href=\"..\/\/wp-content\/uploads\/2014\/07\/SUMINISTROS_MANUAL_DEL_USUARIO.pdf\">Manual de Usuario<\/a> ]<\/i><\/li>\n<\/ul>\n<\/li>\n<li><strong>Factura<\/strong>: M\u00f3dulo de Facturaci\u00f3n de Servicios (Contable)<\/li>\n<li><strong>ConcBancaria<\/strong>: Sistema de control de Conciliaci\u00f3n Bancaria (Contable)<\/li>\n<li><strong>PagoPasantias<\/strong>: M\u00f3dulo de control de pagos de Pasant\u00edas (Tesorer\u00eda)<\/li>\n<li><strong>PremiosInc<\/strong>: M\u00f3dulo de control de pagos de Premios\/Incentivos (Tesorer\u00eda)<\/li>\n<\/ul>\n<p><a name=\"COMDOC\"><\/a><\/p>\n<h6><span class=\"ez-toc-section\" id=\"%E2%80%93_Sistema_COMDOC_%E2%80%93_FCEN\"><\/span><i><b>&#8211; Sistema COMDOC &#8211; FCEN\u00a0<\/b><\/i><i><\/i><span class=\"ez-toc-section-end\"><\/span><\/h6>\n<ul>\n<li><a href=\"https:\/\/exactas.uba.ar\/documentacion-comdoc\/\">Enlace Pagina de Documentaci\u00f3n COMDOC-FCEN<\/a><\/li>\n<li><a href=\"https:\/\/exactas.uba.ar\/uti\/administrativos\/comdoc\/\">Enlace Pagina UTI de COMDOC-FCEN<\/a><\/li>\n<li><i><a href=\"https:\/\/exactas.uba.ar\/uti\/wp-content\/uploads\/2018\/11\/ResolucionCOMDOC-D-18-2355.pdf\">Resoluci\u00f3n Decano D-18-2355 &#8211; Implementaci\u00f3n COMDOC III<\/a><\/i><\/li>\n<\/ul>\n<h6><span class=\"ez-toc-section\" id=\"%E2%80%93_Sistema_SEE_Sistema_Expediente_Electronico_GDE_Gestion_Documental_Electronica_UBA_UBA-FCEN\"><\/span><i><b>&#8211; Sistema SEE (S<\/b><\/i><i><b>istema Expediente Electr\u00f3nico) \/ GDE (<\/b><\/i>Gesti\u00f3n Documental Electr\u00f3nica UBA) <i><b>UBA-FCEN<\/b><\/i><span class=\"ez-toc-section-end\"><\/span><\/h6>\n<ul>\n<li><a href=\"https:\/\/exactas.uba.ar\/gde\">Enlace p\u00e1gina Web GDE FCEN<\/a><\/li>\n<li><a href=\"https:\/\/exactas.uba.ar\/uti\/administrativos\/see\/\">Enlace SEE &#8211; Sistema Expediente Electr\u00f3nico de Expedientes, de FCEN<\/a><\/li>\n<li><a href=\"https:\/\/cas-uba.gde.gob.ar\/\">Enlace acceso al aplicativo Web<\/a><\/li>\n<\/ul>\n<h6><span class=\"ez-toc-section\" id=\"%E2%80%93_Otros\"><\/span><i><b>&#8211; Otros<\/b><\/i><span class=\"ez-toc-section-end\"><\/span><\/h6>\n<ul>\n<li><a href=\"\/uti\/administrativos\/recomendaciones-de-seguridad\/\">Algunas recomendaciones de seguridad en la red.<\/a><\/li>\n<li><a href=\"https:\/\/exactas.uba.ar\/uti\/wp-content\/uploads\/2020\/03\/Contenidos-Capacitacion.pdf\">Charlas de capacitaci\u00f3n, divulgaci\u00f3n y acercamiento con usuarios.<\/a><\/li>\n<li><\/li>\n<\/ul>\n","protected":false},"excerpt":{"rendered":"<p>Objetivo y Destinatarios En esta p\u00e1gina se va a poder encontrar informaci\u00f3n de todos los sistemas y servicios brindados por la UTI para los administrativos de esta facultad Estos son los Servicios asociados al Personal Administrativo de la Facultad de <a href=\"https:\/\/exactas.uba.ar\/uti\/administrativos\/\" rel=\"nofollow\"><span class=\"sr-only\">Leer m\u00e1sAdministrativos<\/span>[&hellip;]<\/a><\/p>\n","protected":false},"author":1,"featured_media":0,"parent":0,"menu_order":2,"comment_status":"closed","ping_status":"closed","template":"","meta":{"_monsterinsights_skip_tracking":false,"_monsterinsights_sitenote_active":false,"_monsterinsights_sitenote_note":"","_monsterinsights_sitenote_category":0,"_mc_calendar":[],"footnotes":""},"class_list":["post-30","page","type-page","status-publish","hentry"],"_links":{"self":[{"href":"https:\/\/exactas.uba.ar\/uti\/wp-json\/wp\/v2\/pages\/30","targetHints":{"allow":["GET"]}}],"collection":[{"href":"https:\/\/exactas.uba.ar\/uti\/wp-json\/wp\/v2\/pages"}],"about":[{"href":"https:\/\/exactas.uba.ar\/uti\/wp-json\/wp\/v2\/types\/page"}],"author":[{"embeddable":true,"href":"https:\/\/exactas.uba.ar\/uti\/wp-json\/wp\/v2\/users\/1"}],"replies":[{"embeddable":true,"href":"https:\/\/exactas.uba.ar\/uti\/wp-json\/wp\/v2\/comments?post=30"}],"version-history":[{"count":215,"href":"https:\/\/exactas.uba.ar\/uti\/wp-json\/wp\/v2\/pages\/30\/revisions"}],"predecessor-version":[{"id":3460,"href":"https:\/\/exactas.uba.ar\/uti\/wp-json\/wp\/v2\/pages\/30\/revisions\/3460"}],"wp:attachment":[{"href":"https:\/\/exactas.uba.ar\/uti\/wp-json\/wp\/v2\/media?parent=30"}],"curies":[{"name":"wp","href":"https:\/\/api.w.org\/{rel}","templated":true}]}}