{"id":2989,"date":"2022-02-11T10:44:20","date_gmt":"2022-02-11T13:44:20","guid":{"rendered":"https:\/\/exactas.uba.ar\/uti\/?page_id=2989"},"modified":"2026-04-06T14:26:02","modified_gmt":"2026-04-06T17:26:02","slug":"labos","status":"publish","type":"page","link":"https:\/\/exactas.uba.ar\/uti\/servicios\/labos\/","title":{"rendered":"Laboratorios Inform\u00e1ticos"},"content":{"rendered":"<blockquote>\n<div id=\"ez-toc-container\" class=\"ez-toc-v2_0_82_2 counter-hierarchy ez-toc-counter ez-toc-grey ez-toc-container-direction\">\n<p class=\"ez-toc-title\" style=\"cursor:inherit\">Table of Contents<\/p>\n<label for=\"ez-toc-cssicon-toggle-item-69df7bed828a1\" class=\"ez-toc-cssicon-toggle-label\"><span class=\"\"><span class=\"eztoc-hide\" style=\"display:none;\">Toggle<\/span><span class=\"ez-toc-icon-toggle-span\"><svg style=\"fill: #999;color:#999\" xmlns=\"http:\/\/www.w3.org\/2000\/svg\" class=\"list-377408\" width=\"20px\" height=\"20px\" viewBox=\"0 0 24 24\" fill=\"none\"><path d=\"M6 6H4v2h2V6zm14 0H8v2h12V6zM4 11h2v2H4v-2zm16 0H8v2h12v-2zM4 16h2v2H4v-2zm16 0H8v2h12v-2z\" fill=\"currentColor\"><\/path><\/svg><svg style=\"fill: #999;color:#999\" class=\"arrow-unsorted-368013\" xmlns=\"http:\/\/www.w3.org\/2000\/svg\" width=\"10px\" height=\"10px\" viewBox=\"0 0 24 24\" version=\"1.2\" baseProfile=\"tiny\"><path d=\"M18.2 9.3l-6.2-6.3-6.2 6.3c-.2.2-.3.4-.3.7s.1.5.3.7c.2.2.4.3.7.3h11c.3 0 .5-.1.7-.3.2-.2.3-.5.3-.7s-.1-.5-.3-.7zM5.8 14.7l6.2 6.3 6.2-6.3c.2-.2.3-.5.3-.7s-.1-.5-.3-.7c-.2-.2-.4-.3-.7-.3h-11c-.3 0-.5.1-.7.3-.2.2-.3.5-.3.7s.1.5.3.7z\"\/><\/svg><\/span><\/span><\/label><input type=\"checkbox\"  id=\"ez-toc-cssicon-toggle-item-69df7bed828a1\"  aria-label=\"Alternar\" \/><nav><ul class='ez-toc-list ez-toc-list-level-1 ' ><li class='ez-toc-page-1 ez-toc-heading-level-2'><a class=\"ez-toc-link ez-toc-heading-1\" href=\"https:\/\/exactas.uba.ar\/uti\/servicios\/labos\/#Actualizacion_2026_Los_reclamos_por_tema_de_software_yo_sistema_operativo_de_los_laboratorios_se_debe_realizar_UNICAMENTE_por_medio_del_nuevo_sistema_de_tickets_en_la_pagina_web_https_mesasoporteexactasubaar\" >Actualizaci\u00f3n 2026 : Los reclamos por tema de software y\/o sistema operativo de los laboratorios, se debe realizar UNICAMENTE, por medio del nuevo sistema de tickets en la p\u00e1gina web :\u00a0https:\/\/mesasoporte.exactas.uba.ar\/\u00a0\u00a0<\/a><\/li><li class='ez-toc-page-1 ez-toc-heading-level-2'><a class=\"ez-toc-link ez-toc-heading-2\" href=\"https:\/\/exactas.uba.ar\/uti\/servicios\/labos\/#Ubicaciones\" >Ubicaciones<\/a><ul class='ez-toc-list-level-3' ><li class='ez-toc-heading-level-3'><a class=\"ez-toc-link ez-toc-heading-3\" href=\"https:\/\/exactas.uba.ar\/uti\/servicios\/labos\/#Pabellon_CeroInfinito\" >Pabell\u00f3n Cero+Infinito<\/a><\/li><li class='ez-toc-page-1 ez-toc-heading-level-3'><a class=\"ez-toc-link ez-toc-heading-4\" href=\"https:\/\/exactas.uba.ar\/uti\/servicios\/labos\/#Pabellon_I\" >Pabell\u00f3n I<\/a><\/li><li class='ez-toc-page-1 ez-toc-heading-level-3'><a class=\"ez-toc-link ez-toc-heading-5\" href=\"https:\/\/exactas.uba.ar\/uti\/servicios\/labos\/#Pabellon_II\" >Pabell\u00f3n II<\/a><\/li><\/ul><\/li><li class='ez-toc-page-1 ez-toc-heading-level-2'><a class=\"ez-toc-link ez-toc-heading-6\" href=\"https:\/\/exactas.uba.ar\/uti\/servicios\/labos\/#Caracteristicas_del_equipamiento_y_configuraciones\" >Caracter\u00edsticas del equipamiento y configuraciones<\/a><\/li><li class='ez-toc-page-1 ez-toc-heading-level-2'><a class=\"ez-toc-link ez-toc-heading-7\" href=\"https:\/\/exactas.uba.ar\/uti\/servicios\/labos\/#Identificacion_de_Puestos_de_trabajo\" >Identificaci\u00f3n de Puestos de trabajo<\/a><ul class='ez-toc-list-level-3' ><li class='ez-toc-heading-level-3'><a class=\"ez-toc-link ez-toc-heading-8\" href=\"https:\/\/exactas.uba.ar\/uti\/servicios\/labos\/#Edificio_CeroInfinito\" >Edificio Cero+Infinito<\/a><\/li><li class='ez-toc-page-1 ez-toc-heading-level-3'><a class=\"ez-toc-link ez-toc-heading-9\" href=\"https:\/\/exactas.uba.ar\/uti\/servicios\/labos\/#Pabellon_I-2\" >Pabell\u00f3n I<\/a><\/li><li class='ez-toc-page-1 ez-toc-heading-level-3'><a class=\"ez-toc-link ez-toc-heading-10\" href=\"https:\/\/exactas.uba.ar\/uti\/servicios\/labos\/#Pabellon_II-2\" >Pabell\u00f3n II<\/a><\/li><\/ul><\/li><li class='ez-toc-page-1 ez-toc-heading-level-2'><a class=\"ez-toc-link ez-toc-heading-11\" href=\"https:\/\/exactas.uba.ar\/uti\/servicios\/labos\/#Reporte_de_Problemas_en_Laboratorios_Informaticos\" >Reporte de Problemas en Laboratorios Inform\u00e1ticos<\/a><\/li><li class='ez-toc-page-1 ez-toc-heading-level-2'><a class=\"ez-toc-link ez-toc-heading-12\" href=\"https:\/\/exactas.uba.ar\/uti\/servicios\/labos\/#Software_en_Labos\" >Software en Labos<\/a><ul class='ez-toc-list-level-3' ><li class='ez-toc-heading-level-3'><a class=\"ez-toc-link ez-toc-heading-13\" href=\"https:\/\/exactas.uba.ar\/uti\/servicios\/labos\/#Pedidos_de_software\" >Pedidos de software<\/a><\/li><li class='ez-toc-page-1 ez-toc-heading-level-3'><a class=\"ez-toc-link ez-toc-heading-14\" href=\"https:\/\/exactas.uba.ar\/uti\/servicios\/labos\/#Software_existente_en_los_equipos\" >Software existente en los equipos<\/a><\/li><li class='ez-toc-page-1 ez-toc-heading-level-3'><a class=\"ez-toc-link ez-toc-heading-15\" href=\"https:\/\/exactas.uba.ar\/uti\/servicios\/labos\/#Configuraciones_especiales_en_algunas_materias_%E2%80%93_1er_cuatrimestre_2022\" >Configuraciones especiales en algunas materias &#8211; 1er cuatrimestre 2022<\/a><\/li><\/ul><\/li><li class='ez-toc-page-1 ez-toc-heading-level-2'><a class=\"ez-toc-link ez-toc-heading-16\" href=\"https:\/\/exactas.uba.ar\/uti\/servicios\/labos\/#Informacion_adicional\" >Informaci\u00f3n adicional<\/a><\/li><\/ul><\/nav><\/div>\n<h2><span class=\"ez-toc-section\" id=\"Actualizacion_2026_Los_reclamos_por_tema_de_software_yo_sistema_operativo_de_los_laboratorios_se_debe_realizar_UNICAMENTE_por_medio_del_nuevo_sistema_de_tickets_en_la_pagina_web_https_mesasoporteexactasubaar\"><\/span><strong><span style=\"color: #993366;\">Actualizaci\u00f3n 2026 <\/span><span style=\"color: #993366;\">: Los reclamos por tema de software y\/o sistema operativo de los laboratorios, se debe realizar UNICAMENTE, por medio del nuevo sistema de tickets en la p\u00e1gina web :\u00a0<\/span><\/strong><em><strong><span style=\"color: #993366;\"><a href=\"https:\/\/mesasoporte.exactas.uba.ar\/\">https:\/\/mesasoporte.exactas.uba.ar\/<\/a>\u00a0\u00a0<\/span><\/strong><\/em><span class=\"ez-toc-section-end\"><\/span><\/h2>\n<p style=\"text-align: left;\"><span style=\"color: #008000;\"><em><strong>Los reclamos por problemas en el equipamiento, en todos los casos describiendo en forma detallada y precisa el inconveniente y la ubicaci\u00f3n del (de los) equipo(s) afectados, se realiza seg\u00fan su motivo de las siguientes formas :<\/strong><\/em><\/span><\/p>\n<ul>\n<li aria-level=\"1\"><span style=\"color: #008000;\"><strong><em>Los reportes sobre problemas en los laboratorios del tipo el\u00e9ctrico en PC y\/o monitores y fallas o faltantes de teclados y mouse, pueden hacerse directamente en la BEDELIA correspondiente al edificio del laboratorio\/aula inform\u00e1tica correspondiente.<\/em><br \/>\n<\/strong><\/span><\/li>\n<li aria-level=\"1\"><span style=\"color: #ff0000;\"><strong><span style=\"color: #008000;\"><em>Los problemas respecto a fallas en el sistema operativo, o fallas\/faltantes de software de uso acad\u00e9mico, debe realizarse por medio del <a href=\"https:\/\/mesasoporte.exactas.uba.ar\/\">Nuevo Sistema de tickets a UTI,<\/a>.\u00a0<\/em><\/span><\/strong><\/span><\/li>\n<\/ul>\n<\/blockquote>\n<blockquote>\n<p style=\"text-align: left;\"><span style=\"color: #008000;\"><em style=\"color: #008000;\"><strong>Pedidos de software para el dictado de clases, realizarlos por medio del <\/strong><\/em><del><\/del><em style=\"color: #008000;\"><strong>nuevo sistema de ticket <a href=\"https:\/\/mesasoporte.exactas.uba.ar\/\">https:\/\/mesasoporte.exactas.uba.ar\/<\/a> , con la mayor anticipaci\u00f3n posible.<\/strong><\/em><\/span><\/p>\n<ul>\n<li aria-level=\"1\"><span style=\"color: #008000;\"><strong><em>1er cuatrimestre antes del 15 de febrero<\/em><\/strong><\/span><\/li>\n<li aria-level=\"1\"><span style=\"color: #008000;\"><strong><em>2do cuatrimestre antes del 15 de julio<\/em><\/strong><\/span><\/li>\n<li aria-level=\"1\"><span style=\"color: #008000;\"><strong><em>Cursos de Verano antes del 3<\/em><em>0 de diciembre<\/em><\/strong><\/span><\/li>\n<\/ul>\n<\/blockquote>\n<p>Si se desea consultar las <a href=\"https:\/\/exactas.uba.ar\/aulas\/\">reservas de las aulas, utilice este enlace.<\/a><\/p>\n<p>Las solicitudes de reserva de labos, igual que cualquier otra aula de la facultad, se realiza por medio de Bedel\u00eda \/ Direcci\u00f3n de Alumnos y Graduados.<\/p>\n<p><!--more--><\/p>\n<hr \/>\n<hr \/>\n<h2><span class=\"ez-toc-section\" id=\"Ubicaciones\"><\/span>Ubicaciones<span class=\"ez-toc-section-end\"><\/span><\/h2>\n<h3><span class=\"ez-toc-section\" id=\"Pabellon_CeroInfinito\"><\/span>Pabell\u00f3n Cero+Infinito<span class=\"ez-toc-section-end\"><\/span><\/h3>\n<p>Las aulas\/laboratorios inform\u00e1ticos se encuentran en la PB del pabell\u00f3n 0+inf. Son un total de 10, del <span style=\"color: #0000ff;\"><em><strong>aulas<\/strong><\/em><\/span> <span style=\"color: #0000ff;\"><em><strong>1103<\/strong><\/em><\/span> a la <span style=\"color: #0000ff;\"><em><strong>1112<\/strong><\/em><\/span>:<\/p>\n<p><a href=\"https:\/\/exactas.uba.ar\/uti\/wp-content\/uploads\/2022\/02\/Plano-Labos-0inf.png\"><img loading=\"lazy\" decoding=\"async\" class=\"aligncenter wp-image-2992 size-large\" src=\"https:\/\/exactas.uba.ar\/uti\/wp-content\/uploads\/2022\/02\/Plano-Labos-0inf-1024x525.png\" alt=\"\" width=\"640\" height=\"328\" srcset=\"https:\/\/exactas.uba.ar\/uti\/wp-content\/uploads\/2022\/02\/Plano-Labos-0inf-1024x525.png 1024w, https:\/\/exactas.uba.ar\/uti\/wp-content\/uploads\/2022\/02\/Plano-Labos-0inf-300x154.png 300w, https:\/\/exactas.uba.ar\/uti\/wp-content\/uploads\/2022\/02\/Plano-Labos-0inf-768x394.png 768w, https:\/\/exactas.uba.ar\/uti\/wp-content\/uploads\/2022\/02\/Plano-Labos-0inf.png 1032w\" sizes=\"auto, (max-width: 640px) 100vw, 640px\" \/><\/a><\/p>\n<h3><\/h3>\n<h3><span class=\"ez-toc-section\" id=\"Pabellon_I\"><\/span>Pabell\u00f3n I<span class=\"ez-toc-section-end\"><\/span><\/h3>\n<p>Se encuentran en etapa final de instalaci\u00f3n, 2 nuevos laboratorios en PB del Pabell\u00f3n I, denominados <span style=\"color: #0000ff;\"><em><strong>Labo1<\/strong><\/em><\/span> (con 34 equipos) y <em><strong><span style=\"color: #0000ff;\">Labo2<\/span><\/strong><\/em> (con 20 equipos) que estar\u00e1n operativos en Agosto del 2025, para el 2do. cuatrimestre. Son todos equipos AMD Ryzen 7, con 32 GB Ram, SD 1TB y Monitores de 22&#8243;.<\/p>\n<h3><span class=\"ez-toc-section\" id=\"Pabellon_II\"><\/span>Pabell\u00f3n II<span class=\"ez-toc-section-end\"><\/span><\/h3>\n<p>Existen adicionalmente 2 laboratorios con menor cantidad de computadoras en el Pab.2, primer piso, frente a la biblioteca central, denominadas hist\u00f3ricamente como <strong><a href=\"https:\/\/exactas.uba.ar\/uti\/alumnos\/laboratorios-informaticos\/documentacion\"><em>Aula-A<\/em> y <em>Aula-B <\/em>(mas informaci\u00f3n al respecto desde este enlace)<\/a>.<\/strong><\/p>\n<hr \/>\n<h2><span class=\"ez-toc-section\" id=\"Caracteristicas_del_equipamiento_y_configuraciones\"><\/span>Caracter\u00edsticas del equipamiento y configuraciones<span class=\"ez-toc-section-end\"><\/span><\/h2>\n<p>La configuraci\u00f3n y mantenimiento del parque inform\u00e1tico de los mismos est\u00e1 a cargo de UTI. Cuentan con una totalidad de 480 computadoras.<\/p>\n<p><a href=\"https:\/\/exactas.uba.ar\/uti\/wp-content\/uploads\/2022\/03\/CI-L1110-Interior.jpg\"><img loading=\"lazy\" decoding=\"async\" class=\"alignleft size-medium wp-image-539\" src=\"https:\/\/exactas.uba.ar\/uti\/wp-content\/uploads\/2022\/03\/CI-L1110-Interior.jpg\" alt=\"Labo1110\" width=\"500\" height=\"200\" \/><\/a><\/p>\n<ul>\n<li>Modelos de PCs: OptiPlex 3070; OptiPlex 7070; o clones.<\/li>\n<li>Procesadores: Intel i7 (8va gen); o AMD Ryzen 7.<\/li>\n<li>Almacenamiento: 1TB<\/li>\n<li>Memoria: 16GB o 32GB<\/li>\n<li>Sistema Operativo: Linux Ubuntu<\/li>\n<\/ul>\n<ul>\n<li>Software general instalado:\n<ul>\n<li style=\"list-style-type: none;\">\n<ul>\n<li><em>Navegadores (Chrome y Firefox)<\/em><\/li>\n<li><em>LibreOffice<\/em><\/li>\n<li><em>VirtualBox<\/em><\/li>\n<li><em>Zoom<\/em><\/li>\n<li><em>Software solicitado por las materias<\/em><\/li>\n<\/ul>\n<\/li>\n<li><\/li>\n<\/ul>\n<\/li>\n<\/ul>\n<blockquote><p>Las computadoras son de uso compartido y, por el momento, hay un \u00fanico usuario para ingresar. Por lo tanto, los archivos de trabajo deben resguardarse en la nube o alg\u00fan dispositivo de almacenamiento personal.<br \/>\nAdem\u00e1s, no guarden datos personales ni contrase\u00f1as y recuerden cerrar sesi\u00f3n en los servicios que autentiquen desde el navegador (mail, campus, etc).<\/p><\/blockquote>\n<h2><\/h2>\n<hr \/>\n<h2><span class=\"ez-toc-section\" id=\"Identificacion_de_Puestos_de_trabajo\"><\/span>Identificaci\u00f3n de Puestos de trabajo<span class=\"ez-toc-section-end\"><\/span><\/h2>\n<p>Oportunamente, se colocaron etiquetas identificatorias de los gabinetes (CPU) de los puestos de trabajo para facilitar su identificaci\u00f3n, la cual debe ser utilizada para informar problemas o inconvenientes con el mismo.<\/p>\n<p>A continuaci\u00f3n, se explica el mecanismo de identificaci\u00f3n utilizado seg\u00fan los distintos tipos de laboratorios que se encuentran en los edificios de la FCEN.<\/p>\n<h3><span class=\"ez-toc-section\" id=\"Edificio_CeroInfinito\"><\/span>Edificio Cero+Infinito<span class=\"ez-toc-section-end\"><\/span><\/h3>\n<p>Oportunamente, se colocaron etiquetas identificatorias de los gabinetes (CPU) de los puestos de trabajo. Para el caso del edificio <em><strong>Cero+Infinito,<\/strong><\/em> se colocaron tambi\u00e9n etiquetas en las puertas de las jaulas de seguridad donde se encuentran los equipos y <a href=\"https:\/\/exactas.uba.ar\/uti\/wp-content\/uploads\/2022\/03\/Labos-0I-Puestos.pdf\">el esquema de identificaci\u00f3n se encuentra descrito es el documento de este link.<\/a><\/p>\n<p>Un ejemplo de identificaci\u00f3n es <em><strong>PC<span dir=\"ltr\" style=\"color: #008000;\" role=\"presentation\">3<\/span><span dir=\"ltr\" style=\"color: #0000ff;\" role=\"presentation\">4<\/span><span dir=\"ltr\" role=\"presentation\">.<\/span><\/strong><\/em><span dir=\"ltr\" role=\"presentation\"><span style=\"color: #993300;\"><em><strong>06<\/strong><\/em><\/span>, donde se indica la PC ubicada en la m<\/span><span dir=\"ltr\" role=\"presentation\">esada <em><strong><span style=\"color: #008000;\">3<\/span><\/strong><\/em> (contando de izquierda a derecha al entrar al aula), PC nro. <em><strong><span style=\"color: #0000ff;\">4<\/span><\/strong><\/em> (contando desde la entrada hacia los ventanales), del laboratorio<\/span><span dir=\"ltr\" role=\"presentation\"><em><strong> 11<span style=\"color: #993300;\">06 <\/span><\/strong><\/em><span style=\"color: #000000;\">del edificio Cero + Infinito<\/span><span style=\"color: #000000;\">.<\/span><\/span><\/p>\n<h3><span class=\"ez-toc-section\" id=\"Pabellon_I-2\"><\/span>Pabell\u00f3n I<span class=\"ez-toc-section-end\"><\/span><\/h3>\n<p>Para el caso de los <em><strong>equipos en los labos 1 y 2 del Pabell\u00f3n I<\/strong><\/em>, el esquema es similar, pero los puestos se comienzan a numerar desde el 0 al 9. <a href=\"https:\/\/exactas.uba.ar\/uti\/wp-content\/uploads\/2025\/07\/P01-LabosPB.pdf\">El esquema de identificaci\u00f3n se encuentra descrito es el documento de este link.<\/a><\/p>\n<p>Ejemplo\u00a0 <em><strong>PC<span dir=\"ltr\" role=\"presentation\"><span style=\"color: #993300;\">2<\/span><\/span><span dir=\"ltr\" style=\"color: #008000;\" role=\"presentation\">3<\/span><span dir=\"ltr\" style=\"color: #0000ff;\" role=\"presentation\">4<\/span><\/strong><\/em><span dir=\"ltr\" role=\"presentation\">, donde se indica la PC ubicada en la m<\/span><span dir=\"ltr\" role=\"presentation\">esada <em><strong><span style=\"color: #008000;\">3<\/span><\/strong><\/em> (contando de izquierda a derecha al entrar al aula), PC nro. <em><strong><span style=\"color: #0000ff;\">4<\/span><\/strong><\/em> (contando desde la entrada hacia los ventanales y empezando desde 0), en el laboratorio<\/span><span dir=\"ltr\" role=\"presentation\"><em><strong> <span style=\"color: #993300;\">2 <\/span><\/strong><\/em><span style=\"color: #000000;\">del Pabell\u00f3n I<\/span><span style=\"color: #000000;\">.<\/span><\/span><\/p>\n<h3><span class=\"ez-toc-section\" id=\"Pabellon_II-2\"><\/span>Pabell\u00f3n II<span class=\"ez-toc-section-end\"><\/span><\/h3>\n<p>Para el caso de los equipos en los <em><strong>laboratorios A y B del Primer piso del Pabell\u00f3n II<\/strong><\/em>, los equipos se identifican simplemente por la letra del laboratorio y un numero correlativo desde 01, por ejemplo <em><strong><span dir=\"ltr\" role=\"presentation\"><span style=\"color: #993300;\">A<\/span><\/span><span dir=\"ltr\" style=\"color: #008000;\" role=\"presentation\">07, <\/span><\/strong><\/em><span dir=\"ltr\" style=\"color: #008000;\" role=\"presentation\"><span style=\"color: #000000;\">corresponde a la PC <span style=\"color: #008000;\"><em><strong>07 <\/strong><\/em><\/span>\u00a0del laboratorio <\/span><\/span><em><strong><span dir=\"ltr\" style=\"color: #008000;\" role=\"presentation\"><span dir=\"ltr\" role=\"presentation\"><span style=\"color: #993300;\">A,<\/span><\/span><\/span><\/strong><\/em><\/p>\n<h2><span class=\"ez-toc-section\" id=\"Reporte_de_Problemas_en_Laboratorios_Informaticos\"><\/span>Reporte de Problemas en Laboratorios Inform\u00e1ticos<span class=\"ez-toc-section-end\"><\/span><\/h2>\n<p>Los reportes sobre problemas en los laboratorios del tipo el\u00e9ctrico en PC y\/o monitores y fallas o faltantes de teclados y mouse, pueden hacerse directamente en la BEDELIA correspondiente al edificio del laboratorio\/aula inform\u00e1tica correspondiente.<\/p>\n<p>Los problemas respecto a fallas en el sistema operativo, o fallas\/faltantes de software de uso acad\u00e9mico, puede realizarse por medio del <a href=\"https:\/\/exactas.uba.ar\/uti\/soporte\/\">Sistema de tickets a UTI, seg\u00fan lo explicado en este link<\/a>.<\/p>\n<p>Eventualmente, puede realizarse este reclamo a UTI, directamente enviando un mail a <em><strong><a href=\"mailto:soporte@exactas.uba.ar\">soporte@exactas.uba.ar<\/a><\/strong><\/em><\/p>\n<p>En cualquiera de los casos, se requiere describir en forma detallada y precisa el inconveniente y la ubicaci\u00f3n del (de los) equipo(s) afectados.<\/p>\n<hr \/>\n<h2><span class=\"ez-toc-section\" id=\"Software_en_Labos\"><\/span>Software en Labos<span class=\"ez-toc-section-end\"><\/span><\/h2>\n<h3><span class=\"ez-toc-section\" id=\"Pedidos_de_software\"><\/span>Pedidos de software<span class=\"ez-toc-section-end\"><\/span><\/h3>\n<p>Para solicitar la instalaci\u00f3n de software para el dictado de clases se debe completar el\u00a0 <em><a href=\"https:\/\/forms.gle\/oY4EpzArpcKVUmR29\">formulario aqu\u00ed vinculado, <\/a><\/em><\/p>\n<p>Dichos pedidos deben hacerse con la anticipaci\u00f3n adecuada para poder ser instalado, desplegado y luego verificado en el conjunto de equipos. Las fechas l\u00edmite habituales son:<\/p>\n<ul>\n<li aria-level=\"1\"><span style=\"color: #800080;\"><em>1er cuatrimestre hasta el 15 de febrero<\/em><\/span><\/li>\n<li aria-level=\"1\"><span style=\"color: #800080;\"><em>2do cuatrimestre hasta el 15 de julio<\/em><\/span><\/li>\n<li aria-level=\"1\"><span style=\"color: #800080;\"><em>Cursos de Verano hasta el 3<\/em><em>0 de diciembre<\/em><\/span><\/li>\n<\/ul>\n<p>Para evitar inconvenientes, se sugiere, siempre antes de comenzar un nuevo cuatrimestre, indicar todos los programas que se necesitan en la materia y verificar su efectiva instalaci\u00f3n y funcionamiento, con anterioridad a su utilizaci\u00f3n.<\/p>\n<hr \/>\n<h3><span class=\"ez-toc-section\" id=\"Software_existente_en_los_equipos\"><\/span>Software existente en los equipos<span class=\"ez-toc-section-end\"><\/span><\/h3>\n<p>En general se trata de que todos los equipos en todos los laboratorios poseen el mismo conjunto de programas, pero debido a la continua solicitud de instalaci\u00f3n de programas y a lo din\u00e1mico de los requerimientos, surgen diferencias y no es posible mantener todos los laboratorios con todos los programas solicitados.<\/p>\n<p><a href=\"https:\/\/docs.google.com\/spreadsheets\/d\/1nxAUiDI76dnFv19rfCBIjXnbEvuhM70o\/edit#gid=1767399225\">Una lista de los programas que se encuentran, se puede consultar por medio del siguiente enlace<\/a>.<\/p>\n<hr \/>\n<h3><span class=\"ez-toc-section\" id=\"Configuraciones_especiales_en_algunas_materias_%E2%80%93_1er_cuatrimestre_2022\"><\/span>Configuraciones especiales en algunas materias &#8211; 1er cuatrimestre 2022<span class=\"ez-toc-section-end\"><\/span><\/h3>\n<table width=\"853\">\n<tbody>\n<tr>\n<td>Sensoramiento Remoto del Sistema Terrestre 1 y 2<\/td>\n<td>Para activar Anaconda correr en una terminal:<br \/>\n<span style=\"color: #0000ff;\"><em>source activate srst<\/em><\/span><\/td>\n<\/tr>\n<tr>\n<td>Matem\u00e1tica II (Biolog\u00eda)<\/td>\n<td>Para activar Anaconda con Jupyter Notebook, correr en una terminal:<br \/>\n<span style=\"color: #0000ff;\"><em>source activate mat2<\/em><\/span><\/td>\n<\/tr>\n<tr>\n<td>M\u00e9todos Estad\u00edsticos \/ M\u00e9todos Estad\u00edsticos en Ciencias de la Atm\u00f3sfera 1\/ M\u00e9todos de Regresi\u00f3n y Agrupamiento Aplicados en Informaci\u00f3n Climatol\u00f3gica (1er B)\/ Estad\u00edstica para el Sistema Clim\u00e1tico 2 (2do B)\/ M\u00e9todos Estad\u00edsticos en Geofluidos 1\/ M\u00e9todos Estad\u00edsticos en Geofluidos 2<\/td>\n<td>Para acceder a las librer\u00edas de Spyder, correr en una terminal:<br \/>\n<span style=\"color: #0000ff;\"><em>source activate me<\/em><\/span><\/td>\n<\/tr>\n<tr>\n<td>\u00c1lgebra Lineal Computacional (carrera Ciencias de\u00a0Datos)<\/td>\n<td>Para activar Anaconda (con Jupyter Notebook y Python) correr en una terminal: <em>source activate alc<\/em><\/td>\n<\/tr>\n<tr>\n<td>Ingenier\u00eda de Software 2<\/td>\n<td>Para ejecutar software MTSA en la carpeta <span style=\"color: #0000ff;\"><em>\/opt\/<\/em> <\/span>se encuentra el <span style=\"color: #0000ff;\"><em>ejecutable.jar<\/em><\/span><\/td>\n<\/tr>\n<tr>\n<td>Introducci\u00f3n a la Fisiolog\u00eda Animal (IFA\/ex-IFM)\u00a0del DFBMC<\/td>\n<td>El software AXOVACS se encuentra dentro de la carpeta <span style=\"color: #0000ff;\"><em>\/DOSBOX\/AXOVACS\/\u00a0 <\/em><\/span>Dentro de esta carpeta se encuentra un archivo <span style=\"color: #0000ff;\">LEER.txt<\/span> en\u00a0 el cual se encuentran los pasos para utilizar el software.<\/td>\n<\/tr>\n<\/tbody>\n<\/table>\n<hr \/>\n<h2><span class=\"ez-toc-section\" id=\"Informacion_adicional\"><\/span>Informaci\u00f3n adicional<span class=\"ez-toc-section-end\"><\/span><\/h2>\n<p>Algunos programas necesitan un <a href=\"https:\/\/exactas.uba.ar\/uti\/wp-content\/uploads\/2022\/03\/AVISOS_PARA_MATERIAS.pdf\">modo especial para ser ejecutados, dichos m\u00e9todos los pueden consultar aqu\u00ed<\/a>.<\/p>\n<p>Si desea importar una M\u00e1quina Virtual (Virtual Box formato <em><strong>.ova<\/strong><\/em>) con Windows 10, puede <a href=\"https:\/\/exactas.uba.ar\/uti\/wp-content\/uploads\/2022\/08\/Importar-VM_win10_ova.pdf\">seguir los pasos en este documento.<\/a><\/p>\n<p>Para agregar una m\u00e1quina virtual (VM Virtual Box), puede <a href=\"https:\/\/exactas.uba.ar\/uti\/wp-content\/uploads\/2022\/06\/Instructivo-para-conectar-una-Maquina-Virtual-con-VirtualBox.pdf\">consultar el siguiente documento.<\/a><\/p>\n<p style=\"text-align: center;\"><em>&#8230;<br \/>\nP\u00c1GINA EN CONSTRUCCI\u00d3N<br \/>\n&#8230;<\/em><\/p>\n","protected":false},"excerpt":{"rendered":"<p>Actualizaci\u00f3n 2026 : Los reclamos por tema de software y\/o sistema operativo de los laboratorios, se debe realizar UNICAMENTE, por medio del nuevo sistema de tickets en la p\u00e1gina web :\u00a0https:\/\/mesasoporte.exactas.uba.ar\/\u00a0\u00a0 Los reclamos por problemas en el equipamiento, en todos <a href=\"https:\/\/exactas.uba.ar\/uti\/servicios\/labos\/\" rel=\"nofollow\"><span class=\"sr-only\">Leer m\u00e1sLaboratorios Inform\u00e1ticos<\/span>[&hellip;]<\/a><\/p>\n","protected":false},"author":12,"featured_media":0,"parent":1150,"menu_order":0,"comment_status":"closed","ping_status":"closed","template":"","meta":{"_monsterinsights_skip_tracking":false,"_monsterinsights_sitenote_active":false,"_monsterinsights_sitenote_note":"","_monsterinsights_sitenote_category":0,"_mc_calendar":[],"footnotes":""},"class_list":["post-2989","page","type-page","status-publish","hentry"],"_links":{"self":[{"href":"https:\/\/exactas.uba.ar\/uti\/wp-json\/wp\/v2\/pages\/2989","targetHints":{"allow":["GET"]}}],"collection":[{"href":"https:\/\/exactas.uba.ar\/uti\/wp-json\/wp\/v2\/pages"}],"about":[{"href":"https:\/\/exactas.uba.ar\/uti\/wp-json\/wp\/v2\/types\/page"}],"author":[{"embeddable":true,"href":"https:\/\/exactas.uba.ar\/uti\/wp-json\/wp\/v2\/users\/12"}],"replies":[{"embeddable":true,"href":"https:\/\/exactas.uba.ar\/uti\/wp-json\/wp\/v2\/comments?post=2989"}],"version-history":[{"count":91,"href":"https:\/\/exactas.uba.ar\/uti\/wp-json\/wp\/v2\/pages\/2989\/revisions"}],"predecessor-version":[{"id":3853,"href":"https:\/\/exactas.uba.ar\/uti\/wp-json\/wp\/v2\/pages\/2989\/revisions\/3853"}],"up":[{"embeddable":true,"href":"https:\/\/exactas.uba.ar\/uti\/wp-json\/wp\/v2\/pages\/1150"}],"wp:attachment":[{"href":"https:\/\/exactas.uba.ar\/uti\/wp-json\/wp\/v2\/media?parent=2989"}],"curies":[{"name":"wp","href":"https:\/\/api.w.org\/{rel}","templated":true}]}}