{"id":26,"date":"2013-10-25T00:35:34","date_gmt":"2013-10-25T03:35:34","guid":{"rendered":"http:\/\/wp_uti.fcen.uba.ar\/?page_id=26"},"modified":"2017-10-11T11:46:07","modified_gmt":"2017-10-11T14:46:07","slug":"alumnos","status":"publish","type":"page","link":"https:\/\/exactas.uba.ar\/uti\/alumnos\/","title":{"rendered":"Alumnos"},"content":{"rendered":"<div class=\"itemList\">\n<h4><a href=\"inscripciones\">Inscripciones<\/a><\/h4>\n<p><img loading=\"lazy\" decoding=\"async\" class=\"alignnone size-full wp-image-157\" alt=\"inscripciones\" src=\"http:\/\/exactas.uba.ar\/uti\/wp-content\/uploads\/2013\/10\/inscripciones.jpg\" width=\"240\" height=\"143\" \/><\/p>\n<p>En este sistema vas a poder inscribirte o darte de baja a materias, obtener el comprobante de inscripci\u00f3n y actualizar tus datos personales.<\/p>\n<p><a class=\"blue button\" href=\"inscripciones\/\">Ver m\u00e1s<\/a><\/p>\n<\/div>\n<div class=\"itemList\">\n<h4><a href=\"campus-virtual\">Campus Virtual<\/a><\/h4>\n<p><img loading=\"lazy\" decoding=\"async\" class=\"alignnone size-full wp-image-156\" alt=\"campus\" src=\"http:\/\/exactas.uba.ar\/uti\/wp-content\/uploads\/2013\/10\/campus1.jpg\" width=\"240\" height=\"143\" \/><\/p>\n<p>Este sitio ha sido dise\u00f1ado para que la comunidad educativa de Exactas pueda desarrollar actividades acad\u00e9micas en entornos virtuales permitiendo el contacto interactivo entre alumnos y docentes o entre alumnos<\/p>\n<p><a class=\"blue button\" href=\"campus-virtual\/\">Ver m\u00e1s<\/a><\/p>\n<\/div>\n<div class=\"itemList\">\n<h4><a href=\"laboratorios-informaticos\">Laboratorios (aulas) Inform\u00e1ticos<\/a><\/h4>\n<p><a href=\"http:\/\/exactas.uba.ar\/uti\/wp-content\/uploads\/2013\/10\/Aulita_Pizarra.jpg\"><img loading=\"lazy\" decoding=\"async\" class=\"alignnone size-full wp-image-178\" alt=\"Aulita_Pizarra\" src=\"http:\/\/exactas.uba.ar\/uti\/wp-content\/uploads\/2013\/10\/Aulita_Pizarra.jpg\" width=\"250\" height=\"188\" \/><\/a><\/p>\n<p>Estas aulas, equipadas con computadoras, proyectores y pizarras electr\u00f3nicas, brindan apoyo a las tareas de docencia. Puede ser utilizadas por la comunidad FCEyN (alumnos, docentes, etc.).<\/p>\n<p>Est\u00e1n ubicadas en el 1er. piso del Pabell\u00f3n II, a ambos costados del acceso a la biblioteca central de la FCEN.<\/p>\n<p><a class=\"blue button\" href=\"laboratorios-informaticos\/\">Ver m\u00e1s<\/a><\/p>\n<\/div>\n","protected":false},"excerpt":{"rendered":"<p>Inscripciones En este sistema vas a poder inscribirte o darte de baja a materias, obtener el comprobante de inscripci\u00f3n y actualizar tus datos personales. Ver m\u00e1s Campus Virtual Este sitio ha sido dise\u00f1ado para que la comunidad educativa de Exactas <a href=\"https:\/\/exactas.uba.ar\/uti\/alumnos\/\" rel=\"nofollow\"><span class=\"sr-only\">Leer m\u00e1sAlumnos<\/span>[&hellip;]<\/a><\/p>\n","protected":false},"author":1,"featured_media":0,"parent":0,"menu_order":4,"comment_status":"closed","ping_status":"closed","template":"","meta":{"_monsterinsights_skip_tracking":false,"_monsterinsights_sitenote_active":false,"_monsterinsights_sitenote_note":"","_monsterinsights_sitenote_category":0,"_mc_calendar":[],"footnotes":""},"class_list":["post-26","page","type-page","status-publish","hentry"],"_links":{"self":[{"href":"https:\/\/exactas.uba.ar\/uti\/wp-json\/wp\/v2\/pages\/26","targetHints":{"allow":["GET"]}}],"collection":[{"href":"https:\/\/exactas.uba.ar\/uti\/wp-json\/wp\/v2\/pages"}],"about":[{"href":"https:\/\/exactas.uba.ar\/uti\/wp-json\/wp\/v2\/types\/page"}],"author":[{"embeddable":true,"href":"https:\/\/exactas.uba.ar\/uti\/wp-json\/wp\/v2\/users\/1"}],"replies":[{"embeddable":true,"href":"https:\/\/exactas.uba.ar\/uti\/wp-json\/wp\/v2\/comments?post=26"}],"version-history":[{"count":18,"href":"https:\/\/exactas.uba.ar\/uti\/wp-json\/wp\/v2\/pages\/26\/revisions"}],"predecessor-version":[{"id":537,"href":"https:\/\/exactas.uba.ar\/uti\/wp-json\/wp\/v2\/pages\/26\/revisions\/537"}],"wp:attachment":[{"href":"https:\/\/exactas.uba.ar\/uti\/wp-json\/wp\/v2\/media?parent=26"}],"curies":[{"name":"wp","href":"https:\/\/api.w.org\/{rel}","templated":true}]}}