{"id":2527,"date":"2021-01-20T10:07:48","date_gmt":"2021-01-20T13:07:48","guid":{"rendered":"https:\/\/exactas.uba.ar\/uti\/?page_id=2527"},"modified":"2023-01-19T14:59:14","modified_gmt":"2023-01-19T17:59:14","slug":"formulario-consulta","status":"publish","type":"page","link":"https:\/\/exactas.uba.ar\/uti\/servicios\/control-ingreso\/formulario-consulta\/","title":{"rendered":"Formulario de consulta"},"content":{"rendered":"<p>Ingres\u00e1 a <a href=\"https:\/\/consulta-ingreso.exactas.uba.ar\/\">https:\/\/consulta-ingreso.exactas.uba.ar\/<\/a> y segu\u00ed los pasos para saber si est\u00e1s o no autorizado a ingresar en el d\u00eda a la facultad.<\/p>\n<blockquote><p>El ingreso, tr\u00e1nsito y desarrollo de actividades en el edificio se encuentra sujeto a <a href=\"https:\/\/exactas.uba.ar\/higieneyseguridad\/coronavirus\/\" target=\"_blank\" rel=\"noopener noreferrer\">una serie de protocolos<\/a> implementados de acuerdo con las necesidades sanitarias de la situaci\u00f3n de pandemia actual.<\/p><\/blockquote>\n<hr \/>\n<p><b>Instrucciones <\/b><\/p>\n<p>En el fomulario, deb\u00e9s cargar tu dni y completar el captcha.<\/p>\n<div id=\"attachment_2540\" style=\"width: 330px\" class=\"wp-caption aligncenter\"><img loading=\"lazy\" decoding=\"async\" aria-describedby=\"caption-attachment-2540\" class=\"wp-image-2540\" src=\"https:\/\/exactas.uba.ar\/uti\/wp-content\/uploads\/2021\/02\/control_acceso__principal.png\" alt=\"\" width=\"320\" height=\"344\" \/><p id=\"caption-attachment-2540\" class=\"wp-caption-text\">Pantalla principal<\/p><\/div>\n<p style=\"text-align: center;\">Despu\u00e9s de enviar el formulario ver\u00e1s tu estado:<\/p>\n<table style=\"height: 896px;\" width=\"1038\">\n<tbody>\n<tr>\n<td style=\"vertical-align: top;\">\n<p style=\"text-align: center;\"><b>Ingreso autorizado<\/b>:<\/p>\n<p style=\"text-align: center;\"><a href=\"https:\/\/exactas.uba.ar\/uti\/wp-content\/uploads\/2022\/02\/Screenshot-from-2022-02-18-11-27-57.png\"><img loading=\"lazy\" decoding=\"async\" class=\"size-medium wp-image-2999 alignnone\" src=\"https:\/\/exactas.uba.ar\/uti\/wp-content\/uploads\/2022\/02\/Screenshot-from-2022-02-18-11-27-57-296x300.png\" alt=\"\" width=\"296\" height=\"300\" srcset=\"https:\/\/exactas.uba.ar\/uti\/wp-content\/uploads\/2022\/02\/Screenshot-from-2022-02-18-11-27-57-296x300.png 296w, https:\/\/exactas.uba.ar\/uti\/wp-content\/uploads\/2022\/02\/Screenshot-from-2022-02-18-11-27-57-768x777.png 768w, https:\/\/exactas.uba.ar\/uti\/wp-content\/uploads\/2022\/02\/Screenshot-from-2022-02-18-11-27-57-1012x1024.png 1012w, https:\/\/exactas.uba.ar\/uti\/wp-content\/uploads\/2022\/02\/Screenshot-from-2022-02-18-11-27-57.png 1154w\" sizes=\"auto, (max-width: 296px) 100vw, 296px\" \/><\/a><\/p>\n<\/td>\n<td style=\"vertical-align: top;\">\n<p style=\"text-align: center;\"><b>Ingreso no autorizado<\/b>:<\/p>\n<p><a href=\"https:\/\/exactas.uba.ar\/uti\/wp-content\/uploads\/2023\/01\/Screenshot-from-2023-01-19-14-52-22.png\"><img loading=\"lazy\" decoding=\"async\" class=\"wp-image-3299 size-medium aligncenter\" src=\"https:\/\/exactas.uba.ar\/uti\/wp-content\/uploads\/2023\/01\/Screenshot-from-2023-01-19-14-52-22-272x300.png\" alt=\"\" width=\"272\" height=\"300\" srcset=\"https:\/\/exactas.uba.ar\/uti\/wp-content\/uploads\/2023\/01\/Screenshot-from-2023-01-19-14-52-22-272x300.png 272w, https:\/\/exactas.uba.ar\/uti\/wp-content\/uploads\/2023\/01\/Screenshot-from-2023-01-19-14-52-22-929x1024.png 929w, https:\/\/exactas.uba.ar\/uti\/wp-content\/uploads\/2023\/01\/Screenshot-from-2023-01-19-14-52-22-768x846.png 768w, https:\/\/exactas.uba.ar\/uti\/wp-content\/uploads\/2023\/01\/Screenshot-from-2023-01-19-14-52-22.png 1272w\" sizes=\"auto, (max-width: 272px) 100vw, 272px\" \/><\/a><\/td>\n<\/tr>\n<tr>\n<td style=\"vertical-align: top;\"><\/td>\n<td style=\"vertical-align: top;\"><\/td>\n<\/tr>\n<\/tbody>\n<\/table>\n","protected":false},"excerpt":{"rendered":"<p>Ingres\u00e1 a https:\/\/consulta-ingreso.exactas.uba.ar\/ y segu\u00ed los pasos para saber si est\u00e1s o no autorizado a ingresar en el d\u00eda a la facultad. El ingreso, tr\u00e1nsito y desarrollo de actividades en el edificio se encuentra sujeto a una serie de protocolos <a href=\"https:\/\/exactas.uba.ar\/uti\/servicios\/control-ingreso\/formulario-consulta\/\" rel=\"nofollow\"><span class=\"sr-only\">Leer m\u00e1sFormulario de consulta<\/span>[&hellip;]<\/a><\/p>\n","protected":false},"author":12,"featured_media":0,"parent":2563,"menu_order":0,"comment_status":"closed","ping_status":"closed","template":"","meta":{"_monsterinsights_skip_tracking":false,"_monsterinsights_sitenote_active":false,"_monsterinsights_sitenote_note":"","_monsterinsights_sitenote_category":0,"_mc_calendar":[],"footnotes":""},"class_list":["post-2527","page","type-page","status-publish","hentry"],"_links":{"self":[{"href":"https:\/\/exactas.uba.ar\/uti\/wp-json\/wp\/v2\/pages\/2527","targetHints":{"allow":["GET"]}}],"collection":[{"href":"https:\/\/exactas.uba.ar\/uti\/wp-json\/wp\/v2\/pages"}],"about":[{"href":"https:\/\/exactas.uba.ar\/uti\/wp-json\/wp\/v2\/types\/page"}],"author":[{"embeddable":true,"href":"https:\/\/exactas.uba.ar\/uti\/wp-json\/wp\/v2\/users\/12"}],"replies":[{"embeddable":true,"href":"https:\/\/exactas.uba.ar\/uti\/wp-json\/wp\/v2\/comments?post=2527"}],"version-history":[{"count":32,"href":"https:\/\/exactas.uba.ar\/uti\/wp-json\/wp\/v2\/pages\/2527\/revisions"}],"predecessor-version":[{"id":3301,"href":"https:\/\/exactas.uba.ar\/uti\/wp-json\/wp\/v2\/pages\/2527\/revisions\/3301"}],"up":[{"embeddable":true,"href":"https:\/\/exactas.uba.ar\/uti\/wp-json\/wp\/v2\/pages\/2563"}],"wp:attachment":[{"href":"https:\/\/exactas.uba.ar\/uti\/wp-json\/wp\/v2\/media?parent=2527"}],"curies":[{"name":"wp","href":"https:\/\/api.w.org\/{rel}","templated":true}]}}