{"id":2318,"date":"2020-10-01T11:59:54","date_gmt":"2020-10-01T14:59:54","guid":{"rendered":"https:\/\/exactas.uba.ar\/uti\/?page_id=2318"},"modified":"2024-04-03T13:21:18","modified_gmt":"2024-04-03T16:21:18","slug":"idex-en-aulas-virtuales","status":"publish","type":"page","link":"https:\/\/exactas.uba.ar\/uti\/servicios\/idex\/idex-en-aulas-virtuales\/","title":{"rendered":"Aulas Zoom con idEx"},"content":{"rendered":"<h2>Ingreso con idEx<\/h2>\n<h3 style=\"padding-left: 30px;\">Primer paso: autenticarse con idEx<\/h3>\n<h4 style=\"padding-left: 60px;\">Opci\u00f3n 1: v\u00eda navegador web<\/h4>\n<p style=\"text-align: center;\">i. Ingresar a\u00a0<a href=\"http:\/\/exactas-uba.zoom.us\/\" target=\"_blank\" rel=\"nofollow noopener noreferrer\">exactas-uba.zoom.us<\/a><\/p>\n<p style=\"text-align: center;\"><strong><a href=\"https:\/\/exactas.uba.ar\/uti\/wp-content\/uploads\/2020\/10\/Screenshot-from-2020-10-29-13-09-26.png\"><img loading=\"lazy\" decoding=\"async\" class=\"alignnone wp-image-2424\" src=\"https:\/\/exactas.uba.ar\/uti\/wp-content\/uploads\/2020\/10\/Screenshot-from-2020-10-29-13-09-26.png\" alt=\"\" width=\"360\" height=\"596\" srcset=\"https:\/\/exactas.uba.ar\/uti\/wp-content\/uploads\/2020\/10\/Screenshot-from-2020-10-29-13-09-26.png 502w, https:\/\/exactas.uba.ar\/uti\/wp-content\/uploads\/2020\/10\/Screenshot-from-2020-10-29-13-09-26-181x300.png 181w\" sizes=\"auto, (max-width: 360px) 100vw, 360px\" \/><\/a><\/strong><\/p>\n<p style=\"text-align: center;\">ii. Seleccionar la opci\u00f3n <span style=\"font-weight: 400;\">\u00abIniciar sesi\u00f3n idEx\u00bb<\/span><\/p>\n<p><a href=\"https:\/\/exactas.uba.ar\/uti\/wp-content\/uploads\/2020\/10\/exactas-login-circled-v2.png\"><img loading=\"lazy\" decoding=\"async\" class=\"aligncenter wp-image-2421\" src=\"https:\/\/exactas.uba.ar\/uti\/wp-content\/uploads\/2020\/10\/exactas-login-circled-v2.png\" alt=\"\" width=\"360\" height=\"596\" srcset=\"https:\/\/exactas.uba.ar\/uti\/wp-content\/uploads\/2020\/10\/exactas-login-circled-v2.png 502w, https:\/\/exactas.uba.ar\/uti\/wp-content\/uploads\/2020\/10\/exactas-login-circled-v2-181x300.png 181w\" sizes=\"auto, (max-width: 360px) 100vw, 360px\" \/><\/a><\/p>\n<p style=\"text-align: center;\">iii. Completar idEx y contrase\u00f1a e iniciar sesi\u00f3n<a href=\"https:\/\/exactas.uba.ar\/uti\/wp-content\/uploads\/2020\/10\/uba-login-filled.png\"><img loading=\"lazy\" decoding=\"async\" class=\"aligncenter wp-image-2365\" src=\"https:\/\/exactas.uba.ar\/uti\/wp-content\/uploads\/2020\/10\/uba-login-filled.png\" alt=\"\" width=\"360\" height=\"420\" srcset=\"https:\/\/exactas.uba.ar\/uti\/wp-content\/uploads\/2020\/10\/uba-login-filled.png 600w, https:\/\/exactas.uba.ar\/uti\/wp-content\/uploads\/2020\/10\/uba-login-filled-257x300.png 257w\" sizes=\"auto, (max-width: 360px) 100vw, 360px\" \/><\/a><\/p>\n<h4 style=\"padding-left: 60px; text-align: left;\">Opci\u00f3n 2: v\u00eda app (escritorio\/celular)<\/h4>\n<p style=\"text-align: center;\">i. Seleccionar\u00a0<span style=\"font-weight: 400;\">\u00abSign in\u00bb<\/span><a href=\"https:\/\/exactas.uba.ar\/uti\/wp-content\/uploads\/2020\/10\/zoom-home-desktop-circled-singin.png\"><img loading=\"lazy\" decoding=\"async\" class=\"size-medium wp-image-2413 aligncenter\" src=\"https:\/\/exactas.uba.ar\/uti\/wp-content\/uploads\/2020\/10\/zoom-home-desktop-circled-singin-300x214.png\" alt=\"\" width=\"300\" height=\"214\" srcset=\"https:\/\/exactas.uba.ar\/uti\/wp-content\/uploads\/2020\/10\/zoom-home-desktop-circled-singin-300x214.png 300w, https:\/\/exactas.uba.ar\/uti\/wp-content\/uploads\/2020\/10\/zoom-home-desktop-circled-singin.png 600w\" sizes=\"auto, (max-width: 300px) 100vw, 300px\" \/><\/a><\/p>\n<p style=\"text-align: center;\">ii. Seleccionar\u00a0<span style=\"font-weight: 400;\">\u00abSign in with SSO\u00bb<\/span><\/p>\n<p style=\"text-align: center;\"><a href=\"https:\/\/exactas.uba.ar\/uti\/wp-content\/uploads\/2020\/10\/sso-client-circled.png\"><img loading=\"lazy\" decoding=\"async\" class=\"alignnone wp-image-2369\" src=\"https:\/\/exactas.uba.ar\/uti\/wp-content\/uploads\/2020\/10\/sso-client-circled.png\" alt=\"\" width=\"360\" height=\"257\" srcset=\"https:\/\/exactas.uba.ar\/uti\/wp-content\/uploads\/2020\/10\/sso-client-circled.png 598w, https:\/\/exactas.uba.ar\/uti\/wp-content\/uploads\/2020\/10\/sso-client-circled-300x214.png 300w\" sizes=\"auto, (max-width: 360px) 100vw, 360px\" \/><\/a><\/p>\n<p style=\"text-align: center;\">iii. Completar el campo\u00a0<span style=\"font-weight: 400;\">\u00abCompany Domain\u00bb<br \/>\n<\/span>o\u00a0<span style=\"font-weight: 400;\">\u00abDominio de la compan\u00eda\u00bb\u00a0<\/span>con\u00a0<span style=\"font-weight: 400;\">\u00abexactas-uba\u00bb<\/span><\/p>\n<p style=\"text-align: center;\"><a href=\"https:\/\/exactas.uba.ar\/uti\/wp-content\/uploads\/2020\/10\/domain-form-filled-circled.png\"><img loading=\"lazy\" decoding=\"async\" class=\"alignnone wp-image-2370\" src=\"https:\/\/exactas.uba.ar\/uti\/wp-content\/uploads\/2020\/10\/domain-form-filled-circled.png\" alt=\"\" width=\"360\" height=\"360\" srcset=\"https:\/\/exactas.uba.ar\/uti\/wp-content\/uploads\/2020\/10\/domain-form-filled-circled.png 436w, https:\/\/exactas.uba.ar\/uti\/wp-content\/uploads\/2020\/10\/domain-form-filled-circled-150x150.png 150w, https:\/\/exactas.uba.ar\/uti\/wp-content\/uploads\/2020\/10\/domain-form-filled-circled-300x300.png 300w, https:\/\/exactas.uba.ar\/uti\/wp-content\/uploads\/2020\/10\/domain-form-filled-circled-250x250.png 250w, https:\/\/exactas.uba.ar\/uti\/wp-content\/uploads\/2020\/10\/domain-form-filled-circled-174x174.png 174w\" sizes=\"auto, (max-width: 360px) 100vw, 360px\" \/><\/a><\/p>\n<p style=\"text-align: center;\">iv. Completar idEx y contrase\u00f1a e iniciar sesi\u00f3n<\/p>\n<p><a href=\"https:\/\/exactas.uba.ar\/uti\/wp-content\/uploads\/2020\/10\/uba-login-filled.png\"><img loading=\"lazy\" decoding=\"async\" class=\"aligncenter wp-image-2365\" src=\"https:\/\/exactas.uba.ar\/uti\/wp-content\/uploads\/2020\/10\/uba-login-filled.png\" alt=\"\" width=\"360\" height=\"420\" srcset=\"https:\/\/exactas.uba.ar\/uti\/wp-content\/uploads\/2020\/10\/uba-login-filled.png 600w, https:\/\/exactas.uba.ar\/uti\/wp-content\/uploads\/2020\/10\/uba-login-filled-257x300.png 257w\" sizes=\"auto, (max-width: 360px) 100vw, 360px\" \/><\/a><\/p>\n<blockquote style=\"padding-left: 30px;\">\n<p style=\"padding-left: 30px;\">\n<\/blockquote>\n<h3 style=\"padding-left: 30px;\">Segundo paso: Ingresar al aula<\/h3>\n<h4 style=\"text-align: left;\">\u00a0 \u00a0 \u00a0 \u00a0 \u00a0 \u00a0 \u00a0Opci\u00f3n 1: v\u00eda Link de la reuni\u00f3n<\/h4>\n<p style=\"padding-left: 90px; text-align: center;\">Link Aula Zoom:\u00a0https:\/\/exactas-uba.zoom.us\/my\/depto.aulaN<\/p>\n<h4 style=\"text-align: left;\">\u00a0 \u00a0 \u00a0 \u00a0 \u00a0 \u00a0 \u00a0Opci\u00f3n 2: con id y c\u00f3digo de la reuni\u00f3n<\/h4>\n<h4 style=\"text-align: center;\">v\u00eda App<\/h4>\n<p><img loading=\"lazy\" decoding=\"async\" class=\"aligncenter wp-image-2372\" src=\"https:\/\/exactas.uba.ar\/uti\/wp-content\/uploads\/2020\/10\/join-meeting-client-1.png\" alt=\"\" width=\"240\" height=\"459\" srcset=\"https:\/\/exactas.uba.ar\/uti\/wp-content\/uploads\/2020\/10\/join-meeting-client-1.png 369w, https:\/\/exactas.uba.ar\/uti\/wp-content\/uploads\/2020\/10\/join-meeting-client-1-157x300.png 157w\" sizes=\"auto, (max-width: 240px) 100vw, 240px\" \/><\/p>\n<h4><\/h4>\n<h4 style=\"text-align: center;\">v\u00eda Web:<\/h4>\n<p style=\"padding-left: 60px; text-align: center;\"><a href=\"https:\/\/exactas.uba.ar\/uti\/wp-content\/uploads\/2020\/10\/join-meeting-web-1.png\"><img loading=\"lazy\" decoding=\"async\" class=\"aligncenter wp-image-2373\" src=\"https:\/\/exactas.uba.ar\/uti\/wp-content\/uploads\/2020\/10\/join-meeting-web-1.png\" alt=\"\" width=\"480\" height=\"308\" srcset=\"https:\/\/exactas.uba.ar\/uti\/wp-content\/uploads\/2020\/10\/join-meeting-web-1.png 914w, https:\/\/exactas.uba.ar\/uti\/wp-content\/uploads\/2020\/10\/join-meeting-web-1-300x193.png 300w, https:\/\/exactas.uba.ar\/uti\/wp-content\/uploads\/2020\/10\/join-meeting-web-1-768x493.png 768w\" sizes=\"auto, (max-width: 480px) 100vw, 480px\" \/><\/a><\/p>\n<h2>Cierre de sesi\u00f3n idEx:<\/h2>\n<p>Ingresar desde el mismo navegador del cual se inici\u00f3 la sesi\u00f3n de idEx al siguiente\u00a0<a href=\"http:\/\/exactas-uba.zoom.us\">link<\/a>\u00a0(<a href=\"http:\/\/exactas-uba.zoom.us\">https:\/\/exactas-uba.zoom.us\/<\/a>) y seleccionar <span style=\"font-weight: 400;\">\u00abCerrar sesi\u00f3n idEx\u00bb<\/span><\/p>\n<p><a href=\"https:\/\/exactas.uba.ar\/uti\/wp-content\/uploads\/2020\/10\/exactas-logout-circled-v2.png\"><img loading=\"lazy\" decoding=\"async\" class=\"aligncenter wp-image-2423\" src=\"https:\/\/exactas.uba.ar\/uti\/wp-content\/uploads\/2020\/10\/exactas-logout-circled-v2.png\" alt=\"\" width=\"360\" height=\"596\" srcset=\"https:\/\/exactas.uba.ar\/uti\/wp-content\/uploads\/2020\/10\/exactas-logout-circled-v2.png 502w, https:\/\/exactas.uba.ar\/uti\/wp-content\/uploads\/2020\/10\/exactas-logout-circled-v2-181x300.png 181w\" sizes=\"auto, (max-width: 360px) 100vw, 360px\" \/><\/a><\/p>\n<h2><\/h2>\n<h2><\/h2>\n<h2><\/h2>\n<p>Ante cualquier consulta contactarse con\u00a0<a href=\"mailto:soporte@exactas.uba.ar\">soporte<\/a><\/p>\n<hr \/>\n<div class=\"qa-faqs qa-category cf animation-fade accordion collapsible\">\n\t\t<div class=\"qa-category\">\n\t\t\t<h2 class=\"faq-catname\">FAQ - idEx para Aulas Virtuales<\/h2>\n\t\t\t<div id=\"qa-faq0\" class=\"qa-faq\">\n\t\t\t<h3 class=\"qa-faq-title\"><a class=\"qa-faq-anchor\" href=\"https:\/\/exactas.uba.ar\/uti\/preguntas-frecuentes-faq\/por-que-aparecen-mis-datos-personales-dentro-de-zoom\/\">\u00bfZoom tiene acceso a mi informaci\u00f3n personal?<\/a><\/h3>\n\t\t\t<div class=\"qa-faq-answer\"><p><span style=\"font-weight: 400;\">Solo se le proporciona el nombre, apellido y usuario idex.<\/span><\/p>\n<p class=\"qa-faq-meta qa-post-like\"><a class=\"qa-permalink\" href=\"https:\/\/exactas.uba.ar\/uti\/preguntas-frecuentes-faq\/por-que-aparecen-mis-datos-personales-dentro-de-zoom\/\">Permalink.<\/a><\/p><\/div><!--.qa-faq-answer-->\n\t\t\t\t<\/div><!--.qa-faq-->\n\t\t\t<div id=\"qa-faq1\" class=\"qa-faq\">\n\t\t\t<h3 class=\"qa-faq-title\"><a class=\"qa-faq-anchor\" href=\"https:\/\/exactas.uba.ar\/uti\/preguntas-frecuentes-faq\/que-pasa-si-se-ingresa-al-aula-virtual-sin-estar-logueado\/\">\u00bfQu\u00e9 pasa si ingreso al aula Zoom sin autenticarme previamente?<\/a><\/h3>\n\t\t\t<div class=\"qa-faq-answer\"><p><img loading=\"lazy\" decoding=\"async\" class=\"alignright wp-image-2348 size-medium\" src=\"https:\/\/exactas.uba.ar\/uti\/wp-content\/uploads\/2020\/10\/sala-de-espera-300x170.png\" alt=\"\" width=\"300\" height=\"170\" srcset=\"https:\/\/exactas.uba.ar\/uti\/wp-content\/uploads\/2020\/10\/sala-de-espera-300x170.png 300w, https:\/\/exactas.uba.ar\/uti\/wp-content\/uploads\/2020\/10\/sala-de-espera-768x435.png 768w, https:\/\/exactas.uba.ar\/uti\/wp-content\/uploads\/2020\/10\/sala-de-espera.png 910w\" sizes=\"auto, (max-width: 300px) 100vw, 300px\" \/>Si ingres\u00e1s al aula Zoom sin autenticarte previamente vas a aparecer en el listado de participantes con una etiqueta de \u201cInvitado\/a\u201d. Adem\u00e1s, si el aula tiene habilitada la funci\u00f3n de sala de espera selectiva, vas a pasar a la sala de espera en lugar de entrar directamente al aula. Si te autentic\u00e1s mientras est\u00e1s en la sala de espera esta situaci\u00f3n no cambia, por eso es necesario autenticarse antes de ingresar al aula.<\/p>\n<p>&nbsp;<\/p>\n<p class=\"qa-faq-meta qa-post-like\"><a class=\"qa-permalink\" href=\"https:\/\/exactas.uba.ar\/uti\/preguntas-frecuentes-faq\/que-pasa-si-se-ingresa-al-aula-virtual-sin-estar-logueado\/\">Permalink.<\/a><\/p><\/div><!--.qa-faq-answer-->\n\t\t\t\t<\/div><!--.qa-faq-->\n\t\t\t<div id=\"qa-faq2\" class=\"qa-faq\">\n\t\t\t<h3 class=\"qa-faq-title\"><a class=\"qa-faq-anchor\" href=\"https:\/\/exactas.uba.ar\/uti\/preguntas-frecuentes-faq\/la-cuenta-de-exactas-cuenta-con-los-beneficios-de-una-cuenta-licenciada\/\">\u00bfLa cuenta Zoom a la que se accede con idEx cuenta con las prestaciones de una cuenta paga?<\/a><\/h3>\n\t\t\t<div class=\"qa-faq-answer\"><p><span style=\"font-weight: 400;\">No, es equivalente a una cuenta gratuita, solo que est\u00e1 bajo el dominio de la Facultad.<\/span><\/p>\n<p class=\"qa-faq-meta qa-post-like\"><a class=\"qa-permalink\" href=\"https:\/\/exactas.uba.ar\/uti\/preguntas-frecuentes-faq\/la-cuenta-de-exactas-cuenta-con-los-beneficios-de-una-cuenta-licenciada\/\">Permalink.<\/a><\/p><\/div><!--.qa-faq-answer-->\n\t\t\t\t<\/div><!--.qa-faq-->\n\t\t\t<div id=\"qa-faq3\" class=\"qa-faq\">\n\t\t\t<h3 class=\"qa-faq-title\"><a class=\"qa-faq-anchor\" href=\"https:\/\/exactas.uba.ar\/uti\/preguntas-frecuentes-faq\/soy-docente-anfitrion-a-como-ingreso-al-aula-zoom\/\">Soy docente anfitri\u00f3n\/a, \u00bfC\u00f3mo ingreso al aula Zoom?<\/a><\/h3>\n\t\t\t<div class=\"qa-faq-answer\"><p>Los\/as docentes anfitriones deben ingresar con la cuenta Zoom depto.aulaN@exactas.uba.ar (no deben usar las cuentas idEx).<\/p>\n<h5><strong>Opci\u00f3n Web:<\/strong> Seleccionar la opci\u00f3n <span style=\"font-weight: 400;\">\u00ab<\/span>Iniciar sesi\u00f3n Zoom<span style=\"font-weight: 400;\">\u00bb<\/span><\/h5>\n<p><a href=\"https:\/\/exactas.uba.ar\/uti\/wp-content\/uploads\/2020\/10\/exactas-login-host-circled-v2.png\"><img loading=\"lazy\" decoding=\"async\" class=\"aligncenter wp-image-2422\" src=\"https:\/\/exactas.uba.ar\/uti\/wp-content\/uploads\/2020\/10\/exactas-login-host-circled-v2.png\" alt=\"\" width=\"360\" height=\"596\" srcset=\"https:\/\/exactas.uba.ar\/uti\/wp-content\/uploads\/2020\/10\/exactas-login-host-circled-v2.png 502w, https:\/\/exactas.uba.ar\/uti\/wp-content\/uploads\/2020\/10\/exactas-login-host-circled-v2-181x300.png 181w\" sizes=\"auto, (max-width: 360px) 100vw, 360px\" \/><\/a><\/p>\n<h5><strong>Opci\u00f3n app:<\/strong> ingresar normalmente<\/h5>\n<p>&nbsp;<\/p>\n<h2><\/h2>\n<p class=\"qa-faq-meta qa-post-like\"><a class=\"qa-permalink\" href=\"https:\/\/exactas.uba.ar\/uti\/preguntas-frecuentes-faq\/soy-docente-anfitrion-a-como-ingreso-al-aula-zoom\/\">Permalink.<\/a><\/p><\/div><!--.qa-faq-answer-->\n\t\t\t\t<\/div><!--.qa-faq-->\n\t\t\t<div id=\"qa-faq4\" class=\"qa-faq\">\n\t\t\t<h3 class=\"qa-faq-title\"><a class=\"qa-faq-anchor\" href=\"https:\/\/exactas.uba.ar\/uti\/preguntas-frecuentes-faq\/soy-docente-anfitrion-a-como-preasigno-participantes-a-las-salas-para-grupos-pequenos\/\">Soy docente anfitri\u00f3n\/a, \u00bfC\u00f3mo preasigno participantes a las salas para grupos peque\u00f1os?<\/a><\/h3>\n\t\t\t<div class=\"qa-faq-answer\"><p>Las instrucciones para preasignar participantes a las salas para grupos peque\u00f1os pueden consultarse en\u00a0<a href=\"https:\/\/support.zoom.us\/hc\/en-us\/articles\/360032752671\" target=\"_blank\" rel=\"nofollow noopener noreferrer\">https:\/\/support.zoom.us\/hc\/en-us\/articles\/360032752671<\/a>. Los\/as participantes deben buscarse por las primeras letras de su primer nombre.<\/p>\n<p class=\"qa-faq-meta qa-post-like\"><a class=\"qa-permalink\" href=\"https:\/\/exactas.uba.ar\/uti\/preguntas-frecuentes-faq\/soy-docente-anfitrion-a-como-preasigno-participantes-a-las-salas-para-grupos-pequenos\/\">Permalink.<\/a><\/p><\/div><!--.qa-faq-answer-->\n\t\t\t\t<\/div><!--.qa-faq-->\n\t\t\t<div id=\"qa-faq5\" class=\"qa-faq\">\n\t\t\t<h3 class=\"qa-faq-title\"><a class=\"qa-faq-anchor\" href=\"https:\/\/exactas.uba.ar\/uti\/preguntas-frecuentes-faq\/por-que-tengo-un-email-exactas-dentro-de-los-datos-personales-2\/\">\u00bfPor qu\u00e9 tengo un email @exactas dentro de los datos personales?<\/a><\/h3>\n\t\t\t<div class=\"qa-faq-answer\"><p><span style=\"font-weight: 400;\">Si bien est\u00e1 en formato de email, NO es un email, el mismo es una etiqueta para zoom que permite vincular al usuario como usuario de la facultad.<\/span><\/p>\n<p class=\"qa-faq-meta qa-post-like\"><a class=\"qa-permalink\" href=\"https:\/\/exactas.uba.ar\/uti\/preguntas-frecuentes-faq\/por-que-tengo-un-email-exactas-dentro-de-los-datos-personales-2\/\">Permalink.<\/a><\/p><\/div><!--.qa-faq-answer-->\n\t\t\t\t<\/div><!--.qa-faq-->\n\t\t\t<div id=\"qa-faq6\" class=\"qa-faq\">\n\t\t\t<h3 class=\"qa-faq-title\"><a class=\"qa-faq-anchor\" href=\"https:\/\/exactas.uba.ar\/uti\/preguntas-frecuentes-faq\/ingreso-a-exactas-uba-zoom-us-y-me-muestra-la-pantalla-de-inicio-de-zoom\/\">Ingreso a exactas-uba.zoom.us y me muestra la pantalla de inicio de Zoom<\/a><\/h3>\n\t\t\t<div class=\"qa-faq-answer\"><p>Si al ingresar a exactas-uba.zoom.us se ve la pantalla de inicio de Zoom, notar si dice \u00abMi cuenta\u00bb o \u00abMy account\u00bb<\/p>\n<p><a href=\"https:\/\/exactas.uba.ar\/uti\/wp-content\/uploads\/2020\/11\/faq-login-gmail-edited-circled.png\"><img loading=\"lazy\" decoding=\"async\" class=\"alignnone wp-image-2493\" src=\"https:\/\/exactas.uba.ar\/uti\/wp-content\/uploads\/2020\/11\/faq-login-gmail-edited-circled.png\" alt=\"\" width=\"900\" height=\"239\" srcset=\"https:\/\/exactas.uba.ar\/uti\/wp-content\/uploads\/2020\/11\/faq-login-gmail-edited-circled.png 1842w, https:\/\/exactas.uba.ar\/uti\/wp-content\/uploads\/2020\/11\/faq-login-gmail-edited-circled-300x80.png 300w, https:\/\/exactas.uba.ar\/uti\/wp-content\/uploads\/2020\/11\/faq-login-gmail-edited-circled-768x204.png 768w, https:\/\/exactas.uba.ar\/uti\/wp-content\/uploads\/2020\/11\/faq-login-gmail-edited-circled-1024x272.png 1024w\" sizes=\"auto, (max-width: 900px) 100vw, 900px\" \/><\/a><\/p>\n<p>En ese caso,\u00a0 es que ya se inici\u00f3 sesi\u00f3n en Zoom con otra cuenta, por ejemplo Gmail, en ese caso cerrar sesi\u00f3n seleccionando \u00abCerrar sesi\u00f3n\u00bb o\u00a0 \u00abSign out\u00bb.<\/p>\n<p><a href=\"https:\/\/exactas.uba.ar\/uti\/wp-content\/uploads\/2020\/11\/faq-login-gmail-2-edited-circled.png\"><img loading=\"lazy\" decoding=\"async\" class=\"alignnone wp-image-2491 size-full\" src=\"https:\/\/exactas.uba.ar\/uti\/wp-content\/uploads\/2020\/11\/faq-login-gmail-2-edited-circled.png\" alt=\"\" width=\"500\" height=\"280\" srcset=\"https:\/\/exactas.uba.ar\/uti\/wp-content\/uploads\/2020\/11\/faq-login-gmail-2-edited-circled.png 500w, https:\/\/exactas.uba.ar\/uti\/wp-content\/uploads\/2020\/11\/faq-login-gmail-2-edited-circled-300x168.png 300w\" sizes=\"auto, (max-width: 500px) 100vw, 500px\" \/><\/a><\/p>\n<p>y luego ya pod\u00e9s seguir los pasos para ingresar con idEx.<\/p>\n<p class=\"qa-faq-meta qa-post-like\"><a class=\"qa-permalink\" href=\"https:\/\/exactas.uba.ar\/uti\/preguntas-frecuentes-faq\/ingreso-a-exactas-uba-zoom-us-y-me-muestra-la-pantalla-de-inicio-de-zoom\/\">Permalink.<\/a><\/p><\/div><!--.qa-faq-answer-->\n\t\t\t\t<\/div><!--.qa-faq-->\n\t\t\t<\/div><!--.qa-category-->\n\t\t<\/div><!--.qa-faqs -->\n","protected":false},"excerpt":{"rendered":"<p>Ingreso con idEx Primer paso: autenticarse con idEx Opci\u00f3n 1: v\u00eda navegador web i. Ingresar a\u00a0exactas-uba.zoom.us ii. Seleccionar la opci\u00f3n \u00abIniciar sesi\u00f3n idEx\u00bb iii. Completar idEx y contrase\u00f1a e iniciar sesi\u00f3n Opci\u00f3n 2: v\u00eda app (escritorio\/celular) i. Seleccionar\u00a0\u00abSign in\u00bb ii. <a href=\"https:\/\/exactas.uba.ar\/uti\/preguntas-frecuentes-faq\/ingreso-a-exactas-uba-zoom-us-y-me-muestra-la-pantalla-de-inicio-de-zoom\/\" rel=\"nofollow\"><span class=\"sr-only\">Leer m\u00e1sIngreso a exactas-uba.zoom.us y me muestra la pantalla de inicio de Zoom<\/span>[&hellip;]<\/a><\/p>\n","protected":false},"author":12,"featured_media":0,"parent":2301,"menu_order":0,"comment_status":"closed","ping_status":"closed","template":"","meta":{"_monsterinsights_skip_tracking":false,"_monsterinsights_sitenote_active":false,"_monsterinsights_sitenote_note":"","_monsterinsights_sitenote_category":0,"_mc_calendar":[],"footnotes":""},"class_list":["post-2318","page","type-page","status-publish","hentry"],"_links":{"self":[{"href":"https:\/\/exactas.uba.ar\/uti\/wp-json\/wp\/v2\/pages\/2318","targetHints":{"allow":["GET"]}}],"collection":[{"href":"https:\/\/exactas.uba.ar\/uti\/wp-json\/wp\/v2\/pages"}],"about":[{"href":"https:\/\/exactas.uba.ar\/uti\/wp-json\/wp\/v2\/types\/page"}],"author":[{"embeddable":true,"href":"https:\/\/exactas.uba.ar\/uti\/wp-json\/wp\/v2\/users\/12"}],"replies":[{"embeddable":true,"href":"https:\/\/exactas.uba.ar\/uti\/wp-json\/wp\/v2\/comments?post=2318"}],"version-history":[{"count":49,"href":"https:\/\/exactas.uba.ar\/uti\/wp-json\/wp\/v2\/pages\/2318\/revisions"}],"predecessor-version":[{"id":3525,"href":"https:\/\/exactas.uba.ar\/uti\/wp-json\/wp\/v2\/pages\/2318\/revisions\/3525"}],"up":[{"embeddable":true,"href":"https:\/\/exactas.uba.ar\/uti\/wp-json\/wp\/v2\/pages\/2301"}],"wp:attachment":[{"href":"https:\/\/exactas.uba.ar\/uti\/wp-json\/wp\/v2\/media?parent=2318"}],"curies":[{"name":"wp","href":"https:\/\/api.w.org\/{rel}","templated":true}]}}