{"id":2301,"date":"2020-09-30T16:35:16","date_gmt":"2020-09-30T19:35:16","guid":{"rendered":"https:\/\/exactas.uba.ar\/uti\/?page_id=2301"},"modified":"2025-09-25T10:23:27","modified_gmt":"2025-09-25T13:23:27","slug":"idex","status":"publish","type":"page","link":"https:\/\/exactas.uba.ar\/uti\/servicios\/idex\/","title":{"rendered":"idEx"},"content":{"rendered":"<h2>\u00bfQu\u00e9 es idEx?<\/h2>\n<p style=\"padding-left: 30px;\"><span style=\"font-weight: 400;\">idEx &#8211; id Exactas &#8211; es el usuario \u00fanico que se le asigna a una persona que tenga alg\u00fan rol dentro de la Facultad. Esto permite identificar un\u00edvocamente a cada persona.<\/span><\/p>\n<p style=\"padding-left: 30px;\"><span style=\"font-weight: 400;\">Con este usuario se otorgar\u00e1n accesos a distintos sistemas seg\u00fan los roles que cumpla cada persona dentro de la instituci\u00f3n.<\/span><\/p>\n<h2>\u00bfC\u00f3mo se asigna el idEx?<\/h2>\n<p style=\"padding-left: 30px;\">El idEx se crea con el formato 1er Nombre.1er Apellido. Por ejemplo, albert.einstein<br \/>\nEn caso de repetidos, se asigna el idEx seg\u00fan el siguiente orden:<\/p>\n<ol>\n<li>1er Nombre.Inicial 2do Nombre.1er Apellido<\/li>\n<li>1er Nombre.1er Apellido.3 d\u00edgitos al azar<\/li>\n<\/ol>\n<blockquote>\n<p style=\"padding-left: 30px;\">El idEx ser\u00e1 creado solo con caracteres alfanum\u00e9ricos; <i><span style=\"font-weight: 400;\">En caso de nombres y apellidos compuestos, se incluir\u00e1n en el idEx las formas completas separadas con un punto, por ejemplo maria.laura.del.campo<\/span><\/i><\/p>\n<\/blockquote>\n<h2>\u00bfC\u00f3mo funciona la autenticaci\u00f3n con idEx?<\/h2>\n<h3 style=\"padding-left: 30px;\">Sistema de Autenticaci\u00f3n<\/h3>\n<p style=\"padding-left: 60px;\"><span style=\"font-weight: 400;\">Es el sistema que se utiliza para identificar a las personas cuando quieran acceder a servicios brindados por la Facultad. En estos casos, cuando el usuario intente acceder al servicio con idEx y contrase\u00f1a, se consultar\u00e1 al Sistema de Autenticaci\u00f3n idEx para validar sus credenciales. Una vez validadas, se dar\u00e1 ingreso al sistema.<\/span><\/p>\n<hr \/>\n<div class=\"qa-faqs qa-category cf animation-fade accordion collapsible\">\n\t\t<div class=\"qa-category\">\n\t\t\t<h2 class=\"faq-catname\">FAQ - idEx<\/h2>\n\t\t\t<div id=\"qa-faq0\" class=\"qa-faq\">\n\t\t\t<h3 class=\"qa-faq-title\"><a class=\"qa-faq-anchor\" href=\"https:\/\/exactas.uba.ar\/uti\/preguntas-frecuentes-faq\/por-que-tengo-un-email-exactas-dentro-de-los-datos-personales\/\">\u00bfMi cuenta idEx tiene asociada una cuenta de correo electr\u00f3nico?<\/a><\/h3>\n\t\t\t<div class=\"qa-faq-answer\"><p>No,\u00a0 idEx solo es una cuenta para acceder a sistemas de la Facultad.<\/p>\n<p class=\"qa-faq-meta qa-post-like\"><a class=\"qa-permalink\" href=\"https:\/\/exactas.uba.ar\/uti\/preguntas-frecuentes-faq\/por-que-tengo-un-email-exactas-dentro-de-los-datos-personales\/\">Permalink.<\/a><\/p><\/div><!--.qa-faq-answer-->\n\t\t\t\t<\/div><!--.qa-faq-->\n\t\t\t<div id=\"qa-faq1\" class=\"qa-faq\">\n\t\t\t<h3 class=\"qa-faq-title\"><a class=\"qa-faq-anchor\" href=\"https:\/\/exactas.uba.ar\/uti\/preguntas-frecuentes-faq\/como-recupero-mi-idex-si-me-lo-olvide\/\">\u00bfC\u00f3mo recupero mi idEx si me lo olvid\u00e9?<\/a><\/h3>\n\t\t\t<div class=\"qa-faq-answer\"><p><span style=\"font-weight: 400;\">Para recuperar tu idEx ten\u00e9s que ir a la p\u00e1gina <\/span><a href=\"https:\/\/exactas.uba.ar\/recuperar-idex\"><span style=\"font-weight: 400;\">link<\/span><\/a><span style=\"font-weight: 400;\"> , elegir \u201cRecuperar usuario de idEx\u201d e ingresar tu direcci\u00f3n de correo registrada en el Sistema de Inscripciones. Si la direcci\u00f3n existe, el sistema te va a enviar un correo con tu idEx.<\/span><\/p>\n<p class=\"qa-faq-meta qa-post-like\"><a class=\"qa-permalink\" href=\"https:\/\/exactas.uba.ar\/uti\/preguntas-frecuentes-faq\/como-recupero-mi-idex-si-me-lo-olvide\/\">Permalink.<\/a><\/p><\/div><!--.qa-faq-answer-->\n\t\t\t\t<\/div><!--.qa-faq-->\n\t\t\t<div id=\"qa-faq2\" class=\"qa-faq\">\n\t\t\t<h3 class=\"qa-faq-title\"><a class=\"qa-faq-anchor\" href=\"https:\/\/exactas.uba.ar\/uti\/preguntas-frecuentes-faq\/como-recupero-mi-contrasena-si-me-la-olvide\/\">\u00bfC\u00f3mo recupero mi contrase\u00f1a si me la olvid\u00e9?<\/a><\/h3>\n\t\t\t<div class=\"qa-faq-answer\"><p><span style=\"font-weight: 400;\">Para recuperar tu idEx ten\u00e9s que ir a la p\u00e1gina <a href=\"http:\/\/idex.exactas.uba.ar\">link<\/a>,\u00a0 elegir \u201cRecuperar clave de idEx\u201d e ingresar tu direcci\u00f3n de correo registrada en el Sistema de Inscripciones. Si la direcci\u00f3n existe, el sistema te va a enviar un correo un link para recuperar tu clave de idEx.<\/span><\/p>\n<p class=\"qa-faq-meta qa-post-like\"><a class=\"qa-permalink\" href=\"https:\/\/exactas.uba.ar\/uti\/preguntas-frecuentes-faq\/como-recupero-mi-contrasena-si-me-la-olvide\/\">Permalink.<\/a><\/p><\/div><!--.qa-faq-answer-->\n\t\t\t\t<\/div><!--.qa-faq-->\n\t\t\t<\/div><!--.qa-category-->\n\t\t<\/div><!--.qa-faqs -->\n","protected":false},"excerpt":{"rendered":"<p>\u00bfQu\u00e9 es idEx? idEx &#8211; id Exactas &#8211; es el usuario \u00fanico que se le asigna a una persona que tenga alg\u00fan rol dentro de la Facultad. Esto permite identificar un\u00edvocamente a cada persona. Con este usuario se otorgar\u00e1n accesos <a href=\"https:\/\/exactas.uba.ar\/uti\/preguntas-frecuentes-faq\/como-recupero-mi-contrasena-si-me-la-olvide\/\" rel=\"nofollow\"><span class=\"sr-only\">Leer m\u00e1s\u00bfC\u00f3mo recupero mi contrase\u00f1a si me la olvid\u00e9?<\/span>[&hellip;]<\/a><\/p>\n","protected":false},"author":12,"featured_media":0,"parent":1150,"menu_order":0,"comment_status":"closed","ping_status":"closed","template":"","meta":{"_monsterinsights_skip_tracking":false,"_monsterinsights_sitenote_active":false,"_monsterinsights_sitenote_note":"","_monsterinsights_sitenote_category":0,"_mc_calendar":[],"footnotes":""},"class_list":["post-2301","page","type-page","status-publish","hentry"],"_links":{"self":[{"href":"https:\/\/exactas.uba.ar\/uti\/wp-json\/wp\/v2\/pages\/2301","targetHints":{"allow":["GET"]}}],"collection":[{"href":"https:\/\/exactas.uba.ar\/uti\/wp-json\/wp\/v2\/pages"}],"about":[{"href":"https:\/\/exactas.uba.ar\/uti\/wp-json\/wp\/v2\/types\/page"}],"author":[{"embeddable":true,"href":"https:\/\/exactas.uba.ar\/uti\/wp-json\/wp\/v2\/users\/12"}],"replies":[{"embeddable":true,"href":"https:\/\/exactas.uba.ar\/uti\/wp-json\/wp\/v2\/comments?post=2301"}],"version-history":[{"count":20,"href":"https:\/\/exactas.uba.ar\/uti\/wp-json\/wp\/v2\/pages\/2301\/revisions"}],"predecessor-version":[{"id":3833,"href":"https:\/\/exactas.uba.ar\/uti\/wp-json\/wp\/v2\/pages\/2301\/revisions\/3833"}],"up":[{"embeddable":true,"href":"https:\/\/exactas.uba.ar\/uti\/wp-json\/wp\/v2\/pages\/1150"}],"wp:attachment":[{"href":"https:\/\/exactas.uba.ar\/uti\/wp-json\/wp\/v2\/media?parent=2301"}],"curies":[{"name":"wp","href":"https:\/\/api.w.org\/{rel}","templated":true}]}}