{"id":2174,"date":"2019-10-31T13:51:36","date_gmt":"2019-10-31T16:51:36","guid":{"rendered":"https:\/\/exactas.uba.ar\/uti\/?page_id=2174"},"modified":"2019-10-31T15:53:08","modified_gmt":"2019-10-31T18:53:08","slug":"antispam","status":"publish","type":"page","link":"https:\/\/exactas.uba.ar\/uti\/servicios\/mail-exactas\/antispam\/","title":{"rendered":"Antispam"},"content":{"rendered":"<p>Les informamos que desde la UTI hemos implementado un nuevo sistema para filtrar correo basura (SPAM). A partir de ahora aparecer\u00e1 en el webmail (https:\/\/webmail.exactas.uba.ar) un \u00edcono para clasificar correo como \u00abSpam\u00bb.<\/p>\n<p>&nbsp;<\/p>\n<p>Adem\u00e1s de aplicar reglas b\u00e1sicas y autom\u00e1ticas para la clasificaci\u00f3n de correo no deseado como Spam, este nuevo sistema tiene funciones de aprendizaje autom\u00e1tico, lo que implica que conforme pase el tiempo, se adaptar\u00e1 a las clasificaciones de correo basura que se apliquen.<\/p>\n<p>&nbsp;<\/p>\n<p>Para lograr un funcionamiento \u00f3ptimo, les solicitamos realizar las siguientes acciones:<\/p>\n<p>&nbsp;<\/p>\n<ol>\n<li>Marcar cualquier correo basura recibido utilizando el nuevo bot\u00f3n de \u201cSpam\u201d.<\/li>\n<\/ol>\n<ol>\n<li>Revisar regularmente la carpeta \u00ab\u2672Spam\u00bb para verificar que no existan correos aut\u00e9nticos que hayan sido marcados como Spam por error (falsos positivos). Si se detecta alguno, marcarlo con el bot\u00f3n \u201cNo es spam\u201d, ya que eso ayuda a que otros mensajes similares no sean clasificados como Spam en el futuro.<\/li>\n<\/ol>\n<p>&nbsp;<\/p>\n<p>Estas acciones contribuyen con el entrenamiento del sistema y su mejora progresiva.<\/p>\n<p>&nbsp;<\/p>\n<p>Es importante aclarar que el sistema implementado NO elimina ning\u00fan correo, s\u00f3lo lo marca como Spam y lo env\u00eda a la carpeta \u201cSpam\u201d.<\/p>\n<p>&nbsp;<\/p>\n<p>Esperamos que esta nueva funcionalidad les brinde una experiencia de uso m\u00e1s satisfactoria del servicio de correo electr\u00f3nico de la Facultad.<\/p>\n","protected":false},"excerpt":{"rendered":"<p>Les informamos que desde la UTI hemos implementado un nuevo sistema para filtrar correo basura (SPAM). A partir de ahora aparecer\u00e1 en el webmail (https:\/\/webmail.exactas.uba.ar) un \u00edcono para clasificar correo como \u00abSpam\u00bb. &nbsp; Adem\u00e1s de aplicar reglas b\u00e1sicas y autom\u00e1ticas <a href=\"https:\/\/exactas.uba.ar\/uti\/servicios\/mail-exactas\/antispam\/\" rel=\"nofollow\"><span class=\"sr-only\">Leer m\u00e1sAntispam<\/span>[&hellip;]<\/a><\/p>\n","protected":false},"author":2,"featured_media":0,"parent":1654,"menu_order":0,"comment_status":"closed","ping_status":"closed","template":"","meta":{"_monsterinsights_skip_tracking":false,"_monsterinsights_sitenote_active":false,"_monsterinsights_sitenote_note":"","_monsterinsights_sitenote_category":0,"_mc_calendar":[],"footnotes":""},"class_list":["post-2174","page","type-page","status-publish","hentry"],"_links":{"self":[{"href":"https:\/\/exactas.uba.ar\/uti\/wp-json\/wp\/v2\/pages\/2174","targetHints":{"allow":["GET"]}}],"collection":[{"href":"https:\/\/exactas.uba.ar\/uti\/wp-json\/wp\/v2\/pages"}],"about":[{"href":"https:\/\/exactas.uba.ar\/uti\/wp-json\/wp\/v2\/types\/page"}],"author":[{"embeddable":true,"href":"https:\/\/exactas.uba.ar\/uti\/wp-json\/wp\/v2\/users\/2"}],"replies":[{"embeddable":true,"href":"https:\/\/exactas.uba.ar\/uti\/wp-json\/wp\/v2\/comments?post=2174"}],"version-history":[{"count":1,"href":"https:\/\/exactas.uba.ar\/uti\/wp-json\/wp\/v2\/pages\/2174\/revisions"}],"predecessor-version":[{"id":2175,"href":"https:\/\/exactas.uba.ar\/uti\/wp-json\/wp\/v2\/pages\/2174\/revisions\/2175"}],"up":[{"embeddable":true,"href":"https:\/\/exactas.uba.ar\/uti\/wp-json\/wp\/v2\/pages\/1654"}],"wp:attachment":[{"href":"https:\/\/exactas.uba.ar\/uti\/wp-json\/wp\/v2\/media?parent=2174"}],"curies":[{"name":"wp","href":"https:\/\/api.w.org\/{rel}","templated":true}]}}