{"id":1928,"date":"2018-12-03T13:13:50","date_gmt":"2018-12-03T16:13:50","guid":{"rendered":"https:\/\/exactas.uba.ar\/uti\/?page_id=1928"},"modified":"2020-11-08T08:43:13","modified_gmt":"2020-11-08T11:43:13","slug":"comdoc","status":"publish","type":"page","link":"https:\/\/exactas.uba.ar\/uti\/administrativos\/comdoc\/","title":{"rendered":"Sistema COMDOC FCEN"},"content":{"rendered":"<p>Por medio de la <a href=\"https:\/\/exactas.uba.ar\/uti\/wp-content\/uploads\/2018\/11\/ResolucionCOMDOC-D-18-2355.pdf\">Resoluci\u00f3n Decano D-18-2355<\/a>, a partir del d\u00eda 12 de noviembre de 2018 se pone en vigencia para la gesti\u00f3n de Expedientes, el Sistema de Seguimiento de Expedientes y Documentos COMDOC III en todo el \u00e1mbito de la FACULTAD DE CIENCIAS EXACTAS Y NATURALES.<\/p>\n<p><i>Para el ingreso a dicho sistema (versi\u00f3n en producci\u00f3n), desde la Intranet de la FCEN, utilizar <a href=\"http:\/\/comdoc.exactas.uba.ar\/\">este enlace.<\/a><\/i><\/p>\n<p><i>Enlaces relacionados : <\/i><\/p>\n<ul>\n<li>P\u00e1gina de Ingreso al sistema :\n<ul>\n<li><i><a href=\"http:\/\/comdoc.exactas.uba.ar\/\">P\u00e1gina de ingreso COMDOC (producci\u00f3n)<\/a><\/i><\/li>\n<li><i><a href=\"http:\/\/comdoc-test.fcen.uba.ar\">P\u00e1gina de ingreso COMDOC PRUEBAS (test)<\/a><\/i><\/li>\n<\/ul>\n<\/li>\n<li>P\u00e1ginas de informaci\u00f3n :\n<ul>\n<li><i><a href=\"https:\/\/exactas.uba.ar\/documentacion-comdoc\/\">Pagina de Informaci\u00f3n de COMDOC &#8211; FCEN<\/a><\/i><\/li>\n<li><i><a href=\"https:\/\/nube.exactas.uba.ar\/s\/pNRCreg5JciTbFK\">Repositorio de Documentaci\u00ed\u00f3n de COMDOC (Nube de Exactas)<\/a><\/i><\/li>\n<\/ul>\n<\/li>\n<li>Paginas de Busquedas :\n<ul>\n<li><i><a href=\"https:\/\/expedientes.exactas.uba.ar\/\">Busqueda Publica de Expedientes FCEN<\/a><\/i><\/li>\n<li><i><a href=\"http:\/\/resoluciones.exactas.uba.ar\/\">Busqueda Publica de Resoluciones FCEN<\/a><\/i><\/li>\n<li><i><a href=\"http:\/\/www.fi.uba.ar\/expedientes\/index.php\">Consulta Expedientes COMDOC Rectorado UBA<\/a><br \/>\n<\/i><\/li>\n<\/ul>\n<\/li>\n<\/ul>\n","protected":false},"excerpt":{"rendered":"<p>Por medio de la Resoluci\u00f3n Decano D-18-2355, a partir del d\u00eda 12 de noviembre de 2018 se pone en vigencia para la gesti\u00f3n de Expedientes, el Sistema de Seguimiento de Expedientes y Documentos COMDOC III en todo el \u00e1mbito de <a href=\"https:\/\/exactas.uba.ar\/uti\/administrativos\/comdoc\/\" rel=\"nofollow\"><span class=\"sr-only\">Leer m\u00e1sSistema COMDOC FCEN<\/span>[&hellip;]<\/a><\/p>\n","protected":false},"author":4,"featured_media":0,"parent":30,"menu_order":0,"comment_status":"closed","ping_status":"closed","template":"","meta":{"_monsterinsights_skip_tracking":false,"_monsterinsights_sitenote_active":false,"_monsterinsights_sitenote_note":"","_monsterinsights_sitenote_category":0,"_mc_calendar":[],"footnotes":""},"class_list":["post-1928","page","type-page","status-publish","hentry"],"_links":{"self":[{"href":"https:\/\/exactas.uba.ar\/uti\/wp-json\/wp\/v2\/pages\/1928","targetHints":{"allow":["GET"]}}],"collection":[{"href":"https:\/\/exactas.uba.ar\/uti\/wp-json\/wp\/v2\/pages"}],"about":[{"href":"https:\/\/exactas.uba.ar\/uti\/wp-json\/wp\/v2\/types\/page"}],"author":[{"embeddable":true,"href":"https:\/\/exactas.uba.ar\/uti\/wp-json\/wp\/v2\/users\/4"}],"replies":[{"embeddable":true,"href":"https:\/\/exactas.uba.ar\/uti\/wp-json\/wp\/v2\/comments?post=1928"}],"version-history":[{"count":19,"href":"https:\/\/exactas.uba.ar\/uti\/wp-json\/wp\/v2\/pages\/1928\/revisions"}],"predecessor-version":[{"id":2116,"href":"https:\/\/exactas.uba.ar\/uti\/wp-json\/wp\/v2\/pages\/1928\/revisions\/2116"}],"up":[{"embeddable":true,"href":"https:\/\/exactas.uba.ar\/uti\/wp-json\/wp\/v2\/pages\/30"}],"wp:attachment":[{"href":"https:\/\/exactas.uba.ar\/uti\/wp-json\/wp\/v2\/media?parent=1928"}],"curies":[{"name":"wp","href":"https:\/\/api.w.org\/{rel}","templated":true}]}}