{"id":1674,"date":"2018-06-06T15:42:50","date_gmt":"2018-06-06T18:42:50","guid":{"rendered":"https:\/\/exactas.uba.ar\/uti\/?page_id=1674"},"modified":"2018-06-28T16:56:33","modified_gmt":"2018-06-28T19:56:33","slug":"migracion-del-antiguo-mail-al-nuevo-mail-con-thunderbird","status":"publish","type":"page","link":"https:\/\/exactas.uba.ar\/uti\/servicios\/mail-exactas\/migracion-del-antiguo-mail-al-nuevo-mail-con-thunderbird\/","title":{"rendered":"\u00bfC\u00f3mo modifico la configuraci\u00f3n de Thunderbird para el nuevo mail?"},"content":{"rendered":"<h2>Verificar si la cuenta actual est\u00e1 configurada como POP3 o IMAP<\/h2>\n<p>Antes de proceder al cambio de configuraci\u00f3n, es necesario verificar si la cuenta configurada actualmente es POP3 o IMAP. Para el nuevo mail s\u00f3lo se podr\u00e1 usar IMAP. Para ello:<\/p>\n<ol>\n<li>Hac\u00e9 clic derecho sobre la cuenta actual, y seleccionar Opciones, para que se abra la ventana de configuraci\u00f3n de la cuenta.<br \/>\n<a href=\"https:\/\/exactas.uba.ar\/uti\/wp-content\/uploads\/2018\/06\/1.png\"><img loading=\"lazy\" decoding=\"async\" class=\"aligncenter wp-image-1684 size-full\" src=\"https:\/\/exactas.uba.ar\/uti\/wp-content\/uploads\/2018\/06\/1.png\" alt=\"\" width=\"425\" height=\"317\" srcset=\"https:\/\/exactas.uba.ar\/uti\/wp-content\/uploads\/2018\/06\/1.png 425w, https:\/\/exactas.uba.ar\/uti\/wp-content\/uploads\/2018\/06\/1-300x224.png 300w, https:\/\/exactas.uba.ar\/uti\/wp-content\/uploads\/2018\/06\/1-285x214.png 285w\" sizes=\"auto, (max-width: 425px) 100vw, 425px\" \/><\/a><\/li>\n<li>En el panel lateral de la misma, seleccion\u00e1 \u00abConfiguraci\u00f3n del servidor\u00bb, para observar el campo \u00abTipo de servidor\u00bb.<a href=\"https:\/\/exactas.uba.ar\/uti\/wp-content\/uploads\/2018\/06\/2-1.png\"><img loading=\"lazy\" decoding=\"async\" class=\"aligncenter wp-image-1699 size-full\" src=\"https:\/\/exactas.uba.ar\/uti\/wp-content\/uploads\/2018\/06\/2-1.png\" alt=\"\" width=\"645\" height=\"338\" srcset=\"https:\/\/exactas.uba.ar\/uti\/wp-content\/uploads\/2018\/06\/2-1.png 645w, https:\/\/exactas.uba.ar\/uti\/wp-content\/uploads\/2018\/06\/2-1-300x157.png 300w\" sizes=\"auto, (max-width: 645px) 100vw, 645px\" \/><\/a><strong>Si indica \u00abServidor de correo POP\u00bb, segu\u00ed <a href=\"#pop3\">estos pasos<\/a>. Si indica \u00abServidor de correo IMAP\u00bb, segu\u00ed <a href=\"#imap\">estos otros pasos<\/a>.<\/strong><\/li>\n<\/ol>\n<h2><a name=\"pop3\"><\/a><\/h2>\n<h2><\/h2>\n<h2>Si la cuenta es POP3&#8230;<\/h2>\n<p>Algunas cuentas de Decanato se usan desde Thunderbird con configuraci\u00f3n POP3. Este protocolo descarga los mails desde el servidor de correo, de manera que los mismos quedan, por defecto, s\u00f3lo almacenados en la PC del usuario, lo que representa un riesgo de p\u00e9rdida de informaci\u00f3n. En el nuevo servicio de correo electr\u00f3nico se propone utilizar el protocolo IMAP, que presenta menos problemas, y donde los correos quedan almacenados en el servidor, protegidos ante posibles fallas de la PC del usuario.<\/p>\n<p>Si bien no se deshabilitar\u00e1 POP3 para los usuarios que actualmente lo usen, se recomienda fuertemente la migraci\u00f3n a IMAP, realizando los pasos descriptos a continuaci\u00f3n.<\/p>\n<p>Cuando el campo\u00a0 \u00abTipo de servidor\u00bb indique POP, se deber\u00e1 proceder a la creaci\u00f3n de un nuevo perfil de correo electr\u00f3nico en Thunderbird, para pasar a IMAP.<\/p>\n<ol>\n<li>En el men\u00fa \u00abAcciones de cuenta\u00bb, ubicado en la esquina inferior izquierda de la ventana de \u00abConfiguraci\u00f3n de cuenta\u00bb abierta antes, seleccion\u00e1 la opci\u00f3n\u00a0 \u00abAgregar nueva cuenta de correo\u00bb.<br \/>\n<a href=\"https:\/\/exactas.uba.ar\/uti\/wp-content\/uploads\/2018\/06\/3.png\"><img loading=\"lazy\" decoding=\"async\" class=\"aligncenter wp-image-1686 size-full\" src=\"https:\/\/exactas.uba.ar\/uti\/wp-content\/uploads\/2018\/06\/3.png\" alt=\"\" width=\"620\" height=\"356\" srcset=\"https:\/\/exactas.uba.ar\/uti\/wp-content\/uploads\/2018\/06\/3.png 620w, https:\/\/exactas.uba.ar\/uti\/wp-content\/uploads\/2018\/06\/3-300x172.png 300w\" sizes=\"auto, (max-width: 620px) 100vw, 620px\" \/><\/a><\/li>\n<li>Completar campos requeridos: Nombre, correo electr\u00f3nico y contrase\u00f1a. Thunderbird buscar\u00e1 autom\u00e1ticamente la configuraci\u00f3n correspondiente.<a href=\"https:\/\/exactas.uba.ar\/uti\/wp-content\/uploads\/2018\/05\/thunderburd_autoconfig_example.png\"><img loading=\"lazy\" decoding=\"async\" class=\"aligncenter wp-image-1668 size-full\" src=\"https:\/\/exactas.uba.ar\/uti\/wp-content\/uploads\/2018\/05\/thunderburd_autoconfig_example.png\" alt=\"\" width=\"656\" height=\"457\" srcset=\"https:\/\/exactas.uba.ar\/uti\/wp-content\/uploads\/2018\/05\/thunderburd_autoconfig_example.png 656w, https:\/\/exactas.uba.ar\/uti\/wp-content\/uploads\/2018\/05\/thunderburd_autoconfig_example-300x209.png 300w\" sizes=\"auto, (max-width: 656px) 100vw, 656px\" \/><\/a><\/li>\n<li>Una vez finalizado el proceso, hac\u00e9 clic en \u00abaceptar\u00bb. En la ventana de \u00abConfiguraci\u00f3n de cuenta\u00bb, en la secci\u00f3n izquierda, ahora aparecen dos cuentas creadas, con una de ellas seleccionadas. Thunderbird nos obligar\u00e1 a modificar el nombre de alguna de las dos cuentas, ya que no pueden tener el mismo. Para esto, modificar el campo \u00abNombre de la cuenta\u00bb a un nombre adecuado. En el ejemplo, el nuevo nombre de la cuenta es \u00abjuana.perez-NUEVO\u00bb.<a href=\"https:\/\/exactas.uba.ar\/uti\/wp-content\/uploads\/2018\/06\/5.png\"><img loading=\"lazy\" decoding=\"async\" class=\"aligncenter wp-image-1688 size-full\" src=\"https:\/\/exactas.uba.ar\/uti\/wp-content\/uploads\/2018\/06\/5.png\" alt=\"\" width=\"530\" height=\"143\" srcset=\"https:\/\/exactas.uba.ar\/uti\/wp-content\/uploads\/2018\/06\/5.png 530w, https:\/\/exactas.uba.ar\/uti\/wp-content\/uploads\/2018\/06\/5-300x81.png 300w\" sizes=\"auto, (max-width: 530px) 100vw, 530px\" \/><\/a><\/li>\n<li>Al aceptar los cambios y volver a la ventana principal de Thunderbird, en la barra lateral izquierda se podr\u00e1n ver dos cuentas. Una forma de identificar la cuenta reci\u00e9n configurada de la preexistente es la presencia de un \u00abcandado\u00bb en el icono de la nueva. Ser\u00e1 en la nueva cuenta donde se recibir\u00e1n los nuevos correos.<br \/>\n<a href=\"https:\/\/exactas.uba.ar\/uti\/wp-content\/uploads\/2018\/06\/6.png\"><img loading=\"lazy\" decoding=\"async\" class=\"aligncenter wp-image-1689 size-full\" src=\"https:\/\/exactas.uba.ar\/uti\/wp-content\/uploads\/2018\/06\/6.png\" alt=\"\" width=\"270\" height=\"301\" srcset=\"https:\/\/exactas.uba.ar\/uti\/wp-content\/uploads\/2018\/06\/6.png 270w, https:\/\/exactas.uba.ar\/uti\/wp-content\/uploads\/2018\/06\/6-269x300.png 269w\" sizes=\"auto, (max-width: 270px) 100vw, 270px\" \/><\/a><\/li>\n<li>Una vez configurada la nueva cuenta, es posible mover los correos antiguos a ella, de manera que se almacenen en el servidor y puedan ser consultados f\u00e1cilmente.<\/li>\n<\/ol>\n<h2>Copiar correos antiguos al servidor:<\/h2>\n<ol>\n<li>Para ello es necesario utilizar la extensi\u00f3n de Thunderbird Copy Folder, que se encuentra en <a href=\"https:\/\/addons.mozilla.org\/en-US\/thunderbird\/addon\/copy-folder\/\">https:\/\/addons.mozilla.org\/en-US\/thunderbird\/addon\/copy-folder\/<\/a> . Desde esa URL se puede descargar el archivo de extensi\u00f3n \u00ab.xpi\u00bb.<\/li>\n<li>En Thunderbird, hac\u00e9 clic en el bot\u00f3n de Men\u00fa de la derecha, y seleccion\u00e1 \u00abComplementos\u00bb.<a href=\"https:\/\/exactas.uba.ar\/uti\/wp-content\/uploads\/2018\/06\/7.png\"><img loading=\"lazy\" decoding=\"async\" class=\"aligncenter wp-image-1690 size-full\" src=\"https:\/\/exactas.uba.ar\/uti\/wp-content\/uploads\/2018\/06\/7.png\" alt=\"\" width=\"584\" height=\"366\" srcset=\"https:\/\/exactas.uba.ar\/uti\/wp-content\/uploads\/2018\/06\/7.png 584w, https:\/\/exactas.uba.ar\/uti\/wp-content\/uploads\/2018\/06\/7-300x188.png 300w\" sizes=\"auto, (max-width: 584px) 100vw, 584px\" \/><\/a><\/li>\n<li>En la nueva pesta\u00f1a abierta, hac\u00e9 clic en el bot\u00f3n de \u00abherramientas\u00bb, y seleccion\u00e1 la opci\u00f3n \u00abInstalar complemento desde archivo\u00bb. En la ventana que se abre, busc\u00e1 el archivo que se descarg\u00f3 en el paso 6.<a href=\"https:\/\/exactas.uba.ar\/uti\/wp-content\/uploads\/2018\/06\/8.png\"><img loading=\"lazy\" decoding=\"async\" class=\"aligncenter wp-image-1691 size-full\" src=\"https:\/\/exactas.uba.ar\/uti\/wp-content\/uploads\/2018\/06\/8.png\" alt=\"\" width=\"594\" height=\"218\" srcset=\"https:\/\/exactas.uba.ar\/uti\/wp-content\/uploads\/2018\/06\/8.png 594w, https:\/\/exactas.uba.ar\/uti\/wp-content\/uploads\/2018\/06\/8-300x110.png 300w\" sizes=\"auto, (max-width: 594px) 100vw, 594px\" \/><\/a><\/li>\n<li>En el cuadro de di\u00e1logo que se abre para pedir autorizaci\u00f3n para instalar la extensi\u00f3n, seleccion\u00e1 \u00abAceptar\u00bb. Se instala la extensi\u00f3n y debemos reiniciar Thunderbird.<\/li>\n<li>En la ventana principal de Thunderbird, hac\u00e9 clic derecho sobre la bandeja de entrada de la cuenta antigua (POP3), y busc\u00e1 la opci\u00f3n \u00abCopy to\u00bb, para pegar los mails en la cuenta IMAP reci\u00e9n configurada.<a href=\"https:\/\/exactas.uba.ar\/uti\/wp-content\/uploads\/2018\/06\/9.png\"><img loading=\"lazy\" decoding=\"async\" class=\"aligncenter wp-image-1692 size-full\" src=\"https:\/\/exactas.uba.ar\/uti\/wp-content\/uploads\/2018\/06\/9.png\" alt=\"\" width=\"731\" height=\"321\" srcset=\"https:\/\/exactas.uba.ar\/uti\/wp-content\/uploads\/2018\/06\/9.png 731w, https:\/\/exactas.uba.ar\/uti\/wp-content\/uploads\/2018\/06\/9-300x132.png 300w\" sizes=\"auto, (max-width: 731px) 100vw, 731px\" \/><\/a><\/li>\n<li>Aparecer\u00e1 un cuadro de di\u00e1logo pidiendo autorizaci\u00f3n, que debe aceptarse. Comenzar\u00e1 entonces la copia de los mails en segundo plano.<a href=\"https:\/\/exactas.uba.ar\/uti\/wp-content\/uploads\/2018\/06\/10.png\"><img loading=\"lazy\" decoding=\"async\" class=\"aligncenter wp-image-1693 size-full\" src=\"https:\/\/exactas.uba.ar\/uti\/wp-content\/uploads\/2018\/06\/10.png\" alt=\"\" width=\"421\" height=\"259\" srcset=\"https:\/\/exactas.uba.ar\/uti\/wp-content\/uploads\/2018\/06\/10.png 421w, https:\/\/exactas.uba.ar\/uti\/wp-content\/uploads\/2018\/06\/10-300x185.png 300w\" sizes=\"auto, (max-width: 421px) 100vw, 421px\" \/><\/a><\/li>\n<li>Una vez finalizado, aparecer\u00e1 el cuadro de di\u00e1logo, indicando el \u00e9xito de la operaci\u00f3n.<br \/>\n<a href=\"https:\/\/exactas.uba.ar\/uti\/wp-content\/uploads\/2018\/06\/11.png\"><img loading=\"lazy\" decoding=\"async\" class=\"aligncenter wp-image-1694 size-full\" src=\"https:\/\/exactas.uba.ar\/uti\/wp-content\/uploads\/2018\/06\/11.png\" alt=\"\" width=\"315\" height=\"219\" srcset=\"https:\/\/exactas.uba.ar\/uti\/wp-content\/uploads\/2018\/06\/11.png 315w, https:\/\/exactas.uba.ar\/uti\/wp-content\/uploads\/2018\/06\/11-300x209.png 300w\" sizes=\"auto, (max-width: 315px) 100vw, 315px\" \/><\/a><\/li>\n<\/ol>\n<h2><a name=\"imap\"><\/a><\/h2>\n<h2>Si la cuenta es IMAP&#8230;<\/h2>\n<p>Si la cuenta en el antiguo sistema es IMAP, s\u00f3lo ser\u00e1 necesario cambiar su configuraci\u00f3n, sin necesidad de crear ninguna cuenta adicional.<\/p>\n<ol>\n<li>Hac\u00e9 clic derecho sobre la cuenta que desea migrar a la nueva estructura, y hac\u00e9 clic en \u00abOpciones\u00bb.<a href=\"https:\/\/exactas.uba.ar\/uti\/wp-content\/uploads\/2018\/06\/12.png\"><img loading=\"lazy\" decoding=\"async\" class=\"aligncenter wp-image-1703 size-full\" src=\"https:\/\/exactas.uba.ar\/uti\/wp-content\/uploads\/2018\/06\/12.png\" alt=\"\" width=\"404\" height=\"273\" srcset=\"https:\/\/exactas.uba.ar\/uti\/wp-content\/uploads\/2018\/06\/12.png 404w, https:\/\/exactas.uba.ar\/uti\/wp-content\/uploads\/2018\/06\/12-300x203.png 300w\" sizes=\"auto, (max-width: 404px) 100vw, 404px\" \/><\/a><\/li>\n<li>En la ventana que se abre, and\u00e1 a la \u00abConfiguraci\u00f3n del servidor\u00bb en la barra vertical izquierda.<a href=\"https:\/\/exactas.uba.ar\/uti\/wp-content\/uploads\/2018\/06\/13.png\"><img loading=\"lazy\" decoding=\"async\" class=\"aligncenter wp-image-1704 size-full\" src=\"https:\/\/exactas.uba.ar\/uti\/wp-content\/uploads\/2018\/06\/13.png\" alt=\"\" width=\"392\" height=\"279\" srcset=\"https:\/\/exactas.uba.ar\/uti\/wp-content\/uploads\/2018\/06\/13.png 392w, https:\/\/exactas.uba.ar\/uti\/wp-content\/uploads\/2018\/06\/13-300x214.png 300w\" sizes=\"auto, (max-width: 392px) 100vw, 392px\" \/><\/a><\/li>\n<li>Modific\u00e1 los campos de Servidor, Seguridad de la conexi\u00f3n y M\u00e9todo de autenticaci\u00f3n para que se vean como los de la siguiente imagen:<br \/>\n<a href=\"https:\/\/exactas.uba.ar\/uti\/wp-content\/uploads\/2018\/06\/14.png\"><img loading=\"lazy\" decoding=\"async\" class=\"aligncenter wp-image-1705 size-full\" src=\"https:\/\/exactas.uba.ar\/uti\/wp-content\/uploads\/2018\/06\/14.png\" alt=\"\" width=\"651\" height=\"212\" srcset=\"https:\/\/exactas.uba.ar\/uti\/wp-content\/uploads\/2018\/06\/14.png 651w, https:\/\/exactas.uba.ar\/uti\/wp-content\/uploads\/2018\/06\/14-300x98.png 300w\" sizes=\"auto, (max-width: 651px) 100vw, 651px\" \/><\/a><\/li>\n<li>En la barra lateral izquierda, hac\u00e9 clic sobre \u00abConfiguraci\u00f3n del servidor saliente\u00bb (\u00faltimo bot\u00f3n) para modificar la configuraci\u00f3n del servidor que se utiliza para enviar correos desde la PC.<br \/>\n<a href=\"https:\/\/exactas.uba.ar\/uti\/wp-content\/uploads\/2018\/06\/15.png\"><img loading=\"lazy\" decoding=\"async\" class=\"aligncenter wp-image-1706 size-full\" src=\"https:\/\/exactas.uba.ar\/uti\/wp-content\/uploads\/2018\/06\/15.png\" alt=\"\" width=\"578\" height=\"311\" srcset=\"https:\/\/exactas.uba.ar\/uti\/wp-content\/uploads\/2018\/06\/15.png 578w, https:\/\/exactas.uba.ar\/uti\/wp-content\/uploads\/2018\/06\/15-300x161.png 300w\" sizes=\"auto, (max-width: 578px) 100vw, 578px\" \/><\/a><\/li>\n<li>En esa ventana, hac\u00e9 clic sobre el bot\u00f3n \u00abEditar\u00bb, tras lo cual se abrir\u00e1 un cuadro de di\u00e1logo.<br \/>\n<a href=\"https:\/\/exactas.uba.ar\/uti\/wp-content\/uploads\/2018\/06\/16.png\"><img loading=\"lazy\" decoding=\"async\" class=\"aligncenter wp-image-1707 size-full\" src=\"https:\/\/exactas.uba.ar\/uti\/wp-content\/uploads\/2018\/06\/16.png\" alt=\"\" width=\"711\" height=\"230\" srcset=\"https:\/\/exactas.uba.ar\/uti\/wp-content\/uploads\/2018\/06\/16.png 711w, https:\/\/exactas.uba.ar\/uti\/wp-content\/uploads\/2018\/06\/16-300x97.png 300w\" sizes=\"auto, (max-width: 711px) 100vw, 711px\" \/><\/a><\/li>\n<li>Editar el cuadro de di\u00e1logo de manera que quede como el que se muestra a continuaci\u00f3n:<br \/>\n<a href=\"https:\/\/exactas.uba.ar\/uti\/wp-content\/uploads\/2018\/06\/17.png\"><img loading=\"lazy\" decoding=\"async\" class=\"aligncenter wp-image-1708 size-full\" src=\"https:\/\/exactas.uba.ar\/uti\/wp-content\/uploads\/2018\/06\/17.png\" alt=\"\" width=\"429\" height=\"311\" srcset=\"https:\/\/exactas.uba.ar\/uti\/wp-content\/uploads\/2018\/06\/17.png 429w, https:\/\/exactas.uba.ar\/uti\/wp-content\/uploads\/2018\/06\/17-300x217.png 300w\" sizes=\"auto, (max-width: 429px) 100vw, 429px\" \/><\/a><\/li>\n<li>Aceptar los cambios en todos los cuadros de di\u00e1logo, hasta llegar a la pantalla principal de Thunderbird, donde se podr\u00e1 observar que el icono que acompa\u00f1a al nombre de la cuenta posee un candado, se\u00f1al de que la configuraci\u00f3n fue exitosa.<br \/>\n<a href=\"https:\/\/exactas.uba.ar\/uti\/wp-content\/uploads\/2018\/06\/18.png\"><img loading=\"lazy\" decoding=\"async\" class=\"aligncenter wp-image-1701 size-full\" src=\"https:\/\/exactas.uba.ar\/uti\/wp-content\/uploads\/2018\/06\/18.png\" alt=\"\" width=\"271\" height=\"178\" \/><\/a><\/li>\n<\/ol>\n","protected":false},"excerpt":{"rendered":"<p>Verificar si la cuenta actual est\u00e1 configurada como POP3 o IMAP Antes de proceder al cambio de configuraci\u00f3n, es necesario verificar si la cuenta configurada actualmente es POP3 o IMAP. Para el nuevo mail s\u00f3lo se podr\u00e1 usar IMAP. Para <a href=\"https:\/\/exactas.uba.ar\/uti\/servicios\/mail-exactas\/migracion-del-antiguo-mail-al-nuevo-mail-con-thunderbird\/\" rel=\"nofollow\"><span class=\"sr-only\">Leer m\u00e1s\u00bfC\u00f3mo modifico la configuraci\u00f3n de Thunderbird para el nuevo mail?<\/span>[&hellip;]<\/a><\/p>\n","protected":false},"author":2,"featured_media":0,"parent":1654,"menu_order":0,"comment_status":"closed","ping_status":"closed","template":"","meta":{"_monsterinsights_skip_tracking":false,"_monsterinsights_sitenote_active":false,"_monsterinsights_sitenote_note":"","_monsterinsights_sitenote_category":0,"_mc_calendar":[],"footnotes":""},"class_list":["post-1674","page","type-page","status-publish","hentry"],"_links":{"self":[{"href":"https:\/\/exactas.uba.ar\/uti\/wp-json\/wp\/v2\/pages\/1674","targetHints":{"allow":["GET"]}}],"collection":[{"href":"https:\/\/exactas.uba.ar\/uti\/wp-json\/wp\/v2\/pages"}],"about":[{"href":"https:\/\/exactas.uba.ar\/uti\/wp-json\/wp\/v2\/types\/page"}],"author":[{"embeddable":true,"href":"https:\/\/exactas.uba.ar\/uti\/wp-json\/wp\/v2\/users\/2"}],"replies":[{"embeddable":true,"href":"https:\/\/exactas.uba.ar\/uti\/wp-json\/wp\/v2\/comments?post=1674"}],"version-history":[{"count":18,"href":"https:\/\/exactas.uba.ar\/uti\/wp-json\/wp\/v2\/pages\/1674\/revisions"}],"predecessor-version":[{"id":1763,"href":"https:\/\/exactas.uba.ar\/uti\/wp-json\/wp\/v2\/pages\/1674\/revisions\/1763"}],"up":[{"embeddable":true,"href":"https:\/\/exactas.uba.ar\/uti\/wp-json\/wp\/v2\/pages\/1654"}],"wp:attachment":[{"href":"https:\/\/exactas.uba.ar\/uti\/wp-json\/wp\/v2\/media?parent=1674"}],"curies":[{"name":"wp","href":"https:\/\/api.w.org\/{rel}","templated":true}]}}