{"id":1615,"date":"2018-05-23T11:09:29","date_gmt":"2018-05-23T14:09:29","guid":{"rendered":"https:\/\/exactas.uba.ar\/uti\/?page_id=1615"},"modified":"2019-05-21T13:53:22","modified_gmt":"2019-05-21T16:53:22","slug":"cambio-de-contrasena-en-webmail","status":"publish","type":"page","link":"https:\/\/exactas.uba.ar\/uti\/servicios\/mail-exactas\/cambio-de-contrasena-en-webmail\/","title":{"rendered":"\u00bfC\u00f3mo cambio mi contrase\u00f1a?"},"content":{"rendered":"<p>Para poder hacer el cambio de contrase\u00f1a ingres\u00e1 a <a href=\"https:\/\/webmail.exactas.uba.ar\">https:\/\/webmail.exactas.uba.ar<\/a><\/p>\n<p><em>Atenci\u00f3n: esto no aplica para las cuentas del Departamento de Computaci\u00f3n. Para esas cuentas, ver informaci\u00f3n en la <a href=\"https:\/\/soporte.dc.uba.ar\/\">p\u00e1gina de soporte del DC<\/a>.<\/em><\/p>\n<p><span class=\"hps\">Una vez<\/span> <span class=\"hps\">iniciada<\/span> <span class=\"hps\">la sesi\u00f3n<\/span>, <span class=\"hps\">acced\u00e9<\/span> <span class=\"hps\">a<\/span> <span class=\"hps atn\">\u00ab<\/span><strong>Configuraci\u00f3n<\/strong>\u00bb .<\/p>\n<p><a href=\"https:\/\/exactas.uba.ar\/uti\/wp-content\/uploads\/2018\/05\/roundcube1.jpeg\"><img loading=\"lazy\" decoding=\"async\" class=\"alignnone size-medium wp-image-1616\" src=\"https:\/\/exactas.uba.ar\/uti\/wp-content\/uploads\/2018\/05\/roundcube1-300x33.jpeg\" alt=\"\" width=\"300\" height=\"33\" srcset=\"https:\/\/exactas.uba.ar\/uti\/wp-content\/uploads\/2018\/05\/roundcube1-300x33.jpeg 300w, https:\/\/exactas.uba.ar\/uti\/wp-content\/uploads\/2018\/05\/roundcube1.jpeg 464w\" sizes=\"auto, (max-width: 300px) 100vw, 300px\" \/><\/a><\/p>\n<p>Luego, a <strong>Contrase\u00f1a<\/strong>.<\/p>\n<p><a href=\"https:\/\/exactas.uba.ar\/uti\/wp-content\/uploads\/2018\/05\/roundcube2.jpeg\"><img loading=\"lazy\" decoding=\"async\" class=\"alignnone size-medium wp-image-1617\" src=\"https:\/\/exactas.uba.ar\/uti\/wp-content\/uploads\/2018\/05\/roundcube2-300x300.jpeg\" alt=\"\" width=\"300\" height=\"300\" srcset=\"https:\/\/exactas.uba.ar\/uti\/wp-content\/uploads\/2018\/05\/roundcube2-300x300.jpeg 300w, https:\/\/exactas.uba.ar\/uti\/wp-content\/uploads\/2018\/05\/roundcube2-150x150.jpeg 150w, https:\/\/exactas.uba.ar\/uti\/wp-content\/uploads\/2018\/05\/roundcube2-250x250.jpeg 250w, https:\/\/exactas.uba.ar\/uti\/wp-content\/uploads\/2018\/05\/roundcube2-174x174.jpeg 174w, https:\/\/exactas.uba.ar\/uti\/wp-content\/uploads\/2018\/05\/roundcube2.jpeg 493w\" sizes=\"auto, (max-width: 300px) 100vw, 300px\" \/><\/a><\/p>\n<p>Ingres\u00e1 la contrase\u00f1a actual y luego la nueva. Por ultimo presion\u00e1 en el bot\u00f3n <strong>guardar<\/strong>.<\/p>\n<p><a href=\"https:\/\/exactas.uba.ar\/uti\/wp-content\/uploads\/2018\/05\/roundcube3.jpeg\"><img loading=\"lazy\" decoding=\"async\" class=\"alignnone size-medium wp-image-1618\" src=\"https:\/\/exactas.uba.ar\/uti\/wp-content\/uploads\/2018\/05\/roundcube3-300x103.jpeg\" alt=\"\" width=\"300\" height=\"103\" srcset=\"https:\/\/exactas.uba.ar\/uti\/wp-content\/uploads\/2018\/05\/roundcube3-300x103.jpeg 300w, https:\/\/exactas.uba.ar\/uti\/wp-content\/uploads\/2018\/05\/roundcube3.jpeg 692w\" sizes=\"auto, (max-width: 300px) 100vw, 300px\" \/><\/a><\/p>\n<p><a href=\"https:\/\/exactas.uba.ar\/uti\/wp-content\/uploads\/2018\/05\/roundcube4.jpeg\"><img loading=\"lazy\" decoding=\"async\" class=\"alignnone size-medium wp-image-1619\" src=\"https:\/\/exactas.uba.ar\/uti\/wp-content\/uploads\/2018\/05\/roundcube4-300x120.jpeg\" alt=\"\" width=\"300\" height=\"120\" srcset=\"https:\/\/exactas.uba.ar\/uti\/wp-content\/uploads\/2018\/05\/roundcube4-300x120.jpeg 300w, https:\/\/exactas.uba.ar\/uti\/wp-content\/uploads\/2018\/05\/roundcube4.jpeg 680w\" sizes=\"auto, (max-width: 300px) 100vw, 300px\" \/><\/a><\/p>\n<p>&nbsp;<\/p>\n","protected":false},"excerpt":{"rendered":"<p>Para poder hacer el cambio de contrase\u00f1a ingres\u00e1 a https:\/\/webmail.exactas.uba.ar Atenci\u00f3n: esto no aplica para las cuentas del Departamento de Computaci\u00f3n. Para esas cuentas, ver informaci\u00f3n en la p\u00e1gina de soporte del DC. Una vez iniciada la sesi\u00f3n, acced\u00e9 a <a href=\"https:\/\/exactas.uba.ar\/uti\/servicios\/mail-exactas\/cambio-de-contrasena-en-webmail\/\" rel=\"nofollow\"><span class=\"sr-only\">Leer m\u00e1s\u00bfC\u00f3mo cambio mi contrase\u00f1a?<\/span>[&hellip;]<\/a><\/p>\n","protected":false},"author":2,"featured_media":0,"parent":1654,"menu_order":0,"comment_status":"closed","ping_status":"closed","template":"","meta":{"_monsterinsights_skip_tracking":false,"_monsterinsights_sitenote_active":false,"_monsterinsights_sitenote_note":"","_monsterinsights_sitenote_category":0,"_mc_calendar":[],"footnotes":""},"class_list":["post-1615","page","type-page","status-publish","hentry"],"_links":{"self":[{"href":"https:\/\/exactas.uba.ar\/uti\/wp-json\/wp\/v2\/pages\/1615","targetHints":{"allow":["GET"]}}],"collection":[{"href":"https:\/\/exactas.uba.ar\/uti\/wp-json\/wp\/v2\/pages"}],"about":[{"href":"https:\/\/exactas.uba.ar\/uti\/wp-json\/wp\/v2\/types\/page"}],"author":[{"embeddable":true,"href":"https:\/\/exactas.uba.ar\/uti\/wp-json\/wp\/v2\/users\/2"}],"replies":[{"embeddable":true,"href":"https:\/\/exactas.uba.ar\/uti\/wp-json\/wp\/v2\/comments?post=1615"}],"version-history":[{"count":10,"href":"https:\/\/exactas.uba.ar\/uti\/wp-json\/wp\/v2\/pages\/1615\/revisions"}],"predecessor-version":[{"id":2051,"href":"https:\/\/exactas.uba.ar\/uti\/wp-json\/wp\/v2\/pages\/1615\/revisions\/2051"}],"up":[{"embeddable":true,"href":"https:\/\/exactas.uba.ar\/uti\/wp-json\/wp\/v2\/pages\/1654"}],"wp:attachment":[{"href":"https:\/\/exactas.uba.ar\/uti\/wp-json\/wp\/v2\/media?parent=1615"}],"curies":[{"name":"wp","href":"https:\/\/api.w.org\/{rel}","templated":true}]}}