{"id":1391,"date":"2017-12-04T11:00:02","date_gmt":"2017-12-04T14:00:02","guid":{"rendered":"https:\/\/exactas.uba.ar\/uti\/?page_id=1391"},"modified":"2019-08-14T16:24:39","modified_gmt":"2019-08-14T19:24:39","slug":"configuracion-mail-exactas-cliente-de-correo-imap-smtp","status":"publish","type":"page","link":"https:\/\/exactas.uba.ar\/uti\/servicios\/mail-exactas\/configuracion-mail-exactas-cliente-de-correo-imap-smtp\/","title":{"rendered":"Configuraci\u00f3n aplicaciones de correo (IMAP, SMTP, POP3)"},"content":{"rendered":"<h1><strong>Configuraci\u00f3n de aplicaciones de correo electr\u00f3nico<\/strong><b><br \/>\n<\/b><\/h1>\n<p>Adem\u00e1s del webmail, pod\u00e9s usar tu cuenta de mail de Exactas en otras aplicaciones de correo electr\u00f3nico, como <a href=\"https:\/\/exactas.uba.ar\/uti\/servicios\/mail-exactas\/configuracion-mail-exactas-cliente-de-correo-imap-smtp\/configuracion-cliente-thunderbird\/\">Thunderbird<\/a>\u00a0(recomendado), Microsoft Outlook, Apple Mail, Gmail, etc. mediante IMAP y SMTP.<\/p>\n<p>Para configurar una cuenta de correo electr\u00f3nico, necesit\u00e1s los siguientes datos:<\/p>\n<h2>Decanato y CEFIEC<\/h2>\n<h3>Correo entrante (IMAP):<\/h3>\n<ul>\n<li>Servidor de correo entrante: <strong>imap.exactas.uba.ar<\/strong><\/li>\n<li>Puerto 993<\/li>\n<li>Seguridad: SSL\/TLS<\/li>\n<li>El usuario debe escribirse completo: ejemplo@de.fcen.uba.ar<\/li>\n<\/ul>\n<h3>Correo saliente (SMTP):<\/h3>\n<ul>\n<li>Servidor de correo saliente: <strong>smtp.exactas.uba.ar<\/strong><\/li>\n<li>Puerto 587<\/li>\n<li>Seguridad: STARTTLS<\/li>\n<li>El usuario debe escribirse completo: ejemplo@de.fcen.uba.ar<\/li>\n<\/ul>\n<h2>Dpto de Computaci\u00f3n e ICC<\/h2>\n<h3>Correo entrante (IMAP):<\/h3>\n<ul>\n<li>Servidor de correo entrante: <strong>imap.dc.uba.ar<\/strong><\/li>\n<li>Puerto 993<\/li>\n<li>Seguridad: SSL\/TLS<\/li>\n<li>El usuario debe escribirse completo: ejemplo@dc.uba.ar<\/li>\n<\/ul>\n<h3>Correo entrante (POP3):<\/h3>\n<ul>\n<li>Servidor de correo entrante: <strong>pop.dc.uba.ar<\/strong><\/li>\n<li>Puerto 995<\/li>\n<li>Seguridad: SSL\/TLS<\/li>\n<li>El usuario debe escribirse completo: ejemplo@dc.uba.ar<\/li>\n<\/ul>\n<h3>Correo saliente (SMTP):<\/h3>\n<ul>\n<li>Servidor de correo saliente: <strong>smtp.dc.uba.ar<\/strong><\/li>\n<li>Puerto 587<\/li>\n<li>Seguridad: STARTTLS<\/li>\n<li>El usuario debe escribirse completo: ejemplo@dc.uba.ar<\/li>\n<\/ul>\n<h2>Agrupaciones<\/h2>\n<h3>Correo entrante (IMAP):<\/h3>\n<ul>\n<li>Servidor de correo entrante: <strong>imap.fcen.uba.ar<\/strong><\/li>\n<li>Puerto 993<\/li>\n<li>Seguridad: SSL\/TLS<\/li>\n<li>El usuario debe escribirse completo: ejemplo@agrupaciones.fcen.uba.ar<\/li>\n<\/ul>\n<h3>Correo entrante (POP3):<\/h3>\n<ul>\n<li>Servidor de correo entrante: <strong>pop.fcen.uba.ar<\/strong><\/li>\n<li>Puerto 995<\/li>\n<li>Seguridad: SSL\/TLS<\/li>\n<li>El usuario debe escribirse completo: ejemplo@agrupaciones.fcen.uba.ar<\/li>\n<\/ul>\n<h3>Correo saliente (SMTP):<\/h3>\n<ul>\n<li>Servidor de correo saliente: <strong>smtpauth.fcen.uba.ar<\/strong><\/li>\n<li>Puerto 587<\/li>\n<li>Seguridad: STARTTLS, M\u00e9todo de autenticaci\u00f3n: Contrase\u00f1a com\u00fan.<\/li>\n<li>El usuario debe escribirse completo: ejemplo@agrupaciones.fcen.uba.ar<\/li>\n<\/ul>\n<h2>FCEN<\/h2>\n<h3>Correo entrante (IMAP):<\/h3>\n<ul>\n<li>Servidor de correo entrante: <strong>imap.fcen.uba.ar<\/strong><\/li>\n<li>Puerto 993<\/li>\n<li>Seguridad: SSL\/TLS. M\u00e9todo de autenticaci\u00f3n: Contrase\u00f1a normal.<\/li>\n<li>El usuario debe escribirse completo: ejemplo@fcen.uba.ar<\/li>\n<\/ul>\n<h3>Correo entrante (POP3):<\/h3>\n<ul>\n<li>Servidor de correo entrante: <strong>pop.fcen.uba.ar<\/strong><\/li>\n<li>Puerto 995<\/li>\n<li>Seguridad: SSL\/TLS. M\u00e9todo de autenticaci\u00f3n: Contrase\u00f1a normal.<\/li>\n<li>El usuario debe escribirse completo: ejemplo@fcen.uba.ar<\/li>\n<\/ul>\n<h3>Correo saliente (SMTP):<\/h3>\n<ul>\n<li>Servidor de correo saliente: <strong>smtpauth.fcen.uba.ar<\/strong><\/li>\n<li>Puerto 587<\/li>\n<li>Seguridad: STARTTLS, M\u00e9todo de autenticaci\u00f3n: Contrase\u00f1a normal.<\/li>\n<li>El usuario debe escribirse completo: ejemplo@fcen.uba.ar<\/li>\n<\/ul>\n","protected":false},"excerpt":{"rendered":"<p>Configuraci\u00f3n de aplicaciones de correo electr\u00f3nico Adem\u00e1s del webmail, pod\u00e9s usar tu cuenta de mail de Exactas en otras aplicaciones de correo electr\u00f3nico, como Thunderbird\u00a0(recomendado), Microsoft Outlook, Apple Mail, Gmail, etc. mediante IMAP y SMTP. Para configurar una cuenta de <a href=\"https:\/\/exactas.uba.ar\/uti\/servicios\/mail-exactas\/configuracion-mail-exactas-cliente-de-correo-imap-smtp\/\" rel=\"nofollow\"><span class=\"sr-only\">Leer m\u00e1sConfiguraci\u00f3n aplicaciones de correo (IMAP, SMTP, POP3)<\/span>[&hellip;]<\/a><\/p>\n","protected":false},"author":2,"featured_media":0,"parent":1654,"menu_order":0,"comment_status":"closed","ping_status":"closed","template":"","meta":{"_monsterinsights_skip_tracking":false,"_monsterinsights_sitenote_active":false,"_monsterinsights_sitenote_note":"","_monsterinsights_sitenote_category":0,"_mc_calendar":[],"footnotes":""},"class_list":["post-1391","page","type-page","status-publish","hentry"],"_links":{"self":[{"href":"https:\/\/exactas.uba.ar\/uti\/wp-json\/wp\/v2\/pages\/1391","targetHints":{"allow":["GET"]}}],"collection":[{"href":"https:\/\/exactas.uba.ar\/uti\/wp-json\/wp\/v2\/pages"}],"about":[{"href":"https:\/\/exactas.uba.ar\/uti\/wp-json\/wp\/v2\/types\/page"}],"author":[{"embeddable":true,"href":"https:\/\/exactas.uba.ar\/uti\/wp-json\/wp\/v2\/users\/2"}],"replies":[{"embeddable":true,"href":"https:\/\/exactas.uba.ar\/uti\/wp-json\/wp\/v2\/comments?post=1391"}],"version-history":[{"count":40,"href":"https:\/\/exactas.uba.ar\/uti\/wp-json\/wp\/v2\/pages\/1391\/revisions"}],"predecessor-version":[{"id":2111,"href":"https:\/\/exactas.uba.ar\/uti\/wp-json\/wp\/v2\/pages\/1391\/revisions\/2111"}],"up":[{"embeddable":true,"href":"https:\/\/exactas.uba.ar\/uti\/wp-json\/wp\/v2\/pages\/1654"}],"wp:attachment":[{"href":"https:\/\/exactas.uba.ar\/uti\/wp-json\/wp\/v2\/media?parent=1391"}],"curies":[{"name":"wp","href":"https:\/\/api.w.org\/{rel}","templated":true}]}}