{"id":1302,"date":"2017-11-07T17:51:41","date_gmt":"2017-11-07T20:51:41","guid":{"rendered":"https:\/\/exactas.uba.ar\/uti\/?page_id=1302"},"modified":"2021-12-23T12:11:31","modified_gmt":"2021-12-23T15:11:31","slug":"redexactas","status":"publish","type":"page","link":"https:\/\/exactas.uba.ar\/uti\/servicios\/redexactas\/","title":{"rendered":"RedExactas"},"content":{"rendered":"<p>La red de datos de la Facultad de Ciencias Exactas y Naturales est\u00e1 administrada por la Unidad de Tecnolog\u00edas de la Informaci\u00f3n y por los distintos Departamentos Docentes e Institutos. Desde el <a href=\"https:\/\/exactas.uba.ar\/uti\/institucional\/uti-ccc\/\">UTi-CCC<\/a>\u00a0(en coordinaci\u00f3n cada dependencia) mantenemos, configuramos y monitoreamos las redes inform\u00e1ticas de Exactas.<\/p>\n<p>A nivel f\u00edsico, la red est\u00e1 compuesta por routers, switches, enlaces de fibra \u00f3ptica, enlaces por radio punto a punto, cableado estructurado y redes WiFi.<\/p>\n<p>El siguiente diagrama muestra los principales equipos y enlaces de la RedExactas.<\/p>\n<p><a href=\"https:\/\/exactas.uba.ar\/uti\/wp-content\/uploads\/2017\/11\/RedUBA-y-Exactas.png\"><img loading=\"lazy\" decoding=\"async\" class=\"wp-image-1433 aligncenter\" src=\"https:\/\/exactas.uba.ar\/uti\/wp-content\/uploads\/2017\/11\/RedUBA-y-Exactas-300x133.png\" alt=\"\" width=\"636\" height=\"282\" srcset=\"https:\/\/exactas.uba.ar\/uti\/wp-content\/uploads\/2017\/11\/RedUBA-y-Exactas-300x133.png 300w, https:\/\/exactas.uba.ar\/uti\/wp-content\/uploads\/2017\/11\/RedUBA-y-Exactas-768x340.png 768w, https:\/\/exactas.uba.ar\/uti\/wp-content\/uploads\/2017\/11\/RedUBA-y-Exactas-1024x453.png 1024w\" sizes=\"auto, (max-width: 636px) 100vw, 636px\" \/><\/a><\/p>\n<h2>Internet<\/h2>\n<p>Brindamos acceso a Internet a trav\u00e9s de un enlace compartido por todas las Facultades y edificios de la UBA. El CCC administra las configuraciones de firewalls, switches y routers.<\/p>\n<p>Desde dentro de la RedExactas se puede ver el estado de los enlaces desde estos links<\/p>\n<ul>\n<li><a href=\"https:\/\/trafico.exactas.uba.ar\/\">Tr\u00e1fico Exactas<\/a><\/li>\n<li><a href=\"http:\/\/estadisticas.uba.ar\/estadist\/reduba.html\">MRTG UBA<\/a><\/li>\n<\/ul>\n<p>En el link de tr\u00e1fico de exactas se observan los siguientes detalles:<\/p>\n<p><span style=\"font-weight: 400;\">En el primer gr\u00e1fico (\u201cInternet\u201d) representamos solamente el enlace entre Ciudad Universitaria y el datacenter de la UBA (de 500Mbps). En verde se ve el tr\u00e1fico que entra desde afuera hacia Ciudad Universitaria, y en azul el que sale.<\/span><\/p>\n<p><span style=\"font-weight: 400;\">En el segundo gr\u00e1fico (\u201cGateways\u201d) representamos el tr\u00e1fico que pasa por cada una de las interfaces IP en el router 3925. Algunos departamentos no figuran en el listado ya que no tienen interfaz en ese equipo, sino que est\u00e1n detr\u00e1s de la red que se llama \u201cBACKBONE PAB2\u201d (DM, DF, DC y algunos m\u00e1s).<\/span><\/p>\n<p><span style=\"font-weight: 400;\">El tercer gr\u00e1fico (\u201c3650dist\u201d) representa a las interfaces f\u00edsicas del switch de distribuci\u00f3n principal, ubicado en el datacenter del CCC en Pabell\u00f3n 1. All\u00ed se concentran los enlaces de fibra anteriores a proyecto SIC hacia los dem\u00e1s edificios, el resto del datacenter, y otros departamentos e institutos.<\/span><\/p>\n<p>&nbsp;<\/p>\n<h2>Red de Cableado Estructurado<\/h2>\n<p>Mantenemos el cableado estructurado existente y en caso de ser necesario reemplazar o modificar el tendido de cables existente, realizamos las gestiones ante la Subsecretar\u00eda T\u00e9cnica para que se tienda el cableado nuevo, y las configuraciones necesarias para que la red se adapte a los cambios f\u00edsicos.<\/p>\n<p>Mantenemos funcionando m\u00e1s de 250 switches en todo Ciudad Universitaria.<\/p>\n<h2>Red WiFi<\/h2>\n<p>Desde UTI-CCC ofrecemos a la comunidad de la facultad servicio de Wi-Fi de acceso libre para navegar por Internet. La red se llama EXACTAS-UBA y no requiere contrase\u00f1a para acceder. Hasta el d\u00eda de hoy tenemos cobertura en las siguientes zonas:<\/p>\n<p><span style=\"font-weight: 400;\">La cobertura actual se lleva a cabo con 85 APs (Access Point) y se encuentra distribuida de la siguiente forma:<\/span><\/p>\n<ul>\n<li style=\"font-weight: 400;\"><span style=\"font-weight: 400;\">Pab. Industrias (1 AP)<\/span>\n<ul>\n<li style=\"font-weight: 400;\"><span style=\"font-weight: 400;\">PB: Hall central<\/span><\/li>\n<\/ul>\n<\/li>\n<\/ul>\n<p><b>\u00a0<\/b><\/p>\n<ul>\n<li style=\"font-weight: 400;\"><span style=\"font-weight: 400;\">Pab1 (21 APs)<\/span>\n<ul>\n<li style=\"font-weight: 400;\"><span style=\"font-weight: 400;\">PB: Comedor*<\/span><\/li>\n<li style=\"font-weight: 400;\"><span style=\"font-weight: 400;\">PB: Hall de entrada<\/span><\/li>\n<li style=\"font-weight: 400;\"><span style=\"font-weight: 400;\">1P: Aulas 2 a 12<\/span><\/li>\n<li style=\"font-weight: 400;\"><span style=\"font-weight: 400;\">1P: Aula Magna<\/span><\/li>\n<li style=\"font-weight: 400;\"><span style=\"font-weight: 400;\">2P: Departamento de Matem\u00e1tica*<\/span><\/li>\n<\/ul>\n<\/li>\n<\/ul>\n<p><b>\u00a0<\/b><\/p>\n<ul>\n<li style=\"font-weight: 400;\"><span style=\"font-weight: 400;\">Pab2 (63 APs)<\/span>\n<ul>\n<li style=\"font-weight: 400;\"><span style=\"font-weight: 400;\">SS: Aula Magna\u00a0<\/span><\/li>\n<li style=\"font-weight: 400;\"><span style=\"font-weight: 400;\">SS: Suministros<\/span><\/li>\n<li style=\"font-weight: 400;\"><span style=\"font-weight: 400;\">ES: Aulas 1 a 10<\/span><\/li>\n<li style=\"font-weight: 400;\"><span style=\"font-weight: 400;\">PB: Aulas 11 a 13<\/span><\/li>\n<li style=\"font-weight: 400;\"><span style=\"font-weight: 400;\">PB: Aula 15<\/span><\/li>\n<li style=\"font-weight: 400;\"><span style=\"font-weight: 400;\">PB: Aula Seminarios<\/span><\/li>\n<li style=\"font-weight: 400;\"><span style=\"font-weight: 400;\">PB: Play\u00f3n Central<\/span><\/li>\n<li style=\"font-weight: 400;\"><span style=\"font-weight: 400;\">PB: Comedor*<\/span><\/li>\n<li style=\"font-weight: 400;\"><span style=\"font-weight: 400;\">PB: Sal\u00f3n Roberto ARLT<\/span><\/li>\n<li style=\"font-weight: 400;\"><span style=\"font-weight: 400;\">PB: Decanato<\/span><\/li>\n<li style=\"font-weight: 400;\"><span style=\"font-weight: 400;\">PB: Sala de Usos M\u00faltiples<\/span><\/li>\n<li style=\"font-weight: 400;\"><span style=\"font-weight: 400;\">EP: Aulas 111 a 117<\/span><\/li>\n<li style=\"font-weight: 400;\"><span style=\"font-weight: 400;\">EP: Aulas del Departamento de Geolog\u00eda*<\/span><\/li>\n<li style=\"font-weight: 400;\"><span style=\"font-weight: 400;\">1P: Biblioteca (sala parlante, sala silenciosa y hall de acceso)<\/span><\/li>\n<li style=\"font-weight: 400;\"><span style=\"font-weight: 400;\">1P: Secretar\u00eda y aulas del Departamento de Geolog\u00eda*<\/span><\/li>\n<li style=\"font-weight: 400;\"><span style=\"font-weight: 400;\">2P: Instituto del C\u00e1lculo*<\/span><\/li>\n<li style=\"font-weight: 400;\"><span style=\"font-weight: 400;\">2P: Aulas 203 a 215 (cobertura parcial)<\/span><\/li>\n<li style=\"font-weight: 400;\"><span style=\"font-weight: 400;\">2P: Espacios de uso com\u00fan<\/span><\/li>\n<li style=\"font-weight: 400;\"><span style=\"font-weight: 400;\">2P: Laboratorio J, K, L y M*<\/span><\/li>\n<li style=\"font-weight: 400;\"><span style=\"font-weight: 400;\">2P: Laboratorio Polimeros de Qu\u00edmica Org\u00e1nica*<\/span><\/li>\n<li style=\"font-weight: 400;\"><span style=\"font-weight: 400;\">3P: Departamento de Qu\u00edmica Org\u00e1nica y UMYMFOR*<\/span><\/li>\n<li style=\"font-weight: 400;\"><span style=\"font-weight: 400;\">3P: Laboratorio de alumnos de Qu\u00edmica Org\u00e1nica y de Bromatolog\u00eda*<\/span><\/li>\n<\/ul>\n<\/li>\n<\/ul>\n<p><span style=\"font-weight: 400;\">*Equipos adquiridos por los Departamentos\/Institutos\/Comedores<\/span><\/p>\n<p>&nbsp;<\/p>\n<p><strong>En proceso de instalaci\u00f3n:<\/strong><\/p>\n<p><span style=\"font-weight: 400;\">La ubicaci\u00f3n de los 10 equipos que ser\u00e1n instalados pr\u00f3ximamente es la siguiente:<\/span><\/p>\n<ul>\n<li style=\"font-weight: 400;\"><span style=\"font-weight: 400;\">Pab. Industrias<\/span>\n<ul>\n<li style=\"font-weight: 400;\"><span style=\"font-weight: 400;\">PB: Aula Magna<\/span><\/li>\n<li style=\"font-weight: 400;\"><span style=\"font-weight: 400;\">1P: Aulas<\/span><\/li>\n<\/ul>\n<\/li>\n<\/ul>\n<p>&nbsp;<\/p>\n<ul>\n<li style=\"font-weight: 400;\"><span style=\"font-weight: 400;\">Pab. 1<\/span>\n<ul>\n<li style=\"font-weight: 400;\"><span style=\"font-weight: 400;\">1P: Aula Magna (refuerzo)<\/span><\/li>\n<li style=\"font-weight: 400;\"><span style=\"font-weight: 400;\">1P: Aula E24<\/span><\/li>\n<\/ul>\n<\/li>\n<\/ul>\n<p>&nbsp;<\/p>\n<ul>\n<li style=\"font-weight: 400;\"><span style=\"font-weight: 400;\">Pab. 2<\/span>\n<ul>\n<li style=\"font-weight: 400;\"><span style=\"font-weight: 400;\">PB: Aula 11\/12 (refuerzo)<\/span><\/li>\n<li style=\"font-weight: 400;\"><span style=\"font-weight: 400;\">PB: Jard\u00edn Materno Infantil* (2 APs)<\/span><\/li>\n<li style=\"font-weight: 400;\"><span style=\"font-weight: 400;\">ES: Aula 6 (refuerzo)<\/span><\/li>\n<li style=\"font-weight: 400;\"><span style=\"font-weight: 400;\">2P: Aula 205\u00a0<\/span><\/li>\n<li style=\"font-weight: 400;\"><span style=\"font-weight: 400;\">2P: Aula 213<\/span><\/li>\n<\/ul>\n<\/li>\n<\/ul>\n<p><span style=\"font-weight: 400;\">*Equipos adquiridos por el Jard\u00edn<\/span><\/p>\n<hr \/>\n<p><span style=\"font-weight: 400;\">Por problemas con el uso de la red: <\/span><\/p>\n<ol>\n<li>consultar informaci\u00f3n en <a href=\"https:\/\/exactas.uba.ar\/uti\/servicios\/redexactas\/reclamos-por-problemas-en-la-red\/\">https:\/\/exactas.uba.ar\/uti\/servicios\/redexactas\/reclamos-por-problemas-en-la-red\/<\/a><\/li>\n<li><span style=\"font-weight: 400;\">crear un ticket en <\/span><a href=\"https:\/\/soporte.exactas.uba.ar\"><span style=\"font-weight: 400;\">https:\/\/soporte.exactas.uba.ar<\/span><\/a><\/li>\n<\/ol>\n<p><span style=\"font-weight: 400;\">Por consultas y propuestas de ampliaci\u00f3n de la red WiFi escribir a <\/span><a href=\"mailto:uti@fcen.uba.ar\"><span style=\"font-weight: 400;\">uti@fcen.uba.ar<\/span><\/a><\/p>\n","protected":false},"excerpt":{"rendered":"<p>La red de datos de la Facultad de Ciencias Exactas y Naturales est\u00e1 administrada por la Unidad de Tecnolog\u00edas de la Informaci\u00f3n y por los distintos Departamentos Docentes e Institutos. Desde el UTi-CCC\u00a0(en coordinaci\u00f3n cada dependencia) mantenemos, configuramos y monitoreamos <a href=\"https:\/\/exactas.uba.ar\/uti\/servicios\/redexactas\/\" rel=\"nofollow\"><span class=\"sr-only\">Leer m\u00e1sRedExactas<\/span>[&hellip;]<\/a><\/p>\n","protected":false},"author":10,"featured_media":0,"parent":1150,"menu_order":0,"comment_status":"closed","ping_status":"closed","template":"","meta":{"_monsterinsights_skip_tracking":false,"_monsterinsights_sitenote_active":false,"_monsterinsights_sitenote_note":"","_monsterinsights_sitenote_category":0,"_mc_calendar":[],"footnotes":""},"class_list":["post-1302","page","type-page","status-publish","hentry"],"_links":{"self":[{"href":"https:\/\/exactas.uba.ar\/uti\/wp-json\/wp\/v2\/pages\/1302","targetHints":{"allow":["GET"]}}],"collection":[{"href":"https:\/\/exactas.uba.ar\/uti\/wp-json\/wp\/v2\/pages"}],"about":[{"href":"https:\/\/exactas.uba.ar\/uti\/wp-json\/wp\/v2\/types\/page"}],"author":[{"embeddable":true,"href":"https:\/\/exactas.uba.ar\/uti\/wp-json\/wp\/v2\/users\/10"}],"replies":[{"embeddable":true,"href":"https:\/\/exactas.uba.ar\/uti\/wp-json\/wp\/v2\/comments?post=1302"}],"version-history":[{"count":19,"href":"https:\/\/exactas.uba.ar\/uti\/wp-json\/wp\/v2\/pages\/1302\/revisions"}],"predecessor-version":[{"id":2970,"href":"https:\/\/exactas.uba.ar\/uti\/wp-json\/wp\/v2\/pages\/1302\/revisions\/2970"}],"up":[{"embeddable":true,"href":"https:\/\/exactas.uba.ar\/uti\/wp-json\/wp\/v2\/pages\/1150"}],"wp:attachment":[{"href":"https:\/\/exactas.uba.ar\/uti\/wp-json\/wp\/v2\/media?parent=1302"}],"curies":[{"name":"wp","href":"https:\/\/api.w.org\/{rel}","templated":true}]}}