{"id":1101,"date":"2017-10-12T13:15:22","date_gmt":"2017-10-12T16:15:22","guid":{"rendered":"http:\/\/exactas.uba.ar\/uti\/?page_id=1101"},"modified":"2019-03-22T16:01:40","modified_gmt":"2019-03-22T19:01:40","slug":"modificaciones-en-la-red-existente-de-telefonia-ip","status":"publish","type":"page","link":"https:\/\/exactas.uba.ar\/uti\/servicios\/telefonia-ip\/modificaciones-en-la-red-existente-de-telefonia-ip\/","title":{"rendered":"Modificaciones en la red existente de telefon\u00eda IP"},"content":{"rendered":"<p>CAMBIO DE UBICACI\u00d3N DE BOCAS Y TERMINALES<\/p>\n<p>Ingres\u00e1 en el sistema de <a href=\"https:\/\/soporte.exactas.uba.ar\">tickets de soporte<\/a> y gener\u00e1 un ticket informando de los cambios requeridos.<\/p>\n<p>Deben figurar los siguientes datos:<\/p>\n<ul>\n<li>Etiqueta de la(s) bocas que desean trasladar<\/li>\n<li>Ubicaci\u00f3n adonde se las quiere mover (indicar n\u00famero de cuarto como figura en plano)<\/li>\n<\/ul>\n","protected":false},"excerpt":{"rendered":"<p>CAMBIO DE UBICACI\u00d3N DE BOCAS Y TERMINALES Ingres\u00e1 en el sistema de tickets de soporte y gener\u00e1 un ticket informando de los cambios requeridos. Deben figurar los siguientes datos: Etiqueta de la(s) bocas que desean trasladar Ubicaci\u00f3n adonde se las <a href=\"https:\/\/exactas.uba.ar\/uti\/servicios\/telefonia-ip\/modificaciones-en-la-red-existente-de-telefonia-ip\/\" rel=\"nofollow\"><span class=\"sr-only\">Leer m\u00e1sModificaciones en la red existente de telefon\u00eda IP<\/span>[&hellip;]<\/a><\/p>\n","protected":false},"author":8,"featured_media":0,"parent":1079,"menu_order":0,"comment_status":"closed","ping_status":"closed","template":"","meta":{"_monsterinsights_skip_tracking":false,"_monsterinsights_sitenote_active":false,"_monsterinsights_sitenote_note":"","_monsterinsights_sitenote_category":0,"_mc_calendar":[],"footnotes":""},"class_list":["post-1101","page","type-page","status-publish","hentry"],"_links":{"self":[{"href":"https:\/\/exactas.uba.ar\/uti\/wp-json\/wp\/v2\/pages\/1101","targetHints":{"allow":["GET"]}}],"collection":[{"href":"https:\/\/exactas.uba.ar\/uti\/wp-json\/wp\/v2\/pages"}],"about":[{"href":"https:\/\/exactas.uba.ar\/uti\/wp-json\/wp\/v2\/types\/page"}],"author":[{"embeddable":true,"href":"https:\/\/exactas.uba.ar\/uti\/wp-json\/wp\/v2\/users\/8"}],"replies":[{"embeddable":true,"href":"https:\/\/exactas.uba.ar\/uti\/wp-json\/wp\/v2\/comments?post=1101"}],"version-history":[{"count":7,"href":"https:\/\/exactas.uba.ar\/uti\/wp-json\/wp\/v2\/pages\/1101\/revisions"}],"predecessor-version":[{"id":2010,"href":"https:\/\/exactas.uba.ar\/uti\/wp-json\/wp\/v2\/pages\/1101\/revisions\/2010"}],"up":[{"embeddable":true,"href":"https:\/\/exactas.uba.ar\/uti\/wp-json\/wp\/v2\/pages\/1079"}],"wp:attachment":[{"href":"https:\/\/exactas.uba.ar\/uti\/wp-json\/wp\/v2\/media?parent=1101"}],"curies":[{"name":"wp","href":"https:\/\/api.w.org\/{rel}","templated":true}]}}