{"id":1079,"date":"2017-10-11T12:53:20","date_gmt":"2017-10-11T15:53:20","guid":{"rendered":"http:\/\/exactas.uba.ar\/uti\/?page_id=1079"},"modified":"2022-05-12T12:09:36","modified_gmt":"2022-05-12T15:09:36","slug":"telefonia-ip","status":"publish","type":"page","link":"https:\/\/exactas.uba.ar\/uti\/servicios\/telefonia-ip\/","title":{"rendered":"Telefon\u00eda IP"},"content":{"rendered":"<p>El sistema de telefon\u00eda anal\u00f3gico que funcionaba en Exactas, ha sido sustitu\u00eddo completamente por un sistema de telefon\u00eda IP, en el marco del proyecto SIC (Sistema Integral de Comunicaciones) de toda la UBA. Este sistema, entre otras cosas, permite que todas las llamadas a las diferentes facultades, institutos y departamentos UBA que hayan sido alcanzados por dicho proyecto sean a trav\u00e9s de internos, por lo que esas llamadas no tendr\u00e1n costo.<\/p>\n<p>Desde septiembre 2017 el nuevo sistema entr\u00f3 en uso en Exactas, y en los pr\u00f3ximos meses se ir\u00e1n dando de baja las l\u00edneas de telefon\u00eda anal\u00f3gica viejas.<\/p>\n<ul>\n<li><em><strong>Alcatel IP Touch 4018<\/strong><\/em><b>:<\/b>\n<ul>\n<li><a href=\"http:\/\/exactas.uba.ar\/uti\/wp-content\/uploads\/2017\/09\/IPTouch4018-GuiaRapida.pdf\">Guia Rapiada &#8211; Alcatel IP Touch 4018<img loading=\"lazy\" decoding=\"async\" title=\"Alcatel IP Touch 4018\" src=\"https:\/\/exactas.uba.ar\/uti\/wp-content\/uploads\/2017\/09\/Alcatel_4018_ip_touch.jpg\" alt=\"Alcatel IP Touch 4010\" width=\"200\" height=\"200\" \/><\/a><\/li>\n<li><a href=\"http:\/\/exactas.uba.ar\/uti\/wp-content\/uploads\/2017\/09\/IPTouch4018-Manual-ES.pdf\">Manul &#8211; Alcatel IP Touch 4018<\/a><\/li>\n<\/ul>\n<\/li>\n<\/ul>\n<ul>\n<li><em><strong>Alcatel IP Touch 4038<\/strong><\/em><b>:<\/b>\n<ul>\n<li><a href=\"http:\/\/exactas.uba.ar\/uti\/wp-content\/uploads\/2017\/09\/IPTouch4038-GuiaRapida.pdf\">Guia Rapiada &#8211; Alcatel IP Touch 4038<img loading=\"lazy\" decoding=\"async\" title=\"Alcatel IP Touch 4038\" src=\"https:\/\/exactas.uba.ar\/uti\/wp-content\/uploads\/2016\/06\/4038.jpg\" alt=\"Alcatel IP Touch 4030\" width=\"200\" height=\"200\" \/><\/a><\/li>\n<li><a href=\"http:\/\/exactas.uba.ar\/uti\/wp-content\/uploads\/2017\/09\/IPTouch4038-Manual-ES.pdf\">Manual &#8211; Alcatel IP Touch 4038<\/a><\/li>\n<\/ul>\n<\/li>\n<\/ul>\n<ul>\n<li><em><strong>Cisco IP Phone CP-8845\/8851<\/strong><\/em><b>:<\/b>\n<ul>\n<li><a href=\"https:\/\/exactas.uba.ar\/uti\/wp-content\/uploads\/2021\/11\/Cisco-8851-Manual-Usuario.pdf&quot;\">Manual del Usuario Cisco CP-88xx<img loading=\"lazy\" decoding=\"async\" title=\"Cisco IP Phone 88xx\" src=\"https:\/\/exactas.uba.ar\/uti\/wp-content\/uploads\/2021\/11\/Cisco-IP8851.jpg\" alt=\"Cisco IP Phone CP-88xx\" width=\"350\" height=\"180\" \/><\/a><\/li>\n<li><a href=\"https:\/\/exactas.uba.ar\/uti\/wp-content\/uploads\/2022\/05\/Guia-Rapida-Cisco-7821_CUCM_ES.pdf\">Guia Rapida Cisco 7821<\/a><\/li>\n<li><a href=\"https:\/\/exactas.uba.ar\/uti\/wp-content\/uploads\/2022\/05\/Guia-Rapida-Cisco-88XX_CUCM_ES.pdf\">Guia Rapida Cisco 88xx<\/a><\/li>\n<\/ul>\n<\/li>\n<\/ul>\n<p>Procedimientos:<\/p>\n<ul>\n<li><a href=\"https:\/\/exactas.uba.ar\/uti\/servicios\/telefonia-ip\/reclamos-telefonia\/\">\u00bfC\u00f3mo reclamar por un tel\u00e9fono que no anda?<\/a><\/li>\n<li><a href=\"https:\/\/exactas.uba.ar\/uti\/servicios\/telefonia-ip\/procedimiento-de-adquisicion-de-nuevos-equipos\/\">\u00bfC\u00f3mo agregar nuevos equipos a la red de telefon\u00eda IP?<\/a><\/li>\n<li><a href=\"https:\/\/exactas.uba.ar\/uti\/servicios\/telefonia-ip\/procedimiento-para-cambios-en-la-configuracion-de-la-linea\/\">\u00bfC\u00f3mo solicitar cambios en la configuraci\u00f3n de una l\u00ednea?<\/a><\/li>\n<li><a href=\"https:\/\/exactas.uba.ar\/uti\/servicios\/telefonia-ip\/modificaciones-en-la-red-existente-de-telefonia-ip\/\">\u00bfC\u00f3mo solicitar un cambio de ubicaci\u00f3n de una boca o tel\u00e9fono?<\/a><\/li>\n<\/ul>\n","protected":false},"excerpt":{"rendered":"<p>El sistema de telefon\u00eda anal\u00f3gico que funcionaba en Exactas, ha sido sustitu\u00eddo completamente por un sistema de telefon\u00eda IP, en el marco del proyecto SIC (Sistema Integral de Comunicaciones) de toda la UBA. Este sistema, entre otras cosas, permite que <a href=\"https:\/\/exactas.uba.ar\/uti\/servicios\/telefonia-ip\/\" rel=\"nofollow\"><span class=\"sr-only\">Leer m\u00e1sTelefon\u00eda IP<\/span>[&hellip;]<\/a><\/p>\n","protected":false},"author":8,"featured_media":0,"parent":1150,"menu_order":0,"comment_status":"closed","ping_status":"closed","template":"","meta":{"_monsterinsights_skip_tracking":false,"_monsterinsights_sitenote_active":false,"_monsterinsights_sitenote_note":"","_monsterinsights_sitenote_category":0,"_mc_calendar":[],"footnotes":""},"class_list":["post-1079","page","type-page","status-publish","hentry"],"_links":{"self":[{"href":"https:\/\/exactas.uba.ar\/uti\/wp-json\/wp\/v2\/pages\/1079","targetHints":{"allow":["GET"]}}],"collection":[{"href":"https:\/\/exactas.uba.ar\/uti\/wp-json\/wp\/v2\/pages"}],"about":[{"href":"https:\/\/exactas.uba.ar\/uti\/wp-json\/wp\/v2\/types\/page"}],"author":[{"embeddable":true,"href":"https:\/\/exactas.uba.ar\/uti\/wp-json\/wp\/v2\/users\/8"}],"replies":[{"embeddable":true,"href":"https:\/\/exactas.uba.ar\/uti\/wp-json\/wp\/v2\/comments?post=1079"}],"version-history":[{"count":21,"href":"https:\/\/exactas.uba.ar\/uti\/wp-json\/wp\/v2\/pages\/1079\/revisions"}],"predecessor-version":[{"id":3131,"href":"https:\/\/exactas.uba.ar\/uti\/wp-json\/wp\/v2\/pages\/1079\/revisions\/3131"}],"up":[{"embeddable":true,"href":"https:\/\/exactas.uba.ar\/uti\/wp-json\/wp\/v2\/pages\/1150"}],"wp:attachment":[{"href":"https:\/\/exactas.uba.ar\/uti\/wp-json\/wp\/v2\/media?parent=1079"}],"curies":[{"name":"wp","href":"https:\/\/api.w.org\/{rel}","templated":true}]}}