{"id":406,"date":"2022-09-15T15:09:01","date_gmt":"2022-09-15T18:09:01","guid":{"rendered":"https:\/\/exactas.uba.ar\/evento\/prueba\/?page_id=406"},"modified":"2024-07-03T10:42:55","modified_gmt":"2024-07-03T13:42:55","slug":"contacto","status":"publish","type":"page","link":"https:\/\/exactas.uba.ar\/sic\/contacto\/","title":{"rendered":"Contacto"},"content":{"rendered":"<h4>Secretar\u00eda de Investigaci\u00f3n Cient\u00edfica y Tecnol\u00f3gica<\/h4>\n<div>\n<p>Mail:\u00a0<a href=\"mailto:sicyt@de.fcen.uba.ar\" target=\"_blank\" rel=\"noopener\">sicyt@de.fcen.uba.ar<\/a><br \/>\nTel: 5285.8119\/8120<\/p>\n<p>&nbsp;<\/p>\n<\/div>\n<h4>Facultad de Ciencias Exactas y Naturales \u2013 UBA<\/h4>\n<p>Pabell\u00f3n 2 \u2013 Ciudad Universitaria<br \/>\nIntendente G\u00fciraldes 2160 (C1428EGA)<br \/>\nPlanta Baja, \u00e1rea decanato<\/p>\n","protected":false},"excerpt":{"rendered":"Secretar\u00eda de Investigaci\u00f3n Cient\u00edfica y Tecnol\u00f3gica Mail:\u00a0sicyt@de.fcen.uba.ar Tel: 5285.8119\/8120 &nbsp; Facultad de Ciencias Exactas y Naturales \u2013 UBA Pabell\u00f3n 2 \u2013 Ciudad Universitaria Intendente G\u00fciraldes 2160 (C1428EGA) Planta Baja, \u00e1rea decanato","protected":false},"author":1,"featured_media":0,"parent":0,"menu_order":0,"comment_status":"closed","ping_status":"closed","template":"","meta":{"_acf_changed":false,"_mc_calendar":[],"footnotes":""},"class_list":["post-406","page","type-page","status-publish","hentry"],"acf":[],"_links":{"self":[{"href":"https:\/\/exactas.uba.ar\/sic\/wp-json\/wp\/v2\/pages\/406","targetHints":{"allow":["GET"]}}],"collection":[{"href":"https:\/\/exactas.uba.ar\/sic\/wp-json\/wp\/v2\/pages"}],"about":[{"href":"https:\/\/exactas.uba.ar\/sic\/wp-json\/wp\/v2\/types\/page"}],"author":[{"embeddable":true,"href":"https:\/\/exactas.uba.ar\/sic\/wp-json\/wp\/v2\/users\/1"}],"replies":[{"embeddable":true,"href":"https:\/\/exactas.uba.ar\/sic\/wp-json\/wp\/v2\/comments?post=406"}],"version-history":[{"count":6,"href":"https:\/\/exactas.uba.ar\/sic\/wp-json\/wp\/v2\/pages\/406\/revisions"}],"predecessor-version":[{"id":1998,"href":"https:\/\/exactas.uba.ar\/sic\/wp-json\/wp\/v2\/pages\/406\/revisions\/1998"}],"wp:attachment":[{"href":"https:\/\/exactas.uba.ar\/sic\/wp-json\/wp\/v2\/media?parent=406"}],"curies":[{"name":"wp","href":"https:\/\/api.w.org\/{rel}","templated":true}]}}