{"id":193,"date":"2022-09-12T11:35:27","date_gmt":"2022-09-12T14:35:27","guid":{"rendered":"https:\/\/exactas.uba.ar\/evento\/prueba\/?page_id=193"},"modified":"2022-10-04T14:31:36","modified_gmt":"2022-10-04T17:31:36","slug":"inicio-2","status":"publish","type":"page","link":"https:\/\/exactas.uba.ar\/sic\/","title":{"rendered":"Inicio"},"content":{"rendered":"<p><strong>Exactas UBA<\/strong> concentra una gran variedad de equipamiento de alta complejidad, as\u00ed como tambi\u00e9n la asistencia de personal cient\u00edfico y t\u00e9cnico calificado. Mediante el Buscador vas a poder encontrar de manera sencilla el equipo o facilidad deseada, as\u00ed como la ubicaci\u00f3n y sus condiciones de uso.<\/p>\n<p>Podes buscar de diferentes maneras:<\/p>\n<ul>\n<li>Desde la solapa de <a href=\"https:\/\/exactas.uba.ar\/sic\/busqueda-avanzada\/\">BUSCADOR<\/a> vas a encontrar diferentes opciones para encontrar el equipo que mejor se adapte a tus necesidades.<\/li>\n<li>Desde la solapa Facilidad\/Laboratorio, si quer\u00e9s saber el equipamiento disponible en cada lugar.<\/li>\n<li>Desde la solapa Funci\u00f3n\/\u00c1rea, si quer\u00e9s buscar un equipo para determinada aplicaci\u00f3n.<\/li>\n<li>Desde la solapa Dependencia, si quer\u00e9s saber el equipamiento disponible en cada instituto o departamento.<\/li>\n<\/ul>\n<p>Para para incorporar nuevos equipos o corregir informaci\u00f3n, <a href=\"https:\/\/exactas.uba.ar\/sic\/contacto\/\">contactate<\/a><\/p>\n\n\t\t<style type=\"text\/css\">\n\t\t\t#gallery-1 {\n\t\t\t\tmargin: auto;\n\t\t\t}\n\t\t\t#gallery-1 .gallery-item {\n\t\t\t\tfloat: left;\n\t\t\t\tmargin-top: 10px;\n\t\t\t\ttext-align: center;\n\t\t\t\twidth: 16%;\n\t\t\t}\n\t\t\t#gallery-1 img {\n\t\t\t\tborder: 2px solid #cfcfcf;\n\t\t\t}\n\t\t\t#gallery-1 .gallery-caption {\n\t\t\t\tmargin-left: 0;\n\t\t\t}\n\t\t\t\/* see gallery_shortcode() in wp-includes\/media.php *\/\n\t\t<\/style>\n\t\t<div id='gallery-1' class='gallery galleryid-193 gallery-columns-6 gallery-size-thumbnail'><dl class='gallery-item'>\n\t\t\t<dt class='gallery-icon portrait'>\n\t\t\t\t<img loading=\"lazy\" decoding=\"async\" width=\"150\" height=\"150\" src=\"https:\/\/exactas.uba.ar\/sic\/wp-content\/uploads\/2022\/07\/photo_2022-07-05_12-08-08-150x150.jpg\" class=\"attachment-thumbnail size-thumbnail\" alt=\"\" \/>\n\t\t\t<\/dt><\/dl><dl class='gallery-item'>\n\t\t\t<dt class='gallery-icon landscape'>\n\t\t\t\t<img loading=\"lazy\" decoding=\"async\" width=\"150\" height=\"150\" src=\"https:\/\/exactas.uba.ar\/sic\/wp-content\/uploads\/2022\/09\/HPLC-150x150.jpg\" class=\"attachment-thumbnail size-thumbnail\" alt=\"\" \/>\n\t\t\t<\/dt><\/dl><dl class='gallery-item'>\n\t\t\t<dt class='gallery-icon landscape'>\n\t\t\t\t<img loading=\"lazy\" decoding=\"async\" width=\"150\" height=\"150\" src=\"https:\/\/exactas.uba.ar\/sic\/wp-content\/uploads\/2022\/09\/centrifuga-150x150.jpg\" class=\"attachment-thumbnail size-thumbnail\" alt=\"\" \/>\n\t\t\t<\/dt><\/dl><dl class='gallery-item'>\n\t\t\t<dt class='gallery-icon landscape'>\n\t\t\t\t<img loading=\"lazy\" decoding=\"async\" width=\"150\" height=\"150\" src=\"https:\/\/exactas.uba.ar\/sic\/wp-content\/uploads\/2022\/09\/DRXmono-150x150.jpg\" class=\"attachment-thumbnail size-thumbnail\" alt=\"\" \/>\n\t\t\t<\/dt><\/dl><dl class='gallery-item'>\n\t\t\t<dt class='gallery-icon landscape'>\n\t\t\t\t<img loading=\"lazy\" decoding=\"async\" width=\"150\" height=\"150\" src=\"https:\/\/exactas.uba.ar\/sic\/wp-content\/uploads\/2022\/07\/Bruker-Neo-500Hz-150x150.jpg\" class=\"attachment-thumbnail size-thumbnail\" alt=\"\" \/>\n\t\t\t<\/dt><\/dl>\n\t\t\t<br style='clear: both' \/>\n\t\t<\/div>\n\n","protected":false},"excerpt":{"rendered":"Exactas UBA concentra una gran variedad de equipamiento de alta complejidad, as\u00ed como tambi\u00e9n la asistencia de personal cient\u00edfico y t\u00e9cnico calificado. Mediante el Buscador vas a poder encontrar de manera sencilla el equipo o facilidad deseada, as\u00ed como la ubicaci\u00f3n y sus condiciones de uso. Podes buscar de diferentes maneras: Desde la solapa de&#8230; <a class=\"view-article\" href=\"https:\/\/exactas.uba.ar\/sic\/\">LEER +<\/a>","protected":false},"author":1,"featured_media":0,"parent":0,"menu_order":0,"comment_status":"closed","ping_status":"closed","template":"","meta":{"_acf_changed":false,"_mc_calendar":[],"footnotes":""},"class_list":["post-193","page","type-page","status-publish","hentry"],"acf":[],"_links":{"self":[{"href":"https:\/\/exactas.uba.ar\/sic\/wp-json\/wp\/v2\/pages\/193","targetHints":{"allow":["GET"]}}],"collection":[{"href":"https:\/\/exactas.uba.ar\/sic\/wp-json\/wp\/v2\/pages"}],"about":[{"href":"https:\/\/exactas.uba.ar\/sic\/wp-json\/wp\/v2\/types\/page"}],"author":[{"embeddable":true,"href":"https:\/\/exactas.uba.ar\/sic\/wp-json\/wp\/v2\/users\/1"}],"replies":[{"embeddable":true,"href":"https:\/\/exactas.uba.ar\/sic\/wp-json\/wp\/v2\/comments?post=193"}],"version-history":[{"count":11,"href":"https:\/\/exactas.uba.ar\/sic\/wp-json\/wp\/v2\/pages\/193\/revisions"}],"predecessor-version":[{"id":1108,"href":"https:\/\/exactas.uba.ar\/sic\/wp-json\/wp\/v2\/pages\/193\/revisions\/1108"}],"wp:attachment":[{"href":"https:\/\/exactas.uba.ar\/sic\/wp-json\/wp\/v2\/media?parent=193"}],"curies":[{"name":"wp","href":"https:\/\/api.w.org\/{rel}","templated":true}]}}