{"id":1649,"date":"2024-04-17T13:22:31","date_gmt":"2024-04-17T16:22:31","guid":{"rendered":"https:\/\/exactas.uba.ar\/sic\/?page_id=1649"},"modified":"2024-06-12T14:34:02","modified_gmt":"2024-06-12T17:34:02","slug":"citometria-de-flujo","status":"publish","type":"page","link":"https:\/\/exactas.uba.ar\/sic\/centros\/citometria-de-flujo\/","title":{"rendered":"Servicio de Citometr\u00eda de Flujo"},"content":{"rendered":"<p>La facilidad de <strong>Citometr\u00eda de Flujo Celular<\/strong> ofrece el servicio de <img loading=\"lazy\" decoding=\"async\" width=\"250\" height=\"120\" class=\"size-medium wp-image-678 alignright\" src=\"https:\/\/exactas.uba.ar\/sic\/wp-content\/uploads\/2022\/09\/Acurri-250x120.png\" alt=\"\" srcset=\"https:\/\/exactas.uba.ar\/sic\/wp-content\/uploads\/2022\/09\/Acurri-250x120.png 250w, https:\/\/exactas.uba.ar\/sic\/wp-content\/uploads\/2022\/09\/Acurri-120x57.png 120w, https:\/\/exactas.uba.ar\/sic\/wp-content\/uploads\/2022\/09\/Acurri-550x263.png 550w, https:\/\/exactas.uba.ar\/sic\/wp-content\/uploads\/2022\/09\/Acurri.png 640w\" sizes=\"auto, (max-width: 250px) 100vw, 250px\" \/>an\u00e1lisis de c\u00e9lulas en suspensi\u00f3n por FACS, clasificaci\u00f3n y separaci\u00f3n de poblaciones celulares por Cell Sorting, y an\u00e1lisis de datos.<\/p>\n<p><a href=\"mailto:citometria@qb.fcen.uba.ar\">Contacto: Guillermo Piazza \u2013 citometria@qb.fcen.uba.ar<\/a>, <a href=\"mailto:citometria.fcen.uba@gmail.com\">citometria.fcen.uba@gmail.com<\/a><\/p>\n<div class=\"su-spoiler su-spoiler-style-default su-spoiler-icon-chevron su-spoiler-closed\" data-scroll-offset=\"0\" data-anchor-in-url=\"no\"><div class=\"su-spoiler-title\" tabindex=\"0\" role=\"button\"><span class=\"su-spoiler-icon\"><\/span>Servicios y Equipos<\/div><div class=\"su-spoiler-content su-u-clearfix su-u-trim\">\n<p>Adquisici\u00f3n de datos y sorting celular<\/p>\n<ul>\n<li><strong>Citometro BD Accuri C6 Plus<\/strong> <a href=\"https:\/\/exactas.uba.ar\/sic\/bd-accuri-c6-plus\/\">Ir<\/a><\/li>\n<li><strong>Citometro de Flujo (Becton Dickinson FACSAria II)<\/strong> <a href=\"https:\/\/exactas.uba.ar\/sic\/cell-sorter-facsaria-ii-de-becton-dickinson-fuera-de-servicio-mother-del-cpu-en-reparacion\/\">Ir<\/a><\/li>\n<\/ul>\n<\/div><\/div>\n<div class=\"su-spoiler su-spoiler-style-default su-spoiler-icon-chevron su-spoiler-closed\" data-scroll-offset=\"0\" data-anchor-in-url=\"no\"><div class=\"su-spoiler-title\" tabindex=\"0\" role=\"button\"><span class=\"su-spoiler-icon\"><\/span>Tarifas<\/div><div class=\"su-spoiler-content su-u-clearfix su-u-trim\">\n<p><span style=\"font-weight: 400;\">Seg\u00fan el servivios solicitado\/ofrecido, se le enviar\u00e1 una ACTA de servicio con el monto a abonar. Para el procesamiento del pago se requiere que env\u00ede un mail con la siguiente informaci\u00f3n a <a href=\"mailto:transferencias@de.fcen.uba.ar\">transferencias@de.fcen.uba.ar<\/a>; <a href=\"mailto:teso@de.fcen.uba.ar\">teso@de.fcen.uba.ar<\/a>; <a href=\"mailto:citometria.fcen.uba@gmail.com\">citometria.fcen.uba@gmail.com<\/a> con la siguiente informaci\u00f3n:<\/span><\/p>\n<p><span style=\"font-weight: 400;\">&#8211;<\/span><span style=\"font-weight: 400;\">\u00a0 \u00a0 \u00a0 \u00a0 <\/span><span style=\"font-weight: 400;\">Nombre y Apellido del depositante<\/span><br \/>\n<span style=\"font-weight: 400;\">&#8211;<\/span><span style=\"font-weight: 400;\">\u00a0 \u00a0 \u00a0 \u00a0 <\/span><span style=\"font-weight: 400;\">ACTA del servicio de Citometria como CONCEPTO del dep\u00f3sito CITOMETRIA DE FLUJO<\/span><br \/>\n<span style=\"font-weight: 400;\">&#8211;<\/span><span style=\"font-weight: 400;\">\u00a0 \u00a0 \u00a0 \u00a0 <\/span><span style=\"font-weight: 400;\">Comprobante de transferencia (foto\/scan)<\/span><br \/>\n<span style=\"font-weight: 400;\">&#8211;<\/span><span style=\"font-weight: 400;\">\u00a0 \u00a0 \u00a0 \u00a0 <\/span><span style=\"font-weight: 400;\">Monto pagado<\/span><br \/>\n<span style=\"font-weight: 400;\">&#8211;<\/span><span style=\"font-weight: 400;\">\u00a0 \u00a0 \u00a0 \u00a0 <\/span><span style=\"font-weight: 400;\">El recibo quedara a su disposici\u00f3n en tesorer\u00eda.<\/span><br \/>\n<span style=\"font-weight: 400;\">&#8211;<\/span><span style=\"font-weight: 400;\">\u00a0 \u00a0 \u00a0 \u00a0 <\/span><span style=\"font-weight: 400;\">Si ud. necesita el recibo a la brevedad en el mismo mail que avisa el pago pida su recibo escaneado y se lo enviaremos a la brevedad.<\/span><\/p>\n<p><span style=\"font-weight: 400;\">\u00a0<\/span><span style=\"font-weight: 400;\">Los datos para la transferencia son los siguientes:<\/span><br \/>\n<span style=\"font-weight: 400;\">BANCO: BANCO GALICIA<\/span><br \/>\n<span style=\"font-weight: 400;\">CTA. No 0012650-2 019-0<\/span><br \/>\n<span style=\"font-weight: 400;\">CBU: 0070019120000012650200<\/span><br \/>\n<span style=\"font-weight: 400;\">ALIAS CBU: exactasfcen.uba<\/span><br \/>\n<span style=\"font-weight: 400;\">DENOMINACI\u00d3N: UNIVERSIDAD DE BUENOS AIRES<\/span><br \/>\n<span style=\"font-weight: 400;\">CUIT: 30-54666656-1<\/span><\/p>\n<\/div><\/div>\n<div class=\"su-spoiler su-spoiler-style-default su-spoiler-icon-chevron su-spoiler-closed\" data-scroll-offset=\"0\" data-anchor-in-url=\"no\"><div class=\"su-spoiler-title\" tabindex=\"0\" role=\"button\"><span class=\"su-spoiler-icon\"><\/span>Sobre el centro<\/div><div class=\"su-spoiler-content su-u-clearfix su-u-trim\">\n<h3>Autoridades<\/h3>\n<p><span style=\"font-weight: 400;\">Coordinador: Guillermo Piazza<\/span><\/p>\n<p><span style=\"font-weight: 400;\">Staff: Eva Danti<\/span><\/p>\n<p><span style=\"font-weight: 400;\">Consejo Acad\u00e9mico: <\/span><span style=\"font-weight: 400;\">Dra. Guillermina Calo, la Dra. Luciana Rocha Viegas, la Dra. Mar\u00eda Paula Morelli y el Lic. Jos\u00e9 Daniel Garcia<\/span><\/p>\n<p>Contacto: <a href=\"mailto:citometria.fcen.uba@gmail.com\">citometria.fcen.uba@gmail.com<\/a><\/p>\n<p><a href=\"mailto:citometria@qb.fcen.uba.ar\">citometria@qb.fcen.uba.ar<\/a><\/div><\/div>\n<p>Ubicaci\u00f3n: El centro se encuentra en el segundo piso del pabell\u00f3n de ciudad universitaria (lado ingreso principal)<\/p>\n<p><img loading=\"lazy\" decoding=\"async\" width=\"700\" height=\"379\" class=\"alignnone size-large wp-image-1041\" src=\"https:\/\/exactas.uba.ar\/sic\/wp-content\/uploads\/2022\/09\/Citometro-700x379.png\" alt=\"\" srcset=\"https:\/\/exactas.uba.ar\/sic\/wp-content\/uploads\/2022\/09\/Citometro-700x379.png 700w, https:\/\/exactas.uba.ar\/sic\/wp-content\/uploads\/2022\/09\/Citometro-250x135.png 250w, https:\/\/exactas.uba.ar\/sic\/wp-content\/uploads\/2022\/09\/Citometro-768x416.png 768w, https:\/\/exactas.uba.ar\/sic\/wp-content\/uploads\/2022\/09\/Citometro-120x65.png 120w, https:\/\/exactas.uba.ar\/sic\/wp-content\/uploads\/2022\/09\/Citometro-550x298.png 550w, https:\/\/exactas.uba.ar\/sic\/wp-content\/uploads\/2022\/09\/Citometro.png 1364w\" sizes=\"auto, (max-width: 700px) 100vw, 700px\" \/><\/p>\n","protected":false},"excerpt":{"rendered":"La facilidad de Citometr\u00eda de Flujo Celular ofrece el servicio de an\u00e1lisis de c\u00e9lulas en suspensi\u00f3n por FACS, clasificaci\u00f3n y separaci\u00f3n de poblaciones celulares por Cell Sorting, y an\u00e1lisis de datos. Contacto: Guillermo Piazza \u2013 citometria@qb.fcen.uba.ar, citometria.fcen.uba@gmail.com Ubicaci\u00f3n: El centro se encuentra en el segundo piso del pabell\u00f3n de ciudad universitaria (lado ingreso principal)","protected":false},"author":1,"featured_media":0,"parent":1627,"menu_order":70,"comment_status":"closed","ping_status":"closed","template":"","meta":{"_acf_changed":false,"_mc_calendar":[],"footnotes":""},"class_list":["post-1649","page","type-page","status-publish","hentry"],"acf":[],"_links":{"self":[{"href":"https:\/\/exactas.uba.ar\/sic\/wp-json\/wp\/v2\/pages\/1649","targetHints":{"allow":["GET"]}}],"collection":[{"href":"https:\/\/exactas.uba.ar\/sic\/wp-json\/wp\/v2\/pages"}],"about":[{"href":"https:\/\/exactas.uba.ar\/sic\/wp-json\/wp\/v2\/types\/page"}],"author":[{"embeddable":true,"href":"https:\/\/exactas.uba.ar\/sic\/wp-json\/wp\/v2\/users\/1"}],"replies":[{"embeddable":true,"href":"https:\/\/exactas.uba.ar\/sic\/wp-json\/wp\/v2\/comments?post=1649"}],"version-history":[{"count":17,"href":"https:\/\/exactas.uba.ar\/sic\/wp-json\/wp\/v2\/pages\/1649\/revisions"}],"predecessor-version":[{"id":1960,"href":"https:\/\/exactas.uba.ar\/sic\/wp-json\/wp\/v2\/pages\/1649\/revisions\/1960"}],"up":[{"embeddable":true,"href":"https:\/\/exactas.uba.ar\/sic\/wp-json\/wp\/v2\/pages\/1627"}],"wp:attachment":[{"href":"https:\/\/exactas.uba.ar\/sic\/wp-json\/wp\/v2\/media?parent=1649"}],"curies":[{"name":"wp","href":"https:\/\/api.w.org\/{rel}","templated":true}]}}