{"id":1646,"date":"2024-04-17T13:21:44","date_gmt":"2024-04-17T16:21:44","guid":{"rendered":"https:\/\/exactas.uba.ar\/sic\/?page_id=1646"},"modified":"2026-03-04T11:33:54","modified_gmt":"2026-03-04T14:33:54","slug":"centro-de-microscopia-weber","status":"publish","type":"page","link":"https:\/\/exactas.uba.ar\/sic\/centros\/centro-de-microscopia-weber\/","title":{"rendered":"Centro de Microscop\u00eda de Fluorescencia &#8220;Gregorio Weber&#8221;"},"content":{"rendered":"<p><span style=\"font-size: 20px;\">El <strong>Centro de Microscop\u00eda de Fluorescencia Weber<\/strong> brinda acceso a microscopios invertidos de fluorescencia para adquirir im\u00e1genes. Se ofrece asistencia en el uso de equipos y entrenamientos para un uso independiente, con asesor\u00eda previa y acompa\u00f1amiento en la planificaci\u00f3n de la visita al microscopio.\u00a0<\/span><\/p>\n<p>Contacto: <span style=\"font-size: 20px;\"><a href=\"mailto:maria.victoria.repetto@de.fcen.uba.ar\">maria.victoria.repetto@de.fcen.uba.ar<\/a><\/span><\/p>\n<div class=\"su-spoiler su-spoiler-style-default su-spoiler-icon-chevron su-spoiler-closed\" data-scroll-offset=\"0\" data-anchor-in-url=\"no\"><div class=\"su-spoiler-title\" tabindex=\"0\" role=\"button\"><span class=\"su-spoiler-icon\"><\/span>Servicios y Aplicaciones<\/div><div class=\"su-spoiler-content su-u-clearfix su-u-trim\">\n<ul>\n<li>En preparaci\u00f3n<\/div><\/div><div class=\"su-spoiler su-spoiler-style-default su-spoiler-icon-chevron su-spoiler-closed\" data-scroll-offset=\"0\" data-anchor-in-url=\"no\"><div class=\"su-spoiler-title\" tabindex=\"0\" role=\"button\"><span class=\"su-spoiler-icon\"><\/span>Equipos<\/div><div class=\"su-spoiler-content su-u-clearfix su-u-trim\"><\/li>\n<\/ul>\n<ul>\n<li><strong>Microscopio Fluorescencia Olympus FV1000<\/strong> &#8211; <a href=\"https:\/\/exactas.uba.ar\/sic\/microscopio-fluorescencia-olympus\/\">ir<\/a><\/li>\n<li><strong>Microscopio Fluorescencia Zeiss LSM980<\/strong>\u00a0 &#8211; <a href=\"https:\/\/exactas.uba.ar\/sic\/microscopio-zeiss-lsm980\/\">ir<\/a><\/li>\n<li><strong>Microscopio Invertido Zeiss Ax10<\/strong> &#8211; <a href=\"https:\/\/exactas.uba.ar\/sic\/microscopio-de-epi-fluorescencia-zeiss-ax10\/\">ir<\/a><\/li>\n<\/ul>\n<p>&#8211;\u00a0 \u00a0 \u00a0 Turnos: los turnos se resevan desde el sistema de gesti\u00f3n de turnos de los Sistemas Nacionales: previa comunicaci\u00f3n a<br \/>\n<span style=\"font-size: 20px;\">cmf-weber@de.fcen.uba.ar <\/div><\/div><\/span><\/p>\n<p><span style=\"font-size: 20px;\"><div class=\"su-spoiler su-spoiler-style-default su-spoiler-icon-chevron su-spoiler-closed\" data-scroll-offset=\"0\" data-anchor-in-url=\"no\"><div class=\"su-spoiler-title\" tabindex=\"0\" role=\"button\"><span class=\"su-spoiler-icon\"><\/span>Tarifas<\/div><div class=\"su-spoiler-content su-u-clearfix su-u-trim\"><\/span><\/p>\n<p>El valor del servicio se encuentra en $31500 por m\u00f3dulo:<\/p>\n<p><strong>Confocal\/Airyscan Zeiss lsm980<\/strong>: 1 hs de servicio equivale a 1 m\u00f3dulo<\/p>\n<p><strong>Confocal Olympus FV1000<\/strong>: 1hs de servicio equivale a 0.65 m\u00f3dulos<\/p>\n<p>(Se aplican los descuentos para usuarias\/os de la FCEN y del sector p\u00fablico, establecidos en la resoluci\u00f3n de Consejo Directivo 2189\/23)<\/p>\n<p>Para solicitar horas de microscop\u00eda, se deber\u00e1 pedir la confecci\u00f3n de una Orden de Servicio para abonar las mismas. Enviar un mail a admin.cmf.weber@de.fcen.uba.ar, con la siguiente informaci\u00f3n:<br \/>\n&#8211;\u00a0 \u00a0 Nombre y Apellido del Investigador Responsable<br \/>\n&#8211;\u00a0 \u00a0 Concepto del servicio. Indicar la cantidad de horas a abonar<br \/>\n&#8211;\u00a0 \u00a0 Datos de facturaci\u00f3n (Nombre\/Subsidio, otro).<\/p>\n<p>Para el procesamiento del pago se requiere que env\u00ede un mail con la siguiente informaci\u00f3n a transferencias@de.fcen.uba.ar; teso@de.fcen.uba.ar; admin.cmf.weber@de.fcen.uba.ar con la siguiente informaci\u00f3n:<br \/>\n&#8211;\u00a0 \u00a0 \u00a0 \u00a0 Comprobante de pago adjunto<br \/>\n&#8211;\u00a0 \u00a0 \u00a0 \u00a0 Nombre y Apellido del depositante<br \/>\n&#8211;\u00a0 \u00a0 \u00a0 \u00a0 Concepto por el cual se realiza la transferencia<br \/>\n&#8211;\u00a0 \u00a0 \u00a0 \u00a0 Datos de facturaci\u00f3n necesarios en el recibo que emite la FCEN<br \/>\n&#8211;\u00a0 \u00a0 \u00a0 \u00a0 Orden de servicio adjunta<\/p>\n<p>Los datos para la transferencia son los siguientes:<br \/>\nBANCO: BANCO GALICIA<br \/>\nCTA. No 0012650-2 019-0<br \/>\nCBU: 0070019120000012650200<br \/>\nALIAS CBU: exactasfcen.uba<br \/>\nDENOMINACI\u00d3N: UNIVERSIDAD DE BUENOS AIRES<br \/>\nCUIT: 30-54666656-1<span style=\"font-size: 20px;\"><\/div><\/div><\/span><\/p>\n<p><span style=\"font-size: 20px;\"><div class=\"su-spoiler su-spoiler-style-default su-spoiler-icon-chevron su-spoiler-closed\" data-scroll-offset=\"0\" data-anchor-in-url=\"no\"><div class=\"su-spoiler-title\" tabindex=\"0\" role=\"button\"><span class=\"su-spoiler-icon\"><\/span>Sobre el centro<\/div><div class=\"su-spoiler-content su-u-clearfix su-u-trim\"><\/span><\/p>\n<h3><strong>Autoridades<\/strong><\/h3>\n<p>Coordinadora: Mar\u00eda Victoria Repetto<br \/>\n<a href=\"mailto:maria.victoria.repetto@de.fcen.uba.ar\">maria.victoria.repetto@de.fcen.uba.ar<\/a><\/p>\n<p>Consejo Acad\u00e9mico: Dr. Diego Presman, a la Dra. Adal\u00ed Pecci, al Dr. Roberto Etchenique, al Dr. Hern\u00e1n Grecco, a la Dra. Lorena Sigaut, a la Dra. Valeria Levi, al Dr. Alejandro Colman Lerner,\u00a0 y a la Dra. Juliana Gimenez<span style=\"font-size: 20px;\"><\/div><\/div><\/span><\/p>\n<p>Ubicaci\u00f3n: El centro se encuentra en el segundo piso del pabell\u00f3n 2 de ciudad universitaria (lado entrada principal)<\/p>\n<p>Ubicaci\u00f3n<img loading=\"lazy\" decoding=\"async\" width=\"700\" height=\"384\" class=\"alignnone size-large wp-image-1033\" src=\"https:\/\/exactas.uba.ar\/sic\/wp-content\/uploads\/2022\/09\/CMW-700x384.png\" alt=\"\" srcset=\"https:\/\/exactas.uba.ar\/sic\/wp-content\/uploads\/2022\/09\/CMW-700x384.png 700w, https:\/\/exactas.uba.ar\/sic\/wp-content\/uploads\/2022\/09\/CMW-250x137.png 250w, https:\/\/exactas.uba.ar\/sic\/wp-content\/uploads\/2022\/09\/CMW-768x421.png 768w, https:\/\/exactas.uba.ar\/sic\/wp-content\/uploads\/2022\/09\/CMW-120x66.png 120w, https:\/\/exactas.uba.ar\/sic\/wp-content\/uploads\/2022\/09\/CMW-550x301.png 550w, https:\/\/exactas.uba.ar\/sic\/wp-content\/uploads\/2022\/09\/CMW.png 1365w\" sizes=\"auto, (max-width: 700px) 100vw, 700px\" \/><\/p>\n","protected":false},"excerpt":{"rendered":"El Centro de Microscop\u00eda de Fluorescencia Weber brinda acceso a microscopios invertidos de fluorescencia para adquirir im\u00e1genes. Se ofrece asistencia en el uso de equipos y entrenamientos para un uso independiente, con asesor\u00eda previa y acompa\u00f1amiento en la planificaci\u00f3n de la visita al microscopio.\u00a0 Contacto: maria.victoria.repetto@de.fcen.uba.ar Ubicaci\u00f3n: El centro se encuentra en el segundo piso&#8230; <a class=\"view-article\" href=\"https:\/\/exactas.uba.ar\/sic\/centros\/centro-de-microscopia-weber\/\">LEER +<\/a>","protected":false},"author":1,"featured_media":0,"parent":1627,"menu_order":60,"comment_status":"closed","ping_status":"closed","template":"","meta":{"_acf_changed":false,"_mc_calendar":[],"footnotes":""},"class_list":["post-1646","page","type-page","status-publish","hentry"],"acf":[],"_links":{"self":[{"href":"https:\/\/exactas.uba.ar\/sic\/wp-json\/wp\/v2\/pages\/1646","targetHints":{"allow":["GET"]}}],"collection":[{"href":"https:\/\/exactas.uba.ar\/sic\/wp-json\/wp\/v2\/pages"}],"about":[{"href":"https:\/\/exactas.uba.ar\/sic\/wp-json\/wp\/v2\/types\/page"}],"author":[{"embeddable":true,"href":"https:\/\/exactas.uba.ar\/sic\/wp-json\/wp\/v2\/users\/1"}],"replies":[{"embeddable":true,"href":"https:\/\/exactas.uba.ar\/sic\/wp-json\/wp\/v2\/comments?post=1646"}],"version-history":[{"count":54,"href":"https:\/\/exactas.uba.ar\/sic\/wp-json\/wp\/v2\/pages\/1646\/revisions"}],"predecessor-version":[{"id":1983,"href":"https:\/\/exactas.uba.ar\/sic\/wp-json\/wp\/v2\/pages\/1646\/revisions\/1983"}],"up":[{"embeddable":true,"href":"https:\/\/exactas.uba.ar\/sic\/wp-json\/wp\/v2\/pages\/1627"}],"wp:attachment":[{"href":"https:\/\/exactas.uba.ar\/sic\/wp-json\/wp\/v2\/media?parent=1646"}],"curies":[{"name":"wp","href":"https:\/\/api.w.org\/{rel}","templated":true}]}}