{"id":1643,"date":"2024-04-17T13:21:14","date_gmt":"2024-04-17T16:21:14","guid":{"rendered":"https:\/\/exactas.uba.ar\/sic\/?page_id=1643"},"modified":"2024-06-12T14:31:07","modified_gmt":"2024-06-12T17:31:07","slug":"centro-de-microscopias-avanzadas","status":"publish","type":"page","link":"https:\/\/exactas.uba.ar\/sic\/centros\/centro-de-microscopias-avanzadas\/","title":{"rendered":"Centro de Microscop\u00edas Avanzadas"},"content":{"rendered":"<p style=\"text-align: left;\"><span style=\"font-size: 19px;\">El <b>Centro de Microscop\u00edas Avanzadas<\/b> tiene como objetivo<img loading=\"lazy\" decoding=\"async\" class=\"wp-image-675 alignright\" src=\"https:\/\/exactas.uba.ar\/sic\/wp-content\/uploads\/2022\/07\/AFM-Nano-Veeco-1-700x460.jpg\" alt=\"\" width=\"350\" height=\"230\" srcset=\"https:\/\/exactas.uba.ar\/sic\/wp-content\/uploads\/2022\/07\/AFM-Nano-Veeco-1-700x460.jpg 700w, https:\/\/exactas.uba.ar\/sic\/wp-content\/uploads\/2022\/07\/AFM-Nano-Veeco-1-250x164.jpg 250w, https:\/\/exactas.uba.ar\/sic\/wp-content\/uploads\/2022\/07\/AFM-Nano-Veeco-1-768x505.jpg 768w, https:\/\/exactas.uba.ar\/sic\/wp-content\/uploads\/2022\/07\/AFM-Nano-Veeco-1-1536x1010.jpg 1536w, https:\/\/exactas.uba.ar\/sic\/wp-content\/uploads\/2022\/07\/AFM-Nano-Veeco-1-2048x1346.jpg 2048w, https:\/\/exactas.uba.ar\/sic\/wp-content\/uploads\/2022\/07\/AFM-Nano-Veeco-1-120x79.jpg 120w, https:\/\/exactas.uba.ar\/sic\/wp-content\/uploads\/2022\/07\/AFM-Nano-Veeco-1-550x362.jpg 550w\" sizes=\"auto, (max-width: 350px) 100vw, 350px\" \/>s desarrollar programas de investigaci\u00f3n, b\u00e1sica y aplicada, ofrecer cursos peri\u00f3dicos de formaci\u00f3n cient\u00edfico-acad\u00e9mica y prestar servicios y asistencia t\u00e9cnica, cient\u00edfica y acad\u00e9mica.<\/span><\/p>\n<div class=\"dark bg-gray-950 rounded-md border-[0.5px] border-token-border-medium\">\n<div class=\"overflow-y-auto p-4 text-left undefined\" dir=\"ltr\"><span style=\"font-size: 19px;\"><code class=\"!whitespace-pre hljs language-html\"><br \/>\n<\/code><\/span><\/div>\n<\/div>\n<p><span style=\"font-size: 19px;\"><div class=\"su-spoiler su-spoiler-style-default su-spoiler-icon-chevron su-spoiler-closed\" data-scroll-offset=\"0\" data-anchor-in-url=\"no\"><div class=\"su-spoiler-title\" tabindex=\"0\" role=\"button\"><span class=\"su-spoiler-icon\"><\/span>Servicios y Aplicaciones<\/div><div class=\"su-spoiler-content su-u-clearfix su-u-trim\"><\/span><\/p>\n<p><span style=\"font-size: 19px;\">Brindamos asistencia t\u00e9cnica para la caracterizaci\u00f3n de materiales y estudios de integridad para diferentes tipos de materiales. Utilizamos el <strong>microscopio electr\u00f3nico de barrido<\/strong> y el <strong>microscopio de fuerza at\u00f3mica<\/strong> (SEM y AFM).<\/span><\/p>\n<ul>\n<li><span style=\"font-size: 19px;\">Caracterizaci\u00f3n de microestructura de materiales<\/span><\/li>\n<li><span style=\"font-size: 19px;\">Identificaci\u00f3n y an\u00e1lisis de fases cristalinas y transiciones de fases diversas de materiales (metales, cer\u00e1micos, materiales compuestos, semiconductores, pol\u00edmeros y minerales)<\/span><\/li>\n<li><span style=\"font-size: 19px;\">Determinaci\u00f3n del grado de cristanilidad y presencia de defectos. Identificaci\u00f3n del tipo de degeneraci\u00f3n<\/span><\/li>\n<li><span style=\"font-size: 19px;\">Microscopio Electr\u00f3nico de Fuerza At\u00f3mica (AFM): Silvio Ludue\u00f1a<\/span><\/li>\n<li><span style=\"font-size: 19px;\">Microscopio electr\u00f3nico de barrido (SEM): Claudia Marchi<br \/>\n<\/span><\/li>\n<\/ul>\n<p>Para reservar tu turno comunicarse con <a href=\"mailto:lia@df.uba.ar\">lia@df.uba.ar<\/a> <\/div><\/div>\n<div class=\"su-spoiler su-spoiler-style-default su-spoiler-icon-chevron su-spoiler-closed\" data-scroll-offset=\"0\" data-anchor-in-url=\"no\"><div class=\"su-spoiler-title\" tabindex=\"0\" role=\"button\"><span class=\"su-spoiler-icon\"><\/span>Equipos<\/div><div class=\"su-spoiler-content su-u-clearfix su-u-trim\">\n<ul>\n<li><span style=\"font-size: 19px;\">Microscopio Axioskop 2 Mot (ZEISS) <a href=\"https:\/\/exactas.uba.ar\/sic\/axioskop-2-mot-zeiss\/\">Ir<\/a><\/span><\/li>\n<li><span style=\"font-size: 19px;\">Microscopio Axioskop 2 (ZEISS) <a href=\"https:\/\/exactas.uba.ar\/sic\/axioskop-2-zeiss\/\">Ir<\/a><\/span><\/li>\n<li><span style=\"font-size: 19px;\">Microscopio electr\u00f3nico de barrido (FE-SEM) SUPRA 40 (ZEISS) <a href=\"https:\/\/exactas.uba.ar\/sic\/fe-sem-supra-40-zeiss\/\">Ir<\/a><\/span><\/li>\n<li><span style=\"font-size: 19px;\">Microscopio AFM NanoScope III Veeco <a href=\"https:\/\/exactas.uba.ar\/sic\/afm-nanoscope-iii-di-vecco\/\">Ir<\/a><\/span><\/li>\n<li><span style=\"font-size: 19px;\">Microscopio AFM NanoScope III <a href=\"https:\/\/exactas.uba.ar\/sic\/afm-nanoscope-iii\/\">Ir<\/a><\/span> <\/div><\/div><\/li>\n<\/ul>\n<p><span style=\"font-size: 19px;\"><div class=\"su-spoiler su-spoiler-style-default su-spoiler-icon-chevron su-spoiler-closed\" data-scroll-offset=\"0\" data-anchor-in-url=\"no\"><div class=\"su-spoiler-title\" tabindex=\"0\" role=\"button\"><span class=\"su-spoiler-icon\"><\/span>Tarifas<\/div><div class=\"su-spoiler-content su-u-clearfix su-u-trim\">* Valor del m\u00f3dulo: $45.000 ** <\/span><\/p>\n<p>Consultar las tarifas a <a href=\"mailto:lia@df.uba.ar\">lia@df.uba.ar<\/a><\/p>\n<p><span style=\"font-size: 19px;\">Seg\u00fan las horas de servicio solicitadas\/ofrecidas, se le enviar\u00e1 una orden de servicio con el monto a abonar. Para el procesamiento del pago se requiere que env\u00ede un mail con la siguiente informaci\u00f3n a transferencias@de.fcen.uba.ar; teso@de.fcen.uba.ar; mcmarchi@df.uba.ar (Claudia) con la siguiente informaci\u00f3n:<\/span><\/p>\n<p><span style=\"font-size: 19px;\">&#8211;\u00a0 \u00a0 \u00a0 \u00a0 Comprobante de transferencia (foto\/scan)<\/span><br \/>\n<span style=\"font-size: 19px;\">&#8211;\u00a0 \u00a0 \u00a0 \u00a0 Nombre y Apellido del depositante<\/span><br \/>\n<span style=\"font-size: 19px;\">&#8211;\u00a0 \u00a0 \u00a0 \u00a0 Concepto por el cual se realiza la transferencia<\/span><br \/>\n<span style=\"font-size: 19px;\">&#8211;\u00a0 \u00a0 \u00a0 \u00a0 Monto pagado<\/span><br \/>\n<span style=\"font-size: 19px;\">&#8211;\u00a0 \u00a0 \u00a0 \u00a0 Foto de la orden de servicio confeccionada por el CMA a la hora de solicitar el turno<\/span><\/p>\n<p><span style=\"font-size: 19px;\">Los datos para la transferencia son los siguientes:<\/span><\/p>\n<p><span style=\"font-size: 19px;\">BANCO: BANCO GALICIA<\/span><br \/>\n<span style=\"font-size: 19px;\">CTA. No 0012650-2 019-0<\/span><br \/>\n<span style=\"font-size: 19px;\">CBU: 0070019120000012650200<\/span><br \/>\n<span style=\"font-size: 19px;\">ALIAS CBU: exactasfcen.uba<\/span><br \/>\n<span style=\"font-size: 19px;\">DENOMINACI\u00d3N: UNIVERSIDAD DE BUENOS AIRES<\/span><br \/>\n<span style=\"font-size: 19px;\">CUIT: 30-54666656-1<\/span><br \/>\n<span style=\"font-size: 19px;\"><\/div><\/div><\/span><\/p>\n<p><span style=\"font-size: 19px;\"><div class=\"su-spoiler su-spoiler-style-default su-spoiler-icon-chevron su-spoiler-closed\" data-scroll-offset=\"0\" data-anchor-in-url=\"no\"><div class=\"su-spoiler-title\" tabindex=\"0\" role=\"button\"><span class=\"su-spoiler-icon\"><\/span>Sobre el Centro<\/div><div class=\"su-spoiler-content su-u-clearfix su-u-trim\"><\/span><\/p>\n<p><span style=\"font-size: 19px;\">El <b>Centro de Microscop\u00edas Avanzadas<\/b> trabaja principalmente en el campo de la Biolog\u00eda, la Qu\u00edmica, la F\u00edsica, las Ciencias de los Materiales, la Medicina y la Ingenier\u00eda, formar recursos humanos capacitados para el uso de las t\u00e9cnicas de microscop\u00eda que ofrece el centro. El Centro participa y propicia la participaci\u00f3n en proyectos de investigaci\u00f3n interdisciplinarios conjuntamente con otras dependencias de la UBA y otras instituciones cient\u00edficas nacionales e internacionales.<\/span><\/p>\n<p>&nbsp;<\/p>\n<h3>Autoridades<\/h3>\n<p><span style=\"font-size: 19px;\">Coordinadora: Dra. Lia Pietrasanta<\/span><\/p>\n<p><span style=\"font-size: 19px;\">Staff: Dra. Mar\u00eda Claudia Marchi, Silvio Ludue\u00f1a<\/span><\/p>\n<p><span style=\"font-size: 19px;\">Consejo Acad\u00e9mico: Dra. Gabriela Amodeo, Dr. Roberto Scasso, Dr. Hern\u00e1n Grecco, Dr. Pablo Wappner, Dra. Mar\u00eda Gabriela Lagorio<\/span><\/p>\n<p><span style=\"font-size: 19px;\">Contacto: <span style=\"font-weight: 400;\">L\u00eda Pietrasanta, <a href=\"mailto:lia@df.uba.ar\">lia@df.uba.ar <\/a><\/span><\/div><\/div><\/span><\/p>\n<p>&nbsp;<\/p>\n<p><span style=\"font-size: 19px;\">Ubicaci\u00f3n<\/span><\/p>\n<p><img loading=\"lazy\" decoding=\"async\" class=\"alignnone wp-image-1440\" src=\"https:\/\/exactas.uba.ar\/sic\/wp-content\/uploads\/2022\/09\/CMA-1.png\" alt=\"\" width=\"791\" height=\"332\" \/><\/p>\n","protected":false},"excerpt":{"rendered":"El Centro de Microscop\u00edas Avanzadas tiene como objetivos desarrollar programas de investigaci\u00f3n, b\u00e1sica y aplicada, ofrecer cursos peri\u00f3dicos de formaci\u00f3n cient\u00edfico-acad\u00e9mica y prestar servicios y asistencia t\u00e9cnica, cient\u00edfica y acad\u00e9mica. &nbsp; Ubicaci\u00f3n","protected":false},"author":1,"featured_media":675,"parent":1627,"menu_order":50,"comment_status":"closed","ping_status":"closed","template":"","meta":{"_acf_changed":false,"_mc_calendar":[],"footnotes":""},"class_list":["post-1643","page","type-page","status-publish","has-post-thumbnail","hentry"],"acf":[],"_links":{"self":[{"href":"https:\/\/exactas.uba.ar\/sic\/wp-json\/wp\/v2\/pages\/1643","targetHints":{"allow":["GET"]}}],"collection":[{"href":"https:\/\/exactas.uba.ar\/sic\/wp-json\/wp\/v2\/pages"}],"about":[{"href":"https:\/\/exactas.uba.ar\/sic\/wp-json\/wp\/v2\/types\/page"}],"author":[{"embeddable":true,"href":"https:\/\/exactas.uba.ar\/sic\/wp-json\/wp\/v2\/users\/1"}],"replies":[{"embeddable":true,"href":"https:\/\/exactas.uba.ar\/sic\/wp-json\/wp\/v2\/comments?post=1643"}],"version-history":[{"count":31,"href":"https:\/\/exactas.uba.ar\/sic\/wp-json\/wp\/v2\/pages\/1643\/revisions"}],"predecessor-version":[{"id":1976,"href":"https:\/\/exactas.uba.ar\/sic\/wp-json\/wp\/v2\/pages\/1643\/revisions\/1976"}],"up":[{"embeddable":true,"href":"https:\/\/exactas.uba.ar\/sic\/wp-json\/wp\/v2\/pages\/1627"}],"wp:featuredmedia":[{"embeddable":true,"href":"https:\/\/exactas.uba.ar\/sic\/wp-json\/wp\/v2\/media\/675"}],"wp:attachment":[{"href":"https:\/\/exactas.uba.ar\/sic\/wp-json\/wp\/v2\/media?parent=1643"}],"curies":[{"name":"wp","href":"https:\/\/api.w.org\/{rel}","templated":true}]}}