{"id":1634,"date":"2024-04-17T13:18:16","date_gmt":"2024-04-17T16:18:16","guid":{"rendered":"https:\/\/exactas.uba.ar\/sic\/?page_id=1634"},"modified":"2024-06-12T09:57:29","modified_gmt":"2024-06-12T12:57:29","slug":"centro-de-computacion-de-alto-rendimiento","status":"publish","type":"page","link":"https:\/\/exactas.uba.ar\/sic\/centros\/centro-de-computacion-de-alto-rendimiento\/","title":{"rendered":"Centro de Computaci\u00f3n de Alto Rendimiento"},"content":{"rendered":"<p style=\"text-align: left;\"><img loading=\"lazy\" decoding=\"async\" width=\"250\" height=\"199\" class=\"size-full wp-image-1160 alignright\" src=\"https:\/\/exactas.uba.ar\/sic\/wp-content\/uploads\/2022\/07\/cluster_250x.jpg\" alt=\"\" srcset=\"https:\/\/exactas.uba.ar\/sic\/wp-content\/uploads\/2022\/07\/cluster_250x.jpg 250w, https:\/\/exactas.uba.ar\/sic\/wp-content\/uploads\/2022\/07\/cluster_250x-120x96.jpg 120w\" sizes=\"auto, (max-width: 250px) 100vw, 250px\" \/>El <strong>Centro de Computaci\u00f3n de Alto Rendimiento<\/strong> (CeCAR) es una dependencia de la Facultad de Ciencias Exactas y Naturales. Su objetivo es apoyar el avance de la Ciencia y Tecnolog\u00eda en el desarrollo de nuevas t\u00e9cnicas de computaci\u00f3n y sus aplicaciones. Este centro presta servicios de c\u00f3mputo avanzado de la m\u00e1s alta calidad complementando los servicios que prestan otros centros de la UBA.<\/p>\n<p>https:\/\/cecar.fcen.uba.ar\/<\/p>\n<p>Contacto: <a href=\"mailto:cecar-admin@dc.uba.ar\">cecar-admin@dc.uba.ar<\/a><\/p>\n<div class=\"su-spoiler su-spoiler-style-default su-spoiler-icon-chevron su-spoiler-closed\" data-scroll-offset=\"0\" data-anchor-in-url=\"no\"><div class=\"su-spoiler-title\" tabindex=\"0\" role=\"button\"><span class=\"su-spoiler-icon\"><\/span>Equipos<\/div><div class=\"su-spoiler-content su-u-clearfix su-u-trim\">\n<p><img loading=\"lazy\" decoding=\"async\" width=\"700\" height=\"294\" class=\"alignnone size-large wp-image-714\" src=\"https:\/\/exactas.uba.ar\/sic\/wp-content\/uploads\/2022\/07\/Imagen4-700x294.png\" alt=\"\" srcset=\"https:\/\/exactas.uba.ar\/sic\/wp-content\/uploads\/2022\/07\/Imagen4-700x294.png 700w, https:\/\/exactas.uba.ar\/sic\/wp-content\/uploads\/2022\/07\/Imagen4-250x105.png 250w, https:\/\/exactas.uba.ar\/sic\/wp-content\/uploads\/2022\/07\/Imagen4-768x323.png 768w, https:\/\/exactas.uba.ar\/sic\/wp-content\/uploads\/2022\/07\/Imagen4-1536x645.png 1536w, https:\/\/exactas.uba.ar\/sic\/wp-content\/uploads\/2022\/07\/Imagen4-2048x860.png 2048w, https:\/\/exactas.uba.ar\/sic\/wp-content\/uploads\/2022\/07\/Imagen4-120x50.png 120w, https:\/\/exactas.uba.ar\/sic\/wp-content\/uploads\/2022\/07\/Imagen4-550x231.png 550w\" sizes=\"auto, (max-width: 700px) 100vw, 700px\" \/><\/p>\n<\/div><\/div>\n<div class=\"su-spoiler su-spoiler-style-default su-spoiler-icon-chevron su-spoiler-closed\" data-scroll-offset=\"0\" data-anchor-in-url=\"no\"><div class=\"su-spoiler-title\" tabindex=\"0\" role=\"button\"><span class=\"su-spoiler-icon\"><\/span>Servicios y Aplicaciones<\/div><div class=\"su-spoiler-content su-u-clearfix su-u-trim\">\n<h2>Modalidad de uso del cluster<\/h2>\n<ul>\n<li><b>Horas prioritarias<\/b>: Para acceder a estos recursos es\u00a0<b>obligatorio<\/b>\u00a0colaborar con el CeCAR por medio de un pago (consultar\u00a0<a title=\"Esquema tarifario\" href=\"https:\/\/cecar.fcen.uba.ar\/tarifas\">esquema tarifario<\/a>) o la donaci\u00f3n de equipamiento de c\u00f3mputo.<\/li>\n<li><b>Horas free-rider<\/b>: esta modalidad consiste en el acceso a los recursos que no son utilizados en forma prioritaria. Esta modalidad consiste en el acceso a los recursos que no son utilizados en forma prioritaria. Para usarla se pide la\u00a0<b>colaboraci\u00f3n eventual<\/b>\u00a0por medio de compra de repuestos o servicios en base a las necesidades para mantener el centro en funcionamiento. La existencia del CeCAR depende parcialmente de dichos aportes.<\/li>\n<\/ul>\n<h2>Modalidad de uso del Cloud<\/h2>\n<p>Puede acceder a sus m\u00e1quinas virtuales durante la duraci\u00f3n de su solicitud. Ud. tiene control sobre el sistema operativo y los programas que all\u00ed estar\u00e1n corriendo, por lo cual puede realizar las instalaciones y configuraciones que considere pertinente dentro del entorno de su m\u00e1quina virtual.<br \/>\nUna vez finalizado el per\u00edodo de uso, puede solicitar la extensi\u00f3n del mismo mediante un email al administrador. Caso contrario se proceder\u00e1 a la liberaci\u00f3n de los recursos asignados, incluyendo la eliminaci\u00f3n de los datos almacenados. Por este motivo recomendamos realizar una copia de sus datos regularmente, y sobre todo antes de la finalizaci\u00f3n de la solicitud.<\/p>\n<p>Asimismo puede solicitar el resguardo de la imagen de su m\u00e1quina virtual o del espacio de almacenamiento de sus datos, consulte las condiciones con el administrador. El costo del servicio de Andr\u00f3meda se contabiliza en base a los recursos solicitados como memoria RAM, espacio de almacenamiento y n\u00facleos de procesamiento (consultar\u00a0<a title=\"Esquema tarifario\" href=\"https:\/\/cecar.fcen.uba.ar\/tarifas\">esquema tarifario<\/a>).<\/p>\n<\/div><\/div>\n<div class=\"media-body\">\n<div class=\"su-spoiler su-spoiler-style-default su-spoiler-icon-chevron su-spoiler-closed\" data-scroll-offset=\"0\" data-anchor-in-url=\"no\"><div class=\"su-spoiler-title\" tabindex=\"0\" role=\"button\"><span class=\"su-spoiler-icon\"><\/span>Tarifas<\/div><div class=\"su-spoiler-content su-u-clearfix su-u-trim\">\n<p>Consultar a <a href=\"mailto:cecar-admin@dc.uba.ar\">cecar-admin@dc.uba.ar\/ <\/a><\/div><\/div>\n<\/div>\n<div class=\"su-spoiler su-spoiler-style-default su-spoiler-icon-chevron su-spoiler-closed\" data-scroll-offset=\"0\" data-anchor-in-url=\"no\"><div class=\"su-spoiler-title\" tabindex=\"0\" role=\"button\"><span class=\"su-spoiler-icon\"><\/span>Sobre el centro<\/div><div class=\"su-spoiler-content su-u-clearfix su-u-trim\">\n<h3>Autoridades<\/h3>\n<p>Miembros titulares del comit\u00e9 acad\u00e9mico:<\/p>\n<ul>\n<li>Dr. Rodrigo Castro<\/li>\n<li>Dr. Dar\u00edo Estr\u00edn (Secretario de Investigaci\u00f3n)<\/li>\n<li>Dra. M\u00f3nica Pickholz<\/li>\n<li>Dra. Daniela Rodr\u00edguez<\/li>\n<li>Dr. Adri\u00e1n Turjanski<\/li>\n<\/ul>\n<p>Miembros suplentes del comit\u00e9 acad\u00e9mico:<\/p>\n<ul>\n<li>Dr. Leonardo Boechi<\/li>\n<li>Dr. Mariano Gonz\u00e1lez Lebrero<\/li>\n<li>Dr. Lucas Defelipe<\/li>\n<li>Dr. Juan Ruiz<\/li>\n<\/ul>\n<p>Supervisor:<\/p>\n<ul>\n<li>Dr. Esteban Mocskos<\/li>\n<\/ul>\n<p>Coordinadores:<\/p>\n<ul>\n<li>Dra. Daniela Rodr\u00edguez<\/li>\n<li>Dr. Mariano Camilo Gonz\u00e1lez Lebrero<\/li>\n<\/ul>\n<\/div><\/div>\n<p>&nbsp;<\/p>\n","protected":false},"excerpt":{"rendered":"El Centro de Computaci\u00f3n de Alto Rendimiento (CeCAR) es una dependencia de la Facultad de Ciencias Exactas y Naturales. Su objetivo es apoyar el avance de la Ciencia y Tecnolog\u00eda en el desarrollo de nuevas t\u00e9cnicas de computaci\u00f3n y sus aplicaciones. Este centro presta servicios de c\u00f3mputo avanzado de la m\u00e1s alta calidad complementando los&#8230; <a class=\"view-article\" href=\"https:\/\/exactas.uba.ar\/sic\/centros\/centro-de-computacion-de-alto-rendimiento\/\">LEER +<\/a>","protected":false},"author":1,"featured_media":1160,"parent":1627,"menu_order":0,"comment_status":"closed","ping_status":"closed","template":"","meta":{"_acf_changed":false,"_mc_calendar":[],"footnotes":""},"class_list":["post-1634","page","type-page","status-publish","has-post-thumbnail","hentry"],"acf":[],"_links":{"self":[{"href":"https:\/\/exactas.uba.ar\/sic\/wp-json\/wp\/v2\/pages\/1634","targetHints":{"allow":["GET"]}}],"collection":[{"href":"https:\/\/exactas.uba.ar\/sic\/wp-json\/wp\/v2\/pages"}],"about":[{"href":"https:\/\/exactas.uba.ar\/sic\/wp-json\/wp\/v2\/types\/page"}],"author":[{"embeddable":true,"href":"https:\/\/exactas.uba.ar\/sic\/wp-json\/wp\/v2\/users\/1"}],"replies":[{"embeddable":true,"href":"https:\/\/exactas.uba.ar\/sic\/wp-json\/wp\/v2\/comments?post=1634"}],"version-history":[{"count":11,"href":"https:\/\/exactas.uba.ar\/sic\/wp-json\/wp\/v2\/pages\/1634\/revisions"}],"predecessor-version":[{"id":1738,"href":"https:\/\/exactas.uba.ar\/sic\/wp-json\/wp\/v2\/pages\/1634\/revisions\/1738"}],"up":[{"embeddable":true,"href":"https:\/\/exactas.uba.ar\/sic\/wp-json\/wp\/v2\/pages\/1627"}],"wp:featuredmedia":[{"embeddable":true,"href":"https:\/\/exactas.uba.ar\/sic\/wp-json\/wp\/v2\/media\/1160"}],"wp:attachment":[{"href":"https:\/\/exactas.uba.ar\/sic\/wp-json\/wp\/v2\/media?parent=1634"}],"curies":[{"name":"wp","href":"https:\/\/api.w.org\/{rel}","templated":true}]}}