{"id":1627,"date":"2024-04-17T13:14:13","date_gmt":"2024-04-17T16:14:13","guid":{"rendered":"https:\/\/exactas.uba.ar\/sic\/?page_id=1627"},"modified":"2025-08-14T11:47:46","modified_gmt":"2025-08-14T14:47:46","slug":"centros","status":"publish","type":"page","link":"https:\/\/exactas.uba.ar\/sic\/centros\/","title":{"rendered":"Sobre los Centros de Servicios"},"content":{"rendered":"<p>Los Centros de Servicios son dependencias de la FCEN dedicadas a proveer servicios cient\u00edfico-t\u00e9cnicos altamente especializado. Pueden incluir la realizaci\u00f3n de experimentos, mediciones y uso de equipamiento de alta complejidad muy repetibles y sistem\u00e1ticos.<\/p>\n<p><a href=\"https:\/\/exactas.uba.ar\/sic\/centros\/bioterio\/\">Bioterio <\/a><\/p>\n<p><a href=\"https:\/\/exactas.uba.ar\/sic\/centros\/centro-de-computacion-de-alto-rendimiento\/\">Centro de Computaci\u00f3n de Alto Rendimiento\u00a0<\/a><\/p>\n<p><a href=\"https:\/\/exactas.uba.ar\/sic\/centros\/centro-de-diseno-y-produccion-de-proteinas-recombinantes-cppr\/\">Centro de Dise\u00f1o y Producci\u00f3n de Prote\u00ednas Recombinantes (CPPR)<\/a><\/p>\n<p><a href=\"https:\/\/exactas.uba.ar\/sic\/centros\/centro-de-estudios-quimicos-y-biologicos-por-espectrometria-de-masa\/\">Centro de Estudios Qu\u00edmicos y Biol\u00f3gicos por Espectrometr\u00eda de Masa &#8211; CEQUIBIEM<\/a><\/p>\n<p><a href=\"https:\/\/exactas.uba.ar\/sic\/centros\/centro-de-genomica-cegen\/\">Centro de Genomica<\/a><\/p>\n<p><a href=\"https:\/\/exactas.uba.ar\/sic\/centros\/centro-de-microscopias-avanzadas\/\">Centro de Microscop\u00edas Avanzadas<\/a><\/p>\n<p><a href=\"https:\/\/exactas.uba.ar\/sic\/centros\/centro-de-microscopia-weber\/\">Centro de Microscop\u00eda de Fluorescencia &#8220;Gregorio Weber&#8221;<\/a><\/p>\n<p><a href=\"https:\/\/exactas.uba.ar\/sic\/centros\/citometria-de-flujo\/\">Servicio de Citometr\u00eda de Flujo<\/a><\/p>\n<p>&nbsp;<\/p>\n","protected":false},"excerpt":{"rendered":"Los Centros de Servicios son dependencias de la FCEN dedicadas a proveer servicios cient\u00edfico-t\u00e9cnicos altamente especializado. Pueden incluir la realizaci\u00f3n de experimentos, mediciones y uso de equipamiento de alta complejidad muy repetibles y sistem\u00e1ticos. Bioterio Centro de Computaci\u00f3n de Alto Rendimiento\u00a0 Centro de Dise\u00f1o y Producci\u00f3n de Prote\u00ednas Recombinantes (CPPR) Centro de Estudios Qu\u00edmicos y&#8230; <a class=\"view-article\" href=\"https:\/\/exactas.uba.ar\/sic\/centros\/\">LEER +<\/a>","protected":false},"author":1,"featured_media":0,"parent":0,"menu_order":0,"comment_status":"closed","ping_status":"closed","template":"","meta":{"_acf_changed":false,"_mc_calendar":[],"footnotes":""},"class_list":["post-1627","page","type-page","status-publish","hentry"],"acf":[],"_links":{"self":[{"href":"https:\/\/exactas.uba.ar\/sic\/wp-json\/wp\/v2\/pages\/1627","targetHints":{"allow":["GET"]}}],"collection":[{"href":"https:\/\/exactas.uba.ar\/sic\/wp-json\/wp\/v2\/pages"}],"about":[{"href":"https:\/\/exactas.uba.ar\/sic\/wp-json\/wp\/v2\/types\/page"}],"author":[{"embeddable":true,"href":"https:\/\/exactas.uba.ar\/sic\/wp-json\/wp\/v2\/users\/1"}],"replies":[{"embeddable":true,"href":"https:\/\/exactas.uba.ar\/sic\/wp-json\/wp\/v2\/comments?post=1627"}],"version-history":[{"count":15,"href":"https:\/\/exactas.uba.ar\/sic\/wp-json\/wp\/v2\/pages\/1627\/revisions"}],"predecessor-version":[{"id":2031,"href":"https:\/\/exactas.uba.ar\/sic\/wp-json\/wp\/v2\/pages\/1627\/revisions\/2031"}],"wp:attachment":[{"href":"https:\/\/exactas.uba.ar\/sic\/wp-json\/wp\/v2\/media?parent=1627"}],"curies":[{"name":"wp","href":"https:\/\/api.w.org\/{rel}","templated":true}]}}