{"id":116,"date":"2022-07-12T13:54:33","date_gmt":"2022-07-12T16:54:33","guid":{"rendered":"https:\/\/exactas.uba.ar\/evento\/prueba\/?page_id=116"},"modified":"2022-10-05T14:12:29","modified_gmt":"2022-10-05T17:12:29","slug":"busqueda-avanzada","status":"publish","type":"page","link":"https:\/\/exactas.uba.ar\/sic\/busqueda-avanzada\/","title":{"rendered":"BUSCADOR"},"content":{"rendered":"<p>Con este equipamiento se puede brindar servicios al sector acad\u00e9mico y al socio productivo, proveyendo estudios y an\u00e1lisis cient\u00edfico-t\u00e9cnicos de vanguardia, as\u00ed como asesoramiento complementario. A trav\u00e9s de estas prestaciones, Exactas no s\u00f3lo busca facilitar y optimizar su producci\u00f3n cient\u00edfica mediante la disponibilidad de estos recursos propios, sino tambi\u00e9n asistir a toda la industria de base tecnol\u00f3gica nacional y potenciar la transferencia tecnol\u00f3gica hacia la sociedad. Vas a poder buscar por palabras claves, por equipo, por facilidad, por laboratorio, por \u00e1reas de trabajo, por departamento o por instituto. Si te encontr\u00e1s con un cartel que dice \u00b4\u00b4Sorry, nothing to display\u00b4\u00b4, volv\u00e9 a intentarlo eliminando la restriccion de Palabras Clave o Catergoria.<\/p>\n\n\t\t\t\t<form action=\"\" method=\"post\" class=\"searchandfilter search-page\">\n\t\t\t\t\t<div><input type=\"hidden\" name=\"ofpost_types[]\" value=\"post\" \/><ul><li><input type=\"text\" name=\"ofsearch\" placeholder=\"buscar\" value=\"\"><\/li><li><h4>Palabras clave<\/h4><select  name='ofpost_tag' id='ofpost_tag' class='postform'>\n\t<option value='0' selected='selected'>Todas las etiquetas<\/option>\n\t<option class=\"level-0\" value=\"166\">ADN<\/option>\n\t<option class=\"level-0\" value=\"94\">AFM<\/option>\n\t<option class=\"level-0\" value=\"120\">An\u00e1lisis celular<\/option>\n\t<option class=\"level-0\" value=\"150\">An\u00e1lisis de composici\u00f3n<\/option>\n\t<option class=\"level-0\" value=\"167\">ARN<\/option>\n\t<option class=\"level-0\" value=\"155\">arreglo supramolecular<\/option>\n\t<option class=\"level-0\" value=\"156\">autoensamblado<\/option>\n\t<option class=\"level-0\" value=\"129\">az\u00facares<\/option>\n\t<option class=\"level-0\" value=\"98\">bajas temperaturas<\/option>\n\t<option class=\"level-0\" value=\"106\">batcterias<\/option>\n\t<option class=\"level-0\" value=\"97\">CECAR<\/option>\n\t<option class=\"level-0\" value=\"76\">CEQUIBIEM<\/option>\n\t<option class=\"level-0\" value=\"125\">Citometr\u00eda<\/option>\n\t<option class=\"level-0\" value=\"123\">Clasificaci\u00f3n celular<\/option>\n\t<option class=\"level-0\" value=\"144\">Colorimetr\u00eda<\/option>\n\t<option class=\"level-0\" value=\"154\">Conformaci\u00f3n<\/option>\n\t<option class=\"level-0\" value=\"162\">conservaci\u00f3n<\/option>\n\t<option class=\"level-0\" value=\"40\">cristales<\/option>\n\t<option class=\"level-0\" value=\"148\">Cristalizaci\u00f3n<\/option>\n\t<option class=\"level-0\" value=\"116\">Cromatograf\u00eda<\/option>\n\t<option class=\"level-0\" value=\"138\">Cromatograf\u00eda de exclusi\u00f3 por tama\u00f1o (SEC)<\/option>\n\t<option class=\"level-0\" value=\"47\">cultivo<\/option>\n\t<option class=\"level-0\" value=\"108\">cultivo celular<\/option>\n\t<option class=\"level-0\" value=\"160\">Desecaci\u00f3n<\/option>\n\t<option class=\"level-0\" value=\"140\">Detector de pulso amperom\u00e9trico<\/option>\n\t<option class=\"level-0\" value=\"151\">Determinaci\u00f3n de residuos<\/option>\n\t<option class=\"level-0\" value=\"153\">Dicro\u00edsmo circular<\/option>\n\t<option class=\"level-0\" value=\"105\">docencia<\/option>\n\t<option class=\"level-0\" value=\"99\">DSC<\/option>\n\t<option class=\"level-0\" value=\"111\">electroforesis<\/option>\n\t<option class=\"level-0\" value=\"119\">espectrofotometr\u00eda<\/option>\n\t<option class=\"level-0\" value=\"96\">espectrometr\u00eda<\/option>\n\t<option class=\"level-0\" value=\"145\">Espectroscop\u00eda UV-visible<\/option>\n\t<option class=\"level-0\" value=\"152\">Estabilidad t\u00e9rmica<\/option>\n\t<option class=\"level-0\" value=\"137\">Fase reversa<\/option>\n\t<option class=\"level-0\" value=\"109\">flujo laminar<\/option>\n\t<option class=\"level-0\" value=\"157\">fluorescencia<\/option>\n\t<option class=\"level-0\" value=\"159\">fluor\u00f3foros<\/option>\n\t<option class=\"level-0\" value=\"117\">gases<\/option>\n\t<option class=\"level-0\" value=\"48\">granizadora\/freezer\/camara fria<\/option>\n\t<option class=\"level-0\" value=\"141\">HPAEC-PAD<\/option>\n\t<option class=\"level-0\" value=\"92\">im\u00e1genes<\/option>\n\t<option class=\"level-0\" value=\"79\">imanes<\/option>\n\t<option class=\"level-0\" value=\"84\">ingredientes farmaceuticos activos<\/option>\n\t<option class=\"level-0\" value=\"139\">Intercambio ani\u00f3nico<\/option>\n\t<option class=\"level-0\" value=\"114\">Is\u00f3topos<\/option>\n\t<option class=\"level-0\" value=\"107\">levaduras<\/option>\n\t<option class=\"level-0\" value=\"161\">liofilizaci\u00f3n<\/option>\n\t<option class=\"level-0\" value=\"135\">Masa molar viscosim\u00e9trica<\/option>\n\t<option class=\"level-0\" value=\"83\">materiales<\/option>\n\t<option class=\"level-0\" value=\"101\">metales<\/option>\n\t<option class=\"level-0\" value=\"91\">microscop\u00eda<\/option>\n\t<option class=\"level-0\" value=\"49\">microscopio<\/option>\n\t<option class=\"level-0\" value=\"41\">monocristales<\/option>\n\t<option class=\"level-0\" value=\"165\">nanoporos<\/option>\n\t<option class=\"level-0\" value=\"128\">polar\u00edmetro<\/option>\n\t<option class=\"level-0\" value=\"69\">policristales<\/option>\n\t<option class=\"level-0\" value=\"136\">Pol\u00edmeros<\/option>\n\t<option class=\"level-0\" value=\"149\">Polimorfismo<\/option>\n\t<option class=\"level-0\" value=\"70\">polvo<\/option>\n\t<option class=\"level-0\" value=\"74\">porosidad<\/option>\n\t<option class=\"level-0\" value=\"78\">proteinas<\/option>\n\t<option class=\"level-0\" value=\"147\">Punto de fusi\u00f3n<\/option>\n\t<option class=\"level-0\" value=\"130\">quiralidad<\/option>\n\t<option class=\"level-0\" value=\"118\">radioactivo<\/option>\n\t<option class=\"level-0\" value=\"82\">rayos x<\/option>\n\t<option class=\"level-0\" value=\"143\">Reactor de microondas<\/option>\n\t<option class=\"level-0\" value=\"103\">RMN<\/option>\n\t<option class=\"level-0\" value=\"131\">rotaci\u00f3n \u00f3ptica<\/option>\n\t<option class=\"level-0\" value=\"73\">Sala de Preparaci\u00f3n de Muestras<\/option>\n\t<option class=\"level-0\" value=\"104\">secuenciaci\u00f3n<\/option>\n\t<option class=\"level-0\" value=\"71\">SEM<\/option>\n\t<option class=\"level-0\" value=\"121\">Separaci\u00f3n celular<\/option>\n\t<option class=\"level-0\" value=\"112\">separaci\u00f3n de mol\u00e9culas<\/option>\n\t<option class=\"level-0\" value=\"142\">S\u00edntesis org\u00e1nica<\/option>\n\t<option class=\"level-0\" value=\"85\">solidos<\/option>\n\t<option class=\"level-0\" value=\"158\">sondas fluorescentes<\/option>\n\t<option class=\"level-0\" value=\"122\">Sorting<\/option>\n\t<option class=\"level-0\" value=\"81\">superficies<\/option>\n\t<option class=\"level-0\" value=\"127\">sustancias \u00f3pticamente activas<\/option>\n\t<option class=\"level-0\" value=\"124\">T\u00e9cnicas avanzadas<\/option>\n\t<option class=\"level-0\" value=\"146\">Transici\u00f3n v\u00edtrea<\/option>\n\t<option class=\"level-0\" value=\"110\">virus<\/option>\n\t<option class=\"level-0\" value=\"134\">Viscosidad<\/option>\n\t<option class=\"level-0\" value=\"80\">XPS<\/option>\n<\/select>\n<input type=\"hidden\" name=\"ofpost_tag_operator\" value=\"and\" \/><\/li><li><h4>Categor\u00edas<\/h4><select  name='ofcategory' id='ofcategory' class='postform'>\n\t<option value='0' selected='selected'>Todas las categor\u00edas<\/option>\n\t<option class=\"level-0\" value=\"10\">1 &#8211; Facilidad\/Laboratorio<\/option>\n\t<option class=\"level-1\" value=\"90\">&nbsp;&nbsp;&nbsp;Bioterio<\/option>\n\t<option class=\"level-1\" value=\"25\">&nbsp;&nbsp;&nbsp;Centro de Computaci\u00f3n de Alto Rendimiento<\/option>\n\t<option class=\"level-1\" value=\"132\">&nbsp;&nbsp;&nbsp;Centro de Dise\u00f1o y Producci\u00f3n de Prote\u00ednas Recombinantes (CPPR)<\/option>\n\t<option class=\"level-1\" value=\"77\">&nbsp;&nbsp;&nbsp;Centro de Estudios Qu\u00edmicos y Biol\u00f3gicos por Espectrometr\u00eda de Masa<\/option>\n\t<option class=\"level-1\" value=\"201\">&nbsp;&nbsp;&nbsp;Centro de Genomica<\/option>\n\t<option class=\"level-1\" value=\"29\">&nbsp;&nbsp;&nbsp;Centro de Microscop\u00eda Weber<\/option>\n\t<option class=\"level-1\" value=\"28\">&nbsp;&nbsp;&nbsp;Centro de Microscop\u00edas Avanzadas<\/option>\n\t<option class=\"level-1\" value=\"32\">&nbsp;&nbsp;&nbsp;Citometr\u00eda de Flujo<\/option>\n\t<option class=\"level-1\" value=\"38\">&nbsp;&nbsp;&nbsp;Difracci\u00f3n de Rayos X<\/option>\n\t<option class=\"level-1\" value=\"24\">&nbsp;&nbsp;&nbsp;Espectroscop\u00eda Fotoelectr\u00f3nica de Rayos X<\/option>\n\t<option class=\"level-1\" value=\"13\">&nbsp;&nbsp;&nbsp;Laboratorio de Bajas Temperaturas<\/option>\n\t<option class=\"level-1\" value=\"113\">&nbsp;&nbsp;&nbsp;Laboratorio de Is\u00f3topos Estables<\/option>\n\t<option class=\"level-1\" value=\"19\">&nbsp;&nbsp;&nbsp;Resonancia Magn\u00e9tica Nuclear<\/option>\n\t<option class=\"level-1\" value=\"23\">&nbsp;&nbsp;&nbsp;Taller de Prototipado, Mecanizado de Precisi\u00f3n e Impresi\u00f3n 3D<\/option>\n\t<option class=\"level-0\" value=\"12\">2 &#8211; Funci\u00f3n\/\u00c1rea<\/option>\n\t<option class=\"level-1\" value=\"53\">&nbsp;&nbsp;&nbsp;Autoclave<\/option>\n\t<option class=\"level-1\" value=\"52\">&nbsp;&nbsp;&nbsp;Calor\u00edmetro\/TGA<\/option>\n\t<option class=\"level-1\" value=\"56\">&nbsp;&nbsp;&nbsp;Centr\u00edfugas<\/option>\n\t<option class=\"level-1\" value=\"33\">&nbsp;&nbsp;&nbsp;Citometr\u00eda de flujo<\/option>\n\t<option class=\"level-1\" value=\"34\">&nbsp;&nbsp;&nbsp;Computaci\u00f3n de Alto Desempe\u00f1o<\/option>\n\t<option class=\"level-1\" value=\"57\">&nbsp;&nbsp;&nbsp;Cromatograf\u00eda<\/option>\n\t<option class=\"level-1\" value=\"35\">&nbsp;&nbsp;&nbsp;Cultivo<\/option>\n\t<option class=\"level-1\" value=\"58\">&nbsp;&nbsp;&nbsp;Electroforesis<\/option>\n\t<option class=\"level-1\" value=\"54\">&nbsp;&nbsp;&nbsp;Espectrofot\u00f3metria y fluor\u00f3metria<\/option>\n\t<option class=\"level-1\" value=\"39\">&nbsp;&nbsp;&nbsp;Espectrometr\u00eda de masas<\/option>\n\t<option class=\"level-1\" value=\"59\">&nbsp;&nbsp;&nbsp;Evaporador\/liofilizador<\/option>\n\t<option class=\"level-1\" value=\"60\">&nbsp;&nbsp;&nbsp;Granizadora\/Freezer\/Camara fria<\/option>\n\t<option class=\"level-1\" value=\"61\">&nbsp;&nbsp;&nbsp;He l\u00edquido<\/option>\n\t<option class=\"level-1\" value=\"62\">&nbsp;&nbsp;&nbsp;L\u00e1seres<\/option>\n\t<option class=\"level-1\" value=\"15\">&nbsp;&nbsp;&nbsp;Magnetometr\u00eda<\/option>\n\t<option class=\"level-1\" value=\"16\">&nbsp;&nbsp;&nbsp;Microscop\u00eda<\/option>\n\t<option class=\"level-1\" value=\"63\">&nbsp;&nbsp;&nbsp;Microscop\u00eda fuerza at\u00f3mica<\/option>\n\t<option class=\"level-1\" value=\"64\">&nbsp;&nbsp;&nbsp;Microtomo<\/option>\n\t<option class=\"level-1\" value=\"65\">&nbsp;&nbsp;&nbsp;N2 l\u00edquido<\/option>\n\t<option class=\"level-1\" value=\"66\">&nbsp;&nbsp;&nbsp;Nanodrop<\/option>\n\t<option class=\"level-1\" value=\"51\">&nbsp;&nbsp;&nbsp;Otros<\/option>\n\t<option class=\"level-1\" value=\"100\">&nbsp;&nbsp;&nbsp;PCRs<\/option>\n\t<option class=\"level-1\" value=\"67\">&nbsp;&nbsp;&nbsp;Purificador de agua<\/option>\n\t<option class=\"level-1\" value=\"68\">&nbsp;&nbsp;&nbsp;Radioactivo<\/option>\n\t<option class=\"level-1\" value=\"17\">&nbsp;&nbsp;&nbsp;Rayos X<\/option>\n\t<option class=\"level-1\" value=\"18\">&nbsp;&nbsp;&nbsp;Resonancia Magn\u00e9tica Nuclear<\/option>\n\t<option class=\"level-1\" value=\"102\">&nbsp;&nbsp;&nbsp;Sonicador<\/option>\n\t<option class=\"level-0\" value=\"2\">3 &#8211; Dependencia<\/option>\n\t<option class=\"level-1\" value=\"86\">&nbsp;&nbsp;&nbsp;DBBE &#8211; IBBEA<\/option>\n\t<option class=\"level-1\" value=\"36\">&nbsp;&nbsp;&nbsp;DCAO &#8211; CIMA<\/option>\n\t<option class=\"level-1\" value=\"37\">&nbsp;&nbsp;&nbsp;DEGE &#8211; IEGEBA<\/option>\n\t<option class=\"level-1\" value=\"3\">&nbsp;&nbsp;&nbsp;DF<\/option>\n\t<option class=\"level-1\" value=\"4\">&nbsp;&nbsp;&nbsp;DFBMC &#8211; iB3\/AGBT<\/option>\n\t<option class=\"level-1\" value=\"88\">&nbsp;&nbsp;&nbsp;DG<\/option>\n\t<option class=\"level-1\" value=\"89\">&nbsp;&nbsp;&nbsp;DI &#8211; ITAPROQ<\/option>\n\t<option class=\"level-1\" value=\"5\">&nbsp;&nbsp;&nbsp;DQB<\/option>\n\t<option class=\"level-1\" value=\"6\">&nbsp;&nbsp;&nbsp;DQB &#8211; IQUIBICEN<\/option>\n\t<option class=\"level-1\" value=\"7\">&nbsp;&nbsp;&nbsp;DQIAyQF &#8211; INQUIMAE<\/option>\n\t<option class=\"level-1\" value=\"126\">&nbsp;&nbsp;&nbsp;DQO<\/option>\n\t<option class=\"level-1\" value=\"75\">&nbsp;&nbsp;&nbsp;DQO &#8211; CIHIDECAR<\/option>\n\t<option class=\"level-1\" value=\"8\">&nbsp;&nbsp;&nbsp;DQO &#8211; UMYMFOR<\/option>\n\t<option class=\"level-1\" value=\"11\">&nbsp;&nbsp;&nbsp;FCEN<\/option>\n\t<option class=\"level-1\" value=\"72\">&nbsp;&nbsp;&nbsp;IFIBYNE<\/option>\n\t<option class=\"level-1\" value=\"115\">&nbsp;&nbsp;&nbsp;INGEIS<\/option>\n<\/select>\n<input type=\"hidden\" name=\"ofcategory_operator\" value=\"and\" \/><\/li><li><input type=\"hidden\" id=\"_searchandfilter_nonce\" name=\"_searchandfilter_nonce\" value=\"9df2a3e949\" \/><input type=\"hidden\" name=\"_wp_http_referer\" value=\"\/sic\/wp-json\/wp\/v2\/pages\/116\" \/><input type=\"hidden\" name=\"ofsubmitted\" value=\"1\"><input type=\"submit\" value=\"Buscar\"><\/li><\/ul><\/div><\/form>\n<p>&nbsp;<\/p>\n","protected":false},"excerpt":{"rendered":"Con este equipamiento se puede brindar servicios al sector acad\u00e9mico y al socio productivo, proveyendo estudios y an\u00e1lisis cient\u00edfico-t\u00e9cnicos de vanguardia, as\u00ed como asesoramiento complementario. A trav\u00e9s de estas prestaciones, Exactas no s\u00f3lo busca facilitar y optimizar su producci\u00f3n cient\u00edfica mediante la disponibilidad de estos recursos propios, sino tambi\u00e9n asistir a toda la industria de&#8230; <a class=\"view-article\" href=\"https:\/\/exactas.uba.ar\/sic\/busqueda-avanzada\/\">LEER +<\/a>","protected":false},"author":1,"featured_media":0,"parent":0,"menu_order":0,"comment_status":"closed","ping_status":"closed","template":"","meta":{"_acf_changed":false,"_mc_calendar":[],"footnotes":""},"class_list":["post-116","page","type-page","status-publish","hentry"],"acf":[],"_links":{"self":[{"href":"https:\/\/exactas.uba.ar\/sic\/wp-json\/wp\/v2\/pages\/116","targetHints":{"allow":["GET"]}}],"collection":[{"href":"https:\/\/exactas.uba.ar\/sic\/wp-json\/wp\/v2\/pages"}],"about":[{"href":"https:\/\/exactas.uba.ar\/sic\/wp-json\/wp\/v2\/types\/page"}],"author":[{"embeddable":true,"href":"https:\/\/exactas.uba.ar\/sic\/wp-json\/wp\/v2\/users\/1"}],"replies":[{"embeddable":true,"href":"https:\/\/exactas.uba.ar\/sic\/wp-json\/wp\/v2\/comments?post=116"}],"version-history":[{"count":41,"href":"https:\/\/exactas.uba.ar\/sic\/wp-json\/wp\/v2\/pages\/116\/revisions"}],"predecessor-version":[{"id":1383,"href":"https:\/\/exactas.uba.ar\/sic\/wp-json\/wp\/v2\/pages\/116\/revisions\/1383"}],"wp:attachment":[{"href":"https:\/\/exactas.uba.ar\/sic\/wp-json\/wp\/v2\/media?parent=116"}],"curies":[{"name":"wp","href":"https:\/\/api.w.org\/{rel}","templated":true}]}}