{"id":93,"date":"2019-11-05T17:31:02","date_gmt":"2019-11-05T17:31:02","guid":{"rendered":"https:\/\/exactas.uba.ar\/reservaecologica-cu\/?page_id=93"},"modified":"2026-03-13T17:34:01","modified_gmt":"2026-03-13T17:34:01","slug":"biodiversidad","status":"publish","type":"page","link":"https:\/\/exactas.uba.ar\/reservaecologica-cu\/biodiversidad\/","title":{"rendered":"Biodiversidad"},"content":{"rendered":"<p>La Reserva Ecol\u00f3gica Ciudad Universitaria-Costanera Norte es el 2do sitio con m\u00e1s biodiversidad de la Ciudad Aut\u00f3noma de Buenos Aires. En sus 20 hect\u00e1reas habitan m\u00e1s de 1000 especies de flora, fauna y fungi. \u00a1Conocelas!<\/p>\n<div class=\"botonera_imagenes\">\n<p><a href=\"https:\/\/exactas.uba.ar\/reservaecologica-cu\/biodiversidad\/especies-nativas-y-exoticas\/\"><div id=\"attachment_554\" style=\"width: 160px\" class=\"wp-caption alignleft\"><img loading=\"lazy\" decoding=\"async\" aria-describedby=\"caption-attachment-554\" class=\"wp-image-554 size-thumbnail\" src=\"https:\/\/exactas.uba.ar\/reservaecologica-cu\/wp-content\/uploads\/2026\/03\/Boton-Exoticas-y-Nativas_Tomas-Molina-Ehrman-150x150.jpg\" alt=\"Especies nativas y ex\u00f3ticas\" width=\"150\" height=\"150\" \/><p id=\"caption-attachment-554\" class=\"wp-caption-text\">Especies nativas y ex\u00f3ticas<\/p><\/div><\/a><\/p>\n<p><a href=\"https:\/\/exactas.uba.ar\/reservaecologica-cu\/biodiversidad\/aves\/\"><div id=\"attachment_553\" style=\"width: 160px\" class=\"wp-caption alignleft\"><img loading=\"lazy\" decoding=\"async\" aria-describedby=\"caption-attachment-553\" class=\"wp-image-553 size-thumbnail\" src=\"https:\/\/exactas.uba.ar\/reservaecologica-cu\/wp-content\/uploads\/2026\/03\/Boton-AVES_Tomas-Molina-Ehrman-150x150.jpg\" alt=\"Aves\" width=\"150\" height=\"150\" \/><p id=\"caption-attachment-553\" class=\"wp-caption-text\">Aves<\/p><\/div><\/a><\/p>\n<p><a href=\"https:\/\/exactas.uba.ar\/reservaecologica-cu\/biodiversidad\/invertebrados\/\"><div id=\"attachment_557\" style=\"width: 160px\" class=\"wp-caption alignleft\"><img loading=\"lazy\" decoding=\"async\" aria-describedby=\"caption-attachment-557\" class=\"wp-image-557 size-thumbnail\" src=\"https:\/\/exactas.uba.ar\/reservaecologica-cu\/wp-content\/uploads\/2026\/03\/Boton-Invertebrados_Nahuel-Cuba-150x150.jpg\" alt=\"Invertebrados\" width=\"150\" height=\"150\" \/><p id=\"caption-attachment-557\" class=\"wp-caption-text\">Invertebrados<\/p><\/div><\/a><\/p>\n<p><a href=\"https:\/\/exactas.uba.ar\/reservaecologica-cu\/biodiversidad\/peces\/\"><div id=\"attachment_559\" style=\"width: 160px\" class=\"wp-caption alignleft\"><img loading=\"lazy\" decoding=\"async\" aria-describedby=\"caption-attachment-559\" class=\"wp-image-559 size-thumbnail\" src=\"https:\/\/exactas.uba.ar\/reservaecologica-cu\/wp-content\/uploads\/2026\/03\/BOTON-PECES_Juan-Andres-Lozano-150x150.jpeg\" alt=\"Peces\" width=\"150\" height=\"150\" \/><p id=\"caption-attachment-559\" class=\"wp-caption-text\">Peces<\/p><\/div><\/a><\/p>\n<p><a href=\"https:\/\/exactas.uba.ar\/reservaecologica-cu\/biodiversidad\/mamiferos\/\"><div id=\"attachment_558\" style=\"width: 160px\" class=\"wp-caption alignleft\"><img loading=\"lazy\" decoding=\"async\" aria-describedby=\"caption-attachment-558\" class=\"wp-image-558 size-thumbnail\" src=\"https:\/\/exactas.uba.ar\/reservaecologica-cu\/wp-content\/uploads\/2026\/03\/Boton-Mamiferos_-Tomas-Molina-Ehrman-150x150.jpg\" alt=\"Mam\u00edferos\" width=\"150\" height=\"150\" \/><p id=\"caption-attachment-558\" class=\"wp-caption-text\">Mam\u00edferos<\/p><\/div><\/a><\/p>\n<p><a href=\"https:\/\/exactas.uba.ar\/reservaecologica-cu\/biodiversidad\/reptiles-y-anfibios\/\"><div id=\"attachment_552\" style=\"width: 160px\" class=\"wp-caption alignleft\"><img loading=\"lazy\" decoding=\"async\" aria-describedby=\"caption-attachment-552\" class=\"wp-image-552 size-thumbnail\" src=\"https:\/\/exactas.uba.ar\/reservaecologica-cu\/wp-content\/uploads\/2026\/03\/Boton-Reptiles-y-Anfibios_Nahuel-Cuba-150x150.jpg\" alt=\"Reptiles y anfibios\" width=\"150\" height=\"150\" \/><p id=\"caption-attachment-552\" class=\"wp-caption-text\">Reptiles y anfibios<\/p><\/div><\/a><\/p>\n<p><a href=\"https:\/\/exactas.uba.ar\/reservaecologica-cu\/biodiversidad\/flora\/\"><div id=\"attachment_555\" style=\"width: 160px\" class=\"wp-caption alignleft\"><img loading=\"lazy\" decoding=\"async\" aria-describedby=\"caption-attachment-555\" class=\"wp-image-555 size-thumbnail\" src=\"https:\/\/exactas.uba.ar\/reservaecologica-cu\/wp-content\/uploads\/2026\/03\/Boton-FLORA_Nahuel-Cuba-150x150.jpg\" alt=\"Flora\" width=\"150\" height=\"150\" \/><p id=\"caption-attachment-555\" class=\"wp-caption-text\">Flora<\/p><\/div><\/a><\/p>\n<p><a href=\"https:\/\/exactas.uba.ar\/reservaecologica-cu\/biodiversidad\/fungi\/\"><div id=\"attachment_556\" style=\"width: 160px\" class=\"wp-caption alignleft\"><img loading=\"lazy\" decoding=\"async\" aria-describedby=\"caption-attachment-556\" class=\"wp-image-556 size-thumbnail\" src=\"https:\/\/exactas.uba.ar\/reservaecologica-cu\/wp-content\/uploads\/2026\/03\/Boton-FUNGI_Juan-Andres-Lozano-150x150.jpg\" alt=\"Fungi\" width=\"150\" height=\"150\" \/><p id=\"caption-attachment-556\" class=\"wp-caption-text\">Fungi<\/p><\/div><\/a><\/p>\n<\/div>\n<div style=\"display:none\">\n<h2><a href=\"https:\/\/exactas.uba.ar\/reservaecologica-cu\/biodiversidad\/especies-nativas-y-exoticas\/\">Especies nativas y ex\u00f3ticas<\/a><\/h2>\n<h2><a href=\"https:\/\/exactas.uba.ar\/reservaecologica-cu\/biodiversidad\/aves\/\">Aves<\/a><\/h2>\n<h2><a href=\"https:\/\/exactas.uba.ar\/reservaecologica-cu\/biodiversidad\/invertebrados\/\">Invertebrados<\/a><\/h2>\n<h2><a href=\"https:\/\/exactas.uba.ar\/reservaecologica-cu\/biodiversidad\/peces\/\">Peces<\/a><\/h2>\n<h2><a href=\"https:\/\/exactas.uba.ar\/reservaecologica-cu\/biodiversidad\/mamiferos\/\">Mam\u00edferos<\/a><\/h2>\n<h2><a href=\"https:\/\/exactas.uba.ar\/reservaecologica-cu\/biodiversidad\/reptiles-y-anfibios\/\">Reptiles y anfibios<\/a><\/h2>\n<h2><a href=\"https:\/\/exactas.uba.ar\/reservaecologica-cu\/biodiversidad\/flora\/\">Flora<\/a><\/h2>\n<h2><a href=\"https:\/\/exactas.uba.ar\/reservaecologica-cu\/biodiversidad\/fungi\/\">Fungi<\/a><\/h2>\n<\/div>\n","protected":false},"excerpt":{"rendered":"La Reserva Ecol\u00f3gica Ciudad Universitaria-Costanera Norte es el 2do sitio con m\u00e1s biodiversidad de la Ciudad Aut\u00f3noma de Buenos Aires. En sus 20 hect\u00e1reas habitan m\u00e1s de 1000 especies de flora, fauna y fungi. \u00a1Conocelas! Especies nativas y ex\u00f3ticas Aves Invertebrados Peces Mam\u00edferos Reptiles y anfibios Flora Fungi","protected":false},"author":1,"featured_media":0,"parent":0,"menu_order":20,"comment_status":"closed","ping_status":"closed","template":"","meta":{"_acf_changed":false,"footnotes":""},"class_list":["post-93","page","type-page","status-publish","hentry"],"acf":[],"_links":{"self":[{"href":"https:\/\/exactas.uba.ar\/reservaecologica-cu\/wp-json\/wp\/v2\/pages\/93","targetHints":{"allow":["GET"]}}],"collection":[{"href":"https:\/\/exactas.uba.ar\/reservaecologica-cu\/wp-json\/wp\/v2\/pages"}],"about":[{"href":"https:\/\/exactas.uba.ar\/reservaecologica-cu\/wp-json\/wp\/v2\/types\/page"}],"author":[{"embeddable":true,"href":"https:\/\/exactas.uba.ar\/reservaecologica-cu\/wp-json\/wp\/v2\/users\/1"}],"replies":[{"embeddable":true,"href":"https:\/\/exactas.uba.ar\/reservaecologica-cu\/wp-json\/wp\/v2\/comments?post=93"}],"version-history":[{"count":24,"href":"https:\/\/exactas.uba.ar\/reservaecologica-cu\/wp-json\/wp\/v2\/pages\/93\/revisions"}],"predecessor-version":[{"id":215,"href":"https:\/\/exactas.uba.ar\/reservaecologica-cu\/wp-json\/wp\/v2\/pages\/93\/revisions\/215"}],"wp:attachment":[{"href":"https:\/\/exactas.uba.ar\/reservaecologica-cu\/wp-json\/wp\/v2\/media?parent=93"}],"curies":[{"name":"wp","href":"https:\/\/api.w.org\/{rel}","templated":true}]}}