{"id":80,"date":"2019-11-05T17:11:55","date_gmt":"2019-11-05T17:11:55","guid":{"rendered":"https:\/\/exactas.uba.ar\/reservaecologica-cu\/?page_id=80"},"modified":"2026-03-26T19:26:08","modified_gmt":"2026-03-26T19:26:08","slug":"la-reserva","status":"publish","type":"page","link":"https:\/\/exactas.uba.ar\/reservaecologica-cu\/la-reserva\/","title":{"rendered":"La Reserva"},"content":{"rendered":"<div class=\"bloque\">\n<figure><img decoding=\"async\" src=\"https:\/\/exactas.uba.ar\/reservaecologica-cu\/wp-content\/uploads\/2026\/03\/Historia.jpg\" alt=\"\" \/><\/figure>\n<h2>Historia<\/h2>\n<p>El origen de la reserva se remonta a mediados del siglo pasado. Los rellenos sobre el estuario posteriores a los que originaron Ciudad Universitaria en los a\u00f1os 60, continuar\u00edan durante 20 a\u00f1os m\u00e1s proyectando una pen\u00ednsula que la entonces Municipalidad de Buenos Aires otorg\u00f3 a la Universidad como compensaci\u00f3n por las tierras cedidas para la traza de la autopista Lugones y Cantilo. Esas tierras fueron siendo colonizadas por la flora y la fauna propias del delta del Paran\u00e1, conectado a trav\u00e9s del R\u00edo de la Plata, generando gradualmente un paisaje natural en el sitio. <div class=\"lightweight-accordion\"><details name=\"reserva\"><summary class=\"lightweight-accordion-title\"><span>Continuar leyendo<\/span><\/summary><div class=\"lightweight-accordion-body\"><p>\nDurante las \u00faltimas dos d\u00e9cadas del siglo XX, la comunidad que frecuentaba la Ciudad Universitaria comenz\u00f3 a identificar la oportunidad para crear all\u00ed un \u00e1rea protegida. Siempre con la fuerte vinculaci\u00f3n acad\u00e9mica como estandarte, sucesivos intentos no llegaron a puerto hasta finalmente en el a\u00f1o 2012, cuando se sanciona la ley 4.467 de la Ciudad Aut\u00f3noma de Buenos Aires, que crea formalmente a la 2\u00b0 Reserva Ecol\u00f3gica en este distrito: Ciudad Universitaria-Costanera Norte.<\/p>\n<p>As\u00ed nac\u00eda legalmente una idea que muchas personas llevaron adelante, e incluso con proyectos inconclusos como el Parque Natural Ciudad Universitaria que propon\u00eda unir el actual Parque de la Memoria, producto de un Concurso de Ideas llevado adelante desde 1998.<\/p>\n<p>Finalmente en 2018, se firma un Convenio entre la UBA y el GCABA que da pie al comienzo de la puesta en marcha formal de la Reserva.<br \/>\nSin embargo, la historia de la reserva no est\u00e1 completa si no mencionamos que fue un espacio por donde pasaron muchas personas que hicieron distintos usos del lugar. Por a\u00f1o, fue un espacio frecuentado por pescadores y cazadores. Tambi\u00e9n fue un lugar que mucha gente adopt\u00f3 como hogar: durante finales de los 90\u2019 y principios de los 2000, funcion\u00f3 all\u00ed la Aldea Rosa, donde llegaron a vivir m\u00e1s de 300 personas, fundamentalmente de la comunidad LGBTQ+. La misma fue desalojada en 2006, para dar lugar a un proyecto de recuperaci\u00f3n de espacios verdes que qued\u00f3 inconcluso, pero que hoy da estructura a gran parte de la reserva: caminos de concreto, escalinatas y espigones frente a la costa del r\u00edo, el dique del pabell\u00f3n 2 y el puente, nacen de esa intervenci\u00f3n.<\/p>\n<p>Entre el a\u00f1o 2008 y 2018 funcion\u00f3, en un espacio lindero a la reserva, una comunidad denominada EcoAldea Velatropa. Si bien el espacio se encuentra fuera de los l\u00edmites legales de la reserva, fueron importantes actores, generando una reconstrucci\u00f3n ambiental y encarg\u00e1ndose de cuidar la reserva en per\u00edodos en donde nadie lo hac\u00eda, encarg\u00e1ndose de realizar plantaciones y de contener los incendios.<\/p>\n<\/div><\/details><\/div><\/p><\/div>\n<div class=\"bloque\">\n<figure><img decoding=\"async\" src=\"https:\/\/exactas.uba.ar\/reservaecologica-cu\/wp-content\/uploads\/2026\/03\/Gestion.jpg\" alt=\"\" \/><\/figure>\n<h2>Gesti\u00f3n<\/h2>\n<p>Dado que las tierras son propiedad de la Universidad pero la Reserva se encuentra dentro de la jurisdicci\u00f3n de la Ciudad de Buenos Aires, ambas instituciones se pusieron de acuerdo para llevar adelante la gesti\u00f3n y administraci\u00f3n de la RECUCN, en partes iguales de responsabilidades y obligaciones. Su \u00f3rgano de gobernanza es un Consejo de Gesti\u00f3n, integrado por la UBA y el GCABA.<br \/>\n<div class=\"lightweight-accordion\"><details name=\"reserva\"><summary class=\"lightweight-accordion-title\"><span>Continuar leyendo<\/span><\/summary><div class=\"lightweight-accordion-body\"><p>\nEn los \u00faltimos a\u00f1os, la FCEyN ha sido protagonista en el proceso de implementaci\u00f3n de la Reserva, con la elaboraci\u00f3n del \u201cInforme Diagn\u00f3stico\u201d de 2018 y el \u201cPlan de Gesti\u00f3n 2021-2031\u201d, documentos cruciales para la planificaci\u00f3n estrat\u00e9gica del \u00e1rea.<\/p>\n<p>Actualmente, la estructura institucional de FCEyN apa\u00f1a de manera robusta su participaci\u00f3n en la gesti\u00f3n, planificaci\u00f3n y manejo de la Reserva, desde la Secretar\u00eda de Extensi\u00f3n, Cultura Cient\u00edfica y Bienestar.<\/p>\n<p>En ese marco, es destacable el trabajo de la \u201cComisi\u00f3n Reserva\u201d, que forma parte del Programa Socio-Ambiental de la FCEyN. Est\u00e1 compuesta por investigadores, docentes y estudiantes especializados en el conocimiento sobre la Reserva y fue creada como espacio para el asesoramiento a las autoridades de la FCEN y la UBA en materia gesti\u00f3n, conservaci\u00f3n, investigaci\u00f3n y educaci\u00f3n en la Reserva Ecol\u00f3gica Ciudad Universitaria \u2013 Costanera Norte.<\/p>\n<p>La Comisi\u00f3n Reserva articula directamente con las autoridades de la UBA y el GCABA para la gesti\u00f3n y planificaci\u00f3n de la Reserva, lleva adelante un seguimiento y monitoreo ambiental del \u00e1rea y se vincula con actividades acad\u00e9micas que realiza la comunidad de la FCEyN.<\/p>\n<\/div><\/details><\/div><\/p><\/div>\n<div class=\"bloque\">\n<figure><img decoding=\"async\" src=\"https:\/\/exactas.uba.ar\/reservaecologica-cu\/wp-content\/uploads\/2026\/03\/Valor-ambiental-y-cultural.jpg\" alt=\"\" \/><\/figure>\n<h2>Valor ambiental y cultural<\/h2>\n<p>C\u00f3mo no solo se trata de especies que integran la biodiversidad, la Reserva tambi\u00e9n ofrece espacios para la recreaci\u00f3n, para el esparcimiento, la caminata, la contemplaci\u00f3n, la relajaci\u00f3n y tambi\u00e9n para la integraci\u00f3n social.<\/p>\n<p>Nos proponemos ofrecer una serie de experiencias que acompa\u00f1en a la naturaleza silvestre del R\u00edo de la Plata, sin olvidar nuestras diversas identidades culturales, nuestros usos y costumbres y la importancia de la educaci\u00f3n, investigaci\u00f3n p\u00fablica y gratuita que podemos realizar aqu\u00ed, gracias a la presencia de la Universidad de Buenos Aires.<br \/>\n<div class=\"lightweight-accordion\"><details name=\"reserva\"><summary class=\"lightweight-accordion-title\"><span>Continuar leyendo<\/span><\/summary><div class=\"lightweight-accordion-body\"><p>\nSe encuentra lindante a un Campus Universitario de la Universidad de Buenos Aires, donde tienen sede m\u00faltiples actividades acad\u00e9micas y de investigaci\u00f3n. La Facultad de Arquitectura, Dise\u00f1o y Urbanismo y la de Ciencias Exactas y Naturales configuran uno de los mayores centros de producci\u00f3n cient\u00edfico-tecnol\u00f3gica del pa\u00eds. Asociado a ello, el tratamiento de la Ciudad con el R\u00edo y la historia de uso y ocupaci\u00f3n de la ribera bonaerense con sus problem\u00e1ticas asociadas, presenta una oportunidad inigualable para reflexionar sobre la situaci\u00f3n socio-ambiental de la regi\u00f3n vinculada a la vida en las ciudades.<\/p>\n<p>Ciertos puntos panor\u00e1micos permiten al visitante observar toda la costa norte de Buenos Aires y obtener as\u00ed una visual limpia del r\u00edo y su horizonte. Amaneceres y atardeceres desde el puente sobre el humedal, en contraste con los dos pabellones de Ciudad Universitaria, son una visita obligada en Buenos Aires.<\/p>\n<p><img loading=\"lazy\" decoding=\"async\" width=\"662\" height=\"536\" class=\"aligncenter size-full wp-image-428\" src=\"https:\/\/exactas.uba.ar\/reservaecologica-cu\/wp-content\/uploads\/2026\/03\/hoco.png\" alt=\"\" srcset=\"https:\/\/exactas.uba.ar\/reservaecologica-cu\/wp-content\/uploads\/2026\/03\/hoco.png 662w, https:\/\/exactas.uba.ar\/reservaecologica-cu\/wp-content\/uploads\/2026\/03\/hoco-250x202.png 250w, https:\/\/exactas.uba.ar\/reservaecologica-cu\/wp-content\/uploads\/2026\/03\/hoco-120x97.png 120w\" sizes=\"auto, (max-width: 662px) 100vw, 662px\" \/><\/p>\n<\/div><\/details><\/div><\/div>\n<div class=\"bloque\">\n<figure><img decoding=\"async\" src=\"https:\/\/exactas.uba.ar\/reservaecologica-cu\/wp-content\/uploads\/2026\/03\/Como-llegar.jpg\" alt=\"\" \/><\/figure>\n<h2>C\u00f3mo Llegar<\/h2>\n<p>La reserva se encuentra dentro de la Ciudad Universitaria de la Universidad de Buenos Aires, al norte del segundo y tercer pabell\u00f3n. Las l\u00edneas de colectivos que te acercan son: 28, 33, 34, 37, 42, 45, 107, 160 y 166. Tambi\u00e9n se puede acceder en tren mediante la l\u00ednea Belgrano norte (Estaci\u00f3n Ciudad Universitaria). Los ingresos se encuentran en el puente, detr\u00e1s del pabell\u00f3n 3, y lindero al estacionamiento del pabell\u00f3n 2.<br \/>\n<div class=\"lightweight-accordion\"><details name=\"reserva\"><summary class=\"lightweight-accordion-title\"><span>Continuar leyendo<\/span><\/summary><div class=\"lightweight-accordion-body\"><p>\n<iframe loading=\"lazy\" style=\"border: 0;\" src=\"https:\/\/www.google.com\/maps\/embed?pb=!1m18!1m12!1m3!1d3286.5652546129004!2d-58.44614507072588!3d-34.53924094751295!2m3!1f0!2f0!3f0!3m2!1i1024!2i768!4f13.1!3m3!1m2!1s0x95bcc7df6bb24629%3A0x3539d6bdcd7df9b5!2sReserva%20Ecol%C3%B3gica%20Ciudad%20Universitaria-Costanera%20Norte!5e0!3m2!1ses-419!2sar!4v1572973905996!5m2!1ses-419!2sar\" width=\"100%\" height=\"450\" frameborder=\"0\" allowfullscreen=\"allowfullscreen\"><span data-mce-type=\"bookmark\" style=\"display: inline-block; width: 0px; overflow: hidden; line-height: 0;\" class=\"mce_SELRES_start\">\ufeff<\/span><\/iframe><\/p>\n<\/div><\/details><\/div><\/div>\n","protected":false},"excerpt":{"rendered":"Historia El origen de la reserva se remonta a mediados del siglo pasado. Los rellenos sobre el estuario posteriores a los que originaron Ciudad Universitaria en los a\u00f1os 60, continuar\u00edan durante 20 a\u00f1os m\u00e1s proyectando una pen\u00ednsula que la entonces Municipalidad de Buenos Aires otorg\u00f3 a la Universidad como compensaci\u00f3n por las tierras cedidas para&#8230; <a class=\"view-article\" href=\"https:\/\/exactas.uba.ar\/reservaecologica-cu\/la-reserva\/\">LEER +<\/a>","protected":false},"author":1,"featured_media":0,"parent":0,"menu_order":10,"comment_status":"closed","ping_status":"closed","template":"","meta":{"_acf_changed":false,"footnotes":""},"class_list":["post-80","page","type-page","status-publish","hentry"],"acf":[],"_links":{"self":[{"href":"https:\/\/exactas.uba.ar\/reservaecologica-cu\/wp-json\/wp\/v2\/pages\/80","targetHints":{"allow":["GET"]}}],"collection":[{"href":"https:\/\/exactas.uba.ar\/reservaecologica-cu\/wp-json\/wp\/v2\/pages"}],"about":[{"href":"https:\/\/exactas.uba.ar\/reservaecologica-cu\/wp-json\/wp\/v2\/types\/page"}],"author":[{"embeddable":true,"href":"https:\/\/exactas.uba.ar\/reservaecologica-cu\/wp-json\/wp\/v2\/users\/1"}],"replies":[{"embeddable":true,"href":"https:\/\/exactas.uba.ar\/reservaecologica-cu\/wp-json\/wp\/v2\/comments?post=80"}],"version-history":[{"count":19,"href":"https:\/\/exactas.uba.ar\/reservaecologica-cu\/wp-json\/wp\/v2\/pages\/80\/revisions"}],"predecessor-version":[{"id":621,"href":"https:\/\/exactas.uba.ar\/reservaecologica-cu\/wp-json\/wp\/v2\/pages\/80\/revisions\/621"}],"wp:attachment":[{"href":"https:\/\/exactas.uba.ar\/reservaecologica-cu\/wp-json\/wp\/v2\/media?parent=80"}],"curies":[{"name":"wp","href":"https:\/\/api.w.org\/{rel}","templated":true}]}}