{"id":512,"date":"2026-03-13T15:56:20","date_gmt":"2026-03-13T15:56:20","guid":{"rendered":"https:\/\/exactas.uba.ar\/reservaecologica-cu\/?page_id=512"},"modified":"2026-03-13T16:05:42","modified_gmt":"2026-03-13T16:05:42","slug":"peces","status":"publish","type":"page","link":"https:\/\/exactas.uba.ar\/reservaecologica-cu\/biodiversidad\/peces\/","title":{"rendered":"Peces"},"content":{"rendered":"<p><span style=\"font-weight: 400;\">La gran conexi\u00f3n que presenta el humedal de la reserva con el R\u00edo de la Plata genera que en el mismo haya una gran ingresi\u00f3n de peces dulceacu\u00edcolas. A continuaci\u00f3n, el listado de peces cargados en la plataforma de ArgentiNat:<\/span><\/p>\n\n\t\t<style type=\"text\/css\">\n\t\t\t#gallery-1 {\n\t\t\t\tmargin: auto;\n\t\t\t}\n\t\t\t#gallery-1 .gallery-item {\n\t\t\t\tfloat: left;\n\t\t\t\tmargin-top: 10px;\n\t\t\t\ttext-align: center;\n\t\t\t\twidth: 25%;\n\t\t\t}\n\t\t\t#gallery-1 img {\n\t\t\t\tborder: 2px solid #cfcfcf;\n\t\t\t}\n\t\t\t#gallery-1 .gallery-caption {\n\t\t\t\tmargin-left: 0;\n\t\t\t}\n\t\t\t\/* see gallery_shortcode() in wp-includes\/media.php *\/\n\t\t<\/style>\n\t\t<div id='gallery-1' class='gallery galleryid-512 gallery-columns-4 gallery-size-thumbnail'><dl class='gallery-item'>\n\t\t\t<dt class='gallery-icon landscape'>\n\t\t\t\t<a href='https:\/\/exactas.uba.ar\/reservaecologica-cu\/wp-content\/uploads\/2026\/03\/Chanchita_Ivan-Eroles.jpg'><img loading=\"lazy\" decoding=\"async\" width=\"150\" height=\"150\" src=\"https:\/\/exactas.uba.ar\/reservaecologica-cu\/wp-content\/uploads\/2026\/03\/Chanchita_Ivan-Eroles-150x150.jpg\" class=\"attachment-thumbnail size-thumbnail\" alt=\"Chanchita\" aria-describedby=\"gallery-1-513\" \/><\/a>\n\t\t\t<\/dt>\n\t\t\t\t<dd class='wp-caption-text gallery-caption' id='gallery-1-513'>\n\t\t\t\tChanchita\n\t\t\t\t<\/dd><\/dl><dl class='gallery-item'>\n\t\t\t<dt class='gallery-icon landscape'>\n\t\t\t\t<a href='https:\/\/exactas.uba.ar\/reservaecologica-cu\/wp-content\/uploads\/2026\/03\/Dorado_Ivan-Eroles.jpg'><img loading=\"lazy\" decoding=\"async\" width=\"150\" height=\"150\" src=\"https:\/\/exactas.uba.ar\/reservaecologica-cu\/wp-content\/uploads\/2026\/03\/Dorado_Ivan-Eroles-150x150.jpg\" class=\"attachment-thumbnail size-thumbnail\" alt=\"Dorado\" aria-describedby=\"gallery-1-514\" \/><\/a>\n\t\t\t<\/dt>\n\t\t\t\t<dd class='wp-caption-text gallery-caption' id='gallery-1-514'>\n\t\t\t\tDorado\n\t\t\t\t<\/dd><\/dl><dl class='gallery-item'>\n\t\t\t<dt class='gallery-icon portrait'>\n\t\t\t\t<a href='https:\/\/exactas.uba.ar\/reservaecologica-cu\/wp-content\/uploads\/2026\/03\/Sabalo_Ivan-Eroles.jpeg'><img loading=\"lazy\" decoding=\"async\" width=\"150\" height=\"150\" src=\"https:\/\/exactas.uba.ar\/reservaecologica-cu\/wp-content\/uploads\/2026\/03\/Sabalo_Ivan-Eroles-150x150.jpeg\" class=\"attachment-thumbnail size-thumbnail\" alt=\"S\u00e1balo\" aria-describedby=\"gallery-1-515\" \/><\/a>\n\t\t\t<\/dt>\n\t\t\t\t<dd class='wp-caption-text gallery-caption' id='gallery-1-515'>\n\t\t\t\tS\u00e1balo\n\t\t\t\t<\/dd><\/dl><dl class='gallery-item'>\n\t\t\t<dt class='gallery-icon landscape'>\n\t\t\t\t<a href='https:\/\/exactas.uba.ar\/reservaecologica-cu\/wp-content\/uploads\/2026\/03\/Tararira_Guillermo-Spajic.jpeg'><img loading=\"lazy\" decoding=\"async\" width=\"150\" height=\"150\" src=\"https:\/\/exactas.uba.ar\/reservaecologica-cu\/wp-content\/uploads\/2026\/03\/Tararira_Guillermo-Spajic-150x150.jpeg\" class=\"attachment-thumbnail size-thumbnail\" alt=\"Tararira\" aria-describedby=\"gallery-1-516\" \/><\/a>\n\t\t\t<\/dt>\n\t\t\t\t<dd class='wp-caption-text gallery-caption' id='gallery-1-516'>\n\t\t\t\tTararira\n\t\t\t\t<\/dd><\/dl><br style=\"clear: both\" \/>\n\t\t<\/div>\n\n<p><a href=\"https:\/\/www.argentinat.org\/observations?place_id=7190&amp;project_id=biorecu-reserva-ecologica-ciudad-universitaria-costanera-norte&amp;view=species&amp;iconic_taxa=Actinopterygii\">Ver Peces en Argentinat.org<\/a><\/p>\n","protected":false},"excerpt":{"rendered":"La gran conexi\u00f3n que presenta el humedal de la reserva con el R\u00edo de la Plata genera que en el mismo haya una gran ingresi\u00f3n de peces dulceacu\u00edcolas. A continuaci\u00f3n, el listado de peces cargados en la plataforma de ArgentiNat: Ver Peces en Argentinat.org","protected":false},"author":1,"featured_media":0,"parent":93,"menu_order":40,"comment_status":"closed","ping_status":"closed","template":"","meta":{"_acf_changed":false,"footnotes":""},"class_list":["post-512","page","type-page","status-publish","hentry"],"acf":[],"_links":{"self":[{"href":"https:\/\/exactas.uba.ar\/reservaecologica-cu\/wp-json\/wp\/v2\/pages\/512","targetHints":{"allow":["GET"]}}],"collection":[{"href":"https:\/\/exactas.uba.ar\/reservaecologica-cu\/wp-json\/wp\/v2\/pages"}],"about":[{"href":"https:\/\/exactas.uba.ar\/reservaecologica-cu\/wp-json\/wp\/v2\/types\/page"}],"author":[{"embeddable":true,"href":"https:\/\/exactas.uba.ar\/reservaecologica-cu\/wp-json\/wp\/v2\/users\/1"}],"replies":[{"embeddable":true,"href":"https:\/\/exactas.uba.ar\/reservaecologica-cu\/wp-json\/wp\/v2\/comments?post=512"}],"version-history":[{"count":1,"href":"https:\/\/exactas.uba.ar\/reservaecologica-cu\/wp-json\/wp\/v2\/pages\/512\/revisions"}],"predecessor-version":[{"id":517,"href":"https:\/\/exactas.uba.ar\/reservaecologica-cu\/wp-json\/wp\/v2\/pages\/512\/revisions\/517"}],"up":[{"embeddable":true,"href":"https:\/\/exactas.uba.ar\/reservaecologica-cu\/wp-json\/wp\/v2\/pages\/93"}],"wp:attachment":[{"href":"https:\/\/exactas.uba.ar\/reservaecologica-cu\/wp-json\/wp\/v2\/media?parent=512"}],"curies":[{"name":"wp","href":"https:\/\/api.w.org\/{rel}","templated":true}]}}