{"id":473,"date":"2026-03-12T20:31:32","date_gmt":"2026-03-12T20:31:32","guid":{"rendered":"https:\/\/exactas.uba.ar\/reservaecologica-cu\/?page_id=473"},"modified":"2026-03-13T14:26:54","modified_gmt":"2026-03-13T14:26:54","slug":"aves","status":"publish","type":"page","link":"https:\/\/exactas.uba.ar\/reservaecologica-cu\/biodiversidad\/aves\/","title":{"rendered":"Aves"},"content":{"rendered":"<p>La RECUCN es hogar de much\u00edsimas especies de aves. En su historia se han registrado m\u00e1s de 270 especies, lo cual representa un 25% de todas las que se pueden observar en el territorio argentino\u2026 En tan solo 20 hect\u00e1reas!<\/p>\n<p>El Club de Observadores de Aves (COA) de la reserva (COA RECUCN) realiza relevamientos y salidas abiertas al p\u00fablico en la reserva desde hace a\u00f1os, descubriendo peri\u00f3dicamente nuevas especies que pasan por la reserva.<\/p>\n<p>En el <a href=\"https:\/\/ebird.org\/hotspot\/L976247\/illustrated-checklist\" target=\"_blank\" rel=\"noopener\">HotSpot de eBird de la reserva<\/a> se puede ver el listado m\u00e1s actualizado de las aves presentes, junto con fotos y datos de su estacionalidad. Pueden ingresar desde este link:<br \/>\n<a href=\"https:\/\/ebird.org\/hotspot\/L976247\/illustrated-checklist\" target=\"_blank\" rel=\"noopener\">https:\/\/ebird.org\/hotspot\/L976247\/illustrated-checklist<\/a> (para ver los nombres en espa\u00f1ol de argentina, crear una cuenta e ingresar)<\/p>\n<p>Algunas de las especies de aves de la reserva son:<\/p>\n\n\t\t<style type=\"text\/css\">\n\t\t\t#gallery-1 {\n\t\t\t\tmargin: auto;\n\t\t\t}\n\t\t\t#gallery-1 .gallery-item {\n\t\t\t\tfloat: left;\n\t\t\t\tmargin-top: 10px;\n\t\t\t\ttext-align: center;\n\t\t\t\twidth: 25%;\n\t\t\t}\n\t\t\t#gallery-1 img {\n\t\t\t\tborder: 2px solid #cfcfcf;\n\t\t\t}\n\t\t\t#gallery-1 .gallery-caption {\n\t\t\t\tmargin-left: 0;\n\t\t\t}\n\t\t\t\/* see gallery_shortcode() in wp-includes\/media.php *\/\n\t\t<\/style>\n\t\t<div id='gallery-1' class='gallery galleryid-473 gallery-columns-4 gallery-size-thumbnail'><dl class='gallery-item'>\n\t\t\t<dt class='gallery-icon portrait'>\n\t\t\t\t<a href='https:\/\/exactas.uba.ar\/reservaecologica-cu\/wp-content\/uploads\/2026\/03\/tijereta_ivan-eroles-scaled.jpg'><img loading=\"lazy\" decoding=\"async\" width=\"150\" height=\"150\" src=\"https:\/\/exactas.uba.ar\/reservaecologica-cu\/wp-content\/uploads\/2026\/03\/tijereta_ivan-eroles-150x150.jpg\" class=\"attachment-thumbnail size-thumbnail\" alt=\"Tijereta\" aria-describedby=\"gallery-1-477\" \/><\/a>\n\t\t\t<\/dt>\n\t\t\t\t<dd class='wp-caption-text gallery-caption' id='gallery-1-477'>\n\t\t\t\tTijereta\n\t\t\t\t<\/dd><\/dl><dl class='gallery-item'>\n\t\t\t<dt class='gallery-icon landscape'>\n\t\t\t\t<a href='https:\/\/exactas.uba.ar\/reservaecologica-cu\/wp-content\/uploads\/2026\/03\/carau_ivan-eroles-scaled.jpg'><img loading=\"lazy\" decoding=\"async\" width=\"150\" height=\"150\" src=\"https:\/\/exactas.uba.ar\/reservaecologica-cu\/wp-content\/uploads\/2026\/03\/carau_ivan-eroles-150x150.jpg\" class=\"attachment-thumbnail size-thumbnail\" alt=\"Carau\" aria-describedby=\"gallery-1-478\" \/><\/a>\n\t\t\t<\/dt>\n\t\t\t\t<dd class='wp-caption-text gallery-caption' id='gallery-1-478'>\n\t\t\t\tCarau\n\t\t\t\t<\/dd><\/dl><dl class='gallery-item'>\n\t\t\t<dt class='gallery-icon landscape'>\n\t\t\t\t<a href='https:\/\/exactas.uba.ar\/reservaecologica-cu\/wp-content\/uploads\/2026\/03\/cardenilla_ivan-eroles-scaled.jpg'><img loading=\"lazy\" decoding=\"async\" width=\"150\" height=\"150\" src=\"https:\/\/exactas.uba.ar\/reservaecologica-cu\/wp-content\/uploads\/2026\/03\/cardenilla_ivan-eroles-150x150.jpg\" class=\"attachment-thumbnail size-thumbnail\" alt=\"Cardenilla\" aria-describedby=\"gallery-1-479\" \/><\/a>\n\t\t\t<\/dt>\n\t\t\t\t<dd class='wp-caption-text gallery-caption' id='gallery-1-479'>\n\t\t\t\tCardenilla\n\t\t\t\t<\/dd><\/dl><dl class='gallery-item'>\n\t\t\t<dt class='gallery-icon landscape'>\n\t\t\t\t<a href='https:\/\/exactas.uba.ar\/reservaecologica-cu\/wp-content\/uploads\/2026\/03\/churrinche_ivan-eroles.jpg'><img loading=\"lazy\" decoding=\"async\" width=\"150\" height=\"150\" src=\"https:\/\/exactas.uba.ar\/reservaecologica-cu\/wp-content\/uploads\/2026\/03\/churrinche_ivan-eroles-150x150.jpg\" class=\"attachment-thumbnail size-thumbnail\" alt=\"Churrinche\" aria-describedby=\"gallery-1-480\" \/><\/a>\n\t\t\t<\/dt>\n\t\t\t\t<dd class='wp-caption-text gallery-caption' id='gallery-1-480'>\n\t\t\t\tChurrinche\n\t\t\t\t<\/dd><\/dl><br style=\"clear: both\" \/><dl class='gallery-item'>\n\t\t\t<dt class='gallery-icon landscape'>\n\t\t\t\t<a href='https:\/\/exactas.uba.ar\/reservaecologica-cu\/wp-content\/uploads\/2026\/03\/Garza-Mora_ivan-eroles-scaled.jpg'><img loading=\"lazy\" decoding=\"async\" width=\"150\" height=\"150\" src=\"https:\/\/exactas.uba.ar\/reservaecologica-cu\/wp-content\/uploads\/2026\/03\/Garza-Mora_ivan-eroles-150x150.jpg\" class=\"attachment-thumbnail size-thumbnail\" alt=\"Garza Mora\" aria-describedby=\"gallery-1-481\" \/><\/a>\n\t\t\t<\/dt>\n\t\t\t\t<dd class='wp-caption-text gallery-caption' id='gallery-1-481'>\n\t\t\t\tGarza Mora\n\t\t\t\t<\/dd><\/dl><dl class='gallery-item'>\n\t\t\t<dt class='gallery-icon landscape'>\n\t\t\t\t<a href='https:\/\/exactas.uba.ar\/reservaecologica-cu\/wp-content\/uploads\/2026\/03\/gavilan-mixto_ivan-eroles-scaled.jpg'><img loading=\"lazy\" decoding=\"async\" width=\"150\" height=\"150\" src=\"https:\/\/exactas.uba.ar\/reservaecologica-cu\/wp-content\/uploads\/2026\/03\/gavilan-mixto_ivan-eroles-150x150.jpg\" class=\"attachment-thumbnail size-thumbnail\" alt=\"Gavil\u00e1n Mixto\" aria-describedby=\"gallery-1-482\" \/><\/a>\n\t\t\t<\/dt>\n\t\t\t\t<dd class='wp-caption-text gallery-caption' id='gallery-1-482'>\n\t\t\t\tGavil\u00e1n Mixto\n\t\t\t\t<\/dd><\/dl><dl class='gallery-item'>\n\t\t\t<dt class='gallery-icon landscape'>\n\t\t\t\t<a href='https:\/\/exactas.uba.ar\/reservaecologica-cu\/wp-content\/uploads\/2026\/03\/martin-pescador-chico_ivan-eroles-scaled.jpg'><img loading=\"lazy\" decoding=\"async\" width=\"150\" height=\"150\" src=\"https:\/\/exactas.uba.ar\/reservaecologica-cu\/wp-content\/uploads\/2026\/03\/martin-pescador-chico_ivan-eroles-150x150.jpg\" class=\"attachment-thumbnail size-thumbnail\" alt=\"Martin pescador chico\" aria-describedby=\"gallery-1-483\" \/><\/a>\n\t\t\t<\/dt>\n\t\t\t\t<dd class='wp-caption-text gallery-caption' id='gallery-1-483'>\n\t\t\t\tMartin pescador chico\n\t\t\t\t<\/dd><\/dl><dl class='gallery-item'>\n\t\t\t<dt class='gallery-icon landscape'>\n\t\t\t\t<a href='https:\/\/exactas.uba.ar\/reservaecologica-cu\/wp-content\/uploads\/2026\/03\/pato-barcino_ivan-eroles-scaled.jpg'><img loading=\"lazy\" decoding=\"async\" width=\"150\" height=\"150\" src=\"https:\/\/exactas.uba.ar\/reservaecologica-cu\/wp-content\/uploads\/2026\/03\/pato-barcino_ivan-eroles-150x150.jpg\" class=\"attachment-thumbnail size-thumbnail\" alt=\"Pato Barcino\" aria-describedby=\"gallery-1-484\" \/><\/a>\n\t\t\t<\/dt>\n\t\t\t\t<dd class='wp-caption-text gallery-caption' id='gallery-1-484'>\n\t\t\t\tPato Barcino\n\t\t\t\t<\/dd><\/dl><br style=\"clear: both\" \/><dl class='gallery-item'>\n\t\t\t<dt class='gallery-icon landscape'>\n\t\t\t\t<a href='https:\/\/exactas.uba.ar\/reservaecologica-cu\/wp-content\/uploads\/2026\/03\/pava-de-monte_ivan-eroles-scaled.jpg'><img loading=\"lazy\" decoding=\"async\" width=\"150\" height=\"150\" src=\"https:\/\/exactas.uba.ar\/reservaecologica-cu\/wp-content\/uploads\/2026\/03\/pava-de-monte_ivan-eroles-150x150.jpg\" class=\"attachment-thumbnail size-thumbnail\" alt=\"Pava de Monte Ribere\u00f1a\" aria-describedby=\"gallery-1-485\" \/><\/a>\n\t\t\t<\/dt>\n\t\t\t\t<dd class='wp-caption-text gallery-caption' id='gallery-1-485'>\n\t\t\t\tPava de Monte Ribere\u00f1a\n\t\t\t\t<\/dd><\/dl><dl class='gallery-item'>\n\t\t\t<dt class='gallery-icon landscape'>\n\t\t\t\t<a href='https:\/\/exactas.uba.ar\/reservaecologica-cu\/wp-content\/uploads\/2026\/03\/tacuarita-azul_ivan-eroles.jpg'><img loading=\"lazy\" decoding=\"async\" width=\"150\" height=\"150\" src=\"https:\/\/exactas.uba.ar\/reservaecologica-cu\/wp-content\/uploads\/2026\/03\/tacuarita-azul_ivan-eroles-150x150.jpg\" class=\"attachment-thumbnail size-thumbnail\" alt=\"Tacuarita Azul\" aria-describedby=\"gallery-1-486\" \/><\/a>\n\t\t\t<\/dt>\n\t\t\t\t<dd class='wp-caption-text gallery-caption' id='gallery-1-486'>\n\t\t\t\tTacuarita Azul\n\t\t\t\t<\/dd><\/dl>\n\t\t\t<br style='clear: both' \/>\n\t\t<\/div>\n\n","protected":false},"excerpt":{"rendered":"La RECUCN es hogar de much\u00edsimas especies de aves. En su historia se han registrado m\u00e1s de 270 especies, lo cual representa un 25% de todas las que se pueden observar en el territorio argentino\u2026 En tan solo 20 hect\u00e1reas! El Club de Observadores de Aves (COA) de la reserva (COA RECUCN) realiza relevamientos y&#8230; <a class=\"view-article\" href=\"https:\/\/exactas.uba.ar\/reservaecologica-cu\/biodiversidad\/aves\/\">LEER +<\/a>","protected":false},"author":1,"featured_media":0,"parent":93,"menu_order":20,"comment_status":"closed","ping_status":"closed","template":"","meta":{"_acf_changed":false,"footnotes":""},"class_list":["post-473","page","type-page","status-publish","hentry"],"acf":[],"_links":{"self":[{"href":"https:\/\/exactas.uba.ar\/reservaecologica-cu\/wp-json\/wp\/v2\/pages\/473","targetHints":{"allow":["GET"]}}],"collection":[{"href":"https:\/\/exactas.uba.ar\/reservaecologica-cu\/wp-json\/wp\/v2\/pages"}],"about":[{"href":"https:\/\/exactas.uba.ar\/reservaecologica-cu\/wp-json\/wp\/v2\/types\/page"}],"author":[{"embeddable":true,"href":"https:\/\/exactas.uba.ar\/reservaecologica-cu\/wp-json\/wp\/v2\/users\/1"}],"replies":[{"embeddable":true,"href":"https:\/\/exactas.uba.ar\/reservaecologica-cu\/wp-json\/wp\/v2\/comments?post=473"}],"version-history":[{"count":3,"href":"https:\/\/exactas.uba.ar\/reservaecologica-cu\/wp-json\/wp\/v2\/pages\/473\/revisions"}],"predecessor-version":[{"id":487,"href":"https:\/\/exactas.uba.ar\/reservaecologica-cu\/wp-json\/wp\/v2\/pages\/473\/revisions\/487"}],"up":[{"embeddable":true,"href":"https:\/\/exactas.uba.ar\/reservaecologica-cu\/wp-json\/wp\/v2\/pages\/93"}],"wp:attachment":[{"href":"https:\/\/exactas.uba.ar\/reservaecologica-cu\/wp-json\/wp\/v2\/media?parent=473"}],"curies":[{"name":"wp","href":"https:\/\/api.w.org\/{rel}","templated":true}]}}