{"id":96,"date":"2021-05-03T15:24:29","date_gmt":"2021-05-03T15:24:29","guid":{"rendered":"https:\/\/exactas.uba.ar\/popularizacion\/?page_id=96"},"modified":"2026-03-05T21:06:05","modified_gmt":"2026-03-05T21:06:05","slug":"archivo-semanas-de-las-ciencias","status":"publish","type":"page","link":"https:\/\/exactas.uba.ar\/popularizacion\/semanas-de-las-ciencias\/archivo-semanas-de-las-ciencias\/","title":{"rendered":"Archivo Semanas de las Ciencias"},"content":{"rendered":"<h2>ARCHIVO SEMANAS 2025<\/h2>\n<p><strong>SEMANA DE LA QU\u00cdMICA Y DE LOS ALIMENTOS:<\/strong> 23, 24 y 25 de septiembre<\/p>\n<ul>\n<li><a href=\"https:\/\/exactas.uba.ar\/popularizacion\/wp-content\/uploads\/2025\/09\/Cronograma-QA2025.pdf\" target=\"_blank\" rel=\"noopener\">Cronograma<\/a><\/li>\n<li><a href=\"https:\/\/youtu.be\/3Qh6Ci7WG2E?si=MAdYFyCUnwpKMSkv\" target=\"_blank\" rel=\"noopener\">Video<\/a><\/li>\n<li><a href=\"https:\/\/exactas.uba.ar\/popularizacion\/wp-content\/uploads\/2025\/09\/Resumen-actividades-SQA-2025.pdf\">Resumen de actividades<\/a><\/li>\n<\/ul>\n<p><strong>SEMANA DE LA COMPUTACI\u00d3N Y DE LAS CIENCIAS DE DATOS: <\/strong>15, 16 y 17 de julio<\/p>\n<ul>\n<li><a href=\"https:\/\/exactas.uba.ar\/popularizacion\/wp-content\/uploads\/2025\/07\/Cronograma-CompuDatos2025.pdf\">Cronograma<\/a><\/li>\n<li><a href=\"https:\/\/youtu.be\/BfmygI7IYPM?si=FJbkWJFp_QZOC8IF\">Video<\/a><\/li>\n<li><a href=\"https:\/\/exactas.uba.ar\/popularizacion\/wp-content\/uploads\/2025\/07\/Resumenes-actividades-CompuDatos.pdf\">Resumen de actividades<\/a><\/li>\n<\/ul>\n<p><strong>SEMANA DE LA BIOLOG\u00cdA:<\/strong> 12, 13 y 14 de agosto<\/p>\n<ul>\n<li><a href=\"https:\/\/exactas.uba.ar\/popularizacion\/wp-content\/uploads\/2025\/08\/Cronograma-SB2025.pdf\">Cronograma<\/a><\/li>\n<li><a href=\"https:\/\/youtu.be\/SDJ4ANhXuWg?si=vpEHENYGF8G3EL18\">Video<\/a><\/li>\n<li><a href=\"https:\/\/exactas.uba.ar\/popularizacion\/wp-content\/uploads\/2025\/08\/Resumen-de-actividades-Semana-de-la-Biologia-1.pdf\">Resumen de actividades<\/a><\/li>\n<\/ul>\n<p><strong>SEMANA DE LA ENSE\u00d1ANZA DE LAS CIENCIAS + ENCUENTRO INTERNACIONAL DE PROFESORADOS:<\/strong> 12, 13 y 14 de noviembre<\/p>\n<ul>\n<li><a href=\"https:\/\/exactas.uba.ar\/popularizacion\/wp-content\/uploads\/2025\/11\/Cronograma-SEEncuentro2025.pdf\" target=\"_blank\" rel=\"noopener\">Cronograma<\/a><\/li>\n<li><a href=\"https:\/\/www.youtube.com\/playlist?list=PL0CgMPgsgatXFljcsMmpsF0NWnGdKT1YD\" target=\"_blank\" rel=\"noopener\">Video<\/a><\/li>\n<li><a href=\"https:\/\/exactas.uba.ar\/popularizacion\/wp-content\/uploads\/2025\/10\/Cuarta-Circular.pdf\">Cuarta circular<\/a><\/li>\n<li><a href=\"https:\/\/exactas.uba.ar\/popularizacion\/wp-content\/uploads\/2025\/09\/Resumen-de-actividades-Semana-Ensenanza-Encuentro.pdf\">Resumen de actividades<\/a><\/li>\n<\/ul>\n<p><strong>SEMANA DE LA F\u00cdSICA:<\/strong> 24, 25 y 26 de junio<\/p>\n<ul>\n<li><a href=\"https:\/\/exactas.uba.ar\/popularizacion\/wp-content\/uploads\/2025\/06\/Cronograma-SF2025.pdf\" target=\"_blank\" rel=\"noopener\">Cronograma<\/a><\/li>\n<li><a href=\"https:\/\/youtu.be\/ehhnyaSnzyc?si=gHROEwH5Hyq9sBQN\" target=\"_blank\" rel=\"noopener\">Video<\/a><\/li>\n<li><a href=\"https:\/\/exactas.uba.ar\/popularizacion\/wp-content\/uploads\/2025\/06\/Detalle-de-actividades-Semana-de-la-Fisica-2025-1.pdf\" target=\"_blank\" rel=\"noopener\">Resumen de actividades<\/a><\/li>\n<\/ul>\n<p><strong>SEMANA DE LAS CIENCIAS DE LA TIERRA:<\/strong> 27, 28 y 29 de mayo<\/p>\n<ul>\n<li><a href=\"https:\/\/exactas.uba.ar\/popularizacion\/wp-content\/uploads\/2025\/06\/Cronograma-ST2025.pdf\" target=\"_blank\" rel=\"noopener\">Cronograma<\/a><\/li>\n<li><a href=\"https:\/\/youtu.be\/UmCPvBlMCPI?si=GXZSq3_78LSFNqxB\" target=\"_blank\" rel=\"noopener\">Video<\/a><\/li>\n<li><a href=\"https:\/\/exactas.uba.ar\/popularizacion\/wp-content\/uploads\/2025\/05\/Detalle-de-actividades-Semana-de-las-Ciencias-de-la-Tierra-2025-3.pdf\">Res\u00famenes de actividades<\/a><\/li>\n<\/ul>\n<p><strong>SEMANA DE LA MATEM\u00c1TICA Y DE LAS CIENCIAS DE DATOS:<\/strong> 22, 23 y 24 de abril<\/p>\n<ul>\n<li><a href=\"https:\/\/exactas.uba.ar\/popularizacion\/wp-content\/uploads\/2025\/04\/Cronograma-SM2025.pdf\" target=\"_blank\" rel=\"noopener\">Cronograma<\/a><\/li>\n<li><a href=\"https:\/\/youtu.be\/Inmo1156rRw?si=ZRKrU_CmCwpYs_V1\" target=\"_blank\" rel=\"noopener\">Video<\/a><\/li>\n<li><a href=\"https:\/\/exactas.uba.ar\/popularizacion\/wp-content\/uploads\/2025\/04\/Resumenes-SMD-2025.pdf\">Res\u00famenes de actividades<\/a><\/li>\n<\/ul>\n<p><strong>SEMANA DE LA BIOTECNOLOG\u00cdA:<\/strong> 17 y 18 de noviembre<\/p>\n<ul>\n<li><a href=\"https:\/\/exactas.uba.ar\/popularizacion\/wp-content\/uploads\/2025\/11\/Cronograma-SBT2025.pdf\" target=\"_blank\" rel=\"noopener\">Cronograma<\/a><\/li>\n<\/ul>\n<h2>ARCHIVO SEMANAS 2024<\/h2>\n<p><strong>SEMANA DE LA QU\u00cdMICA:<\/strong> 24 y 25 de septiembre<\/p>\n<ul>\n<li><a href=\"https:\/\/exactas.uba.ar\/popularizacion\/wp-content\/uploads\/2024\/10\/Cronograma-CARTEL-90x60-SQ-2024.pdf\" target=\"_blank\" rel=\"noopener\">Cronograma<\/a><\/li>\n<li><a href=\"https:\/\/www.youtube.com\/playlist?list=PL0CgMPgsgatWeHHiLyqcbPVPJi6Bku-gN\" target=\"_blank\" rel=\"noopener\">Videos<\/a><\/li>\n<\/ul>\n<p><strong>SEMANA DE LA COMPUTACI\u00d3N Y DE LAS CIENCIAS DE DATOS: <\/strong>10 y 12 de septiembre<\/p>\n<ul>\n<li><a href=\"https:\/\/exactas.uba.ar\/popularizacion\/wp-content\/uploads\/2024\/09\/Cronograma-CARTEL-90x60-SemanaCompuDatos-2024.pdf\">Cronograma<\/a><\/li>\n<li><a href=\"https:\/\/youtube.com\/playlist?list=PL0CgMPgsgatWnFHb47j9-6-oyFMGw-Ju-&amp;feature=shared\">Videos<\/a><\/li>\n<\/ul>\n<p><strong>SEMANA DE LA BIOLOG\u00cdA:<\/strong> 6, 7 y 8 de agosto<\/p>\n<ul>\n<li><a href=\"https:\/\/exactas.uba.ar\/popularizacion\/wp-content\/uploads\/2024\/08\/Cronograma-CARTEL-90x60-SB-2024.pdf\">Cronograma<\/a><\/li>\n<li><a href=\"https:\/\/youtube.com\/playlist?list=PL0CgMPgsgatXZoyG9tzcHkO1Yx2S4rrsh&amp;feature=shared\">Videos<\/a><\/li>\n<\/ul>\n<p><strong>SEMANA DE LA ENSE\u00d1ANZA DE LAS CIENCIAS:<\/strong> 10, 11 y 12 de julio<\/p>\n<ul>\n<li><a href=\"https:\/\/exactas.uba.ar\/popularizacion\/wp-content\/uploads\/2024\/07\/Cronograma-CARTEL-90x60-SE-2024.pdf\" target=\"_blank\" rel=\"noopener\">Cronograma<\/a><\/li>\n<li><a href=\"https:\/\/www.youtube.com\/playlist?list=PL0CgMPgsgatXFljcsMmpsF0NWnGdKT1YD\" target=\"_blank\" rel=\"noopener\">Videos<\/a><\/li>\n<\/ul>\n<p><strong>SEMANA DE LA F\u00cdSICA:<\/strong> 25, 26 y 27 de junio<\/p>\n<ul>\n<li><a href=\"https:\/\/exactas.uba.ar\/popularizacion\/wp-content\/uploads\/2024\/06\/Cronograma-CARTEL-90x60-SF-2024.pdf\" target=\"_blank\" rel=\"noopener\">Cronograma<\/a><\/li>\n<li><a href=\"https:\/\/www.youtube.com\/playlist?list=PL0CgMPgsgatXH7rFMgy8yCZ-eJkQEehcE\" target=\"_blank\" rel=\"noopener\">Videos<\/a><\/li>\n<\/ul>\n<p><strong>SEMANA DE LAS CIENCIAS DE LA TIERRA:<\/strong> 28, 29 y 30 de mayo<\/p>\n<ul>\n<li><a href=\"https:\/\/exactas.uba.ar\/popularizacion\/wp-content\/uploads\/2024\/05\/Cronograma-CARTEL-90x60-ST-2024.pdf\" target=\"_blank\" rel=\"noopener\">Cronograma<\/a><\/li>\n<li><a href=\"https:\/\/www.youtube.com\/playlist?list=PL0CgMPgsgatUzH4bFxptt05cGSbc15-bo\" target=\"_blank\" rel=\"noopener\">Videos<\/a><\/li>\n<\/ul>\n<p><strong>SEMANA DE LA MATEM\u00c1TICA Y DE LAS CIENCIAS DE DATOS:<\/strong> 24 y 25 de abril<\/p>\n<ul>\n<li><a href=\"https:\/\/exactas.uba.ar\/popularizacion\/wp-content\/uploads\/2024\/04\/Cronograma-CARTEL-90x60-SemanaMateDatos-2024.pdf\" target=\"_blank\" rel=\"noopener\">Cronograma<\/a><\/li>\n<li><a href=\"https:\/\/youtube.com\/playlist?list=PL0CgMPgsgatVrzXC1nABZ08xBTEIn68ua&amp;feature=shared\" target=\"_blank\" rel=\"noopener\">Videos<\/a><\/li>\n<\/ul>\n<hr \/>\n<h2>ARCHIVO SEMANAS 2023<\/h2>\n<p><strong>SEMANA DE LA QU\u00cdMICA:<\/strong> 24, 25 y 26 de octubre<\/p>\n<ul>\n<li><a href=\"https:\/\/youtube.com\/playlist?list=PL0CgMPgsgatUpvEJD9W4TQsHw_sOta669&amp;si=BiVYnGNyYwlXqt7c\">Videos<\/a><\/li>\n<li><a href=\"https:\/\/exactas.uba.ar\/popularizacion\/wp-content\/uploads\/2023\/10\/Cronograma-CARTEL-90x60-SQ-2023.pdf\">Cronograma<\/a><\/li>\n<\/ul>\n<p><strong>SEMANA DE LA COMPUTACI\u00d3N Y DE LAS CIENCIAS DE DATOS:\u00a0<\/strong>5, 6 y 7 de septiembre<\/p>\n<ul>\n<li><a href=\"https:\/\/youtube.com\/playlist?list=PL0CgMPgsgatXl2iHXYftDJDzVUrQNFJBL&amp;si=sx9hsaXG41mfA8sF\">Videos<\/a><\/li>\n<li><a href=\"https:\/\/exactas.uba.ar\/popularizacion\/wp-content\/uploads\/2023\/09\/Cronograma-CARTEL-90x60-SCyD-2023-04.pdf\">Cronograma<\/a><\/li>\n<\/ul>\n<p><strong>SEMANA DE LA BIOLOG\u00cdA:<\/strong> 8, 9 y 10 de agosto<\/p>\n<ul>\n<li><a href=\"https:\/\/www.youtube.com\/playlist?list=PL0CgMPgsgatUx3pAJ5dSl315Fa_oq0--H\">Videos<\/a><\/li>\n<li><a href=\"https:\/\/exactas.uba.ar\/popularizacion\/wp-content\/uploads\/2023\/08\/Cronograma-CARTEL-90x60-SB-2023-01-1.pdf\">Cronograma<\/a><\/li>\n<\/ul>\n<p><strong>SEMANA DE LA ENSE\u00d1ANZA DE LAS CIENCIAS:<\/strong> 11, 12 y 13 de julio<\/p>\n<ul>\n<li><a href=\"https:\/\/youtube.com\/playlist?list=PL0CgMPgsgatVEgz1sOqdi8tzHU4C7oan5\">Videos<\/a><\/li>\n<li><a href=\"https:\/\/exactas.uba.ar\/popularizacion\/wp-content\/uploads\/2023\/07\/Cronograma-CARTEL-90x60-SE-2023-01-2-1.pdf\">Cronograma<\/a><\/li>\n<\/ul>\n<p><strong>SEMANA DE LA F\u00cdSICA:<\/strong> 21, 22 y 23 de junio<\/p>\n<ul>\n<li><a href=\"https:\/\/youtube.com\/playlist?list=PL0CgMPgsgatVpRmGGXZDlN2zOy-yEpzDR\">Videos<\/a><\/li>\n<li><a href=\"https:\/\/exactas.uba.ar\/popularizacion\/wp-content\/uploads\/2023\/06\/Cronograma-CARTEL-90x60-SF-2023-02.pdf\">Cronograma<\/a><\/li>\n<\/ul>\n<p><strong>SEMANA DE LAS CIENCIAS DE LA TIERRA:<\/strong> 30 y 31 de mayo y 1 de junio<\/p>\n<ul>\n<li><a href=\"https:\/\/youtube.com\/playlist?list=PL0CgMPgsgatWucmCnV9f4IKsu2vQ0pLhl\">Videos<\/a><\/li>\n<li><a href=\"https:\/\/exactas.uba.ar\/popularizacion\/wp-content\/uploads\/2023\/06\/Cronograma-CARTEL-90x60-ST-2023.pdf\">Cronograma<\/a><\/li>\n<\/ul>\n<p><strong>SEMANA DE LA MATEM\u00c1TICA:<\/strong> 25, 26 y 27 de abril<\/p>\n<ul>\n<li><a href=\"https:\/\/youtube.com\/playlist?list=PL0CgMPgsgatV-cvXYJARR9nmj4V7UIaGs\">Videos<\/a><\/li>\n<li><a href=\"https:\/\/exactas.uba.ar\/popularizacion\/wp-content\/uploads\/2023\/04\/Cronograma-CARTEL-90x60-SMyD-2023.pdf\">Cronograma<\/a><\/li>\n<\/ul>\n<hr \/>\n<h2>ARCHIVO SEMANAS 2022<\/h2>\n<p><strong>SEMANA DE LA COMPUTACI\u00d3N Y DE LAS CIENCIAS DE DATOS:\u00a0<\/strong>4, 5 y 6 de octubre<\/p>\n<ul>\n<li><a href=\"https:\/\/youtube.com\/playlist?list=PL0CgMPgsgatX7RDrX6Cx0mBjvSwcqgnAp\" target=\"_blank\" rel=\"noopener\">Videos<\/a><\/li>\n<li><a href=\"https:\/\/exactas.uba.ar\/popularizacion\/wp-content\/uploads\/2022\/10\/Cronograma-SC-2022.pdf\" target=\"_blank\" rel=\"noopener\">Cronograma<\/a><\/li>\n<\/ul>\n<p><strong>SEMANA DE LA QU\u00cdMICA:<\/strong> 6, 7 y 8 de septiembre<\/p>\n<ul>\n<li><a href=\"https:\/\/youtube.com\/playlist?list=PL0CgMPgsgatUSLJbSLQ_EsW8R5iZuh8U1\">Videos<\/a><\/li>\n<li><a href=\"https:\/\/exactas.uba.ar\/popularizacion\/wp-content\/uploads\/2022\/09\/Cronograma-SQ-2022.pdf\">Cronograma<\/a><\/li>\n<\/ul>\n<p><strong>SEMANA DE LA BIOLOG\u00cdA:<\/strong> 9, 10 y 11 de agosto<\/p>\n<ul>\n<li><a href=\"https:\/\/youtube.com\/playlist?list=PL0CgMPgsgatWrqXutG0BKUCDm1OKlwJyd\">Videos<\/a><\/li>\n<li><a href=\"https:\/\/exactas.uba.ar\/popularizacion\/wp-content\/uploads\/2022\/08\/Cronograma-SB-2022.pdf\">Cronograma<\/a><\/li>\n<\/ul>\n<p><strong>SEMANA DE LA ENSE\u00d1ANZA DE LAS CIENCIAS:<\/strong> 12, 13 y 14 de julio<\/p>\n<ul>\n<li><a href=\"https:\/\/youtube.com\/playlist?list=PL0CgMPgsgatXNsc3bK-LhRYmALWm5DVvG\">Videos<\/a><\/li>\n<li><a href=\"https:\/\/exactas.uba.ar\/popularizacion\/wp-content\/uploads\/2022\/07\/Cronograma-Ensenanza-2022.pdf\">Cronograma<\/a><\/li>\n<\/ul>\n<p><strong>SEMANA DE LA F\u00cdSICA:<\/strong> 28, 29 y 30 de junio<\/p>\n<ul>\n<li><a href=\"https:\/\/youtube.com\/playlist?list=PL0CgMPgsgatV5fu5qdfc8x1b-aG-KmAjR\">Videos<\/a><\/li>\n<li><a href=\"https:\/\/exactas.uba.ar\/popularizacion\/wp-content\/uploads\/2022\/07\/Cronograma-SF-2022.pdf\">Cronograma<\/a><\/li>\n<\/ul>\n<p><strong>SEMANA DE LAS CIENCIAS DE LA TIERRA:<\/strong> 31 de mayo, 1 y 2 de junio<\/p>\n<ul>\n<li><a href=\"https:\/\/youtube.com\/playlist?list=PL0CgMPgsgatVFVZegnwPwc_HKy5OAMvud\">Videos<\/a><\/li>\n<li><a href=\"https:\/\/exactas.uba.ar\/popularizacion\/wp-content\/uploads\/2022\/07\/Cronograma-ST-2022.pdf\">Cronograma<\/a><\/li>\n<\/ul>\n<p><strong>SEMANA DE LA MATEM\u00c1TICA:<\/strong> 26, 27, 28 y 29 de abril<\/p>\n<ul>\n<li><a href=\"https:\/\/youtube.com\/playlist?list=PL0CgMPgsgatWx0I7PNqa-JwbsR9zwpXSu\">Videos<\/a><\/li>\n<li><a href=\"https:\/\/exactas.uba.ar\/popularizacion\/wp-content\/uploads\/2022\/07\/Cronograma-SM-2022.pdf\">Cronograma<\/a><\/li>\n<\/ul>\n<hr \/>\n<h2>ARCHIVO SEMANAS 2021 (virtual)<\/h2>\n<p><strong>SEMANA DE LAS CIENCIAS DE DATOS:<\/strong> 26, 27 y 28 de octubre<\/p>\n<ul>\n<li><a href=\"https:\/\/youtube.com\/playlist?list=PL0CgMPgsgatX5rXQyJfyDRhyvIQRe0tmI\"><span style=\"font-weight: 400;\">Videos y charlas<\/span><\/a><span style=\"font-weight: 400;\">\u00a0<\/span><\/li>\n<\/ul>\n<p><strong>SEMANA DE LA QU\u00cdMICA:<\/strong> 28, 29 y 30 de septiembre<\/p>\n<ul>\n<li><a href=\"https:\/\/youtube.com\/playlist?list=PL0CgMPgsgatU_gCnNuQgZpXTfOh1HrgW7\" target=\"_blank\" rel=\"noopener\">Videos y charlas<\/a><\/li>\n<li><a href=\"https:\/\/exactas.uba.ar\/popularizacion\/wp-content\/uploads\/2021\/09\/RECURSERO-_QUIMICA-2021.pdf\" target=\"_blank\" rel=\"noopener\">Recursero con material did\u00e1ctico<\/a><\/li>\n<\/ul>\n<p><strong>SEMANA DE LA COMPUTACI\u00d3N:<\/strong> 31 de agosto, 1 y 2 de septiembre<\/p>\n<ul>\n<li><a href=\"https:\/\/youtube.com\/playlist?list=PL0CgMPgsgatUOVsqqmrQhs_j1KdtkR2up\" target=\"_blank\" rel=\"noopener\">Videos y charlas<\/a><\/li>\n<li><a href=\"https:\/\/exactas.uba.ar\/popularizacion\/wp-content\/uploads\/2021\/08\/RECURSERO-_COMPUTACION-2021.pdf\" target=\"_blank\" rel=\"noopener\">Recursero con material did\u00e1ctico<\/a><\/li>\n<\/ul>\n<p><strong>SEMANA DE LA BIOLOG\u00cdA:<\/strong> 10, 11 y 12 de agosto<\/p>\n<ul>\n<li><a href=\"https:\/\/youtube.com\/playlist?list=PL0CgMPgsgatXFz5t9LUgZOFeATL-SoVFh\" target=\"_blank\" rel=\"noopener\">Videos y charlas<\/a><\/li>\n<li><a href=\"https:\/\/exactas.uba.ar\/popularizacion\/wp-content\/uploads\/2021\/08\/RECURSERO-_BIOLOGIA-2021.pdf\" target=\"_blank\" rel=\"noopener\">Recursero con material did\u00e1ctico<\/a><\/li>\n<\/ul>\n<p><strong>SEMANA DE LA ENSE\u00d1ANZA DE LAS CIENCIAS:<\/strong> 13, 14 y 15 de julio<\/p>\n<ul>\n<li><a href=\"https:\/\/youtube.com\/playlist?list=PL0CgMPgsgatWzrGbzYwPvsRkMuGEcgeCT\" target=\"_blank\" rel=\"noopener\">Videos y charlas<\/a><\/li>\n<li><a href=\"https:\/\/exactas.uba.ar\/popularizacion\/wp-content\/uploads\/2021\/06\/RECURSERO-_ENSENANZA-DE-LAS-CIENCIAS-2021.pdf\" target=\"_blank\" rel=\"noopener\">Recursero con material did\u00e1ctico<\/a><\/li>\n<\/ul>\n<p><strong>SEMANA DE LA F\u00cdSICA:<\/strong> 22, 23 y 24 de junio<\/p>\n<ul>\n<li><a href=\"https:\/\/youtube.com\/playlist?list=PL0CgMPgsgatW_ZzbA0U8xMW6KPfY_z3kM\">Videos y charlas<\/a><\/li>\n<li><a href=\"https:\/\/exactas.uba.ar\/popularizacion\/wp-content\/uploads\/2021\/06\/RECURSERO-_FISICA-2021.pdf\">Recursero con material did\u00e1ctico<\/a><\/li>\n<\/ul>\n<p><strong>SEMANA DE LAS CIENCIAS DE LA TIERRA:<\/strong> 1, 2 y 3 de junio<\/p>\n<ul>\n<li><a href=\"https:\/\/youtube.com\/playlist?list=PL0CgMPgsgatWNiyMKMQzLrOwx-WUNYE3B\" target=\"_blank\" rel=\"noopener\">Videos y charlas<\/a><\/li>\n<li><a href=\"https:\/\/exactas.uba.ar\/wp-content\/uploads\/2021\/05\/RECURSERO-_Ciencias-de-la-TIERRA-2021.pdf\" target=\"_blank\" rel=\"noopener\">Recursero con material did\u00e1ctico<\/a><\/li>\n<\/ul>\n<p><strong>SEMANA DE LA MATEM\u00c1TICA:<\/strong> 27, 29 y 29 de abril<\/p>\n<ul>\n<li><a href=\"https:\/\/youtube.com\/playlist?list=PL0CgMPgsgatXIAyV0HVnLcga1RZ-2RVmV\">Videos y charlas<\/a><\/li>\n<li><a href=\"https:\/\/exactas.uba.ar\/wp-content\/uploads\/2021\/04\/RECURSERO-_MATEMATICA-2021.pdf\">Recursero con material did\u00e1ctico<\/a><\/li>\n<\/ul>\n<hr \/>\n<h2>ARCHIVO SEMANAS 2020 (virtual)<\/h2>\n<p><a href=\"https:\/\/www.youtube.com\/c\/PopExactasUBAOficial\/playlists\">Videos del canal de YouTube Popularizaci\u00f3n Exactas UBA<\/a><\/p>\n<hr \/>\n<h2>ARCHIVO SEMANAS 2019<\/h2>\n<p><strong>SEMANA DE LA QU\u00cdMICA<\/strong>: 24, 25 y 26 de septiembre<\/p>\n<ul>\n<li><a href=\"https:\/\/exactas.uba.ar\/wp-content\/uploads\/2019\/08\/Cartel-Inscripcion-Docente-Semana-de-la-Quimica-2019-3.pdf\">Cronograma<\/a><\/li>\n<li><a href=\"https:\/\/exactas.uba.ar\/wp-content\/uploads\/2019\/08\/Detalle-de-actividades-Semana-de-la-Quimica-2019-2.pdf\">Detalle de actividades<\/a><\/li>\n<\/ul>\n<p><strong>SEMANA DE LA COMPUTACI\u00d3N<\/strong>: 10, 11 y 12 de septiembre<\/p>\n<ul>\n<li><a href=\"https:\/\/exactas.uba.ar\/wp-content\/uploads\/2019\/08\/Cartel-Inscripcion-Docente-Semana-de-la-Computacion-2019-1.pdf\">Cronograma<\/a><\/li>\n<li><a href=\"https:\/\/exactas.uba.ar\/wp-content\/uploads\/2019\/08\/Detalle-de-actividades-Semana-de-la-Computaci%C3%B3n-2019-1.pdf\">Detalle de actividades<\/a><\/li>\n<\/ul>\n<p><strong>SEMANA DE LA BIOLOG\u00cdA<\/strong>: 8 y 9 de agosto<\/p>\n<ul>\n<li><a href=\"https:\/\/exactas.uba.ar\/wp-content\/uploads\/2019\/06\/Cartel-Inscripcion-Docente-Semana-de-la-Biologia-2019-1.pdf\">Cronograma<\/a><\/li>\n<li><a href=\"https:\/\/exactas.uba.ar\/wp-content\/uploads\/2019\/07\/Detalle-Semana-de-la-Biolog%C3%ADa2019.pdf\">Detalle de actividades<\/a><\/li>\n<\/ul>\n<p><strong>SEMANA DE LA ENSE\u00d1ANZA DE LAS CIENCIAS<\/strong>: 10, 11 y 12 de julio<\/p>\n<ul>\n<li><a href=\"https:\/\/exactas.uba.ar\/wp-content\/uploads\/2019\/07\/Cartel-Inscripcion-Docente-Semana-de-la-Ense%C3%B1anza-de-las-Ciencias-2019.pdf\">Cronograma<\/a><\/li>\n<li><a href=\"https:\/\/exactas.uba.ar\/wp-content\/uploads\/2019\/06\/Detalle-de-actividades-2019-Semana-de-la-Ense%C3%B1anza-1.pdf\">Detalle de actividades<\/a><\/li>\n<\/ul>\n<p><strong>SEMANA DE LA F\u00cdSICA<\/strong>: 25, 26 y 27 de junio<\/p>\n<ul>\n<li><a href=\"https:\/\/exactas.uba.ar\/wp-content\/uploads\/2019\/05\/Cartel-Inscripcion-Docente-Semana-de-la-Fisica-2019.pdf\">Cronograma<\/a><\/li>\n<li><a href=\"https:\/\/exactas.uba.ar\/wp-content\/uploads\/2019\/05\/SEMANA-FISICA_DetalleActividades2019.pdf\">Detalle de actividades<\/a><\/li>\n<\/ul>\n<p><strong>SEMANA DE LAS CIENCIAS DE LA TIERRA<\/strong>: 28 y 30 de mayo (29 de mayo cancelado por paro general)<\/p>\n<ul>\n<li><a href=\"https:\/\/exactas.uba.ar\/wp-content\/uploads\/2019\/04\/Cartel-Inscripcion-Docente-Semana-de-las-Ciencias-de-la-Tierra-2019.pdf\">Cronograma<\/a><\/li>\n<li><a href=\"https:\/\/exactas.uba.ar\/wp-content\/uploads\/2019\/04\/CRONOGRAMA-COMPLETO-ACTIVIDADES-CS-DE-LA-TIERRA-2019.pdf\">Detalle de actividades<\/a><\/li>\n<\/ul>\n<p><strong>SEMANA DE LA MATEM\u00c1TICA<\/strong>: 23 al 25 de abril<\/p>\n<ul>\n<li><a href=\"https:\/\/exactas.uba.ar\/wp-content\/uploads\/2019\/03\/Cartel-Inscripcion-Docente-Semana-de-la-Matematica-2019.pdf\">Cronograma<\/a><\/li>\n<li><a href=\"https:\/\/exactas.uba.ar\/wp-content\/uploads\/2019\/03\/MATEMATICA_Detalle-de-actividades-2019-2.pdf\">Detalle de actividades<\/a><\/li>\n<\/ul>\n<hr \/>\n<h2>ARCHIVO SEMANAS 2018<\/h2>\n<p><strong>SEMANA DE LA MATEM\u00c1TICA<\/strong>: 24, 25 y 26 de abril<\/p>\n<ul>\n<li><a href=\"https:\/\/exactas.uba.ar\/wp-content\/uploads\/2018\/03\/Cartel-Inscripcion-Docente-Semana-de-la-Matematica-2018.pdf\">Cronograma<\/a><\/li>\n<\/ul>\n<p><strong>SEMANA DE LAS CIENCIAS DE LA TIERRA<\/strong>: 29, 30 y 31 de mayo<\/p>\n<ul>\n<li><a href=\"https:\/\/exactas.uba.ar\/wp-content\/uploads\/2018\/04\/Cartel-Inscripcion-Docente-Semana-de-las-Cs-de-la-Tierra-2018.pdf\">Cronograma<\/a><\/li>\n<\/ul>\n<p><strong>SEMANA DE LA COMPUTACI\u00d3N<\/strong>: 12, 13 y 14 de junio<\/p>\n<ul>\n<li><a href=\"https:\/\/exactas.uba.ar\/wp-content\/uploads\/2018\/06\/Cartel-Inscripcion-Docente-Semana-de-la-Computacion-2018.pdf\">Cronograma<\/a><\/li>\n<\/ul>\n<p><strong>SEMANA DE LA ENSE\u00d1ANZA DE LAS CIENCIAS<\/strong>: 10, 11 y 12 de julio<\/p>\n<ul>\n<li><a href=\"https:\/\/exactas.uba.ar\/wp-content\/uploads\/2018\/05\/Cartel-Inscripcion-Docente-Semana-de-la-Ense%C3%B1anza-de-las-Ciencias-2018.pdf\">Cronograma<\/a><\/li>\n<\/ul>\n<p><strong>SEMANA DE LA BIOLOG\u00cdA<\/strong>: 8, 9 y 10 de agosto<\/p>\n<ul>\n<li><a href=\"https:\/\/exactas.uba.ar\/wp-content\/uploads\/2018\/07\/Cartel-Inscripcion-Docente-Semana-de-la-Biolog%C3%ADa-2018-1.pdf\">Cronograma<\/a><\/li>\n<\/ul>\n<p><strong>SEMANA DE LA F\u00cdSICA<\/strong>: 28, 29 y 30 de agosto<\/p>\n<ul>\n<li><a href=\"https:\/\/exactas.uba.ar\/wp-content\/uploads\/2018\/07\/Cartel-Inscripcion-Docente-Semana-de-la-Fisica-2018.pdf\">Cronograma<\/a><\/li>\n<\/ul>\n<p><strong>SEMANA DE LA QU\u00cdMICA<\/strong>: 25, 26 y 27 de septiembre<\/p>\n<ul>\n<li><a href=\"https:\/\/exactas.uba.ar\/wp-content\/uploads\/2018\/08\/Cartel-Inscripcion-Docente-Semana-de-la-Quimica-2018.pdf\">Cronograma<\/a><\/li>\n<\/ul>\n","protected":false},"excerpt":{"rendered":"ARCHIVO SEMANAS 2025 SEMANA DE LA QU\u00cdMICA Y DE LOS ALIMENTOS: 23, 24 y 25 de septiembre Cronograma Video Resumen de actividades SEMANA DE LA COMPUTACI\u00d3N Y DE LAS CIENCIAS DE DATOS: 15, 16 y 17 de julio Cronograma Video Resumen de actividades SEMANA DE LA BIOLOG\u00cdA: 12, 13 y 14 de agosto Cronograma Video&#8230; <a class=\"view-article\" href=\"https:\/\/exactas.uba.ar\/popularizacion\/semanas-de-las-ciencias\/archivo-semanas-de-las-ciencias\/\">LEER +<\/a>","protected":false},"author":2,"featured_media":0,"parent":22,"menu_order":31,"comment_status":"closed","ping_status":"closed","template":"","meta":{"_acf_changed":false,"footnotes":""},"class_list":["post-96","page","type-page","status-publish","hentry"],"acf":[],"_links":{"self":[{"href":"https:\/\/exactas.uba.ar\/popularizacion\/wp-json\/wp\/v2\/pages\/96","targetHints":{"allow":["GET"]}}],"collection":[{"href":"https:\/\/exactas.uba.ar\/popularizacion\/wp-json\/wp\/v2\/pages"}],"about":[{"href":"https:\/\/exactas.uba.ar\/popularizacion\/wp-json\/wp\/v2\/types\/page"}],"author":[{"embeddable":true,"href":"https:\/\/exactas.uba.ar\/popularizacion\/wp-json\/wp\/v2\/users\/2"}],"replies":[{"embeddable":true,"href":"https:\/\/exactas.uba.ar\/popularizacion\/wp-json\/wp\/v2\/comments?post=96"}],"version-history":[{"count":13,"href":"https:\/\/exactas.uba.ar\/popularizacion\/wp-json\/wp\/v2\/pages\/96\/revisions"}],"predecessor-version":[{"id":1755,"href":"https:\/\/exactas.uba.ar\/popularizacion\/wp-json\/wp\/v2\/pages\/96\/revisions\/1755"}],"up":[{"embeddable":true,"href":"https:\/\/exactas.uba.ar\/popularizacion\/wp-json\/wp\/v2\/pages\/22"}],"wp:attachment":[{"href":"https:\/\/exactas.uba.ar\/popularizacion\/wp-json\/wp\/v2\/media?parent=96"}],"curies":[{"name":"wp","href":"https:\/\/api.w.org\/{rel}","templated":true}]}}