{"id":91,"date":"2021-05-03T15:08:53","date_gmt":"2021-05-03T15:08:53","guid":{"rendered":"https:\/\/exactas.uba.ar\/popularizacion\/?page_id=91"},"modified":"2026-04-06T18:09:18","modified_gmt":"2026-04-06T18:09:18","slug":"semanas-2026","status":"publish","type":"page","link":"https:\/\/exactas.uba.ar\/popularizacion\/semanas-de-las-ciencias\/semanas-2026\/","title":{"rendered":"Semanas de las Ciencias 2026"},"content":{"rendered":"<p>&nbsp;<\/p>\n<p><img loading=\"lazy\" decoding=\"async\" class=\"\" src=\"https:\/\/exactas.uba.ar\/popularizacion\/wp-content\/uploads\/2026\/03\/Banner-WEB-Calendario-Semanas-de-las-Ciencias-2026.jpg\" width=\"698\" height=\"283\" \/><\/p>\n<p>Las <strong>Semanas de las Ciencias<\/strong> son eventos de comunicaci\u00f3n p\u00fablica de las ciencias exactas y naturales destinados a <strong>escuelas secundarias<\/strong>, a excepci\u00f3n de la Semana de la Ense\u00f1anza de las Ciencias que tiene como p\u00fablico a docentes y estudiantes de profesorados de Ciencias Exactas y Naturales. El a\u00f1o pasado, las Semanas de las Ciencias cumplieron su <strong>25\u00ba aniversario. <\/strong><span style=\"font-weight: 400;\">Te invitamos a seguir la serie <a href=\"https:\/\/youtube.com\/playlist?list=PL0CgMPgsgatUkaumX2X9keQKASkq2JYPm&amp;feature=shared\" target=\"_blank\" rel=\"noopener\">\u00abCapsulas del tiempo\u00bb<\/a> en nuestro <a href=\"https:\/\/www.youtube.com\/popexactasubaoficial\" target=\"_blank\" rel=\"noopener\">canal de YouTube<\/a> donde celebramos y revisitamos<\/span><span style=\"font-weight: 400;\">\u00a0la trayectoria de este programa que se transform\u00f3, con el correr de los a\u00f1os, en un s\u00edmbolo de la Facultad representativo del v\u00ednculo con la comunidad de la escuela secundaria.<\/span><\/p>\n<p>Les esperamos en el Pabell\u00f3n 1, Pabell\u00f3n 2 y Edificio Cero + Infinito de Ciudad Universitaria con charlas, talleres participativos, visitas guiadas, demostraciones y estaciones interactivas sobre Matem\u00e1tica, Ciencias de Datos, Ciencias de la Tierra, F\u00edsica, Biolog\u00eda, Computaci\u00f3n, Qu\u00edmica y Alimentos. <b>Todas las actividades requieren inscripci\u00f3n previa. El formulario se habilita en la web entre 60 y 45 d\u00edas antes de cada Semana.<\/b><\/p>\n<p><i><span style=\"font-weight: 400;\">Las Semanas de las Ciencias 2026 est\u00e1n declaradas de inter\u00e9s educativo por la Direcci\u00f3n General de Cultura y Educaci\u00f3n (<a href=\"https:\/\/exactas.uba.ar\/popularizacion\/wp-content\/uploads\/2025\/06\/RESOC-2025-809-GDEBA-DGCYE.pdf\">RESOC-2025-809-GDEBA-DGCYE<\/a>) y <\/span><\/i><i><span style=\"font-weight: 400;\">el Ministerio de Educaci\u00f3n de la Ciudad de Buenos Aires (<a href=\"https:\/\/exactas.uba.ar\/popularizacion\/wp-content\/uploads\/2025\/04\/RS-2025-14538934-GCABA-SSGDA-1.pdf\">RESOL-2025-12-GCABA-SSGDA<\/a><\/span><\/i><i><\/i><i><span style=\"font-weight: 400;\">).<\/span><\/i><\/p>\n<hr \/>\n<h4 id=\"ense\u00f1anza\"><a href=\"https:\/\/exactas.uba.ar\/popularizacion\/semanas-de-las-ciencias\/#preguntasfrecuentes\" target=\"_blank\" rel=\"noopener\"><strong>PREGUNTAS FRECUENTES<\/strong><\/a><\/h4>\n<hr \/>\n<p><img loading=\"lazy\" decoding=\"async\" class=\"\" src=\"https:\/\/exactas.uba.ar\/popularizacion\/wp-content\/uploads\/2026\/04\/Encabezado-Form-Semana-Cs-de-la-Tierra-2026.jpg\" width=\"704\" height=\"176\" \/><\/p>\n<ul>\n<li><strong><a href=\"https:\/\/docs.google.com\/forms\/d\/e\/1FAIpQLScg1SsXbdm3KKJPjWQVI_Fd8rwiuhwqMwuIz_NZJQD2YRrNqQ\/viewform\">Formulario de pre-inscripci\u00f3n<\/a><\/strong><\/li>\n<\/ul>\n<hr \/>\n<p><strong>SEMANAS PR\u00d3XIMAS<\/strong><\/p>\n<p><a href=\"https:\/\/exactas.uba.ar\/popularizacion\/semanas-de-las-ciencias\/semanas-2026\/encabezado-form-semana-matedatos-2026-2\/\" rel=\"attachment wp-att-1796\"><img loading=\"lazy\" decoding=\"async\" class=\"alignnone wp-image-1796\" src=\"https:\/\/exactas.uba.ar\/popularizacion\/wp-content\/uploads\/2026\/03\/Encabezado-Form-Semana-MateDatos-2026-ACTUALIZADO-700x175.jpg\" alt=\"\" width=\"700\" height=\"175\" srcset=\"https:\/\/exactas.uba.ar\/popularizacion\/wp-content\/uploads\/2026\/03\/Encabezado-Form-Semana-MateDatos-2026-ACTUALIZADO-700x175.jpg 700w, https:\/\/exactas.uba.ar\/popularizacion\/wp-content\/uploads\/2026\/03\/Encabezado-Form-Semana-MateDatos-2026-ACTUALIZADO-250x63.jpg 250w, https:\/\/exactas.uba.ar\/popularizacion\/wp-content\/uploads\/2026\/03\/Encabezado-Form-Semana-MateDatos-2026-ACTUALIZADO-768x192.jpg 768w, https:\/\/exactas.uba.ar\/popularizacion\/wp-content\/uploads\/2026\/03\/Encabezado-Form-Semana-MateDatos-2026-ACTUALIZADO-1536x384.jpg 1536w, https:\/\/exactas.uba.ar\/popularizacion\/wp-content\/uploads\/2026\/03\/Encabezado-Form-Semana-MateDatos-2026-ACTUALIZADO-120x30.jpg 120w, https:\/\/exactas.uba.ar\/popularizacion\/wp-content\/uploads\/2026\/03\/Encabezado-Form-Semana-MateDatos-2026-ACTUALIZADO-550x138.jpg 550w, https:\/\/exactas.uba.ar\/popularizacion\/wp-content\/uploads\/2026\/03\/Encabezado-Form-Semana-MateDatos-2026-ACTUALIZADO.jpg 1600w\" sizes=\"auto, (max-width: 700px) 100vw, 700px\" \/><\/a><\/p>\n<p>&nbsp;<\/p>\n<p>&nbsp;<\/p>\n","protected":false},"excerpt":{"rendered":"&nbsp; Las Semanas de las Ciencias son eventos de comunicaci\u00f3n p\u00fablica de las ciencias exactas y naturales destinados a escuelas secundarias, a excepci\u00f3n de la Semana de la Ense\u00f1anza de las Ciencias que tiene como p\u00fablico a docentes y estudiantes de profesorados de Ciencias Exactas y Naturales. El a\u00f1o pasado, las Semanas de las Ciencias&#8230; <a class=\"view-article\" href=\"https:\/\/exactas.uba.ar\/popularizacion\/semanas-de-las-ciencias\/semanas-2026\/\">LEER +<\/a>","protected":false},"author":2,"featured_media":0,"parent":22,"menu_order":0,"comment_status":"closed","ping_status":"closed","template":"","meta":{"_acf_changed":false,"footnotes":""},"class_list":["post-91","page","type-page","status-publish","hentry"],"acf":[],"_links":{"self":[{"href":"https:\/\/exactas.uba.ar\/popularizacion\/wp-json\/wp\/v2\/pages\/91","targetHints":{"allow":["GET"]}}],"collection":[{"href":"https:\/\/exactas.uba.ar\/popularizacion\/wp-json\/wp\/v2\/pages"}],"about":[{"href":"https:\/\/exactas.uba.ar\/popularizacion\/wp-json\/wp\/v2\/types\/page"}],"author":[{"embeddable":true,"href":"https:\/\/exactas.uba.ar\/popularizacion\/wp-json\/wp\/v2\/users\/2"}],"replies":[{"embeddable":true,"href":"https:\/\/exactas.uba.ar\/popularizacion\/wp-json\/wp\/v2\/comments?post=91"}],"version-history":[{"count":544,"href":"https:\/\/exactas.uba.ar\/popularizacion\/wp-json\/wp\/v2\/pages\/91\/revisions"}],"predecessor-version":[{"id":1810,"href":"https:\/\/exactas.uba.ar\/popularizacion\/wp-json\/wp\/v2\/pages\/91\/revisions\/1810"}],"up":[{"embeddable":true,"href":"https:\/\/exactas.uba.ar\/popularizacion\/wp-json\/wp\/v2\/pages\/22"}],"wp:attachment":[{"href":"https:\/\/exactas.uba.ar\/popularizacion\/wp-json\/wp\/v2\/media?parent=91"}],"curies":[{"name":"wp","href":"https:\/\/api.w.org\/{rel}","templated":true}]}}