{"id":34,"date":"2020-06-03T18:18:18","date_gmt":"2020-06-03T18:18:18","guid":{"rendered":"https:\/\/exactas.uba.ar\/popularizacion\/?page_id=34"},"modified":"2026-01-26T15:45:59","modified_gmt":"2026-01-26T15:45:59","slug":"recursos-virtuales","status":"publish","type":"page","link":"https:\/\/exactas.uba.ar\/popularizacion\/recursos-virtuales\/","title":{"rendered":"Recursos virtuales"},"content":{"rendered":"<p>Videos, notas y p\u00e1ginas con contenido de comunicaci\u00f3n p\u00fablica de la ciencia y did\u00e1ctica de las ciencias exactas y naturales.<\/p>\n<h3>Contenido del EPC<\/h3>\n<p>El <strong>Equipo de Popularizaci\u00f3n de la Ciencia<\/strong> posee un <a href=\"https:\/\/www.youtube.com\/c\/PopExactasUBAOficial\" target=\"_blank\" rel=\"noopener\">canal de YouTube<\/a> en el que se comunica el conocimiento que se ense\u00f1a y se construye en la Facultad de Ciencias Exactas y Naturales de la UBA. Difundimos las actividades y eventos de popularizaci\u00f3n de las ciencias exactas y naturales que realiza la Facultad como as\u00ed tambi\u00e9n creamos contenido de divulgaci\u00f3n cient\u00edfica.<\/p>\n<p>Para acceder a todo el material audiovisual pueden suscribirse al canal haciendo click <a href=\"https:\/\/www.youtube.com\/c\/PopExactasUBAOficial\">aqu\u00ed<\/a>.<\/p>\n<p><iframe loading=\"lazy\" title=\"Resumen de actividades POP 2025\" width=\"900\" height=\"506\" src=\"https:\/\/www.youtube.com\/embed\/NeQoOpRqUAE?feature=oembed\" frameborder=\"0\" allow=\"accelerometer; autoplay; clipboard-write; encrypted-media; gyroscope; picture-in-picture; web-share\" referrerpolicy=\"strict-origin-when-cross-origin\" allowfullscreen><\/iframe><\/p>\n<h3>Videos de la Secretar\u00eda de Comunicaci\u00f3n<\/h3>\n<p>La <strong>Secretar\u00eda de Comunicaci\u00f3n<\/strong> de Exactas UBA realiza videos sobre las demostraciones y estaciones interactivas m\u00e1s populares de las Semanas de las Ciencias. Invitamos a suscribirse al <a href=\"https:\/\/www.youtube.com\/@ExactasUBAoficial\/\">canal de YouTube<\/a> de la Facultad para conocer el material producido.<\/p>\n<p><iframe loading=\"lazy\" title=\"Ondas y sonido en la Semana de la F\u00edsica\" width=\"900\" height=\"506\" src=\"https:\/\/www.youtube.com\/embed\/jwYYkk6u17I?list=PLC7DGSn2IL0qVMEJPxqfLmQxToLLABT5l\" frameborder=\"0\" allow=\"accelerometer; autoplay; clipboard-write; encrypted-media; gyroscope; picture-in-picture; web-share\" referrerpolicy=\"strict-origin-when-cross-origin\" allowfullscreen><\/iframe><\/p>\n<h3>Contenido extra por \u00e1rea de conocimiento<\/h3>\n<p>Recurseros y kits de herramientas con materiales de comunicaci\u00f3n p\u00fablica y did\u00e1ctica de las ciencias.<\/p>\n<ul>\n<li style=\"list-style-type: none;\">\n<ul>\n<li><a href=\"https:\/\/exactas.uba.ar\/wp-content\/uploads\/2021\/04\/RECURSERO-_MATEMATICA-2021.pdf\">Matem\u00e1tica<\/a><\/li>\n<li><a href=\"https:\/\/exactas.uba.ar\/wp-content\/uploads\/2021\/05\/RECURSERO-_Ciencias-de-la-TIERRA-2021.pdf\" target=\"_blank\" rel=\"attachment noopener wp-att-108\">Ciencias de la Tierra<\/a><\/li>\n<li><a href=\"https:\/\/exactas.uba.ar\/popularizacion\/wp-content\/uploads\/2021\/08\/RECURSERO-_BIOLOGIA-2021.pdf\" target=\"_blank\" rel=\"attachment noopener wp-att-109\">Biolog\u00eda<\/a><\/li>\n<li><a href=\"https:\/\/exactas.uba.ar\/popularizacion\/wp-content\/uploads\/2021\/09\/RECURSERO-_QUIMICA-2021.pdf\" target=\"_blank\" rel=\"attachment noopener wp-att-110\">Qu\u00edmica<\/a><\/li>\n<li><a href=\"https:\/\/exactas.uba.ar\/popularizacion\/wp-content\/uploads\/2021\/06\/RECURSERO-_ENSENANZA-DE-LAS-CIENCIAS-2021.pdf\" rel=\"attachment wp-att-111\">Ense\u00f1anza de las Ciencias<\/a><\/li>\n<li><a href=\"https:\/\/exactas.uba.ar\/popularizacion\/wp-content\/uploads\/2021\/08\/RECURSERO-_COMPUTACION-2021.pdf\" target=\"_blank\" rel=\"attachment noopener wp-att-112\">Computaci\u00f3n<\/a><\/li>\n<li><a href=\"https:\/\/exactas.uba.ar\/popularizacion\/wp-content\/uploads\/2021\/06\/RECURSERO-_FISICA-2021.pdf\" rel=\"attachment wp-att-113\">F\u00edsica<\/a><\/li>\n<\/ul>\n<\/li>\n<\/ul>\n","protected":false},"excerpt":{"rendered":"Videos, notas y p\u00e1ginas con contenido de comunicaci\u00f3n p\u00fablica de la ciencia y did\u00e1ctica de las ciencias exactas y naturales. Contenido del EPC El Equipo de Popularizaci\u00f3n de la Ciencia posee un canal de YouTube en el que se comunica el conocimiento que se ense\u00f1a y se construye en la Facultad de Ciencias Exactas y&#8230; <a class=\"view-article\" href=\"https:\/\/exactas.uba.ar\/popularizacion\/recursos-virtuales\/\">LEER +<\/a>","protected":false},"author":1,"featured_media":0,"parent":0,"menu_order":60,"comment_status":"closed","ping_status":"closed","template":"","meta":{"_acf_changed":false,"footnotes":""},"class_list":["post-34","page","type-page","status-publish","hentry"],"acf":[],"_links":{"self":[{"href":"https:\/\/exactas.uba.ar\/popularizacion\/wp-json\/wp\/v2\/pages\/34","targetHints":{"allow":["GET"]}}],"collection":[{"href":"https:\/\/exactas.uba.ar\/popularizacion\/wp-json\/wp\/v2\/pages"}],"about":[{"href":"https:\/\/exactas.uba.ar\/popularizacion\/wp-json\/wp\/v2\/types\/page"}],"author":[{"embeddable":true,"href":"https:\/\/exactas.uba.ar\/popularizacion\/wp-json\/wp\/v2\/users\/1"}],"replies":[{"embeddable":true,"href":"https:\/\/exactas.uba.ar\/popularizacion\/wp-json\/wp\/v2\/comments?post=34"}],"version-history":[{"count":22,"href":"https:\/\/exactas.uba.ar\/popularizacion\/wp-json\/wp\/v2\/pages\/34\/revisions"}],"predecessor-version":[{"id":1726,"href":"https:\/\/exactas.uba.ar\/popularizacion\/wp-json\/wp\/v2\/pages\/34\/revisions\/1726"}],"wp:attachment":[{"href":"https:\/\/exactas.uba.ar\/popularizacion\/wp-json\/wp\/v2\/media?parent=34"}],"curies":[{"name":"wp","href":"https:\/\/api.w.org\/{rel}","templated":true}]}}