{"id":30,"date":"2020-06-03T18:18:07","date_gmt":"2020-06-03T18:18:07","guid":{"rendered":"https:\/\/exactas.uba.ar\/popularizacion\/?page_id=30"},"modified":"2026-03-19T12:42:18","modified_gmt":"2026-03-19T12:42:18","slug":"otros-eventos","status":"publish","type":"page","link":"https:\/\/exactas.uba.ar\/popularizacion\/otros-eventos\/","title":{"rendered":"Eventos externos"},"content":{"rendered":"<p>El Equipo de Popularizaci\u00f3n de la Ciencia coordina la participaci\u00f3n de docentes, investigadores y estudiantes de <a href=\"https:\/\/exactas.uba.ar\/\" target=\"_blank\" rel=\"noopener\">Exactas UBA<\/a> en diversas jornadas de popularizaci\u00f3n para todo tipo de p\u00fablico, fuera o dentro de la Facultad, tales como <strong>ferias<\/strong> (Feria del Libro de CABA, Feria del Libro de Almirante Brown, Feria Plaza Ciencia de La Matanza) y <strong>eventos masivos<\/strong> (La Noche de los Museos de CABA).<\/p>\n<h3><em>Eventos 2026<\/em><\/h3>\n<ul>\n<li><b><b>Feria Internacional del Libro de Buenos Aires <\/b><\/b><span style=\"font-weight: 400;\">5 al 11 de mayo<\/span><\/li>\n<\/ul>\n<div aria-live=\"polite\" id=\"soliloquy-container-115_1\" class=\"soliloquy-container soliloquy-transition-fade  soliloquy-theme-classic\" style=\"max-width:1500px;max-height:1000px;\"><ul id=\"soliloquy-115_1\" class=\"soliloquy-slider soliloquy-slides soliloquy-wrap soliloquy-clear\"><li aria-hidden=\"true\" class=\"soliloquy-item soliloquy-item-1 soliloquy-image-slide\" draggable=\"false\" style=\"list-style:none\"><img decoding=\"async\" id=\"soliloquy-image-1118\" class=\"soliloquy-image soliloquy-image-1\" src=\"https:\/\/exactas.uba.ar\/popularizacion\/wp-content\/uploads\/2024\/01\/BET00974ch.jpg\" alt=\"BET00974ch\" \/><\/li><li aria-hidden=\"true\" class=\"soliloquy-item soliloquy-item-2 soliloquy-image-slide\" draggable=\"false\" style=\"list-style:none\"><img decoding=\"async\" id=\"soliloquy-image-120\" class=\"soliloquy-image soliloquy-image-2\" src=\"https:\/\/exactas.uba.ar\/popularizacion\/wp-content\/uploads\/2021\/05\/DSC_3136-1500x1000_c.jpg\" alt=\"\" \/><\/li><li aria-hidden=\"true\" class=\"soliloquy-item soliloquy-item-3 soliloquy-image-slide\" draggable=\"false\" style=\"list-style:none\"><img decoding=\"async\" id=\"soliloquy-image-121\" class=\"soliloquy-image soliloquy-image-3\" src=\"https:\/\/exactas.uba.ar\/popularizacion\/wp-content\/uploads\/2021\/05\/DSC_7695.jpg\" alt=\"DSC_7695\" \/><\/li><li aria-hidden=\"true\" class=\"soliloquy-item soliloquy-item-4 soliloquy-image-slide\" draggable=\"false\" style=\"list-style:none\"><img decoding=\"async\" id=\"soliloquy-image-711\" class=\"soliloquy-image soliloquy-image-4\" src=\"https:\/\/exactas.uba.ar\/popularizacion\/wp-content\/uploads\/2022\/11\/DSC_0069-scaled-1500x1000_c.jpg\" alt=\"DSC_0069\" \/><\/li><li aria-hidden=\"true\" class=\"soliloquy-item soliloquy-item-5 soliloquy-image-slide\" draggable=\"false\" style=\"list-style:none\"><img decoding=\"async\" id=\"soliloquy-image-1124\" class=\"soliloquy-image soliloquy-image-5\" src=\"https:\/\/exactas.uba.ar\/popularizacion\/wp-content\/uploads\/2024\/01\/BBJ09475ch.jpg\" alt=\"BBJ09475ch\" \/><\/li><li aria-hidden=\"true\" class=\"soliloquy-item soliloquy-item-6 soliloquy-image-slide\" draggable=\"false\" style=\"list-style:none\"><img decoding=\"async\" id=\"soliloquy-image-1123\" class=\"soliloquy-image soliloquy-image-6\" src=\"https:\/\/exactas.uba.ar\/popularizacion\/wp-content\/uploads\/2024\/01\/IMG_2508ch.jpg\" alt=\"IMG_2508ch\" \/><\/li><li aria-hidden=\"true\" class=\"soliloquy-item soliloquy-item-7 soliloquy-image-slide\" draggable=\"false\" style=\"list-style:none\"><img decoding=\"async\" id=\"soliloquy-image-1122\" class=\"soliloquy-image soliloquy-image-7\" src=\"https:\/\/exactas.uba.ar\/popularizacion\/wp-content\/uploads\/2024\/01\/BBJ02268ch.jpg\" alt=\"\" \/><\/li><\/ul><\/div><noscript><style type=\"text\/css\">#soliloquy-container-115_1{opacity:1}<\/style><\/noscript>\n","protected":false},"excerpt":{"rendered":"El Equipo de Popularizaci\u00f3n de la Ciencia coordina la participaci\u00f3n de docentes, investigadores y estudiantes de Exactas UBA en diversas jornadas de popularizaci\u00f3n para todo tipo de p\u00fablico, fuera o dentro de la Facultad, tales como ferias (Feria del Libro de CABA, Feria del Libro de Almirante Brown, Feria Plaza Ciencia de La Matanza) y&#8230; <a class=\"view-article\" href=\"https:\/\/exactas.uba.ar\/popularizacion\/otros-eventos\/\">LEER +<\/a>","protected":false},"author":1,"featured_media":0,"parent":0,"menu_order":50,"comment_status":"closed","ping_status":"closed","template":"","meta":{"_acf_changed":false,"footnotes":""},"class_list":["post-30","page","type-page","status-publish","hentry"],"acf":[],"_links":{"self":[{"href":"https:\/\/exactas.uba.ar\/popularizacion\/wp-json\/wp\/v2\/pages\/30","targetHints":{"allow":["GET"]}}],"collection":[{"href":"https:\/\/exactas.uba.ar\/popularizacion\/wp-json\/wp\/v2\/pages"}],"about":[{"href":"https:\/\/exactas.uba.ar\/popularizacion\/wp-json\/wp\/v2\/types\/page"}],"author":[{"embeddable":true,"href":"https:\/\/exactas.uba.ar\/popularizacion\/wp-json\/wp\/v2\/users\/1"}],"replies":[{"embeddable":true,"href":"https:\/\/exactas.uba.ar\/popularizacion\/wp-json\/wp\/v2\/comments?post=30"}],"version-history":[{"count":65,"href":"https:\/\/exactas.uba.ar\/popularizacion\/wp-json\/wp\/v2\/pages\/30\/revisions"}],"predecessor-version":[{"id":1785,"href":"https:\/\/exactas.uba.ar\/popularizacion\/wp-json\/wp\/v2\/pages\/30\/revisions\/1785"}],"wp:attachment":[{"href":"https:\/\/exactas.uba.ar\/popularizacion\/wp-json\/wp\/v2\/media?parent=30"}],"curies":[{"name":"wp","href":"https:\/\/api.w.org\/{rel}","templated":true}]}}