{"id":22,"date":"2020-06-03T18:17:36","date_gmt":"2020-06-03T18:17:36","guid":{"rendered":"https:\/\/exactas.uba.ar\/popularizacion\/?page_id=22"},"modified":"2026-03-06T13:10:30","modified_gmt":"2026-03-06T13:10:30","slug":"semanas-de-las-ciencias","status":"publish","type":"page","link":"https:\/\/exactas.uba.ar\/popularizacion\/semanas-de-las-ciencias\/","title":{"rendered":"Semanas de las Ciencias"},"content":{"rendered":"<p><a href=\"https:\/\/exactas.uba.ar\/popularizacion\/semanas-de-las-ciencias\/semanas-2025\/bbj01468ch\/\" rel=\"attachment wp-att-1440\"><img loading=\"lazy\" decoding=\"async\" width=\"700\" height=\"467\" class=\"alignnone size-large wp-image-1440\" src=\"https:\/\/exactas.uba.ar\/popularizacion\/wp-content\/uploads\/2025\/01\/BBJ01468ch-700x467.jpg\" alt=\"\" srcset=\"https:\/\/exactas.uba.ar\/popularizacion\/wp-content\/uploads\/2025\/01\/BBJ01468ch-700x467.jpg 700w, https:\/\/exactas.uba.ar\/popularizacion\/wp-content\/uploads\/2025\/01\/BBJ01468ch-250x167.jpg 250w, https:\/\/exactas.uba.ar\/popularizacion\/wp-content\/uploads\/2025\/01\/BBJ01468ch-768x512.jpg 768w, https:\/\/exactas.uba.ar\/popularizacion\/wp-content\/uploads\/2025\/01\/BBJ01468ch-120x80.jpg 120w, https:\/\/exactas.uba.ar\/popularizacion\/wp-content\/uploads\/2025\/01\/BBJ01468ch-550x367.jpg 550w, https:\/\/exactas.uba.ar\/popularizacion\/wp-content\/uploads\/2025\/01\/BBJ01468ch.jpg 1500w\" sizes=\"auto, (max-width: 700px) 100vw, 700px\" \/><\/a><\/p>\n<p>Las\u00a0<strong>Semanas de las Ciencias<\/strong> son eventos de comunicaci\u00f3n p\u00fablica del conocimiento transmitido en las aulas y del producido por la comunidad de Exactas, destinados a cursos de escuelas secundarias. Estudiantes y docentes participan de charlas de divulgaci\u00f3n cient\u00edfica, visitas guiadas, estaciones interactivas y talleres. Cada \u00e1rea de conocimiento de la Facultad organiza su Semana de la Ciencia a lo largo del a\u00f1o calendario (Matem\u00e1tica, Ciencias de Datos, Ciencias de la Tierra, F\u00edsica, Biolog\u00eda, Computaci\u00f3n, Qu\u00edmica y Alimentos).<\/p>\n<p>Cuando de audiencias adolescentes se trata, las <strong>metas<\/strong> que persiguen las Semanas son:<\/p>\n<ul>\n<li>Compartir conocimiento entre quienes lo ense\u00f1an y lo crean en la universidad p\u00fablica y la comunidad que leg\u00edtimamente la sostiene.<\/li>\n<li>Descubrir que la ciencia no se agota en la imagen construida en la escuela, en los medios masivos de comunicaci\u00f3n y\/o a partir del imaginario popular.<\/li>\n<li>Comprender que apropiarse del conocimiento cient\u00edfico no demanda condiciones personales particulares previas de ninguna \u00edndole.<\/li>\n<li>Aportar y trascender a la curr\u00edcula secundaria.<\/li>\n<li>Dotar de informaci\u00f3n novedosa a quienes transitan situaciones de orientaci\u00f3n vocacional.<\/li>\n<\/ul>\n<p>Las <strong>actividades<\/strong> de las Semanas para cursos de escuelas secundarias pueden ser:<\/p>\n<ul>\n<li>Charlas de comunicaci\u00f3n de las ciencias exactas y naturales.<\/li>\n<li>Experimentos demostrativos, juegos y estaciones interactivas.<\/li>\n<li>Visitas a museos, laboratorios y otros lugares de inter\u00e9s de la Facultad.<\/li>\n<li>Talleres participativos.<\/li>\n<\/ul>\n<p>Para el p\u00fablico docente y estudiantes de profesorado existe la <strong>Semana de la Ense\u00f1anza de las Ciencias<\/strong>, donde <a href=\"https:\/\/exactas.uba.ar\/\">Exactas UBA<\/a> ofrece talleres en los que se aborda, entre otros, la problem\u00e1tica de la ense\u00f1anza de las ciencias en la escuela, tanto presentando nuevas investigaciones cient\u00edficas como brindando propuestas para el aula con el objetivo de enriquecer saberes y experiencias.<\/p>\n<p><a id=\" preguntasfrecuentes\" name=\"preguntasfrecuentes\"><\/a><\/p>\n<h4>PREGUNTAS FRECUENTES:<\/h4>\n<ul>\n<li><strong>\u00bfLas actividades son gratuitas?<\/strong> S\u00ed, el acceso a estas actividades es totalmente gratuito.<\/li>\n<li><strong>\u00bfC\u00f3mo hago para asistir a las Semanas de las Ciencias?<\/strong> Para asistir a las actividades de las Semanas de las Ciencias hay que preinscribirse previamente. El formulario para anotar a las escuelas secundarias se habilita en la<a href=\"https:\/\/exactas.uba.ar\/popularizacion\/semanas-de-las-ciencias\/semanas-2025\/\"> web<\/a> <strong>entre 60 y 45 d\u00edas antes de cada Semana<\/strong>. All\u00ed se seleccionan los tipos de actividades y las bandas horarias a asistir. Se realiza una preinscripci\u00f3n por d\u00eda y por curso (m\u00e1ximo 35 estudiantes).<\/li>\n<li><strong>\u00bfQui\u00e9nes pueden completar el formulario?<\/strong> La preinscripci\u00f3n la realizan solo responsables a cargo de los cursos, sean docentes, coordinadores pedag\u00f3gicos o personal directivo.<\/li>\n<li><strong>\u00bfCompletar el formulario significa que tengo confirmada la vacante?<\/strong> No, al ser actividades con cupo, deber\u00e1n aguardar el correo de confirmaci\u00f3n de las vacantes asignadas una vez finalizado el periodo de preinscripciones.<\/li>\n<li><strong>\u00bfCu\u00e1ndo se publica el cronograma con el detalle de las actividades que habr\u00e1 en cada Semana?<\/strong> Las actividades se publican en la web entre 14 y 7 d\u00edas antes del evento. Para realizar el tr\u00e1mite de aprobaci\u00f3n de la salida, sugerimos utilizar la informaci\u00f3n ya suministrada en esta p\u00e1gina.<\/li>\n<\/ul>\n<h3><a href=\"https:\/\/exactas.uba.ar\/popularizacion\/semanas-de-las-ciencias\/semanas-2026\/\">SEMANAS DE LAS CIENCIAS 2026-CALENDARIO E INSCRIPCIONES <\/a><\/h3>\n<h3><a href=\"https:\/\/exactas.uba.ar\/popularizacion\/archivo-semanas-de-las-ciencias\/\">ARCHIVO DE SEMANAS ANTERIORES<\/a><\/h3>\n<h3><a href=\"https:\/\/youtube.com\/playlist?list=PL0CgMPgsgatUkaumX2X9keQKASkq2JYPm&amp;feature=shared\">25 A\u00d1OS DE LAS SEMANAS DE LAS CIENCIAS- C\u00c1PSULAS DEL TIEMPO<\/a><\/h3>\n","protected":false},"excerpt":{"rendered":"Las\u00a0Semanas de las Ciencias son eventos de comunicaci\u00f3n p\u00fablica del conocimiento transmitido en las aulas y del producido por la comunidad de Exactas, destinados a cursos de escuelas secundarias. Estudiantes y docentes participan de charlas de divulgaci\u00f3n cient\u00edfica, visitas guiadas, estaciones interactivas y talleres. Cada \u00e1rea de conocimiento de la Facultad organiza su Semana de&#8230; <a class=\"view-article\" href=\"https:\/\/exactas.uba.ar\/popularizacion\/semanas-de-las-ciencias\/\">LEER +<\/a>","protected":false},"author":1,"featured_media":0,"parent":0,"menu_order":30,"comment_status":"closed","ping_status":"closed","template":"","meta":{"_acf_changed":false,"footnotes":""},"class_list":["post-22","page","type-page","status-publish","hentry"],"acf":[],"_links":{"self":[{"href":"https:\/\/exactas.uba.ar\/popularizacion\/wp-json\/wp\/v2\/pages\/22","targetHints":{"allow":["GET"]}}],"collection":[{"href":"https:\/\/exactas.uba.ar\/popularizacion\/wp-json\/wp\/v2\/pages"}],"about":[{"href":"https:\/\/exactas.uba.ar\/popularizacion\/wp-json\/wp\/v2\/types\/page"}],"author":[{"embeddable":true,"href":"https:\/\/exactas.uba.ar\/popularizacion\/wp-json\/wp\/v2\/users\/1"}],"replies":[{"embeddable":true,"href":"https:\/\/exactas.uba.ar\/popularizacion\/wp-json\/wp\/v2\/comments?post=22"}],"version-history":[{"count":49,"href":"https:\/\/exactas.uba.ar\/popularizacion\/wp-json\/wp\/v2\/pages\/22\/revisions"}],"predecessor-version":[{"id":1759,"href":"https:\/\/exactas.uba.ar\/popularizacion\/wp-json\/wp\/v2\/pages\/22\/revisions\/1759"}],"wp:attachment":[{"href":"https:\/\/exactas.uba.ar\/popularizacion\/wp-json\/wp\/v2\/media?parent=22"}],"curies":[{"name":"wp","href":"https:\/\/api.w.org\/{rel}","templated":true}]}}