{"id":929,"date":"2019-08-29T16:40:56","date_gmt":"2019-08-29T16:40:56","guid":{"rendered":"https:\/\/exactas.uba.ar\/higieneyseguridad\/?page_id=929"},"modified":"2026-01-07T16:27:27","modified_gmt":"2026-01-07T16:27:27","slug":"res-ambienteseguridad-y-salud-laboral","status":"publish","type":"page","link":"https:\/\/exactas.uba.ar\/higieneyseguridad\/normativa\/resoluciones-fcen\/res-ambienteseguridad-y-salud-laboral\/","title":{"rendered":"Ambiente, Seguridad y  Salud Laboral"},"content":{"rendered":"<p>A continuaci\u00f3n listamos las resoluciones\u00a0 en orden hist\u00f3rico, se\u00f1alando el camino seguido :<\/p>\n<p><a class=\"boton doc\" href=\"https:\/\/exactas.uba.ar\/higieneyseguridad\/wp-content\/uploads\/2019\/08\/Resoluci\u00f3n-D-241-1990-Comisi\u00f3n-permanente-pro-mejoramiento-del-h\u00e1bitat.pdf\">Resoluci\u00f3n (D) 241-1990 Comisi\u00f3n permanente pro-mejoramiento del h\u00e1bitat<\/a><\/p>\n<p><a class=\"boton doc\" href=\"https:\/\/exactas.uba.ar\/higieneyseguridad\/wp-content\/uploads\/2019\/08\/Resoluci\u00f3n-D-383-1990-Creaci\u00f3n-del-Servicio-de-higiene-y-seguridad.pdf\">Resoluci\u00f3n (D) 383-1990 Creaci\u00f3n del Servicio de Higiene y Seguridad<\/a><\/p>\n<p><a class=\"boton doc\" href=\"https:\/\/exactas.uba.ar\/higieneyseguridad\/wp-content\/uploads\/2019\/08\/Resoluci\u00f3n-CD-802-1998-Instructivo-de-HyS-obligatorio-en-cursos.pdf\">Resoluci\u00f3n (CD) 802-1998 Instructivo de HyS Obligatorio en Cursos<\/a><\/p>\n<p><a class=\"boton doc\" href=\"https:\/\/exactas.uba.ar\/higieneyseguridad\/wp-content\/uploads\/2019\/08\/Resoluci\u00f3n-CD-809-1998-Funciones-y-atribuciones-del-director-del-SHyS.pdf\">Resoluci\u00f3n (CD) 809-1998 Funciones y Atribuciones del Director del SHyS<\/a><\/p>\n<p><a class=\"boton doc\" href=\"https:\/\/exactas.uba.ar\/higieneyseguridad\/wp-content\/uploads\/2019\/08\/Resoluci\u00f3n-D-1722-2003-Implementaci\u00f3n-del-Plan-de-Protecci\u00f3n.pdf\">Resoluci\u00f3n (D) 1722-2003 Implementaci\u00f3n del Plan de Protecci\u00f3n<\/a><\/p>\n<p><a class=\"boton doc\" href=\"https:\/\/exactas.uba.ar\/higieneyseguridad\/wp-content\/uploads\/2019\/08\/Resoluci\u00f3n-D-127-2004-Creaci\u00f3n-del-Comit\u00e9-de-Seguridad-de-la-FCEN.pdf\">Resoluci\u00f3n (D) 127-2004 &#8211; Creaci\u00f3n del Comit\u00e9 de Seguridad de la FCEN<\/a><\/p>\n<p><a class=\"boton doc\" href=\"https:\/\/exactas.uba.ar\/higieneyseguridad\/wp-content\/uploads\/2019\/08\/Resoluci\u00f3n-D-245-2014-Creaci\u00f3n-del-Subcomit\u00e9-de-Bioseguridad-de-la-FCEN.pdf\">Resoluci\u00f3n (D) 245-2014 &#8211; Creaci\u00f3n del Subcomit\u00e9 de Bioseguridad de la FCEN<\/a><\/p>\n<p><a class=\"boton doc\" href=\"https:\/\/exactas.uba.ar\/higieneyseguridad\/wp-content\/uploads\/2019\/08\/Resolucion-D-1346-2018-Funciones-Actualizadas-del-Comit\u00e9-de-Seguridad.pdf\">Resoluci\u00f3n (D) 1346-2018 Funciones Actualizadas del Comit\u00e9 de Seguridad<\/a><\/p>\n<p><a class=\"boton doc\" href=\"https:\/\/exactas.uba.ar\/higieneyseguridad\/wp-content\/uploads\/2019\/08\/Resoluci\u00f3n-D-1468-2018-Correci\u00f3n-RD1346-2018.pdf\">Resoluci\u00f3n (D) 1468-2018 Correci\u00f3n RD1346-2018<\/a><\/p>\n<p><a class=\"boton doc\" href=\"https:\/\/exactas.uba.ar\/higieneyseguridad\/wp-content\/uploads\/2019\/08\/Resoluci\u00f3n-D-1351-2018-Sobre-las-obligaci\u00f3nes-de-lo-que-se-debe-Informar-al-SubComite-de-Bioseguridad.pdf\">Resoluci\u00f3n (D) 1351-2018 Sobre las obligaciones de lo que se debe Informar al SubComit\u00e9 de Bioseguridad<\/a><\/p>\n<p><a class=\"boton doc\" href=\"https:\/\/exactas.uba.ar\/higieneyseguridad\/wp-content\/uploads\/2019\/08\/Resoluci\u00f3n-D-1401-2018-Modificaciones-a-la-Presentaci\u00f3n-del-Plane-Protecci\u00f3n.pdf\">Resoluci\u00f3n (D) 1401-2018 Modificaciones a la Presentaci\u00f3n del Planes Protecci\u00f3n<\/a><\/p>\n<p><a class=\"boton doc\" href=\"https:\/\/exactas.uba.ar\/higieneyseguridad\/wp-content\/uploads\/2019\/08\/Resoluci\u00f3n-D-1288-2019-Modificacion-en-miembros-del-Comit\u00e9-de-Seguridad.pdf\">Resoluci\u00f3n (D) 1288-2019 Modificaci\u00f3n en miembros del Comit\u00e9 de Seguridad<\/a><\/p>\n<p><a class=\"boton doc\" href=\"https:\/\/exactas.uba.ar\/higieneyseguridad\/wp-content\/uploads\/2026\/01\/ACTUALIZACION-DE-RESO-PLAN-DE-PROTECCION-D-25-2296.pdf\">Resoluci\u00f3n (D) 2296-2025 Plan de Protecci\u00f3n : Actualizacion\u00a0<\/a><\/p>\n<p>&nbsp;<\/p>\n<p>&nbsp;<\/p>\n<p>&nbsp;<\/p>\n","protected":false},"excerpt":{"rendered":"A continuaci\u00f3n listamos las resoluciones\u00a0 en orden hist\u00f3rico, se\u00f1alando el camino seguido : Resoluci\u00f3n (D) 241-1990 Comisi\u00f3n permanente pro-mejoramiento del h\u00e1bitat Resoluci\u00f3n (D) 383-1990 Creaci\u00f3n del Servicio de Higiene y Seguridad Resoluci\u00f3n (CD) 802-1998 Instructivo de HyS Obligatorio en Cursos Resoluci\u00f3n (CD) 809-1998 Funciones y Atribuciones del Director del SHyS Resoluci\u00f3n (D) 1722-2003 Implementaci\u00f3n del&#8230; <a class=\"view-article\" href=\"https:\/\/exactas.uba.ar\/higieneyseguridad\/normativa\/resoluciones-fcen\/res-ambienteseguridad-y-salud-laboral\/\">LEER +<\/a>","protected":false},"author":2,"featured_media":0,"parent":90,"menu_order":0,"comment_status":"closed","ping_status":"closed","template":"","meta":{"_acf_changed":false,"footnotes":""},"class_list":["post-929","page","type-page","status-publish","hentry"],"acf":[],"_links":{"self":[{"href":"https:\/\/exactas.uba.ar\/higieneyseguridad\/wp-json\/wp\/v2\/pages\/929","targetHints":{"allow":["GET"]}}],"collection":[{"href":"https:\/\/exactas.uba.ar\/higieneyseguridad\/wp-json\/wp\/v2\/pages"}],"about":[{"href":"https:\/\/exactas.uba.ar\/higieneyseguridad\/wp-json\/wp\/v2\/types\/page"}],"author":[{"embeddable":true,"href":"https:\/\/exactas.uba.ar\/higieneyseguridad\/wp-json\/wp\/v2\/users\/2"}],"replies":[{"embeddable":true,"href":"https:\/\/exactas.uba.ar\/higieneyseguridad\/wp-json\/wp\/v2\/comments?post=929"}],"version-history":[{"count":25,"href":"https:\/\/exactas.uba.ar\/higieneyseguridad\/wp-json\/wp\/v2\/pages\/929\/revisions"}],"predecessor-version":[{"id":8877,"href":"https:\/\/exactas.uba.ar\/higieneyseguridad\/wp-json\/wp\/v2\/pages\/929\/revisions\/8877"}],"up":[{"embeddable":true,"href":"https:\/\/exactas.uba.ar\/higieneyseguridad\/wp-json\/wp\/v2\/pages\/90"}],"wp:attachment":[{"href":"https:\/\/exactas.uba.ar\/higieneyseguridad\/wp-json\/wp\/v2\/media?parent=929"}],"curies":[{"name":"wp","href":"https:\/\/api.w.org\/{rel}","templated":true}]}}