{"id":8620,"date":"2025-11-04T19:31:46","date_gmt":"2025-11-04T19:31:46","guid":{"rendered":"https:\/\/exactas.uba.ar\/higieneyseguridad\/?page_id=8620"},"modified":"2026-03-20T21:35:38","modified_gmt":"2026-03-20T21:35:38","slug":"monitoreo-aedes-aegypti-temporada-2025-2026","status":"publish","type":"page","link":"https:\/\/exactas.uba.ar\/higieneyseguridad\/medio-ambiente\/mosquito\/monitoreo-aedes-aegypti-temporada-2025-2026\/","title":{"rendered":"Monitoreo Aedes aegypti  Temporada 2025-2026"},"content":{"rendered":"<p>10ma temporada 2025-2026\u00a0 de monitoreo del vector <em>Aedes aegyti<\/em><\/p>\n<p>Seguimos monitoreando Ciudad Universitaria desde FCEyN. Este a\u00f1o con supervisi\u00f3n directa de la Dra Sylvia Fischer del Grupo de Estudios de Mosquitos.<\/p>\n<p>Volvemos a convocarlos en ser mas responables de no dejar posibles reservorios que puedan acumular agua. La plantas NO se deben mantener en agua, deberian ser plantas en tierra.<\/p>\n<p>Este a\u00f1o el monitoreo es nuevamente realizado por las estudiantes de Lic. Cs Biol\u00f3gicas<\/p>\n<p style=\"padding-left: 80px;\"><em>Est.\u00a0 Belen Celauro<\/em><\/p>\n<p style=\"padding-left: 80px;\"><em>Est.\u00a0Mart\u00edn Ezequiel Cardoso Romagna<\/em><\/p>\n<p>Les recordamos que :<\/p>\n<p>a) Para el monitoreo de Ciudad Universitaria, se divide en parcel<\/p>\n<p>as, tal como se detalla en el plano. En cada parcela hay al menos una ovitrampa.<\/p>\n<p>&nbsp;<\/p>\n<p><img loading=\"lazy\" decoding=\"async\" class=\" wp-image-8886 aligncenter\" src=\"https:\/\/exactas.uba.ar\/higieneyseguridad\/wp-content\/uploads\/2026\/03\/Semana-9-Tere-250x159.jpg\" alt=\"\" width=\"678\" height=\"431\" srcset=\"https:\/\/exactas.uba.ar\/higieneyseguridad\/wp-content\/uploads\/2026\/03\/Semana-9-Tere-250x159.jpg 250w, https:\/\/exactas.uba.ar\/higieneyseguridad\/wp-content\/uploads\/2026\/03\/Semana-9-Tere-700x444.jpg 700w, https:\/\/exactas.uba.ar\/higieneyseguridad\/wp-content\/uploads\/2026\/03\/Semana-9-Tere-768x488.jpg 768w, https:\/\/exactas.uba.ar\/higieneyseguridad\/wp-content\/uploads\/2026\/03\/Semana-9-Tere-120x76.jpg 120w, https:\/\/exactas.uba.ar\/higieneyseguridad\/wp-content\/uploads\/2026\/03\/Semana-9-Tere-550x349.jpg 550w, https:\/\/exactas.uba.ar\/higieneyseguridad\/wp-content\/uploads\/2026\/03\/Semana-9-Tere.jpg 994w\" sizes=\"auto, (max-width: 678px) 100vw, 678px\" \/><\/p>\n<p>b) Las parcelas que est\u00e1n indicadas con colores de:<\/p>\n<ul>\n<li>Color rojo, se\u00f1ala actividad detectada de Aedes aegypti ,<\/li>\n<li>Color verde, se\u00f1ala actividad no detectada<\/li>\n<li>Color blanco, se\u00f1ala que no pudo realizarse la lectura, por razones diversas como, no se lo encontr\u00f3, tuvo que ser repuesto, volcado, sin posibilidad de lectura, por falta de alg\u00fan componentes, roto<\/li>\n<\/ul>\n<p>&nbsp;<\/p>\n\n<table id=\"tablepress-20\" class=\"tablepress tablepress-id-20\">\n<thead>\n<tr class=\"row-1\">\n\t<th class=\"column-1\">Semana Epidemiol\u00f3gica<\/th><th class=\"column-2\">Resultados<\/th><th class=\"column-3\">Parcelas positivas<\/th><th class=\"column-4\">Parcelas No monitoreadas(*)<\/th>\n<\/tr>\n<\/thead>\n<tbody class=\"row-striping row-hover\">\n<tr class=\"row-2\">\n\t<td class=\"column-1\">Semana 10 (08\/03-14\/03)<\/td><td class=\"column-2\">DETECTABLE<\/td><td class=\"column-3\">C02,D04,C03,D04,D05,C06,D06,D07D08,D09,C10,D10,D11,A12,B12<\/td><td class=\"column-4\">C09<\/td>\n<\/tr>\n<tr class=\"row-3\">\n\t<td class=\"column-1\">Semana 9 (01\/03-07\/03)<\/td><td class=\"column-2\">DETECTABLE<\/td><td class=\"column-3\">C02, C04, C05, C07, D04, D08, E05, E08 y E10. ( Entrada Pab.1 D10 - Patio PCI (C10)<br \/>\n<\/td><td class=\"column-4\">C03, C08 y C09.<\/td>\n<\/tr>\n<tr class=\"row-4\">\n\t<td class=\"column-1\">Semana 8  (22\/02-28\/02)<\/td><td class=\"column-2\">DETECTABLE<\/td><td class=\"column-3\">B05, B04, C02, C06, D08, C10, B12, A12 y C07<\/td><td class=\"column-4\">-------------------<\/td>\n<\/tr>\n<tr class=\"row-5\">\n\t<td class=\"column-1\">Semama 7(15\/02-21\/02)<\/td><td class=\"column-2\">DETECTABLE<\/td><td class=\"column-3\">D08, D09, B12, C07, E08, D05, C05, B04, C02 y C04.<\/td><td class=\"column-4\">--------------<\/td>\n<\/tr>\n<tr class=\"row-6\">\n\t<td class=\"column-1\">Semana 6(08\/02-14\/02)<\/td><td class=\"column-2\">DETECTABLE<\/td><td class=\"column-3\">B04, C02, C04, C06, D06, D08, C09, E09, D10, B12, A12 y C07.<\/td><td class=\"column-4\">C08.<\/td>\n<\/tr>\n<tr class=\"row-7\">\n\t<td class=\"column-1\">Semana 5 (1\/02-07\/2026)<\/td><td class=\"column-2\">DETECTABLE<\/td><td class=\"column-3\">D08, C09, D09, E09, C10, C11, C07, E08, C02, E05 y B05.<\/td><td class=\"column-4\">C08<\/td>\n<\/tr>\n<tr class=\"row-8\">\n\t<td class=\"column-1\">Semana 4(25\/01-31\/01)<\/td><td class=\"column-2\">DETECTABLE<\/td><td class=\"column-3\">A05, C03, C07, C09, C10, D08, D09, D10, D11 Y E09.<\/td><td class=\"column-4\">A06, A11, A12, B03, B07, B09 Y E08<\/td>\n<\/tr>\n<tr class=\"row-9\">\n\t<td class=\"column-1\">Semana 3(18\/01-24\/01)<\/td><td class=\"column-2\">DETECTABLE<\/td><td class=\"column-3\">C03,A05,A07,D08,C09,D09,E09, C10,D10, D11<\/td><td class=\"column-4\">B03,A06,B07,B09,A11 Y A13<\/td>\n<\/tr>\n<tr class=\"row-10\">\n\t<td class=\"column-1\">Semana 2 (11\/01-17\/01<\/td><td class=\"column-2\">DETECTABLE<\/td><td class=\"column-3\">E08, D09, C11, B10 y B12.<\/td><td class=\"column-4\">A03 y D10.<\/td>\n<\/tr>\n<tr class=\"row-11\">\n\t<td class=\"column-1\">Semana 1(04\/01-10\/01)<\/td><td class=\"column-2\">DETECTABLE<\/td><td class=\"column-3\">E08, D09, C10, B10 y B12.<\/td><td class=\"column-4\">A03<\/td>\n<\/tr>\n<tr class=\"row-12\">\n\t<td class=\"column-1\">Semana 53 (28\/12-03\/01\/2026)<\/td><td class=\"column-2\">DETECTABLE<\/td><td class=\"column-3\">E08, D09, C10, B10 y B12.<\/td><td class=\"column-4\">A03 y C09<\/td>\n<\/tr>\n<tr class=\"row-13\">\n\t<td class=\"column-1\">Semana 52(21\/12-27\/12)<\/td><td class=\"column-2\">DETECTABLE<\/td><td class=\"column-3\">E09, D09 y B04<\/td><td class=\"column-4\">A06, A07, A08, A09, A10, B06, B07, B08 y B09<\/td>\n<\/tr>\n<tr class=\"row-14\">\n\t<td class=\"column-1\">Semana 51(14\/12-20\/12)<\/td><td class=\"column-2\">DETECTABLE<\/td><td class=\"column-3\">D04, D06, D31, D39, E05, D08, D09, E09, E10, C10 y D10.<\/td><td class=\"column-4\">A06, A07, A08, A09, A10, B06, B07, B08 y B09 <\/td>\n<\/tr>\n<tr class=\"row-15\">\n\t<td class=\"column-1\">Semana 50(7\/12-13\/12)<\/td><td class=\"column-2\">DETECTABLE<\/td><td class=\"column-3\">E09, D09 y B04<\/td><td class=\"column-4\">A06, A07, A08, A09, A10, B06, B07, B08, B09 y B10.  (*)<\/td>\n<\/tr>\n<tr class=\"row-16\">\n\t<td class=\"column-1\">Semana 49(1\/12-6\/12)<\/td><td class=\"column-2\">DETECTABLE<\/td><td class=\"column-3\">C03, E08, E10, D10 y A12.<\/td><td class=\"column-4\">D05,A06, A07, A08, A09, A10, B06, B07, B08 y B09  (*)<br \/>\n<\/td>\n<\/tr>\n<tr class=\"row-17\">\n\t<td class=\"column-1\">Semana 48(23\/11-30\/11)<\/td><td class=\"column-2\">DETECTABLE<\/td><td class=\"column-3\">B01, C02, B04, D08 y E08.<\/td><td class=\"column-4\">A06, A07, A08, A09, A10, B06, B07, B08, B09, C04, D05 y D09(*)<\/td>\n<\/tr>\n<tr class=\"row-18\">\n\t<td class=\"column-1\">Semana 47(16\/11 - 22\/11)<\/td><td class=\"column-2\">DETECTABLE<\/td><td class=\"column-3\">E06, E08, D10, C08 y B11.<\/td><td class=\"column-4\">A06, A07, A09, A12, B06, B07, y D08<\/td>\n<\/tr>\n<tr class=\"row-19\">\n\t<td class=\"column-1\">Semana 46(09\/11 - 15\/11)<\/td><td class=\"column-2\">NO DETECTABLE<\/td><td class=\"column-3\">-----------------------<\/td><td class=\"column-4\">B03, C08 y E05.<\/td>\n<\/tr>\n<\/tbody>\n<\/table>\n\n<p>(*) No se monitoreo por recitales en el campo de deportes de Ciudad Universitaria<\/p>\n<p>Ver\u00a0 \u21d2\u00a0 <a href=\"https:\/\/exactas.uba.ar\/higieneyseguridad\/medio-ambiente\/mosquito\/monitoreo-aedes-aegypti-temporada-2025-2026\/mapas-2025-2026\/\">Mapas Anteriores<\/a><\/p>\n","protected":false},"excerpt":{"rendered":"10ma temporada 2025-2026\u00a0 de monitoreo del vector Aedes aegyti Seguimos monitoreando Ciudad Universitaria desde FCEyN. Este a\u00f1o con supervisi\u00f3n directa de la Dra Sylvia Fischer del Grupo de Estudios de Mosquitos. Volvemos a convocarlos en ser mas responables de no dejar posibles reservorios que puedan acumular agua. La plantas NO se deben mantener en agua,&#8230; <a class=\"view-article\" href=\"https:\/\/exactas.uba.ar\/higieneyseguridad\/medio-ambiente\/mosquito\/monitoreo-aedes-aegypti-temporada-2025-2026\/\">LEER +<\/a>","protected":false},"author":2,"featured_media":0,"parent":226,"menu_order":2,"comment_status":"closed","ping_status":"closed","template":"","meta":{"_acf_changed":false,"footnotes":""},"class_list":["post-8620","page","type-page","status-publish","hentry"],"acf":[],"_links":{"self":[{"href":"https:\/\/exactas.uba.ar\/higieneyseguridad\/wp-json\/wp\/v2\/pages\/8620","targetHints":{"allow":["GET"]}}],"collection":[{"href":"https:\/\/exactas.uba.ar\/higieneyseguridad\/wp-json\/wp\/v2\/pages"}],"about":[{"href":"https:\/\/exactas.uba.ar\/higieneyseguridad\/wp-json\/wp\/v2\/types\/page"}],"author":[{"embeddable":true,"href":"https:\/\/exactas.uba.ar\/higieneyseguridad\/wp-json\/wp\/v2\/users\/2"}],"replies":[{"embeddable":true,"href":"https:\/\/exactas.uba.ar\/higieneyseguridad\/wp-json\/wp\/v2\/comments?post=8620"}],"version-history":[{"count":10,"href":"https:\/\/exactas.uba.ar\/higieneyseguridad\/wp-json\/wp\/v2\/pages\/8620\/revisions"}],"predecessor-version":[{"id":8892,"href":"https:\/\/exactas.uba.ar\/higieneyseguridad\/wp-json\/wp\/v2\/pages\/8620\/revisions\/8892"}],"up":[{"embeddable":true,"href":"https:\/\/exactas.uba.ar\/higieneyseguridad\/wp-json\/wp\/v2\/pages\/226"}],"wp:attachment":[{"href":"https:\/\/exactas.uba.ar\/higieneyseguridad\/wp-json\/wp\/v2\/media?parent=8620"}],"curies":[{"name":"wp","href":"https:\/\/api.w.org\/{rel}","templated":true}]}}