{"id":86,"date":"2018-11-05T16:17:31","date_gmt":"2018-11-05T16:17:31","guid":{"rendered":"http:\/\/127.0.0.1:4001\/wordpress\/?page_id=86"},"modified":"2019-12-10T19:35:53","modified_gmt":"2019-12-10T19:35:53","slug":"ley","status":"publish","type":"page","link":"https:\/\/exactas.uba.ar\/higieneyseguridad\/normativa\/ley\/","title":{"rendered":"Legislaci\u00f3n"},"content":{"rendered":"<p style=\"text-align: justify;\">La FCEN como organizaci\u00f3n que emplea personas para todas sus actividades, debe cumplir con obligaciones legales relacionadas con:<\/p>\n<ul>\n<li style=\"text-align: justify;\">Riesgos laborales que afecta al personal en la realizaci\u00f3n a las actividades que realiza.\u00a0<a href=\"https:\/\/exactas.uba.ar\/higieneyseguridad\/normativa\/ley\/ambiente-seguridad-y-salud-laboral\/\"> <strong>Ambiente , Salud y Seguridad Laboral\u00a0<\/strong><\/a><\/li>\n<li style=\"text-align: justify;\">Riesgos al ambiente por la por generaci\u00f3n de residuos peligrosos y patog\u00e9nicos luego del uso de sustancias para las actividades en docencia e investigaci\u00f3n. <strong><a href=\"https:\/\/exactas.uba.ar\/higieneyseguridad\/normativa\/ley\/residuos-peligrosos-residuos-patogenicos\/\">Residuos Peligrosos y Patogenicos<\/a><\/strong><\/li>\n<li style=\"text-align: justify;\">Control del uso de sustancias (precursores qu\u00edmicos) utilizadas en docencia e investigaci\u00f3n, que a su vez, pueden ser utilizadas en forma ilegal como generadoras de drogas de uso no permitido. <a href=\"https:\/\/exactas.uba.ar\/higieneyseguridad\/sedronar-legislacion\/\"><strong><u>Sedronar<\/u><\/strong><\/a><\/li>\n<li style=\"text-align: justify;\">Ejercicios de simulacros de evacuaci\u00f3n de los edificios en casos de emergencia, donde participar\u00e1n Docentes, No docentes, Investigadores, Alumnos y Ni\u00f1os del Jard\u00edn Maternal. <a href=\"https:\/\/exactas.uba.ar\/higieneyseguridad\/normativa\/ley\/simulacros-de-evacuacion\/\"><strong><u>Simulacros de evacuaci\u00f3n<\/u><\/strong><\/a><\/li>\n<\/ul>\n","protected":false},"excerpt":{"rendered":"La FCEN como organizaci\u00f3n que emplea personas para todas sus actividades, debe cumplir con obligaciones legales relacionadas con: Riesgos laborales que afecta al personal en la realizaci\u00f3n a las actividades que realiza.\u00a0 Ambiente , Salud y Seguridad Laboral\u00a0 Riesgos al ambiente por la por generaci\u00f3n de residuos peligrosos y patog\u00e9nicos luego del uso de sustancias&#8230; <a class=\"view-article\" href=\"https:\/\/exactas.uba.ar\/higieneyseguridad\/normativa\/ley\/\">LEER +<\/a>","protected":false},"author":1,"featured_media":0,"parent":84,"menu_order":0,"comment_status":"open","ping_status":"open","template":"","meta":{"_acf_changed":false,"footnotes":""},"class_list":["post-86","page","type-page","status-publish","hentry"],"acf":[],"_links":{"self":[{"href":"https:\/\/exactas.uba.ar\/higieneyseguridad\/wp-json\/wp\/v2\/pages\/86","targetHints":{"allow":["GET"]}}],"collection":[{"href":"https:\/\/exactas.uba.ar\/higieneyseguridad\/wp-json\/wp\/v2\/pages"}],"about":[{"href":"https:\/\/exactas.uba.ar\/higieneyseguridad\/wp-json\/wp\/v2\/types\/page"}],"author":[{"embeddable":true,"href":"https:\/\/exactas.uba.ar\/higieneyseguridad\/wp-json\/wp\/v2\/users\/1"}],"replies":[{"embeddable":true,"href":"https:\/\/exactas.uba.ar\/higieneyseguridad\/wp-json\/wp\/v2\/comments?post=86"}],"version-history":[{"count":10,"href":"https:\/\/exactas.uba.ar\/higieneyseguridad\/wp-json\/wp\/v2\/pages\/86\/revisions"}],"predecessor-version":[{"id":8762,"href":"https:\/\/exactas.uba.ar\/higieneyseguridad\/wp-json\/wp\/v2\/pages\/86\/revisions\/8762"}],"up":[{"embeddable":true,"href":"https:\/\/exactas.uba.ar\/higieneyseguridad\/wp-json\/wp\/v2\/pages\/84"}],"wp:attachment":[{"href":"https:\/\/exactas.uba.ar\/higieneyseguridad\/wp-json\/wp\/v2\/media?parent=86"}],"curies":[{"name":"wp","href":"https:\/\/api.w.org\/{rel}","templated":true}]}}