{"id":8577,"date":"2025-10-17T19:59:20","date_gmt":"2025-10-17T19:59:20","guid":{"rendered":"https:\/\/exactas.uba.ar\/higieneyseguridad\/?page_id=8577"},"modified":"2025-10-17T20:19:11","modified_gmt":"2025-10-17T20:19:11","slug":"8577-2","status":"publish","type":"page","link":"https:\/\/exactas.uba.ar\/higieneyseguridad\/capacitaciones\/capacitaciones-2025\/8577-2\/","title":{"rendered":"Curso de Seguridad en L\u00e1seres 2025"},"content":{"rendered":"<h2><\/h2>\n<h2><img loading=\"lazy\" decoding=\"async\" class=\" wp-image-8580 aligncenter\" style=\"font-size: 16px; font-weight: 400;\" src=\"https:\/\/exactas.uba.ar\/higieneyseguridad\/wp-content\/uploads\/2025\/10\/Encabezado-1-250x135.jpg\" alt=\"\" width=\"518\" height=\"280\" srcset=\"https:\/\/exactas.uba.ar\/higieneyseguridad\/wp-content\/uploads\/2025\/10\/Encabezado-1-250x135.jpg 250w, https:\/\/exactas.uba.ar\/higieneyseguridad\/wp-content\/uploads\/2025\/10\/Encabezado-1-700x377.jpg 700w, https:\/\/exactas.uba.ar\/higieneyseguridad\/wp-content\/uploads\/2025\/10\/Encabezado-1-768x414.jpg 768w, https:\/\/exactas.uba.ar\/higieneyseguridad\/wp-content\/uploads\/2025\/10\/Encabezado-1-120x65.jpg 120w, https:\/\/exactas.uba.ar\/higieneyseguridad\/wp-content\/uploads\/2025\/10\/Encabezado-1-550x296.jpg 550w, https:\/\/exactas.uba.ar\/higieneyseguridad\/wp-content\/uploads\/2025\/10\/Encabezado-1.jpg 1080w\" sizes=\"auto, (max-width: 518px) 100vw, 518px\" \/><\/h2>\n<h2><span style=\"color: #008080;\">Abri\u00f3 la inscripci\u00f3n al 3er curso en el manejo segu<\/span><\/h2>\n<h2><span style=\"color: #008080;\">ro de l\u00e1seres!<\/span><\/h2>\n<p><span style=\"color: #000000;\">El curso\u00a0 cumple los requisitos de los Est\u00e1ndares Nacionales Americanos para el uso seguro de l\u00e1seres (normas ANSI Z136.1-2014).<\/span><\/p>\n<p><span style=\"color: #000000;\">Se dictara en formato presencial, FCEyN &#8211; Ciudad Universitaria\u00a0 desde el lunes 17\u00a0 al jueves 20 de noviembre de 2025. <\/span><\/p>\n<p><span style=\"color: #000000;\">Estar\u00e1 a cargo del <em>Dr. G. Moriena, <\/em>specialmente invitado en el marco del programa de visitantes de la FCEyN , quien se desempe\u00f1a como oficial certificado en el uso seguro de l\u00e1seres de la Universidad de Toronto, Canad\u00e1 y coordinado por la<em> Dra. Laura Estrada<\/em>, profesora en el departamento de f\u00edsica de la FCEN-UBA.<\/span><\/p>\n<p><span style=\"color: #000000;\">El curso estar\u00e1 orientado a<\/span><\/p>\n<ul>\n<li><span style=\"color: #000000;\">personal de apoyo,<\/span><\/li>\n<li><span style=\"color: #000000;\">responsables de higiene y seguridad laboral,<\/span><\/li>\n<li><span style=\"color: #000000;\">t\u00e9cnicos especializados,<\/span><\/li>\n<li><span style=\"color: #000000;\">investigadores,<\/span><\/li>\n<li><span style=\"color: #000000;\">tesistas,<\/span><\/li>\n<li><span style=\"color: #000000;\">becarias\/becarios<\/span><\/li>\n<\/ul>\n<p><span style=\"color: #000000;\">que utilicen sistemas l\u00e1seres as\u00ed como personal de instituciones p\u00fablicas que utilicen sistemas l\u00e1ser para investigaci\u00f3n y docencia.<\/span><\/p>\n<p><span style=\"color: #000000;\">Se tomar\u00e1 asistencia y habr\u00e1 un examen escrito al finalizar el curso.<\/span><\/p>\n<p><span style=\"color: #008080;\"><span style=\"color: #000000;\">La inscripci\u00f3n es obligatoria y se realiza a trav\u00e9s de este enlace:<\/span> <strong><a href=\"https:\/\/forms.gle\/HAzmtrjGpGtcZs58A\">FORMULARIO DE INSCRIPCION<\/a><\/strong><\/span><\/p>\n<p><span style=\"color: #000000;\">Te esperamos!<\/span><\/p>\n<p>&nbsp;<\/p>\n<p>&nbsp;<\/p>\n<p><img loading=\"lazy\" decoding=\"async\" class=\" wp-image-8581 aligncenter\" src=\"https:\/\/exactas.uba.ar\/higieneyseguridad\/wp-content\/uploads\/2025\/10\/pie-de-pagina-250x61.jpg\" alt=\"\" width=\"512\" height=\"125\" srcset=\"https:\/\/exactas.uba.ar\/higieneyseguridad\/wp-content\/uploads\/2025\/10\/pie-de-pagina-250x61.jpg 250w, https:\/\/exactas.uba.ar\/higieneyseguridad\/wp-content\/uploads\/2025\/10\/pie-de-pagina-700x172.jpg 700w, https:\/\/exactas.uba.ar\/higieneyseguridad\/wp-content\/uploads\/2025\/10\/pie-de-pagina-768x188.jpg 768w, https:\/\/exactas.uba.ar\/higieneyseguridad\/wp-content\/uploads\/2025\/10\/pie-de-pagina-120x29.jpg 120w, https:\/\/exactas.uba.ar\/higieneyseguridad\/wp-content\/uploads\/2025\/10\/pie-de-pagina-550x135.jpg 550w, https:\/\/exactas.uba.ar\/higieneyseguridad\/wp-content\/uploads\/2025\/10\/pie-de-pagina.jpg 1080w\" sizes=\"auto, (max-width: 512px) 100vw, 512px\" \/><\/p>\n<p>&nbsp;<\/p>\n","protected":false},"excerpt":{"rendered":"Abri\u00f3 la inscripci\u00f3n al 3er curso en el manejo segu ro de l\u00e1seres! El curso\u00a0 cumple los requisitos de los Est\u00e1ndares Nacionales Americanos para el uso seguro de l\u00e1seres (normas ANSI Z136.1-2014). Se dictara en formato presencial, FCEyN &#8211; Ciudad Universitaria\u00a0 desde el lunes 17\u00a0 al jueves 20 de noviembre de 2025. Estar\u00e1 a cargo&#8230; <a class=\"view-article\" href=\"https:\/\/exactas.uba.ar\/higieneyseguridad\/capacitaciones\/capacitaciones-2025\/8577-2\/\">LEER +<\/a>","protected":false},"author":2,"featured_media":0,"parent":8187,"menu_order":0,"comment_status":"closed","ping_status":"closed","template":"","meta":{"_acf_changed":false,"footnotes":""},"class_list":["post-8577","page","type-page","status-publish","hentry"],"acf":[],"_links":{"self":[{"href":"https:\/\/exactas.uba.ar\/higieneyseguridad\/wp-json\/wp\/v2\/pages\/8577","targetHints":{"allow":["GET"]}}],"collection":[{"href":"https:\/\/exactas.uba.ar\/higieneyseguridad\/wp-json\/wp\/v2\/pages"}],"about":[{"href":"https:\/\/exactas.uba.ar\/higieneyseguridad\/wp-json\/wp\/v2\/types\/page"}],"author":[{"embeddable":true,"href":"https:\/\/exactas.uba.ar\/higieneyseguridad\/wp-json\/wp\/v2\/users\/2"}],"replies":[{"embeddable":true,"href":"https:\/\/exactas.uba.ar\/higieneyseguridad\/wp-json\/wp\/v2\/comments?post=8577"}],"version-history":[{"count":5,"href":"https:\/\/exactas.uba.ar\/higieneyseguridad\/wp-json\/wp\/v2\/pages\/8577\/revisions"}],"predecessor-version":[{"id":8585,"href":"https:\/\/exactas.uba.ar\/higieneyseguridad\/wp-json\/wp\/v2\/pages\/8577\/revisions\/8585"}],"up":[{"embeddable":true,"href":"https:\/\/exactas.uba.ar\/higieneyseguridad\/wp-json\/wp\/v2\/pages\/8187"}],"wp:attachment":[{"href":"https:\/\/exactas.uba.ar\/higieneyseguridad\/wp-json\/wp\/v2\/media?parent=8577"}],"curies":[{"name":"wp","href":"https:\/\/api.w.org\/{rel}","templated":true}]}}