{"id":780,"date":"2019-08-26T16:44:05","date_gmt":"2019-08-26T16:44:05","guid":{"rendered":"https:\/\/exactas.uba.ar\/higieneyseguridad\/?page_id=780"},"modified":"2019-08-30T20:23:53","modified_gmt":"2019-08-30T20:23:53","slug":"actividad","status":"publish","type":"page","link":"https:\/\/exactas.uba.ar\/higieneyseguridad\/seguridadlaboral\/emergencias\/brigadistas\/actividad\/","title":{"rendered":"Actividades"},"content":{"rendered":"<h2><strong>2019 &#8211; Capacitaci\u00f3n :\u00a0 Respuesta ante un Incendio\u00a0<\/strong><\/h2>\n<h3><strong>Objetivos : <\/strong><\/h3>\n<ul>\n<li style=\"list-style-type: none;\">\n<ul>\n<li>Poder \u00a0interpretar correctamente las acciones que deber\u00edan llevar a cabo ante una situaci\u00f3n de emergencia originada por un incendio.<\/li>\n<li>Detectar posibles deficiencias de seguridad contra incendio presentes en su vida cotidiana y poder plantear las correspondientes correcciones que crean necesarias.<\/li>\n<li>Adquirir conocimientos que le permitan interpretar adecuadamente la funci\u00f3n de la Brigada y responder a una situaci\u00f3n de emergencia seg\u00fan los roles establecidos en el plan de contingencia<strong><em>. <\/em><\/strong><\/li>\n<\/ul>\n<\/li>\n<\/ul>\n<p>&nbsp;<\/p>\n<h3>Temas a desarrollar :<\/h3>\n<ul>\n<li style=\"list-style-type: none;\">\n<ul>\n<li>Incendios y Sociedad:\u00a0 La problem\u00e1tica de los incendios y los da\u00f1os que ocasionan.<\/li>\n<li>El impacto del tiempo:\u00a0 Una perspectiva diferente del fuego\u2026 Para asombrarse.<\/li>\n<li>C\u00f3mo sobrevivir a un incendio:\u00a0Acciones a tener en cuenta para escapar de un incendio.<\/li>\n<li>C\u00f3mo minimizar las consecuencias:\u00a0Rol de los Brigadistas ante la emergencia.<\/li>\n<\/ul>\n<\/li>\n<\/ul>\n<p>&nbsp;<\/p>\n<h3>Dictada Por :<\/h3>\n<h3><strong>Ing. Edgardo Marcelo Mazzei .<\/strong><\/h3>\n<blockquote><p>Ingeniero Electr\u00f3nico y Laboral, Especialista en Higiene y Seguridad.\u00a0 Es Profesor de la c\u00e1tedra Protecci\u00f3n contra incendios y explosiones en los Postgrados de la Universidad de Buenos Aires (FCEyN), de la Universidad Tecnol\u00f3gica Nacional (UTN Facultad Reg. Haedo) y de la Universidad de Mor\u00f3n. Es Oficial de Bomberos especializado en USA en combate de incendios industriales, petroleros y de aeronaves.Cuenta con m\u00e1s de treinta a\u00f1os de servicio activo y ha comandado la respuesta a incendios de gran magnitud en m\u00faltiples industrias.\u00a0Fue Instructor de salvamento y extinci\u00f3n de incendios en aeronaves y petroleros.\u00a0Consultor Externo en seguridad contra incendio e higiene y seguridad en distintas empresas nacionales, multinacionales y diversos Organismos P\u00fablicos.\u00a0Por su extensa trayectoria, lo han invitado a dictar diversos seminarios, cursos y conferencias sobre el tema en distintos Organismos P\u00fablicos y Privados, en nuestro Pa\u00eds y en el exterior (Bolivia, Paraguay, Uruguay).<\/p><\/blockquote>\n<h3>Fecha : 2 de septiembre 2019 a las 15.30 .Pabell\u00f3n II. Aula 2.<\/h3>\n","protected":false},"excerpt":{"rendered":"2019 &#8211; Capacitaci\u00f3n :\u00a0 Respuesta ante un Incendio\u00a0 Objetivos : Poder \u00a0interpretar correctamente las acciones que deber\u00edan llevar a cabo ante una situaci\u00f3n de emergencia originada por un incendio. Detectar posibles deficiencias de seguridad contra incendio presentes en su vida cotidiana y poder plantear las correspondientes correcciones que crean necesarias. Adquirir conocimientos que le permitan&#8230; <a class=\"view-article\" href=\"https:\/\/exactas.uba.ar\/higieneyseguridad\/seguridadlaboral\/emergencias\/brigadistas\/actividad\/\">LEER +<\/a>","protected":false},"author":2,"featured_media":0,"parent":778,"menu_order":1,"comment_status":"closed","ping_status":"closed","template":"","meta":{"_acf_changed":false,"footnotes":""},"class_list":["post-780","page","type-page","status-publish","hentry"],"acf":[],"_links":{"self":[{"href":"https:\/\/exactas.uba.ar\/higieneyseguridad\/wp-json\/wp\/v2\/pages\/780","targetHints":{"allow":["GET"]}}],"collection":[{"href":"https:\/\/exactas.uba.ar\/higieneyseguridad\/wp-json\/wp\/v2\/pages"}],"about":[{"href":"https:\/\/exactas.uba.ar\/higieneyseguridad\/wp-json\/wp\/v2\/types\/page"}],"author":[{"embeddable":true,"href":"https:\/\/exactas.uba.ar\/higieneyseguridad\/wp-json\/wp\/v2\/users\/2"}],"replies":[{"embeddable":true,"href":"https:\/\/exactas.uba.ar\/higieneyseguridad\/wp-json\/wp\/v2\/comments?post=780"}],"version-history":[{"count":9,"href":"https:\/\/exactas.uba.ar\/higieneyseguridad\/wp-json\/wp\/v2\/pages\/780\/revisions"}],"predecessor-version":[{"id":1790,"href":"https:\/\/exactas.uba.ar\/higieneyseguridad\/wp-json\/wp\/v2\/pages\/780\/revisions\/1790"}],"up":[{"embeddable":true,"href":"https:\/\/exactas.uba.ar\/higieneyseguridad\/wp-json\/wp\/v2\/pages\/778"}],"wp:attachment":[{"href":"https:\/\/exactas.uba.ar\/higieneyseguridad\/wp-json\/wp\/v2\/media?parent=780"}],"curies":[{"name":"wp","href":"https:\/\/api.w.org\/{rel}","templated":true}]}}